{"id":7951,"date":"2024-06-17T13:41:27","date_gmt":"2024-06-17T11:41:27","guid":{"rendered":"https:\/\/www.merget-raum.de\/?post_type=product&#038;p=7951"},"modified":"2026-01-21T08:33:35","modified_gmt":"2026-01-21T07:33:35","slug":"gecko-in-the-box-swissness","status":"publish","type":"product","link":"https:\/\/www.merget-raum.de\/shop\/produkt\/gecko-in-the-box-swissness\/","title":{"rendered":"Gecko in the Box Swissness"},"content":{"rendered":"<p>GECKO ist ein selbsthaftendes Textil, speziell f\u00fcr Glas entwickelt. Es l\u00e4sst sich r\u00fcckstandsfrei entfernen und wieder verwenden.<\/p>\n<p>Almh\u00fctte, Kuh und Ziegenbock lassen vom Urlaub in den Bergen tr\u00e4umen. Mit 31 Bildern, rund um das Thema Schweiz, l\u00e4sst sich die Alm ganz leicht zu Ihnen nach Hause holen. Pflegeleicht und einfach anzubringen, k\u00f6nnen die Bilder nach Lust und Laune umsortiert werden.<\/p>\n","protected":false},"excerpt":{"rendered":"<p>Gecko in the Box &#8211; Swissness, ein St\u00fcckchen Schweiz f\u00fcr Ihre Fensterscheibe.<\/p>\n","protected":false},"featured_media":7952,"comment_status":"open","ping_status":"closed","template":"","meta":[],"product_brand":[],"product_cat":[242],"product_tag":[258,259,251,253],"class_list":{"0":"post-7951","1":"product","2":"type-product","3":"status-publish","4":"has-post-thumbnail","6":"product_cat-gecko","7":"product_tag-creation-baumann","8":"product_tag-fensterdekoration","9":"product_tag-gecko","10":"product_tag-gecko-in-the-box","11":"product_shipping_class-3-10-tagen","12":"pa_filterfarbe-weiss","13":"pa_marke-creation-baumann","14":"pa_material-71-silikon-29-polyester","16":"first","17":"instock","18":"sale","19":"taxable","20":"shipping-taxable","21":"purchasable","22":"product-type-simple"},"yoast_head":"<!-- This site is optimized with the Yoast SEO plugin v27.2 - https:\/\/yoast.com\/product\/yoast-seo-wordpress\/ -->\n<title>Gecko in the Box Swissness - Merget-Raumausstattung Mainaschaff<\/title>\n<meta name=\"description\" content=\"Gecko in the Box Swissness - Merget-Raumausstattung Mainaschaff\" \/>\n<meta name=\"robots\" content=\"index, follow, max-snippet:-1, max-image-preview:large, max-video-preview:-1\" \/>\n<link rel=\"canonical\" href=\"https:\/\/www.merget-raum.de\/shop\/produkt\/gecko-in-the-box-swissness\/\" \/>\n<meta property=\"og:locale\" content=\"de_DE\" \/>\n<meta property=\"og:type\" content=\"article\" \/>\n<meta property=\"og:title\" content=\"Gecko in the Box Swissness - Merget-Raumausstattung Mainaschaff\" \/>\n<meta property=\"og:description\" content=\"Gecko in the Box Swissness - Merget-Raumausstattung Mainaschaff\" \/>\n<meta property=\"og:url\" content=\"https:\/\/www.merget-raum.de\/shop\/produkt\/gecko-in-the-box-swissness\/\" \/>\n<meta property=\"og:site_name\" content=\"Merget-Raumausstattung Mainaschaff\" \/>\n<meta property=\"article:modified_time\" content=\"2026-01-21T07:33:35+00:00\" \/>\n<meta property=\"og:image\" content=\"https:\/\/www.merget-raum.de\/shop\/wp-content\/uploads\/2020\/08\/Gecko-in-the-Box_Swissness_3.jpg\" \/>\n\t<meta property=\"og:image:width\" content=\"731\" \/>\n\t<meta property=\"og:image:height\" content=\"914\" \/>\n\t<meta property=\"og:image:type\" content=\"image\/jpeg\" \/>\n<meta name=\"twitter:card\" content=\"summary_large_image\" \/>\n<meta name=\"twitter:label1\" content=\"Gesch\u00e4tzte Lesezeit\" \/>\n\t<meta name=\"twitter:data1\" content=\"1\u00a0Minute\" \/>\n<script type=\"application\/ld+json\" class=\"yoast-schema-graph\">{\"@context\":\"https:\/\/schema.org\",\"@graph\":[{\"@type\":\"WebPage\",\"@id\":\"https:\/\/www.merget-raum.de\/shop\/produkt\/gecko-in-the-box-swissness\/\",\"url\":\"https:\/\/www.merget-raum.de\/shop\/produkt\/gecko-in-the-box-swissness\/\",\"name\":\"Gecko in the Box Swissness - Merget-Raumausstattung Mainaschaff\",\"isPartOf\":{\"@id\":\"https:\/\/www.merget-raum.de\/shop\/#website\"},\"primaryImageOfPage\":{\"@id\":\"https:\/\/www.merget-raum.de\/shop\/produkt\/gecko-in-the-box-swissness\/#primaryimage\"},\"image\":{\"@id\":\"https:\/\/www.merget-raum.de\/shop\/produkt\/gecko-in-the-box-swissness\/#primaryimage\"},\"thumbnailUrl\":\"https:\/\/www.merget-raum.de\/shop\/wp-content\/uploads\/2020\/08\/Gecko-in-the-Box_Swissness_3.jpg\",\"datePublished\":\"2024-06-17T11:41:27+00:00\",\"dateModified\":\"2026-01-21T07:33:35+00:00\",\"description\":\"Gecko in the Box Swissness - Merget-Raumausstattung Mainaschaff\",\"breadcrumb\":{\"@id\":\"https:\/\/www.merget-raum.de\/shop\/produkt\/gecko-in-the-box-swissness\/#breadcrumb\"},\"inLanguage\":\"de\",\"potentialAction\":[{\"@type\":\"ReadAction\",\"target\":[\"https:\/\/www.merget-raum.de\/shop\/produkt\/gecko-in-the-box-swissness\/\"]}]},{\"@type\":\"ImageObject\",\"inLanguage\":\"de\",\"@id\":\"https:\/\/www.merget-raum.de\/shop\/produkt\/gecko-in-the-box-swissness\/#primaryimage\",\"url\":\"https:\/\/www.merget-raum.de\/shop\/wp-content\/uploads\/2020\/08\/Gecko-in-the-Box_Swissness_3.jpg\",\"contentUrl\":\"https:\/\/www.merget-raum.de\/shop\/wp-content\/uploads\/2020\/08\/Gecko-in-the-Box_Swissness_3.jpg\",\"width\":731,\"height\":914},{\"@type\":\"BreadcrumbList\",\"@id\":\"https:\/\/www.merget-raum.de\/shop\/produkt\/gecko-in-the-box-swissness\/#breadcrumb\",\"itemListElement\":[{\"@type\":\"ListItem\",\"position\":1,\"name\":\"Startseite\",\"item\":\"https:\/\/www.merget-raum.de\/shop\/\"},{\"@type\":\"ListItem\",\"position\":2,\"name\":\"Shop\",\"item\":\"https:\/\/www.merget-raum.de\/shop\/\"},{\"@type\":\"ListItem\",\"position\":3,\"name\":\"Gecko in the Box Swissness\"}]},{\"@type\":\"WebSite\",\"@id\":\"https:\/\/www.merget-raum.de\/shop\/#website\",\"url\":\"https:\/\/www.merget-raum.de\/shop\/\",\"name\":\"Merget-Raumausstattung Mainaschaff\",\"description\":\"Raumausstattung Merget Fachmarkt Mainaschaff &amp; Aschaffenburg\",\"potentialAction\":[{\"@type\":\"SearchAction\",\"target\":{\"@type\":\"EntryPoint\",\"urlTemplate\":\"https:\/\/www.merget-raum.de\/shop\/?s={search_term_string}\"},\"query-input\":{\"@type\":\"PropertyValueSpecification\",\"valueRequired\":true,\"valueName\":\"search_term_string\"}}],\"inLanguage\":\"de\"}]}<\/script>\n<!-- \/ Yoast SEO plugin. -->","yoast_head_json":{"title":"Gecko in the Box Swissness - Merget-Raumausstattung Mainaschaff","description":"Gecko in the Box Swissness - Merget-Raumausstattung Mainaschaff","robots":{"index":"index","follow":"follow","max-snippet":"max-snippet:-1","max-image-preview":"max-image-preview:large","max-video-preview":"max-video-preview:-1"},"canonical":"https:\/\/www.merget-raum.de\/shop\/produkt\/gecko-in-the-box-swissness\/","og_locale":"de_DE","og_type":"article","og_title":"Gecko in the Box Swissness - Merget-Raumausstattung Mainaschaff","og_description":"Gecko in the Box Swissness - Merget-Raumausstattung Mainaschaff","og_url":"https:\/\/www.merget-raum.de\/shop\/produkt\/gecko-in-the-box-swissness\/","og_site_name":"Merget-Raumausstattung Mainaschaff","article_modified_time":"2026-01-21T07:33:35+00:00","og_image":[{"width":731,"height":914,"url":"https:\/\/www.merget-raum.de\/shop\/wp-content\/uploads\/2020\/08\/Gecko-in-the-Box_Swissness_3.jpg","type":"image\/jpeg"}],"twitter_card":"summary_large_image","twitter_misc":{"Gesch\u00e4tzte Lesezeit":"1\u00a0Minute"},"schema":{"@context":"https:\/\/schema.org","@graph":[{"@type":"WebPage","@id":"https:\/\/www.merget-raum.de\/shop\/produkt\/gecko-in-the-box-swissness\/","url":"https:\/\/www.merget-raum.de\/shop\/produkt\/gecko-in-the-box-swissness\/","name":"Gecko in the Box Swissness - Merget-Raumausstattung Mainaschaff","isPartOf":{"@id":"https:\/\/www.merget-raum.de\/shop\/#website"},"primaryImageOfPage":{"@id":"https:\/\/www.merget-raum.de\/shop\/produkt\/gecko-in-the-box-swissness\/#primaryimage"},"image":{"@id":"https:\/\/www.merget-raum.de\/shop\/produkt\/gecko-in-the-box-swissness\/#primaryimage"},"thumbnailUrl":"https:\/\/www.merget-raum.de\/shop\/wp-content\/uploads\/2020\/08\/Gecko-in-the-Box_Swissness_3.jpg","datePublished":"2024-06-17T11:41:27+00:00","dateModified":"2026-01-21T07:33:35+00:00","description":"Gecko in the Box Swissness - Merget-Raumausstattung Mainaschaff","breadcrumb":{"@id":"https:\/\/www.merget-raum.de\/shop\/produkt\/gecko-in-the-box-swissness\/#breadcrumb"},"inLanguage":"de","potentialAction":[{"@type":"ReadAction","target":["https:\/\/www.merget-raum.de\/shop\/produkt\/gecko-in-the-box-swissness\/"]}]},{"@type":"ImageObject","inLanguage":"de","@id":"https:\/\/www.merget-raum.de\/shop\/produkt\/gecko-in-the-box-swissness\/#primaryimage","url":"https:\/\/www.merget-raum.de\/shop\/wp-content\/uploads\/2020\/08\/Gecko-in-the-Box_Swissness_3.jpg","contentUrl":"https:\/\/www.merget-raum.de\/shop\/wp-content\/uploads\/2020\/08\/Gecko-in-the-Box_Swissness_3.jpg","width":731,"height":914},{"@type":"BreadcrumbList","@id":"https:\/\/www.merget-raum.de\/shop\/produkt\/gecko-in-the-box-swissness\/#breadcrumb","itemListElement":[{"@type":"ListItem","position":1,"name":"Startseite","item":"https:\/\/www.merget-raum.de\/shop\/"},{"@type":"ListItem","position":2,"name":"Shop","item":"https:\/\/www.merget-raum.de\/shop\/"},{"@type":"ListItem","position":3,"name":"Gecko in the Box Swissness"}]},{"@type":"WebSite","@id":"https:\/\/www.merget-raum.de\/shop\/#website","url":"https:\/\/www.merget-raum.de\/shop\/","name":"Merget-Raumausstattung Mainaschaff","description":"Raumausstattung Merget Fachmarkt Mainaschaff &amp; Aschaffenburg","potentialAction":[{"@type":"SearchAction","target":{"@type":"EntryPoint","urlTemplate":"https:\/\/www.merget-raum.de\/shop\/?s={search_term_string}"},"query-input":{"@type":"PropertyValueSpecification","valueRequired":true,"valueName":"search_term_string"}}],"inLanguage":"de"}]}},"_links":{"self":[{"href":"https:\/\/www.merget-raum.de\/shop\/wp-json\/wp\/v2\/product\/7951","targetHints":{"allow":["GET"]}}],"collection":[{"href":"https:\/\/www.merget-raum.de\/shop\/wp-json\/wp\/v2\/product"}],"about":[{"href":"https:\/\/www.merget-raum.de\/shop\/wp-json\/wp\/v2\/types\/product"}],"replies":[{"embeddable":true,"href":"https:\/\/www.merget-raum.de\/shop\/wp-json\/wp\/v2\/comments?post=7951"}],"wp:featuredmedia":[{"embeddable":true,"href":"https:\/\/www.merget-raum.de\/shop\/wp-json\/wp\/v2\/media\/7952"}],"wp:attachment":[{"href":"https:\/\/www.merget-raum.de\/shop\/wp-json\/wp\/v2\/media?parent=7951"}],"wp:term":[{"taxonomy":"product_brand","embeddable":true,"href":"https:\/\/www.merget-raum.de\/shop\/wp-json\/wp\/v2\/product_brand?post=7951"},{"taxonomy":"product_cat","embeddable":true,"href":"https:\/\/www.merget-raum.de\/shop\/wp-json\/wp\/v2\/product_cat?post=7951"},{"taxonomy":"product_tag","embeddable":true,"href":"https:\/\/www.merget-raum.de\/shop\/wp-json\/wp\/v2\/product_tag?post=7951"}],"curies":[{"name":"wp","href":"https:\/\/api.w.org\/{rel}","templated":true}]}}