{"id":7670,"date":"2020-07-10T11:21:48","date_gmt":"2020-07-10T09:21:48","guid":{"rendered":"https:\/\/www.merget-raum.de\/?post_type=product&#038;p=7670"},"modified":"2024-01-19T12:48:55","modified_gmt":"2024-01-19T11:48:55","slug":"romo-by-louis-de-poortere-handgetafteter-teppich-scala-natural-170-x-240-cm","status":"publish","type":"product","link":"https:\/\/www.merget-raum.de\/shop\/produkt\/romo-by-louis-de-poortere-handgetafteter-teppich-scala-natural-170-x-240-cm\/","title":{"rendered":"ROMO by Louis De Poortere Handgetufteter Teppich Scala Natural (170 x 240 cm)"},"content":{"rendered":"<p>100 % Wolle<\/p>\n<p>Handgetuftet<\/p>\n<p>Erh\u00e4ltlich in den Farben: Indigo, Quince, Natural oder Teal<\/p>\n<p>Sondergr\u00f6\u00dfen XL &amp; XXL auf Anfrage erh\u00e4ltlich<\/p>\n","protected":false},"excerpt":{"rendered":"<p>So lange Vorrat reicht!     so lange Vorrat reicht!     Fachm\u00e4nnisch kreiert mit kostbaren Wollgarnen, haben Romos handgetuftete Teppiche einen tiefen, luxori\u00f6sen Flor, der jedem der Designs eine wundersch\u00f6ne Tiefe und Reichtum an Farbe verleiht.<\/p>\n<p>Das moderne Chevronmuster von Scala wird mit aufwendig, von Hand herausgearbeiteten Details zum Leben erweckt.<\/p>\n","protected":false},"featured_media":7671,"comment_status":"open","ping_status":"closed","template":"","meta":[],"product_brand":[],"product_cat":[180],"product_tag":[1784,227],"class_list":{"0":"post-7670","1":"product","2":"type-product","3":"status-publish","4":"has-post-thumbnail","6":"product_cat-teppiche","7":"product_tag-handgetuftet","8":"product_tag-teppiche","9":"product_shipping_class-ca-14-werktage","10":"pa_abmessung-170-x-240-cm","11":"pa_farbe-braun-multi","12":"pa_form-rechteckig","13":"pa_herstellungsart-handgetuftet","14":"pa_marke-romo","15":"pa_material-100-wolle","17":"first","18":"instock","19":"sale","20":"taxable","21":"shipping-taxable","22":"purchasable","23":"product-type-simple"},"yoast_head":"<!-- This site is optimized with the Yoast SEO plugin v27.2 - https:\/\/yoast.com\/product\/yoast-seo-wordpress\/ -->\n<title>ROMO by Louis De Poortere Handgetufteter Teppich Scala Natural (170 x 240 cm) - Merget-Raumausstattung Mainaschaff<\/title>\n<meta name=\"description\" content=\"ROMO by Louis De Poortere Handgetufteter Teppich Scala Natural (170 x 240 cm) - Merget-Raumausstattung Mainaschaff\" \/>\n<meta name=\"robots\" content=\"index, follow, max-snippet:-1, max-image-preview:large, max-video-preview:-1\" \/>\n<link rel=\"canonical\" href=\"https:\/\/www.merget-raum.de\/shop\/produkt\/romo-by-louis-de-poortere-handgetafteter-teppich-scala-natural-170-x-240-cm\/\" \/>\n<meta property=\"og:locale\" content=\"de_DE\" \/>\n<meta property=\"og:type\" content=\"article\" \/>\n<meta property=\"og:title\" content=\"ROMO by Louis De Poortere Handgetufteter Teppich Scala Natural (170 x 240 cm) - Merget-Raumausstattung Mainaschaff\" \/>\n<meta property=\"og:description\" content=\"ROMO by Louis De Poortere Handgetufteter Teppich Scala Natural (170 x 240 cm) - Merget-Raumausstattung Mainaschaff\" \/>\n<meta property=\"og:url\" content=\"https:\/\/www.merget-raum.de\/shop\/produkt\/romo-by-louis-de-poortere-handgetafteter-teppich-scala-natural-170-x-240-cm\/\" \/>\n<meta property=\"og:site_name\" content=\"Merget-Raumausstattung Mainaschaff\" \/>\n<meta property=\"article:modified_time\" content=\"2024-01-19T11:48:55+00:00\" \/>\n<meta property=\"og:image\" content=\"https:\/\/www.merget-raum.de\/shop\/wp-content\/uploads\/2020\/07\/SCALA_NATURAL_FLAT_CMYK.jpg\" \/>\n\t<meta property=\"og:image:width\" content=\"518\" \/>\n\t<meta property=\"og:image:height\" content=\"731\" \/>\n\t<meta property=\"og:image:type\" content=\"image\/jpeg\" \/>\n<meta name=\"twitter:card\" content=\"summary_large_image\" \/>\n<script type=\"application\/ld+json\" class=\"yoast-schema-graph\">{\"@context\":\"https:\/\/schema.org\",\"@graph\":[{\"@type\":\"WebPage\",\"@id\":\"https:\/\/www.merget-raum.de\/shop\/produkt\/romo-by-louis-de-poortere-handgetafteter-teppich-scala-natural-170-x-240-cm\/\",\"url\":\"https:\/\/www.merget-raum.de\/shop\/produkt\/romo-by-louis-de-poortere-handgetafteter-teppich-scala-natural-170-x-240-cm\/\",\"name\":\"ROMO by Louis De Poortere Handgetufteter Teppich Scala Natural (170 x 240 cm) - Merget-Raumausstattung Mainaschaff\",\"isPartOf\":{\"@id\":\"https:\/\/www.merget-raum.de\/shop\/#website\"},\"primaryImageOfPage\":{\"@id\":\"https:\/\/www.merget-raum.de\/shop\/produkt\/romo-by-louis-de-poortere-handgetafteter-teppich-scala-natural-170-x-240-cm\/#primaryimage\"},\"image\":{\"@id\":\"https:\/\/www.merget-raum.de\/shop\/produkt\/romo-by-louis-de-poortere-handgetafteter-teppich-scala-natural-170-x-240-cm\/#primaryimage\"},\"thumbnailUrl\":\"https:\/\/www.merget-raum.de\/shop\/wp-content\/uploads\/2020\/07\/SCALA_NATURAL_FLAT_CMYK.jpg\",\"datePublished\":\"2020-07-10T09:21:48+00:00\",\"dateModified\":\"2024-01-19T11:48:55+00:00\",\"description\":\"ROMO by Louis De Poortere Handgetufteter Teppich Scala Natural (170 x 240 cm) - Merget-Raumausstattung Mainaschaff\",\"breadcrumb\":{\"@id\":\"https:\/\/www.merget-raum.de\/shop\/produkt\/romo-by-louis-de-poortere-handgetafteter-teppich-scala-natural-170-x-240-cm\/#breadcrumb\"},\"inLanguage\":\"de\",\"potentialAction\":[{\"@type\":\"ReadAction\",\"target\":[\"https:\/\/www.merget-raum.de\/shop\/produkt\/romo-by-louis-de-poortere-handgetafteter-teppich-scala-natural-170-x-240-cm\/\"]}]},{\"@type\":\"ImageObject\",\"inLanguage\":\"de\",\"@id\":\"https:\/\/www.merget-raum.de\/shop\/produkt\/romo-by-louis-de-poortere-handgetafteter-teppich-scala-natural-170-x-240-cm\/#primaryimage\",\"url\":\"https:\/\/www.merget-raum.de\/shop\/wp-content\/uploads\/2020\/07\/SCALA_NATURAL_FLAT_CMYK.jpg\",\"contentUrl\":\"https:\/\/www.merget-raum.de\/shop\/wp-content\/uploads\/2020\/07\/SCALA_NATURAL_FLAT_CMYK.jpg\",\"width\":518,\"height\":731},{\"@type\":\"BreadcrumbList\",\"@id\":\"https:\/\/www.merget-raum.de\/shop\/produkt\/romo-by-louis-de-poortere-handgetafteter-teppich-scala-natural-170-x-240-cm\/#breadcrumb\",\"itemListElement\":[{\"@type\":\"ListItem\",\"position\":1,\"name\":\"Startseite\",\"item\":\"https:\/\/www.merget-raum.de\/shop\/\"},{\"@type\":\"ListItem\",\"position\":2,\"name\":\"Shop\",\"item\":\"https:\/\/www.merget-raum.de\/shop\/\"},{\"@type\":\"ListItem\",\"position\":3,\"name\":\"ROMO by Louis De Poortere Handgetufteter Teppich Scala Natural (170 x 240 cm)\"}]},{\"@type\":\"WebSite\",\"@id\":\"https:\/\/www.merget-raum.de\/shop\/#website\",\"url\":\"https:\/\/www.merget-raum.de\/shop\/\",\"name\":\"Merget-Raumausstattung Mainaschaff\",\"description\":\"Raumausstattung Merget Fachmarkt Mainaschaff &amp; Aschaffenburg\",\"potentialAction\":[{\"@type\":\"SearchAction\",\"target\":{\"@type\":\"EntryPoint\",\"urlTemplate\":\"https:\/\/www.merget-raum.de\/shop\/?s={search_term_string}\"},\"query-input\":{\"@type\":\"PropertyValueSpecification\",\"valueRequired\":true,\"valueName\":\"search_term_string\"}}],\"inLanguage\":\"de\"}]}<\/script>\n<!-- \/ Yoast SEO plugin. -->","yoast_head_json":{"title":"ROMO by Louis De Poortere Handgetufteter Teppich Scala Natural (170 x 240 cm) - Merget-Raumausstattung Mainaschaff","description":"ROMO by Louis De Poortere Handgetufteter Teppich Scala Natural (170 x 240 cm) - Merget-Raumausstattung Mainaschaff","robots":{"index":"index","follow":"follow","max-snippet":"max-snippet:-1","max-image-preview":"max-image-preview:large","max-video-preview":"max-video-preview:-1"},"canonical":"https:\/\/www.merget-raum.de\/shop\/produkt\/romo-by-louis-de-poortere-handgetafteter-teppich-scala-natural-170-x-240-cm\/","og_locale":"de_DE","og_type":"article","og_title":"ROMO by Louis De Poortere Handgetufteter Teppich Scala Natural (170 x 240 cm) - Merget-Raumausstattung Mainaschaff","og_description":"ROMO by Louis De Poortere Handgetufteter Teppich Scala Natural (170 x 240 cm) - Merget-Raumausstattung Mainaschaff","og_url":"https:\/\/www.merget-raum.de\/shop\/produkt\/romo-by-louis-de-poortere-handgetafteter-teppich-scala-natural-170-x-240-cm\/","og_site_name":"Merget-Raumausstattung Mainaschaff","article_modified_time":"2024-01-19T11:48:55+00:00","og_image":[{"width":518,"height":731,"url":"https:\/\/www.merget-raum.de\/shop\/wp-content\/uploads\/2020\/07\/SCALA_NATURAL_FLAT_CMYK.jpg","type":"image\/jpeg"}],"twitter_card":"summary_large_image","schema":{"@context":"https:\/\/schema.org","@graph":[{"@type":"WebPage","@id":"https:\/\/www.merget-raum.de\/shop\/produkt\/romo-by-louis-de-poortere-handgetafteter-teppich-scala-natural-170-x-240-cm\/","url":"https:\/\/www.merget-raum.de\/shop\/produkt\/romo-by-louis-de-poortere-handgetafteter-teppich-scala-natural-170-x-240-cm\/","name":"ROMO by Louis De Poortere Handgetufteter Teppich Scala Natural (170 x 240 cm) - Merget-Raumausstattung Mainaschaff","isPartOf":{"@id":"https:\/\/www.merget-raum.de\/shop\/#website"},"primaryImageOfPage":{"@id":"https:\/\/www.merget-raum.de\/shop\/produkt\/romo-by-louis-de-poortere-handgetafteter-teppich-scala-natural-170-x-240-cm\/#primaryimage"},"image":{"@id":"https:\/\/www.merget-raum.de\/shop\/produkt\/romo-by-louis-de-poortere-handgetafteter-teppich-scala-natural-170-x-240-cm\/#primaryimage"},"thumbnailUrl":"https:\/\/www.merget-raum.de\/shop\/wp-content\/uploads\/2020\/07\/SCALA_NATURAL_FLAT_CMYK.jpg","datePublished":"2020-07-10T09:21:48+00:00","dateModified":"2024-01-19T11:48:55+00:00","description":"ROMO by Louis De Poortere Handgetufteter Teppich Scala Natural (170 x 240 cm) - Merget-Raumausstattung Mainaschaff","breadcrumb":{"@id":"https:\/\/www.merget-raum.de\/shop\/produkt\/romo-by-louis-de-poortere-handgetafteter-teppich-scala-natural-170-x-240-cm\/#breadcrumb"},"inLanguage":"de","potentialAction":[{"@type":"ReadAction","target":["https:\/\/www.merget-raum.de\/shop\/produkt\/romo-by-louis-de-poortere-handgetafteter-teppich-scala-natural-170-x-240-cm\/"]}]},{"@type":"ImageObject","inLanguage":"de","@id":"https:\/\/www.merget-raum.de\/shop\/produkt\/romo-by-louis-de-poortere-handgetafteter-teppich-scala-natural-170-x-240-cm\/#primaryimage","url":"https:\/\/www.merget-raum.de\/shop\/wp-content\/uploads\/2020\/07\/SCALA_NATURAL_FLAT_CMYK.jpg","contentUrl":"https:\/\/www.merget-raum.de\/shop\/wp-content\/uploads\/2020\/07\/SCALA_NATURAL_FLAT_CMYK.jpg","width":518,"height":731},{"@type":"BreadcrumbList","@id":"https:\/\/www.merget-raum.de\/shop\/produkt\/romo-by-louis-de-poortere-handgetafteter-teppich-scala-natural-170-x-240-cm\/#breadcrumb","itemListElement":[{"@type":"ListItem","position":1,"name":"Startseite","item":"https:\/\/www.merget-raum.de\/shop\/"},{"@type":"ListItem","position":2,"name":"Shop","item":"https:\/\/www.merget-raum.de\/shop\/"},{"@type":"ListItem","position":3,"name":"ROMO by Louis De Poortere Handgetufteter Teppich Scala Natural (170 x 240 cm)"}]},{"@type":"WebSite","@id":"https:\/\/www.merget-raum.de\/shop\/#website","url":"https:\/\/www.merget-raum.de\/shop\/","name":"Merget-Raumausstattung Mainaschaff","description":"Raumausstattung Merget Fachmarkt Mainaschaff &amp; Aschaffenburg","potentialAction":[{"@type":"SearchAction","target":{"@type":"EntryPoint","urlTemplate":"https:\/\/www.merget-raum.de\/shop\/?s={search_term_string}"},"query-input":{"@type":"PropertyValueSpecification","valueRequired":true,"valueName":"search_term_string"}}],"inLanguage":"de"}]}},"_links":{"self":[{"href":"https:\/\/www.merget-raum.de\/shop\/wp-json\/wp\/v2\/product\/7670","targetHints":{"allow":["GET"]}}],"collection":[{"href":"https:\/\/www.merget-raum.de\/shop\/wp-json\/wp\/v2\/product"}],"about":[{"href":"https:\/\/www.merget-raum.de\/shop\/wp-json\/wp\/v2\/types\/product"}],"replies":[{"embeddable":true,"href":"https:\/\/www.merget-raum.de\/shop\/wp-json\/wp\/v2\/comments?post=7670"}],"wp:featuredmedia":[{"embeddable":true,"href":"https:\/\/www.merget-raum.de\/shop\/wp-json\/wp\/v2\/media\/7671"}],"wp:attachment":[{"href":"https:\/\/www.merget-raum.de\/shop\/wp-json\/wp\/v2\/media?parent=7670"}],"wp:term":[{"taxonomy":"product_brand","embeddable":true,"href":"https:\/\/www.merget-raum.de\/shop\/wp-json\/wp\/v2\/product_brand?post=7670"},{"taxonomy":"product_cat","embeddable":true,"href":"https:\/\/www.merget-raum.de\/shop\/wp-json\/wp\/v2\/product_cat?post=7670"},{"taxonomy":"product_tag","embeddable":true,"href":"https:\/\/www.merget-raum.de\/shop\/wp-json\/wp\/v2\/product_tag?post=7670"}],"curies":[{"name":"wp","href":"https:\/\/api.w.org\/{rel}","templated":true}]}}