{"id":7306,"date":"2024-06-13T15:24:11","date_gmt":"2024-06-13T13:24:11","guid":{"rendered":"https:\/\/www.merget-raum.de\/?post_type=product&#038;p=7306"},"modified":"2026-01-22T17:03:32","modified_gmt":"2026-01-22T16:03:32","slug":"ado-cordon-weiss-2","status":"publish","type":"product","link":"https:\/\/www.merget-raum.de\/shop\/produkt\/ado-cordon-weiss-2\/","title":{"rendered":"Ado Cordon hellgrau 270 cm"},"content":{"rendered":"<p>Die Ware kann nur<strong> in vollen Meterschritten<\/strong> geliefert werden, Reste werden beigelegt!<\/p>\n<p>Material: 100% Polyester Trevira CS | <strong>H\u00f6he: 270cm<\/strong> |Pflege: Waschen bei 30\u00b0 Schongang, B\u00fcgeln Stufe 1 | Verarbeitung: beliebig k\u00fcrzbar, Maximalbreite 8,00 lfm<\/p>\n<p>\u00b7 Standardm\u00e4\u00dfig 2 Meter Warenbreite.<br \/>\n\u00b7 Warenbreite gr\u00f6\u00dfer als 2 Meter: Bahnen werden an der Webkante unauff\u00e4llig mit einer Verbindungsnaht konfektioniert.<\/p>\n<p>Fertige Breiten<br \/>\n\u00b7 Die Bestellung der Breiten erfolgt bei ADO Cordon\u00ae<br \/>\nFadenvorhang in vollen Metern.<br \/>\n\u00b7 Der Verschnitt wird mitgeliefert.<br \/>\n\u00b7 Die fertige Breite des Behangs wird im glatten und<br \/>\nungekr\u00e4uselten Zustand gemessen und in Ihrer Wunschbreite gefertigt.<\/p>\n<p>Die H\u00f6he kann einfach im H\u00e4ngen mit einer guten Schere passend abgeschnitten werden, die F\u00e4den fransen dabei nicht aus!<\/p>\n<p>Gr\u00f6\u00dfere H\u00f6hen auf Anfrage!<\/p>\n<p>&nbsp;<\/p>\n","protected":false},"excerpt":{"rendered":"<p>270cm hoch<\/p>\n<p>Atemberaubend in seiner zeitlosen Eleganz wirkt der Fadenvorhang, wenn er seine Wirkung gro\u00dffl\u00e4chig entfalten kann. Die k\u00fchne Schlichtheit, das besondere Farbenspiel mit Licht und Kontrasten, die unvergleichliche Art der Transparenz, die mit keinem anderen Stoff zu erzielen ist, machen den ADO Cordon\u00ae zum absoluten Trendprodukt mit Kultstatus \u2013 global.<br \/>\nDer Fadenvorhang kann sowohl glatt, als auch mit verschiedenen Zugaben in Falten gelegt dekoriert werden.<\/p>\n<p>Der Cordon Fadenvorhang wird nach Ihrem Wunsch<strong> mit Schaube, Flauschband zum Kletten oder Gardinenband<\/strong> gefertigt! Bitte vergessen Sie nicht die Bandvariante in unserer <strong>Bestellnotiz <\/strong>zu vermerken. Das Feld finden Sie ganz unten unter der Lieferadresse!<\/p>\n","protected":false},"featured_media":7412,"comment_status":"open","ping_status":"closed","template":"","meta":[],"product_brand":[],"product_cat":[182],"product_tag":[1713,1712,1715,1714,1724,1717,1723],"class_list":{"0":"post-7306","1":"product","2":"type-product","3":"status-publish","4":"has-post-thumbnail","6":"product_cat-vorhaenge","7":"product_tag-ado","8":"product_tag-cordon","9":"product_tag-fadengardine","10":"product_tag-fadenvorhang","11":"product_tag-gardine","12":"product_tag-insektenschutz","13":"product_tag-vorhang","14":"pa_filterfarbe-grau","16":"first","17":"instock","18":"sale","19":"taxable","20":"shipping-taxable","21":"purchasable","22":"product-type-simple"},"yoast_head":"<!-- This site is optimized with the Yoast SEO plugin v27.2 - https:\/\/yoast.com\/product\/yoast-seo-wordpress\/ -->\n<title>Ado Cordon hellgrau 270 cm - Merget-Raumausstattung Mainaschaff<\/title>\n<meta name=\"description\" content=\"Ado Cordon hellgrau 270 cm - Merget-Raumausstattung Mainaschaff\" \/>\n<meta name=\"robots\" content=\"index, follow, max-snippet:-1, max-image-preview:large, max-video-preview:-1\" \/>\n<link rel=\"canonical\" href=\"https:\/\/www.merget-raum.de\/shop\/produkt\/ado-cordon-weiss-2\/\" \/>\n<meta property=\"og:locale\" content=\"de_DE\" \/>\n<meta property=\"og:type\" content=\"article\" \/>\n<meta property=\"og:title\" content=\"Ado Cordon hellgrau 270 cm - Merget-Raumausstattung Mainaschaff\" \/>\n<meta property=\"og:description\" content=\"Ado Cordon hellgrau 270 cm - Merget-Raumausstattung Mainaschaff\" \/>\n<meta property=\"og:url\" content=\"https:\/\/www.merget-raum.de\/shop\/produkt\/ado-cordon-weiss-2\/\" \/>\n<meta property=\"og:site_name\" content=\"Merget-Raumausstattung Mainaschaff\" \/>\n<meta property=\"article:modified_time\" content=\"2026-01-22T16:03:32+00:00\" \/>\n<meta property=\"og:image\" content=\"https:\/\/www.merget-raum.de\/shop\/wp-content\/uploads\/2020\/04\/ADO_9705_992_1703_Fadenvorhang.jpg\" \/>\n\t<meta property=\"og:image:width\" content=\"960\" \/>\n\t<meta property=\"og:image:height\" content=\"960\" \/>\n\t<meta property=\"og:image:type\" content=\"image\/jpeg\" \/>\n<meta name=\"twitter:card\" content=\"summary_large_image\" \/>\n<meta name=\"twitter:label1\" content=\"Gesch\u00e4tzte Lesezeit\" \/>\n\t<meta name=\"twitter:data1\" content=\"1\u00a0Minute\" \/>\n<script type=\"application\/ld+json\" class=\"yoast-schema-graph\">{\"@context\":\"https:\/\/schema.org\",\"@graph\":[{\"@type\":\"WebPage\",\"@id\":\"https:\/\/www.merget-raum.de\/shop\/produkt\/ado-cordon-weiss-2\/\",\"url\":\"https:\/\/www.merget-raum.de\/shop\/produkt\/ado-cordon-weiss-2\/\",\"name\":\"Ado Cordon hellgrau 270 cm - Merget-Raumausstattung Mainaschaff\",\"isPartOf\":{\"@id\":\"https:\/\/www.merget-raum.de\/shop\/#website\"},\"primaryImageOfPage\":{\"@id\":\"https:\/\/www.merget-raum.de\/shop\/produkt\/ado-cordon-weiss-2\/#primaryimage\"},\"image\":{\"@id\":\"https:\/\/www.merget-raum.de\/shop\/produkt\/ado-cordon-weiss-2\/#primaryimage\"},\"thumbnailUrl\":\"https:\/\/www.merget-raum.de\/shop\/wp-content\/uploads\/2020\/04\/ADO_9705_992_1703_Fadenvorhang.jpg\",\"datePublished\":\"2024-06-13T13:24:11+00:00\",\"dateModified\":\"2026-01-22T16:03:32+00:00\",\"description\":\"Ado Cordon hellgrau 270 cm - Merget-Raumausstattung Mainaschaff\",\"breadcrumb\":{\"@id\":\"https:\/\/www.merget-raum.de\/shop\/produkt\/ado-cordon-weiss-2\/#breadcrumb\"},\"inLanguage\":\"de\",\"potentialAction\":[{\"@type\":\"ReadAction\",\"target\":[\"https:\/\/www.merget-raum.de\/shop\/produkt\/ado-cordon-weiss-2\/\"]}]},{\"@type\":\"ImageObject\",\"inLanguage\":\"de\",\"@id\":\"https:\/\/www.merget-raum.de\/shop\/produkt\/ado-cordon-weiss-2\/#primaryimage\",\"url\":\"https:\/\/www.merget-raum.de\/shop\/wp-content\/uploads\/2020\/04\/ADO_9705_992_1703_Fadenvorhang.jpg\",\"contentUrl\":\"https:\/\/www.merget-raum.de\/shop\/wp-content\/uploads\/2020\/04\/ADO_9705_992_1703_Fadenvorhang.jpg\",\"width\":960,\"height\":960},{\"@type\":\"BreadcrumbList\",\"@id\":\"https:\/\/www.merget-raum.de\/shop\/produkt\/ado-cordon-weiss-2\/#breadcrumb\",\"itemListElement\":[{\"@type\":\"ListItem\",\"position\":1,\"name\":\"Startseite\",\"item\":\"https:\/\/www.merget-raum.de\/shop\/\"},{\"@type\":\"ListItem\",\"position\":2,\"name\":\"Shop\",\"item\":\"https:\/\/www.merget-raum.de\/shop\/\"},{\"@type\":\"ListItem\",\"position\":3,\"name\":\"Ado Cordon hellgrau 270 cm\"}]},{\"@type\":\"WebSite\",\"@id\":\"https:\/\/www.merget-raum.de\/shop\/#website\",\"url\":\"https:\/\/www.merget-raum.de\/shop\/\",\"name\":\"Merget-Raumausstattung Mainaschaff\",\"description\":\"Raumausstattung Merget Fachmarkt Mainaschaff &amp; Aschaffenburg\",\"potentialAction\":[{\"@type\":\"SearchAction\",\"target\":{\"@type\":\"EntryPoint\",\"urlTemplate\":\"https:\/\/www.merget-raum.de\/shop\/?s={search_term_string}\"},\"query-input\":{\"@type\":\"PropertyValueSpecification\",\"valueRequired\":true,\"valueName\":\"search_term_string\"}}],\"inLanguage\":\"de\"}]}<\/script>\n<!-- \/ Yoast SEO plugin. -->","yoast_head_json":{"title":"Ado Cordon hellgrau 270 cm - Merget-Raumausstattung Mainaschaff","description":"Ado Cordon hellgrau 270 cm - Merget-Raumausstattung Mainaschaff","robots":{"index":"index","follow":"follow","max-snippet":"max-snippet:-1","max-image-preview":"max-image-preview:large","max-video-preview":"max-video-preview:-1"},"canonical":"https:\/\/www.merget-raum.de\/shop\/produkt\/ado-cordon-weiss-2\/","og_locale":"de_DE","og_type":"article","og_title":"Ado Cordon hellgrau 270 cm - Merget-Raumausstattung Mainaschaff","og_description":"Ado Cordon hellgrau 270 cm - Merget-Raumausstattung Mainaschaff","og_url":"https:\/\/www.merget-raum.de\/shop\/produkt\/ado-cordon-weiss-2\/","og_site_name":"Merget-Raumausstattung Mainaschaff","article_modified_time":"2026-01-22T16:03:32+00:00","og_image":[{"width":960,"height":960,"url":"https:\/\/www.merget-raum.de\/shop\/wp-content\/uploads\/2020\/04\/ADO_9705_992_1703_Fadenvorhang.jpg","type":"image\/jpeg"}],"twitter_card":"summary_large_image","twitter_misc":{"Gesch\u00e4tzte Lesezeit":"1\u00a0Minute"},"schema":{"@context":"https:\/\/schema.org","@graph":[{"@type":"WebPage","@id":"https:\/\/www.merget-raum.de\/shop\/produkt\/ado-cordon-weiss-2\/","url":"https:\/\/www.merget-raum.de\/shop\/produkt\/ado-cordon-weiss-2\/","name":"Ado Cordon hellgrau 270 cm - Merget-Raumausstattung Mainaschaff","isPartOf":{"@id":"https:\/\/www.merget-raum.de\/shop\/#website"},"primaryImageOfPage":{"@id":"https:\/\/www.merget-raum.de\/shop\/produkt\/ado-cordon-weiss-2\/#primaryimage"},"image":{"@id":"https:\/\/www.merget-raum.de\/shop\/produkt\/ado-cordon-weiss-2\/#primaryimage"},"thumbnailUrl":"https:\/\/www.merget-raum.de\/shop\/wp-content\/uploads\/2020\/04\/ADO_9705_992_1703_Fadenvorhang.jpg","datePublished":"2024-06-13T13:24:11+00:00","dateModified":"2026-01-22T16:03:32+00:00","description":"Ado Cordon hellgrau 270 cm - Merget-Raumausstattung Mainaschaff","breadcrumb":{"@id":"https:\/\/www.merget-raum.de\/shop\/produkt\/ado-cordon-weiss-2\/#breadcrumb"},"inLanguage":"de","potentialAction":[{"@type":"ReadAction","target":["https:\/\/www.merget-raum.de\/shop\/produkt\/ado-cordon-weiss-2\/"]}]},{"@type":"ImageObject","inLanguage":"de","@id":"https:\/\/www.merget-raum.de\/shop\/produkt\/ado-cordon-weiss-2\/#primaryimage","url":"https:\/\/www.merget-raum.de\/shop\/wp-content\/uploads\/2020\/04\/ADO_9705_992_1703_Fadenvorhang.jpg","contentUrl":"https:\/\/www.merget-raum.de\/shop\/wp-content\/uploads\/2020\/04\/ADO_9705_992_1703_Fadenvorhang.jpg","width":960,"height":960},{"@type":"BreadcrumbList","@id":"https:\/\/www.merget-raum.de\/shop\/produkt\/ado-cordon-weiss-2\/#breadcrumb","itemListElement":[{"@type":"ListItem","position":1,"name":"Startseite","item":"https:\/\/www.merget-raum.de\/shop\/"},{"@type":"ListItem","position":2,"name":"Shop","item":"https:\/\/www.merget-raum.de\/shop\/"},{"@type":"ListItem","position":3,"name":"Ado Cordon hellgrau 270 cm"}]},{"@type":"WebSite","@id":"https:\/\/www.merget-raum.de\/shop\/#website","url":"https:\/\/www.merget-raum.de\/shop\/","name":"Merget-Raumausstattung Mainaschaff","description":"Raumausstattung Merget Fachmarkt Mainaschaff &amp; Aschaffenburg","potentialAction":[{"@type":"SearchAction","target":{"@type":"EntryPoint","urlTemplate":"https:\/\/www.merget-raum.de\/shop\/?s={search_term_string}"},"query-input":{"@type":"PropertyValueSpecification","valueRequired":true,"valueName":"search_term_string"}}],"inLanguage":"de"}]}},"_links":{"self":[{"href":"https:\/\/www.merget-raum.de\/shop\/wp-json\/wp\/v2\/product\/7306","targetHints":{"allow":["GET"]}}],"collection":[{"href":"https:\/\/www.merget-raum.de\/shop\/wp-json\/wp\/v2\/product"}],"about":[{"href":"https:\/\/www.merget-raum.de\/shop\/wp-json\/wp\/v2\/types\/product"}],"replies":[{"embeddable":true,"href":"https:\/\/www.merget-raum.de\/shop\/wp-json\/wp\/v2\/comments?post=7306"}],"wp:featuredmedia":[{"embeddable":true,"href":"https:\/\/www.merget-raum.de\/shop\/wp-json\/wp\/v2\/media\/7412"}],"wp:attachment":[{"href":"https:\/\/www.merget-raum.de\/shop\/wp-json\/wp\/v2\/media?parent=7306"}],"wp:term":[{"taxonomy":"product_brand","embeddable":true,"href":"https:\/\/www.merget-raum.de\/shop\/wp-json\/wp\/v2\/product_brand?post=7306"},{"taxonomy":"product_cat","embeddable":true,"href":"https:\/\/www.merget-raum.de\/shop\/wp-json\/wp\/v2\/product_cat?post=7306"},{"taxonomy":"product_tag","embeddable":true,"href":"https:\/\/www.merget-raum.de\/shop\/wp-json\/wp\/v2\/product_tag?post=7306"}],"curies":[{"name":"wp","href":"https:\/\/api.w.org\/{rel}","templated":true}]}}