{"id":7084,"date":"2019-09-30T15:19:39","date_gmt":"2019-09-30T13:19:39","guid":{"rendered":"https:\/\/www.merget-raum.de\/?post_type=product&#038;p=7084"},"modified":"2026-01-30T12:00:31","modified_gmt":"2026-01-30T11:00:31","slug":"enzo-pellini-ledertapete","status":"publish","type":"product","link":"https:\/\/www.merget-raum.de\/shop\/produkt\/enzo-pellini-ledertapete\/","title":{"rendered":"Enzo Pellini Ledertapete Choco"},"content":{"rendered":"<p>Lederfliesen f\u00fcr die Wand &#8211; Erstellen Sie Ihre eigene Lederwand ganz einfach mit Enzo Pellini Ledertapeten. Tolle Optiken in verschiedenen Farben und Gr\u00f6\u00dfen zur individuellen Wandgestaltung ganz nach den eigenen W\u00fcnschen.<\/p>\n<p>Eine exklusive Lederwand schafft eine wundersch\u00f6ne Atmosph\u00e4re, ein alter Tisch bekommt eine edle Optik, alte T\u00fcren sehen wieder richtig gut aus.<\/p>\n<p>Gr\u00f6\u00dfe: 8 Fliesen von 25 x 50 cm, lieferbar im Karton zu je 1 m\u00b2<\/p>\n<p>Farbe: Choco<\/p>\n","protected":false},"excerpt":{"rendered":"<p>Selbstklebender Wandbelag f\u00fcr eine edle Wangdgestaltung, T\u00fcren oder Kleinm\u00f6bel<\/p>\n<p>Aus Alt mach neu! Der Wandbelag ist eine tolle M\u00f6glichkeit alte, abgenutzte M\u00f6bel oder T\u00fcren wieder in neuem Glanz erstrahlen zu lassen.<\/p>\n<p>Enzo Pellini Ledertapete ist als nicht nur f\u00fcr die Wand geeignet sondern passt sich \u00fcberall an wo es gew\u00fcnscht wird und eine glatte Oberfl\u00e4che vorhanden ist.<\/p>\n","protected":false},"featured_media":7102,"comment_status":"open","ping_status":"closed","template":"","meta":[],"product_brand":[],"product_cat":[184,158,179],"product_tag":[1690,1694,1692,1691,1696,1695,1693],"class_list":{"0":"post-7084","1":"product","2":"type-product","3":"status-publish","4":"has-post-thumbnail","6":"product_cat-accessoires","7":"product_cat-ledertapeten-wandbelag-aus-leder","8":"product_cat-tapeten","9":"product_tag-enzo-pellini","10":"product_tag-leder","11":"product_tag-lederoptik","12":"product_tag-ledertapete","13":"product_tag-nachhaltig","14":"product_tag-upcycling","15":"product_tag-wandfliesen","16":"product_shipping_class-ca-14-werktage","17":"pa_abmessung-8-fliesen-von-25-x-50-cm-lieferbar-im-karton-zu-je-1-m","18":"pa_farbe-braun","19":"pa_farbe-braun-multi","20":"pa_hersteller-enzo-pellini","22":"first","23":"instock","24":"sale","25":"taxable","26":"shipping-taxable","27":"purchasable","28":"product-type-simple"},"yoast_head":"<!-- This site is optimized with the Yoast SEO plugin v27.2 - https:\/\/yoast.com\/product\/yoast-seo-wordpress\/ -->\n<title>Enzo Pellini Ledertapete Choco - Merget-Raumausstattung Mainaschaff<\/title>\n<meta name=\"description\" content=\"Enzo Pellini Ledertapete Choco - Merget-Raumausstattung Mainaschaff\" \/>\n<meta name=\"robots\" content=\"index, follow, max-snippet:-1, max-image-preview:large, max-video-preview:-1\" \/>\n<link rel=\"canonical\" href=\"https:\/\/www.merget-raum.de\/shop\/produkt\/enzo-pellini-ledertapete\/\" \/>\n<meta property=\"og:locale\" content=\"de_DE\" \/>\n<meta property=\"og:type\" content=\"article\" \/>\n<meta property=\"og:title\" content=\"Enzo Pellini Ledertapete Choco - Merget-Raumausstattung Mainaschaff\" \/>\n<meta property=\"og:description\" content=\"Enzo Pellini Ledertapete Choco - Merget-Raumausstattung Mainaschaff\" \/>\n<meta property=\"og:url\" content=\"https:\/\/www.merget-raum.de\/shop\/produkt\/enzo-pellini-ledertapete\/\" \/>\n<meta property=\"og:site_name\" content=\"Merget-Raumausstattung Mainaschaff\" \/>\n<meta property=\"article:modified_time\" content=\"2026-01-30T11:00:31+00:00\" \/>\n<meta property=\"og:image\" content=\"https:\/\/www.merget-raum.de\/shop\/wp-content\/uploads\/2019\/09\/ENZO-PELLINI-Choco-groot-formaat.jpg\" \/>\n\t<meta property=\"og:image:width\" content=\"960\" \/>\n\t<meta property=\"og:image:height\" content=\"960\" \/>\n\t<meta property=\"og:image:type\" content=\"image\/jpeg\" \/>\n<meta name=\"twitter:card\" content=\"summary_large_image\" \/>\n<meta name=\"twitter:label1\" content=\"Gesch\u00e4tzte Lesezeit\" \/>\n\t<meta name=\"twitter:data1\" content=\"1\u00a0Minute\" \/>\n<script type=\"application\/ld+json\" class=\"yoast-schema-graph\">{\"@context\":\"https:\/\/schema.org\",\"@graph\":[{\"@type\":\"WebPage\",\"@id\":\"https:\/\/www.merget-raum.de\/shop\/produkt\/enzo-pellini-ledertapete\/\",\"url\":\"https:\/\/www.merget-raum.de\/shop\/produkt\/enzo-pellini-ledertapete\/\",\"name\":\"Enzo Pellini Ledertapete Choco - Merget-Raumausstattung Mainaschaff\",\"isPartOf\":{\"@id\":\"https:\/\/www.merget-raum.de\/shop\/#website\"},\"primaryImageOfPage\":{\"@id\":\"https:\/\/www.merget-raum.de\/shop\/produkt\/enzo-pellini-ledertapete\/#primaryimage\"},\"image\":{\"@id\":\"https:\/\/www.merget-raum.de\/shop\/produkt\/enzo-pellini-ledertapete\/#primaryimage\"},\"thumbnailUrl\":\"https:\/\/www.merget-raum.de\/shop\/wp-content\/uploads\/2019\/09\/ENZO-PELLINI-Choco-groot-formaat.jpg\",\"datePublished\":\"2019-09-30T13:19:39+00:00\",\"dateModified\":\"2026-01-30T11:00:31+00:00\",\"description\":\"Enzo Pellini Ledertapete Choco - Merget-Raumausstattung Mainaschaff\",\"breadcrumb\":{\"@id\":\"https:\/\/www.merget-raum.de\/shop\/produkt\/enzo-pellini-ledertapete\/#breadcrumb\"},\"inLanguage\":\"de\",\"potentialAction\":[{\"@type\":\"ReadAction\",\"target\":[\"https:\/\/www.merget-raum.de\/shop\/produkt\/enzo-pellini-ledertapete\/\"]}]},{\"@type\":\"ImageObject\",\"inLanguage\":\"de\",\"@id\":\"https:\/\/www.merget-raum.de\/shop\/produkt\/enzo-pellini-ledertapete\/#primaryimage\",\"url\":\"https:\/\/www.merget-raum.de\/shop\/wp-content\/uploads\/2019\/09\/ENZO-PELLINI-Choco-groot-formaat.jpg\",\"contentUrl\":\"https:\/\/www.merget-raum.de\/shop\/wp-content\/uploads\/2019\/09\/ENZO-PELLINI-Choco-groot-formaat.jpg\",\"width\":960,\"height\":960,\"caption\":\"Bilder Enzo-Pellini-Choco\"},{\"@type\":\"BreadcrumbList\",\"@id\":\"https:\/\/www.merget-raum.de\/shop\/produkt\/enzo-pellini-ledertapete\/#breadcrumb\",\"itemListElement\":[{\"@type\":\"ListItem\",\"position\":1,\"name\":\"Startseite\",\"item\":\"https:\/\/www.merget-raum.de\/shop\/\"},{\"@type\":\"ListItem\",\"position\":2,\"name\":\"Shop\",\"item\":\"https:\/\/www.merget-raum.de\/shop\/\"},{\"@type\":\"ListItem\",\"position\":3,\"name\":\"Enzo Pellini Ledertapete Choco\"}]},{\"@type\":\"WebSite\",\"@id\":\"https:\/\/www.merget-raum.de\/shop\/#website\",\"url\":\"https:\/\/www.merget-raum.de\/shop\/\",\"name\":\"Merget-Raumausstattung Mainaschaff\",\"description\":\"Raumausstattung Merget Fachmarkt Mainaschaff &amp; Aschaffenburg\",\"potentialAction\":[{\"@type\":\"SearchAction\",\"target\":{\"@type\":\"EntryPoint\",\"urlTemplate\":\"https:\/\/www.merget-raum.de\/shop\/?s={search_term_string}\"},\"query-input\":{\"@type\":\"PropertyValueSpecification\",\"valueRequired\":true,\"valueName\":\"search_term_string\"}}],\"inLanguage\":\"de\"}]}<\/script>\n<!-- \/ Yoast SEO plugin. -->","yoast_head_json":{"title":"Enzo Pellini Ledertapete Choco - Merget-Raumausstattung Mainaschaff","description":"Enzo Pellini Ledertapete Choco - Merget-Raumausstattung Mainaschaff","robots":{"index":"index","follow":"follow","max-snippet":"max-snippet:-1","max-image-preview":"max-image-preview:large","max-video-preview":"max-video-preview:-1"},"canonical":"https:\/\/www.merget-raum.de\/shop\/produkt\/enzo-pellini-ledertapete\/","og_locale":"de_DE","og_type":"article","og_title":"Enzo Pellini Ledertapete Choco - Merget-Raumausstattung Mainaschaff","og_description":"Enzo Pellini Ledertapete Choco - Merget-Raumausstattung Mainaschaff","og_url":"https:\/\/www.merget-raum.de\/shop\/produkt\/enzo-pellini-ledertapete\/","og_site_name":"Merget-Raumausstattung Mainaschaff","article_modified_time":"2026-01-30T11:00:31+00:00","og_image":[{"width":960,"height":960,"url":"https:\/\/www.merget-raum.de\/shop\/wp-content\/uploads\/2019\/09\/ENZO-PELLINI-Choco-groot-formaat.jpg","type":"image\/jpeg"}],"twitter_card":"summary_large_image","twitter_misc":{"Gesch\u00e4tzte Lesezeit":"1\u00a0Minute"},"schema":{"@context":"https:\/\/schema.org","@graph":[{"@type":"WebPage","@id":"https:\/\/www.merget-raum.de\/shop\/produkt\/enzo-pellini-ledertapete\/","url":"https:\/\/www.merget-raum.de\/shop\/produkt\/enzo-pellini-ledertapete\/","name":"Enzo Pellini Ledertapete Choco - Merget-Raumausstattung Mainaschaff","isPartOf":{"@id":"https:\/\/www.merget-raum.de\/shop\/#website"},"primaryImageOfPage":{"@id":"https:\/\/www.merget-raum.de\/shop\/produkt\/enzo-pellini-ledertapete\/#primaryimage"},"image":{"@id":"https:\/\/www.merget-raum.de\/shop\/produkt\/enzo-pellini-ledertapete\/#primaryimage"},"thumbnailUrl":"https:\/\/www.merget-raum.de\/shop\/wp-content\/uploads\/2019\/09\/ENZO-PELLINI-Choco-groot-formaat.jpg","datePublished":"2019-09-30T13:19:39+00:00","dateModified":"2026-01-30T11:00:31+00:00","description":"Enzo Pellini Ledertapete Choco - Merget-Raumausstattung Mainaschaff","breadcrumb":{"@id":"https:\/\/www.merget-raum.de\/shop\/produkt\/enzo-pellini-ledertapete\/#breadcrumb"},"inLanguage":"de","potentialAction":[{"@type":"ReadAction","target":["https:\/\/www.merget-raum.de\/shop\/produkt\/enzo-pellini-ledertapete\/"]}]},{"@type":"ImageObject","inLanguage":"de","@id":"https:\/\/www.merget-raum.de\/shop\/produkt\/enzo-pellini-ledertapete\/#primaryimage","url":"https:\/\/www.merget-raum.de\/shop\/wp-content\/uploads\/2019\/09\/ENZO-PELLINI-Choco-groot-formaat.jpg","contentUrl":"https:\/\/www.merget-raum.de\/shop\/wp-content\/uploads\/2019\/09\/ENZO-PELLINI-Choco-groot-formaat.jpg","width":960,"height":960,"caption":"Bilder Enzo-Pellini-Choco"},{"@type":"BreadcrumbList","@id":"https:\/\/www.merget-raum.de\/shop\/produkt\/enzo-pellini-ledertapete\/#breadcrumb","itemListElement":[{"@type":"ListItem","position":1,"name":"Startseite","item":"https:\/\/www.merget-raum.de\/shop\/"},{"@type":"ListItem","position":2,"name":"Shop","item":"https:\/\/www.merget-raum.de\/shop\/"},{"@type":"ListItem","position":3,"name":"Enzo Pellini Ledertapete Choco"}]},{"@type":"WebSite","@id":"https:\/\/www.merget-raum.de\/shop\/#website","url":"https:\/\/www.merget-raum.de\/shop\/","name":"Merget-Raumausstattung Mainaschaff","description":"Raumausstattung Merget Fachmarkt Mainaschaff &amp; Aschaffenburg","potentialAction":[{"@type":"SearchAction","target":{"@type":"EntryPoint","urlTemplate":"https:\/\/www.merget-raum.de\/shop\/?s={search_term_string}"},"query-input":{"@type":"PropertyValueSpecification","valueRequired":true,"valueName":"search_term_string"}}],"inLanguage":"de"}]}},"_links":{"self":[{"href":"https:\/\/www.merget-raum.de\/shop\/wp-json\/wp\/v2\/product\/7084","targetHints":{"allow":["GET"]}}],"collection":[{"href":"https:\/\/www.merget-raum.de\/shop\/wp-json\/wp\/v2\/product"}],"about":[{"href":"https:\/\/www.merget-raum.de\/shop\/wp-json\/wp\/v2\/types\/product"}],"replies":[{"embeddable":true,"href":"https:\/\/www.merget-raum.de\/shop\/wp-json\/wp\/v2\/comments?post=7084"}],"wp:featuredmedia":[{"embeddable":true,"href":"https:\/\/www.merget-raum.de\/shop\/wp-json\/wp\/v2\/media\/7102"}],"wp:attachment":[{"href":"https:\/\/www.merget-raum.de\/shop\/wp-json\/wp\/v2\/media?parent=7084"}],"wp:term":[{"taxonomy":"product_brand","embeddable":true,"href":"https:\/\/www.merget-raum.de\/shop\/wp-json\/wp\/v2\/product_brand?post=7084"},{"taxonomy":"product_cat","embeddable":true,"href":"https:\/\/www.merget-raum.de\/shop\/wp-json\/wp\/v2\/product_cat?post=7084"},{"taxonomy":"product_tag","embeddable":true,"href":"https:\/\/www.merget-raum.de\/shop\/wp-json\/wp\/v2\/product_tag?post=7084"}],"curies":[{"name":"wp","href":"https:\/\/api.w.org\/{rel}","templated":true}]}}