{"id":6693,"date":"2019-05-15T18:27:33","date_gmt":"2019-05-15T16:27:33","guid":{"rendered":"https:\/\/www.merget-raum.de\/produkt\/eijffinger-tapete-natural-wallcoverings-ll-389522-breite-grasstreifen-sand\/"},"modified":"2026-01-23T08:45:54","modified_gmt":"2026-01-23T07:45:54","slug":"eijffinger-tapete-natural-wallcoverings-ll-389522-breite-grasstreifen-sand","status":"publish","type":"product","link":"https:\/\/www.merget-raum.de\/shop\/produkt\/eijffinger-tapete-natural-wallcoverings-ll-389522-breite-grasstreifen-sand\/","title":{"rendered":"Eijffinger Tapete Natural Wallcoverings ll 389522 &#8211; Breite Grasstreifen (Sand)"},"content":{"rendered":"<p>Die einzelnen Streifen die bei der Naturtapete 389522 verarbeitet wurden sind breiter, weshalb die Unregelm\u00e4\u00dfigkeiten und Besonderheiten des Materials st\u00e4rker zur Geltung kommen. In Handarbeit wurden die einzelnen Grashalme ausgew\u00e4hlt, in der Sonne getrocknet und zu Tapeten der Natural Wallcoverings Kollektion verarbeitet. Die nat\u00fcrlichen Unregelm\u00e4\u00dfigkeiten im Material steigern die Individualit\u00e4t der Tapete und erh\u00f6hen den nat\u00fcrlichen Charme noch weiter. Lassen Sie die Eijffinger Tapete 389522 f\u00fcr sich sprechen in Ihrer Wohnung!<\/p>\n","protected":false},"excerpt":{"rendered":"<p>Die einzigartige Naturtapete 389522 aus breiten Grasstreifen aus der Natural Wallcoverings II Kollektion von Eijffinger hebt den Charakter des Materials ganz besonders hervor.<\/p>\n","protected":false},"featured_media":6692,"comment_status":"open","ping_status":"closed","template":"","meta":[],"product_brand":[],"product_cat":[179],"product_tag":[],"class_list":{"0":"post-6693","1":"product","2":"type-product","3":"status-publish","4":"has-post-thumbnail","6":"product_cat-tapeten","7":"product_shipping_class-1-3-werktagen","8":"pa_abmessung-550-x-91-cm","9":"pa_farbe-sand","10":"pa_filterfarbe-braun","11":"pa_hersteller-eijffinger","12":"pa_kollektion-natural-wallcoverings-ii","13":"pa_marke-eijffinger","14":"pa_material-papier","15":"pa_muster-design-dekor-unis","17":"first","18":"instock","19":"taxable","20":"shipping-taxable","21":"purchasable","22":"product-type-simple"},"yoast_head":"<!-- This site is optimized with the Yoast SEO plugin v27.2 - https:\/\/yoast.com\/product\/yoast-seo-wordpress\/ -->\n<title>Eijffinger Tapete Natural Wallcoverings ll 389522 - Breite Grasstreifen (Sand) - Merget-Raumausstattung Mainaschaff<\/title>\n<meta name=\"description\" content=\"Eijffinger Tapete Natural Wallcoverings ll 389522 - Breite Grasstreifen (Sand) - Merget-Raumausstattung Mainaschaff\" \/>\n<meta name=\"robots\" content=\"index, follow, max-snippet:-1, max-image-preview:large, max-video-preview:-1\" \/>\n<link rel=\"canonical\" href=\"https:\/\/www.merget-raum.de\/shop\/produkt\/eijffinger-tapete-natural-wallcoverings-ll-389522-breite-grasstreifen-sand\/\" \/>\n<meta property=\"og:locale\" content=\"de_DE\" \/>\n<meta property=\"og:type\" content=\"article\" \/>\n<meta property=\"og:title\" content=\"Eijffinger Tapete Natural Wallcoverings ll 389522 - Breite Grasstreifen (Sand) - Merget-Raumausstattung Mainaschaff\" \/>\n<meta property=\"og:description\" content=\"Eijffinger Tapete Natural Wallcoverings ll 389522 - Breite Grasstreifen (Sand) - Merget-Raumausstattung Mainaschaff\" \/>\n<meta property=\"og:url\" content=\"https:\/\/www.merget-raum.de\/shop\/produkt\/eijffinger-tapete-natural-wallcoverings-ll-389522-breite-grasstreifen-sand\/\" \/>\n<meta property=\"og:site_name\" content=\"Merget-Raumausstattung Mainaschaff\" \/>\n<meta property=\"article:modified_time\" content=\"2026-01-23T07:45:54+00:00\" \/>\n<meta property=\"og:image\" content=\"https:\/\/www.merget-raum.de\/shop\/wp-content\/uploads\/2019\/05\/eijffinger-eijffinger-tapete-natural-wallcoverings-ll-389522-breite-grasstreifen-sand.jpg\" \/>\n\t<meta property=\"og:image:width\" content=\"1118\" \/>\n\t<meta property=\"og:image:height\" content=\"1382\" \/>\n\t<meta property=\"og:image:type\" content=\"image\/jpeg\" \/>\n<meta name=\"twitter:card\" content=\"summary_large_image\" \/>\n<meta name=\"twitter:label1\" content=\"Gesch\u00e4tzte Lesezeit\" \/>\n\t<meta name=\"twitter:data1\" content=\"1\u00a0Minute\" \/>\n<script type=\"application\/ld+json\" class=\"yoast-schema-graph\">{\"@context\":\"https:\/\/schema.org\",\"@graph\":[{\"@type\":\"WebPage\",\"@id\":\"https:\/\/www.merget-raum.de\/shop\/produkt\/eijffinger-tapete-natural-wallcoverings-ll-389522-breite-grasstreifen-sand\/\",\"url\":\"https:\/\/www.merget-raum.de\/shop\/produkt\/eijffinger-tapete-natural-wallcoverings-ll-389522-breite-grasstreifen-sand\/\",\"name\":\"Eijffinger Tapete Natural Wallcoverings ll 389522 - Breite Grasstreifen (Sand) - Merget-Raumausstattung Mainaschaff\",\"isPartOf\":{\"@id\":\"https:\/\/www.merget-raum.de\/shop\/#website\"},\"primaryImageOfPage\":{\"@id\":\"https:\/\/www.merget-raum.de\/shop\/produkt\/eijffinger-tapete-natural-wallcoverings-ll-389522-breite-grasstreifen-sand\/#primaryimage\"},\"image\":{\"@id\":\"https:\/\/www.merget-raum.de\/shop\/produkt\/eijffinger-tapete-natural-wallcoverings-ll-389522-breite-grasstreifen-sand\/#primaryimage\"},\"thumbnailUrl\":\"https:\/\/www.merget-raum.de\/shop\/wp-content\/uploads\/2019\/05\/eijffinger-eijffinger-tapete-natural-wallcoverings-ll-389522-breite-grasstreifen-sand.jpg\",\"datePublished\":\"2019-05-15T16:27:33+00:00\",\"dateModified\":\"2026-01-23T07:45:54+00:00\",\"description\":\"Eijffinger Tapete Natural Wallcoverings ll 389522 - Breite Grasstreifen (Sand) - Merget-Raumausstattung Mainaschaff\",\"breadcrumb\":{\"@id\":\"https:\/\/www.merget-raum.de\/shop\/produkt\/eijffinger-tapete-natural-wallcoverings-ll-389522-breite-grasstreifen-sand\/#breadcrumb\"},\"inLanguage\":\"de\",\"potentialAction\":[{\"@type\":\"ReadAction\",\"target\":[\"https:\/\/www.merget-raum.de\/shop\/produkt\/eijffinger-tapete-natural-wallcoverings-ll-389522-breite-grasstreifen-sand\/\"]}]},{\"@type\":\"ImageObject\",\"inLanguage\":\"de\",\"@id\":\"https:\/\/www.merget-raum.de\/shop\/produkt\/eijffinger-tapete-natural-wallcoverings-ll-389522-breite-grasstreifen-sand\/#primaryimage\",\"url\":\"https:\/\/www.merget-raum.de\/shop\/wp-content\/uploads\/2019\/05\/eijffinger-eijffinger-tapete-natural-wallcoverings-ll-389522-breite-grasstreifen-sand.jpg\",\"contentUrl\":\"https:\/\/www.merget-raum.de\/shop\/wp-content\/uploads\/2019\/05\/eijffinger-eijffinger-tapete-natural-wallcoverings-ll-389522-breite-grasstreifen-sand.jpg\",\"width\":1118,\"height\":1382},{\"@type\":\"BreadcrumbList\",\"@id\":\"https:\/\/www.merget-raum.de\/shop\/produkt\/eijffinger-tapete-natural-wallcoverings-ll-389522-breite-grasstreifen-sand\/#breadcrumb\",\"itemListElement\":[{\"@type\":\"ListItem\",\"position\":1,\"name\":\"Startseite\",\"item\":\"https:\/\/www.merget-raum.de\/shop\/\"},{\"@type\":\"ListItem\",\"position\":2,\"name\":\"Shop\",\"item\":\"https:\/\/www.merget-raum.de\/shop\/\"},{\"@type\":\"ListItem\",\"position\":3,\"name\":\"Eijffinger Tapete Natural Wallcoverings ll 389522 &#8211; Breite Grasstreifen (Sand)\"}]},{\"@type\":\"WebSite\",\"@id\":\"https:\/\/www.merget-raum.de\/shop\/#website\",\"url\":\"https:\/\/www.merget-raum.de\/shop\/\",\"name\":\"Merget-Raumausstattung Mainaschaff\",\"description\":\"Raumausstattung Merget Fachmarkt Mainaschaff &amp; Aschaffenburg\",\"potentialAction\":[{\"@type\":\"SearchAction\",\"target\":{\"@type\":\"EntryPoint\",\"urlTemplate\":\"https:\/\/www.merget-raum.de\/shop\/?s={search_term_string}\"},\"query-input\":{\"@type\":\"PropertyValueSpecification\",\"valueRequired\":true,\"valueName\":\"search_term_string\"}}],\"inLanguage\":\"de\"}]}<\/script>\n<!-- \/ Yoast SEO plugin. -->","yoast_head_json":{"title":"Eijffinger Tapete Natural Wallcoverings ll 389522 - Breite Grasstreifen (Sand) - Merget-Raumausstattung Mainaschaff","description":"Eijffinger Tapete Natural Wallcoverings ll 389522 - Breite Grasstreifen (Sand) - Merget-Raumausstattung Mainaschaff","robots":{"index":"index","follow":"follow","max-snippet":"max-snippet:-1","max-image-preview":"max-image-preview:large","max-video-preview":"max-video-preview:-1"},"canonical":"https:\/\/www.merget-raum.de\/shop\/produkt\/eijffinger-tapete-natural-wallcoverings-ll-389522-breite-grasstreifen-sand\/","og_locale":"de_DE","og_type":"article","og_title":"Eijffinger Tapete Natural Wallcoverings ll 389522 - Breite Grasstreifen (Sand) - Merget-Raumausstattung Mainaschaff","og_description":"Eijffinger Tapete Natural Wallcoverings ll 389522 - Breite Grasstreifen (Sand) - Merget-Raumausstattung Mainaschaff","og_url":"https:\/\/www.merget-raum.de\/shop\/produkt\/eijffinger-tapete-natural-wallcoverings-ll-389522-breite-grasstreifen-sand\/","og_site_name":"Merget-Raumausstattung Mainaschaff","article_modified_time":"2026-01-23T07:45:54+00:00","og_image":[{"width":1118,"height":1382,"url":"https:\/\/www.merget-raum.de\/shop\/wp-content\/uploads\/2019\/05\/eijffinger-eijffinger-tapete-natural-wallcoverings-ll-389522-breite-grasstreifen-sand.jpg","type":"image\/jpeg"}],"twitter_card":"summary_large_image","twitter_misc":{"Gesch\u00e4tzte Lesezeit":"1\u00a0Minute"},"schema":{"@context":"https:\/\/schema.org","@graph":[{"@type":"WebPage","@id":"https:\/\/www.merget-raum.de\/shop\/produkt\/eijffinger-tapete-natural-wallcoverings-ll-389522-breite-grasstreifen-sand\/","url":"https:\/\/www.merget-raum.de\/shop\/produkt\/eijffinger-tapete-natural-wallcoverings-ll-389522-breite-grasstreifen-sand\/","name":"Eijffinger Tapete Natural Wallcoverings ll 389522 - Breite Grasstreifen (Sand) - Merget-Raumausstattung Mainaschaff","isPartOf":{"@id":"https:\/\/www.merget-raum.de\/shop\/#website"},"primaryImageOfPage":{"@id":"https:\/\/www.merget-raum.de\/shop\/produkt\/eijffinger-tapete-natural-wallcoverings-ll-389522-breite-grasstreifen-sand\/#primaryimage"},"image":{"@id":"https:\/\/www.merget-raum.de\/shop\/produkt\/eijffinger-tapete-natural-wallcoverings-ll-389522-breite-grasstreifen-sand\/#primaryimage"},"thumbnailUrl":"https:\/\/www.merget-raum.de\/shop\/wp-content\/uploads\/2019\/05\/eijffinger-eijffinger-tapete-natural-wallcoverings-ll-389522-breite-grasstreifen-sand.jpg","datePublished":"2019-05-15T16:27:33+00:00","dateModified":"2026-01-23T07:45:54+00:00","description":"Eijffinger Tapete Natural Wallcoverings ll 389522 - Breite Grasstreifen (Sand) - Merget-Raumausstattung Mainaschaff","breadcrumb":{"@id":"https:\/\/www.merget-raum.de\/shop\/produkt\/eijffinger-tapete-natural-wallcoverings-ll-389522-breite-grasstreifen-sand\/#breadcrumb"},"inLanguage":"de","potentialAction":[{"@type":"ReadAction","target":["https:\/\/www.merget-raum.de\/shop\/produkt\/eijffinger-tapete-natural-wallcoverings-ll-389522-breite-grasstreifen-sand\/"]}]},{"@type":"ImageObject","inLanguage":"de","@id":"https:\/\/www.merget-raum.de\/shop\/produkt\/eijffinger-tapete-natural-wallcoverings-ll-389522-breite-grasstreifen-sand\/#primaryimage","url":"https:\/\/www.merget-raum.de\/shop\/wp-content\/uploads\/2019\/05\/eijffinger-eijffinger-tapete-natural-wallcoverings-ll-389522-breite-grasstreifen-sand.jpg","contentUrl":"https:\/\/www.merget-raum.de\/shop\/wp-content\/uploads\/2019\/05\/eijffinger-eijffinger-tapete-natural-wallcoverings-ll-389522-breite-grasstreifen-sand.jpg","width":1118,"height":1382},{"@type":"BreadcrumbList","@id":"https:\/\/www.merget-raum.de\/shop\/produkt\/eijffinger-tapete-natural-wallcoverings-ll-389522-breite-grasstreifen-sand\/#breadcrumb","itemListElement":[{"@type":"ListItem","position":1,"name":"Startseite","item":"https:\/\/www.merget-raum.de\/shop\/"},{"@type":"ListItem","position":2,"name":"Shop","item":"https:\/\/www.merget-raum.de\/shop\/"},{"@type":"ListItem","position":3,"name":"Eijffinger Tapete Natural Wallcoverings ll 389522 &#8211; Breite Grasstreifen (Sand)"}]},{"@type":"WebSite","@id":"https:\/\/www.merget-raum.de\/shop\/#website","url":"https:\/\/www.merget-raum.de\/shop\/","name":"Merget-Raumausstattung Mainaschaff","description":"Raumausstattung Merget Fachmarkt Mainaschaff &amp; Aschaffenburg","potentialAction":[{"@type":"SearchAction","target":{"@type":"EntryPoint","urlTemplate":"https:\/\/www.merget-raum.de\/shop\/?s={search_term_string}"},"query-input":{"@type":"PropertyValueSpecification","valueRequired":true,"valueName":"search_term_string"}}],"inLanguage":"de"}]}},"_links":{"self":[{"href":"https:\/\/www.merget-raum.de\/shop\/wp-json\/wp\/v2\/product\/6693","targetHints":{"allow":["GET"]}}],"collection":[{"href":"https:\/\/www.merget-raum.de\/shop\/wp-json\/wp\/v2\/product"}],"about":[{"href":"https:\/\/www.merget-raum.de\/shop\/wp-json\/wp\/v2\/types\/product"}],"replies":[{"embeddable":true,"href":"https:\/\/www.merget-raum.de\/shop\/wp-json\/wp\/v2\/comments?post=6693"}],"wp:featuredmedia":[{"embeddable":true,"href":"https:\/\/www.merget-raum.de\/shop\/wp-json\/wp\/v2\/media\/6692"}],"wp:attachment":[{"href":"https:\/\/www.merget-raum.de\/shop\/wp-json\/wp\/v2\/media?parent=6693"}],"wp:term":[{"taxonomy":"product_brand","embeddable":true,"href":"https:\/\/www.merget-raum.de\/shop\/wp-json\/wp\/v2\/product_brand?post=6693"},{"taxonomy":"product_cat","embeddable":true,"href":"https:\/\/www.merget-raum.de\/shop\/wp-json\/wp\/v2\/product_cat?post=6693"},{"taxonomy":"product_tag","embeddable":true,"href":"https:\/\/www.merget-raum.de\/shop\/wp-json\/wp\/v2\/product_tag?post=6693"}],"curies":[{"name":"wp","href":"https:\/\/api.w.org\/{rel}","templated":true}]}}