{"id":6654,"date":"2019-05-15T18:26:57","date_gmt":"2019-05-15T16:26:57","guid":{"rendered":"https:\/\/www.merget-raum.de\/produkt\/eijffinger-tapete-natural-wallcoverings-ll-389503-feine-flecht-optik-schwarz-braun\/"},"modified":"2026-01-23T08:54:30","modified_gmt":"2026-01-23T07:54:30","slug":"eijffinger-tapete-natural-wallcoverings-ll-389503-feine-flecht-optik-schwarz-braun","status":"publish","type":"product","link":"https:\/\/www.merget-raum.de\/shop\/produkt\/eijffinger-tapete-natural-wallcoverings-ll-389503-feine-flecht-optik-schwarz-braun\/","title":{"rendered":"Eijffinger Tapete Natural Wallcoverings ll 389503 &#8211; feine Flecht Optik (Schwarz\/Braun)"},"content":{"rendered":"<p>In Handarbeit wurden die einzelnen Grashalme ausgew\u00e4hlt, in der Sonne getrocknet und zu Tapeten der Natural Wallcoverings Kollektion verarbeitet. Die feine Flecht Optik der Naturtapete 389503 auf edlem Hintergrund zeigt die Detailverliebtheit der Handwerker bei ihrer Arbeit, und gibt Ihrem Zuhause einen einzigartig nat\u00fcrlichen Touch. Die nat\u00fcrlichen Unregelm\u00e4\u00dfigkeiten im Material steigern die Individualit\u00e4t der Tapete und erh\u00f6hen den nat\u00fcrlichen Charme noch weiter. Bringen Sie jetzt die Natur zur\u00fcck zu sich nach Hause mit der Naturtapete 389503 von Eijffinger!<\/p>\n","protected":false},"excerpt":{"rendered":"<p>Die einzigartige Naturtapete 389503 in feiner Flecht Optik aus der Natural Wallcoverings II Kollektion von Eijffinger bringt das feine Handwerk fern\u00f6stlicher Werkst\u00e4tten zu Ihnen nach Hause.<\/p>\n","protected":false},"featured_media":6652,"comment_status":"open","ping_status":"closed","template":"","meta":[],"product_brand":[],"product_cat":[179],"product_tag":[],"class_list":{"0":"post-6654","1":"product","2":"type-product","3":"status-publish","4":"has-post-thumbnail","6":"product_cat-tapeten","7":"product_shipping_class-1-3-werktagen","8":"pa_abmessung-550-x-91-cm","9":"pa_farbe-schwarz-braun","10":"pa_filterfarbe-braun","11":"pa_hersteller-eijffinger","12":"pa_kollektion-natural-wallcoverings-ii","13":"pa_marke-eijffinger","14":"pa_material-papier","15":"pa_muster-design-dekor-unis","17":"first","18":"instock","19":"taxable","20":"shipping-taxable","21":"purchasable","22":"product-type-simple"},"yoast_head":"<!-- This site is optimized with the Yoast SEO plugin v27.2 - https:\/\/yoast.com\/product\/yoast-seo-wordpress\/ -->\n<title>Eijffinger Tapete Natural Wallcoverings ll 389503 - feine Flecht Optik (Schwarz\/Braun) - Merget-Raumausstattung Mainaschaff<\/title>\n<meta name=\"description\" content=\"Eijffinger Tapete Natural Wallcoverings ll 389503 - feine Flecht Optik (Schwarz\/Braun) - Merget-Raumausstattung Mainaschaff\" \/>\n<meta name=\"robots\" content=\"index, follow, max-snippet:-1, max-image-preview:large, max-video-preview:-1\" \/>\n<link rel=\"canonical\" href=\"https:\/\/www.merget-raum.de\/shop\/produkt\/eijffinger-tapete-natural-wallcoverings-ll-389503-feine-flecht-optik-schwarz-braun\/\" \/>\n<meta property=\"og:locale\" content=\"de_DE\" \/>\n<meta property=\"og:type\" content=\"article\" \/>\n<meta property=\"og:title\" content=\"Eijffinger Tapete Natural Wallcoverings ll 389503 - feine Flecht Optik (Schwarz\/Braun) - Merget-Raumausstattung Mainaschaff\" \/>\n<meta property=\"og:description\" content=\"Eijffinger Tapete Natural Wallcoverings ll 389503 - feine Flecht Optik (Schwarz\/Braun) - Merget-Raumausstattung Mainaschaff\" \/>\n<meta property=\"og:url\" content=\"https:\/\/www.merget-raum.de\/shop\/produkt\/eijffinger-tapete-natural-wallcoverings-ll-389503-feine-flecht-optik-schwarz-braun\/\" \/>\n<meta property=\"og:site_name\" content=\"Merget-Raumausstattung Mainaschaff\" \/>\n<meta property=\"article:modified_time\" content=\"2026-01-23T07:54:30+00:00\" \/>\n<meta property=\"og:image\" content=\"https:\/\/www.merget-raum.de\/shop\/wp-content\/uploads\/2019\/05\/eijffinger-eijffinger-tapete-natural-wallcoverings-ll-389503-feine-flecht-optik-schwarz-braun.jpg\" \/>\n\t<meta property=\"og:image:width\" content=\"1118\" \/>\n\t<meta property=\"og:image:height\" content=\"1382\" \/>\n\t<meta property=\"og:image:type\" content=\"image\/jpeg\" \/>\n<meta name=\"twitter:card\" content=\"summary_large_image\" \/>\n<meta name=\"twitter:label1\" content=\"Gesch\u00e4tzte Lesezeit\" \/>\n\t<meta name=\"twitter:data1\" content=\"1\u00a0Minute\" \/>\n<script type=\"application\/ld+json\" class=\"yoast-schema-graph\">{\"@context\":\"https:\/\/schema.org\",\"@graph\":[{\"@type\":\"WebPage\",\"@id\":\"https:\/\/www.merget-raum.de\/shop\/produkt\/eijffinger-tapete-natural-wallcoverings-ll-389503-feine-flecht-optik-schwarz-braun\/\",\"url\":\"https:\/\/www.merget-raum.de\/shop\/produkt\/eijffinger-tapete-natural-wallcoverings-ll-389503-feine-flecht-optik-schwarz-braun\/\",\"name\":\"Eijffinger Tapete Natural Wallcoverings ll 389503 - feine Flecht Optik (Schwarz\/Braun) - Merget-Raumausstattung Mainaschaff\",\"isPartOf\":{\"@id\":\"https:\/\/www.merget-raum.de\/shop\/#website\"},\"primaryImageOfPage\":{\"@id\":\"https:\/\/www.merget-raum.de\/shop\/produkt\/eijffinger-tapete-natural-wallcoverings-ll-389503-feine-flecht-optik-schwarz-braun\/#primaryimage\"},\"image\":{\"@id\":\"https:\/\/www.merget-raum.de\/shop\/produkt\/eijffinger-tapete-natural-wallcoverings-ll-389503-feine-flecht-optik-schwarz-braun\/#primaryimage\"},\"thumbnailUrl\":\"https:\/\/www.merget-raum.de\/shop\/wp-content\/uploads\/2019\/05\/eijffinger-eijffinger-tapete-natural-wallcoverings-ll-389503-feine-flecht-optik-schwarz-braun.jpg\",\"datePublished\":\"2019-05-15T16:26:57+00:00\",\"dateModified\":\"2026-01-23T07:54:30+00:00\",\"description\":\"Eijffinger Tapete Natural Wallcoverings ll 389503 - feine Flecht Optik (Schwarz\/Braun) - Merget-Raumausstattung Mainaschaff\",\"breadcrumb\":{\"@id\":\"https:\/\/www.merget-raum.de\/shop\/produkt\/eijffinger-tapete-natural-wallcoverings-ll-389503-feine-flecht-optik-schwarz-braun\/#breadcrumb\"},\"inLanguage\":\"de\",\"potentialAction\":[{\"@type\":\"ReadAction\",\"target\":[\"https:\/\/www.merget-raum.de\/shop\/produkt\/eijffinger-tapete-natural-wallcoverings-ll-389503-feine-flecht-optik-schwarz-braun\/\"]}]},{\"@type\":\"ImageObject\",\"inLanguage\":\"de\",\"@id\":\"https:\/\/www.merget-raum.de\/shop\/produkt\/eijffinger-tapete-natural-wallcoverings-ll-389503-feine-flecht-optik-schwarz-braun\/#primaryimage\",\"url\":\"https:\/\/www.merget-raum.de\/shop\/wp-content\/uploads\/2019\/05\/eijffinger-eijffinger-tapete-natural-wallcoverings-ll-389503-feine-flecht-optik-schwarz-braun.jpg\",\"contentUrl\":\"https:\/\/www.merget-raum.de\/shop\/wp-content\/uploads\/2019\/05\/eijffinger-eijffinger-tapete-natural-wallcoverings-ll-389503-feine-flecht-optik-schwarz-braun.jpg\",\"width\":1118,\"height\":1382},{\"@type\":\"BreadcrumbList\",\"@id\":\"https:\/\/www.merget-raum.de\/shop\/produkt\/eijffinger-tapete-natural-wallcoverings-ll-389503-feine-flecht-optik-schwarz-braun\/#breadcrumb\",\"itemListElement\":[{\"@type\":\"ListItem\",\"position\":1,\"name\":\"Startseite\",\"item\":\"https:\/\/www.merget-raum.de\/shop\/\"},{\"@type\":\"ListItem\",\"position\":2,\"name\":\"Shop\",\"item\":\"https:\/\/www.merget-raum.de\/shop\/\"},{\"@type\":\"ListItem\",\"position\":3,\"name\":\"Eijffinger Tapete Natural Wallcoverings ll 389503 &#8211; feine Flecht Optik (Schwarz\/Braun)\"}]},{\"@type\":\"WebSite\",\"@id\":\"https:\/\/www.merget-raum.de\/shop\/#website\",\"url\":\"https:\/\/www.merget-raum.de\/shop\/\",\"name\":\"Merget-Raumausstattung Mainaschaff\",\"description\":\"Raumausstattung Merget Fachmarkt Mainaschaff &amp; Aschaffenburg\",\"potentialAction\":[{\"@type\":\"SearchAction\",\"target\":{\"@type\":\"EntryPoint\",\"urlTemplate\":\"https:\/\/www.merget-raum.de\/shop\/?s={search_term_string}\"},\"query-input\":{\"@type\":\"PropertyValueSpecification\",\"valueRequired\":true,\"valueName\":\"search_term_string\"}}],\"inLanguage\":\"de\"}]}<\/script>\n<!-- \/ Yoast SEO plugin. -->","yoast_head_json":{"title":"Eijffinger Tapete Natural Wallcoverings ll 389503 - feine Flecht Optik (Schwarz\/Braun) - Merget-Raumausstattung Mainaschaff","description":"Eijffinger Tapete Natural Wallcoverings ll 389503 - feine Flecht Optik (Schwarz\/Braun) - Merget-Raumausstattung Mainaschaff","robots":{"index":"index","follow":"follow","max-snippet":"max-snippet:-1","max-image-preview":"max-image-preview:large","max-video-preview":"max-video-preview:-1"},"canonical":"https:\/\/www.merget-raum.de\/shop\/produkt\/eijffinger-tapete-natural-wallcoverings-ll-389503-feine-flecht-optik-schwarz-braun\/","og_locale":"de_DE","og_type":"article","og_title":"Eijffinger Tapete Natural Wallcoverings ll 389503 - feine Flecht Optik (Schwarz\/Braun) - Merget-Raumausstattung Mainaschaff","og_description":"Eijffinger Tapete Natural Wallcoverings ll 389503 - feine Flecht Optik (Schwarz\/Braun) - Merget-Raumausstattung Mainaschaff","og_url":"https:\/\/www.merget-raum.de\/shop\/produkt\/eijffinger-tapete-natural-wallcoverings-ll-389503-feine-flecht-optik-schwarz-braun\/","og_site_name":"Merget-Raumausstattung Mainaschaff","article_modified_time":"2026-01-23T07:54:30+00:00","og_image":[{"width":1118,"height":1382,"url":"https:\/\/www.merget-raum.de\/shop\/wp-content\/uploads\/2019\/05\/eijffinger-eijffinger-tapete-natural-wallcoverings-ll-389503-feine-flecht-optik-schwarz-braun.jpg","type":"image\/jpeg"}],"twitter_card":"summary_large_image","twitter_misc":{"Gesch\u00e4tzte Lesezeit":"1\u00a0Minute"},"schema":{"@context":"https:\/\/schema.org","@graph":[{"@type":"WebPage","@id":"https:\/\/www.merget-raum.de\/shop\/produkt\/eijffinger-tapete-natural-wallcoverings-ll-389503-feine-flecht-optik-schwarz-braun\/","url":"https:\/\/www.merget-raum.de\/shop\/produkt\/eijffinger-tapete-natural-wallcoverings-ll-389503-feine-flecht-optik-schwarz-braun\/","name":"Eijffinger Tapete Natural Wallcoverings ll 389503 - feine Flecht Optik (Schwarz\/Braun) - Merget-Raumausstattung Mainaschaff","isPartOf":{"@id":"https:\/\/www.merget-raum.de\/shop\/#website"},"primaryImageOfPage":{"@id":"https:\/\/www.merget-raum.de\/shop\/produkt\/eijffinger-tapete-natural-wallcoverings-ll-389503-feine-flecht-optik-schwarz-braun\/#primaryimage"},"image":{"@id":"https:\/\/www.merget-raum.de\/shop\/produkt\/eijffinger-tapete-natural-wallcoverings-ll-389503-feine-flecht-optik-schwarz-braun\/#primaryimage"},"thumbnailUrl":"https:\/\/www.merget-raum.de\/shop\/wp-content\/uploads\/2019\/05\/eijffinger-eijffinger-tapete-natural-wallcoverings-ll-389503-feine-flecht-optik-schwarz-braun.jpg","datePublished":"2019-05-15T16:26:57+00:00","dateModified":"2026-01-23T07:54:30+00:00","description":"Eijffinger Tapete Natural Wallcoverings ll 389503 - feine Flecht Optik (Schwarz\/Braun) - Merget-Raumausstattung Mainaschaff","breadcrumb":{"@id":"https:\/\/www.merget-raum.de\/shop\/produkt\/eijffinger-tapete-natural-wallcoverings-ll-389503-feine-flecht-optik-schwarz-braun\/#breadcrumb"},"inLanguage":"de","potentialAction":[{"@type":"ReadAction","target":["https:\/\/www.merget-raum.de\/shop\/produkt\/eijffinger-tapete-natural-wallcoverings-ll-389503-feine-flecht-optik-schwarz-braun\/"]}]},{"@type":"ImageObject","inLanguage":"de","@id":"https:\/\/www.merget-raum.de\/shop\/produkt\/eijffinger-tapete-natural-wallcoverings-ll-389503-feine-flecht-optik-schwarz-braun\/#primaryimage","url":"https:\/\/www.merget-raum.de\/shop\/wp-content\/uploads\/2019\/05\/eijffinger-eijffinger-tapete-natural-wallcoverings-ll-389503-feine-flecht-optik-schwarz-braun.jpg","contentUrl":"https:\/\/www.merget-raum.de\/shop\/wp-content\/uploads\/2019\/05\/eijffinger-eijffinger-tapete-natural-wallcoverings-ll-389503-feine-flecht-optik-schwarz-braun.jpg","width":1118,"height":1382},{"@type":"BreadcrumbList","@id":"https:\/\/www.merget-raum.de\/shop\/produkt\/eijffinger-tapete-natural-wallcoverings-ll-389503-feine-flecht-optik-schwarz-braun\/#breadcrumb","itemListElement":[{"@type":"ListItem","position":1,"name":"Startseite","item":"https:\/\/www.merget-raum.de\/shop\/"},{"@type":"ListItem","position":2,"name":"Shop","item":"https:\/\/www.merget-raum.de\/shop\/"},{"@type":"ListItem","position":3,"name":"Eijffinger Tapete Natural Wallcoverings ll 389503 &#8211; feine Flecht Optik (Schwarz\/Braun)"}]},{"@type":"WebSite","@id":"https:\/\/www.merget-raum.de\/shop\/#website","url":"https:\/\/www.merget-raum.de\/shop\/","name":"Merget-Raumausstattung Mainaschaff","description":"Raumausstattung Merget Fachmarkt Mainaschaff &amp; Aschaffenburg","potentialAction":[{"@type":"SearchAction","target":{"@type":"EntryPoint","urlTemplate":"https:\/\/www.merget-raum.de\/shop\/?s={search_term_string}"},"query-input":{"@type":"PropertyValueSpecification","valueRequired":true,"valueName":"search_term_string"}}],"inLanguage":"de"}]}},"_links":{"self":[{"href":"https:\/\/www.merget-raum.de\/shop\/wp-json\/wp\/v2\/product\/6654","targetHints":{"allow":["GET"]}}],"collection":[{"href":"https:\/\/www.merget-raum.de\/shop\/wp-json\/wp\/v2\/product"}],"about":[{"href":"https:\/\/www.merget-raum.de\/shop\/wp-json\/wp\/v2\/types\/product"}],"replies":[{"embeddable":true,"href":"https:\/\/www.merget-raum.de\/shop\/wp-json\/wp\/v2\/comments?post=6654"}],"wp:featuredmedia":[{"embeddable":true,"href":"https:\/\/www.merget-raum.de\/shop\/wp-json\/wp\/v2\/media\/6652"}],"wp:attachment":[{"href":"https:\/\/www.merget-raum.de\/shop\/wp-json\/wp\/v2\/media?parent=6654"}],"wp:term":[{"taxonomy":"product_brand","embeddable":true,"href":"https:\/\/www.merget-raum.de\/shop\/wp-json\/wp\/v2\/product_brand?post=6654"},{"taxonomy":"product_cat","embeddable":true,"href":"https:\/\/www.merget-raum.de\/shop\/wp-json\/wp\/v2\/product_cat?post=6654"},{"taxonomy":"product_tag","embeddable":true,"href":"https:\/\/www.merget-raum.de\/shop\/wp-json\/wp\/v2\/product_tag?post=6654"}],"curies":[{"name":"wp","href":"https:\/\/api.w.org\/{rel}","templated":true}]}}