{"id":6624,"date":"2019-05-15T18:26:28","date_gmt":"2019-05-15T16:26:28","guid":{"rendered":"https:\/\/www.merget-raum.de\/produkt\/eijffinger-fototapete-masterpiece-358116-tulip-teyler-blau-rot\/"},"modified":"2021-11-19T10:33:08","modified_gmt":"2021-11-19T09:33:08","slug":"eijffinger-fototapete-masterpiece-358116-tulip-teyler-blau-rot","status":"publish","type":"product","link":"https:\/\/www.merget-raum.de\/shop\/produkt\/eijffinger-fototapete-masterpiece-358116-tulip-teyler-blau-rot\/","title":{"rendered":"Eijffinger Fototapete Masterpiece 358116 &#8211; Tulip Teyler (Blau\/Rot)"},"content":{"rendered":"<p>Vor mehreren Hundert Jahren vertrauten Drucktechniken noch auf die Dichte von Strichen um Hell und Dunkel darzustellen, jetzt gibt der hochwertige Digitaldruck des Panels 358116 diese einzelnen Striche authentisch wieder. Dem Masterpiece Wandbild 358116 verleihen die Striche eine ungeahnte Dynamik und Echtheit, die Sie \u00fcberraschen wird. Das Motiv einer Tulpe ist eng mit den Niederlanden verbunden, und nur passend f\u00fcr einen niederl\u00e4ndischen Hersteller. Entdecken Sie die Wirkung einer anderen Seite der Kunst mit dem Wandbild Tulip Teyler marine 358116 von Eijffinger!<\/p>\n","protected":false},"excerpt":{"rendered":"<p>Das digital gedruckte Masterpiece Wandbild Tulip Teyler marine 358116 von Eijffinger stellt die Ausdruckskraft barocker Drucktechniken zur Schau.<\/p>\n","protected":false},"featured_media":6623,"comment_status":"open","ping_status":"closed","template":"","meta":[],"product_brand":[],"product_cat":[179],"product_tag":[],"class_list":{"0":"post-6624","1":"product","2":"type-product","3":"status-publish","4":"has-post-thumbnail","6":"product_cat-tapeten","7":"product_shipping_class-1-3-werktagen","8":"pa_abmessung-280-x-186-cm","9":"pa_ean-1461","10":"pa_farbe-blau-rot","11":"pa_filterfarbe-bunt","12":"pa_hersteller-eijffinger","13":"pa_kollektion-masterpiece","14":"pa_marke-eijffinger","15":"pa_material-vlies","16":"pa_muster-design-dekor-floralklassisch","18":"first","19":"instock","20":"taxable","21":"shipping-taxable","22":"purchasable","23":"product-type-simple"},"yoast_head":"<!-- This site is optimized with the Yoast SEO plugin v27.2 - https:\/\/yoast.com\/product\/yoast-seo-wordpress\/ -->\n<title>Eijffinger Fototapete Masterpiece 358116 - Tulip Teyler (Blau\/Rot) - Merget-Raumausstattung Mainaschaff<\/title>\n<meta name=\"description\" content=\"Eijffinger Fototapete Masterpiece 358116 - Tulip Teyler (Blau\/Rot) - Merget-Raumausstattung Mainaschaff\" \/>\n<meta name=\"robots\" content=\"index, follow, max-snippet:-1, max-image-preview:large, max-video-preview:-1\" \/>\n<link rel=\"canonical\" href=\"https:\/\/www.merget-raum.de\/shop\/produkt\/eijffinger-fototapete-masterpiece-358116-tulip-teyler-blau-rot\/\" \/>\n<meta property=\"og:locale\" content=\"de_DE\" \/>\n<meta property=\"og:type\" content=\"article\" \/>\n<meta property=\"og:title\" content=\"Eijffinger Fototapete Masterpiece 358116 - Tulip Teyler (Blau\/Rot) - Merget-Raumausstattung Mainaschaff\" \/>\n<meta property=\"og:description\" content=\"Eijffinger Fototapete Masterpiece 358116 - Tulip Teyler (Blau\/Rot) - Merget-Raumausstattung Mainaschaff\" \/>\n<meta property=\"og:url\" content=\"https:\/\/www.merget-raum.de\/shop\/produkt\/eijffinger-fototapete-masterpiece-358116-tulip-teyler-blau-rot\/\" \/>\n<meta property=\"og:site_name\" content=\"Merget-Raumausstattung Mainaschaff\" \/>\n<meta property=\"article:modified_time\" content=\"2021-11-19T09:33:08+00:00\" \/>\n<meta property=\"og:image\" content=\"https:\/\/www.merget-raum.de\/shop\/wp-content\/uploads\/2019\/05\/eijffinger-eijffinger-fototapete-masterpiece-358116-tulip-teyler-blau-rot.jpg\" \/>\n\t<meta property=\"og:image:width\" content=\"1118\" \/>\n\t<meta property=\"og:image:height\" content=\"1683\" \/>\n\t<meta property=\"og:image:type\" content=\"image\/jpeg\" \/>\n<meta name=\"twitter:card\" content=\"summary_large_image\" \/>\n<script type=\"application\/ld+json\" class=\"yoast-schema-graph\">{\"@context\":\"https:\/\/schema.org\",\"@graph\":[{\"@type\":\"WebPage\",\"@id\":\"https:\/\/www.merget-raum.de\/shop\/produkt\/eijffinger-fototapete-masterpiece-358116-tulip-teyler-blau-rot\/\",\"url\":\"https:\/\/www.merget-raum.de\/shop\/produkt\/eijffinger-fototapete-masterpiece-358116-tulip-teyler-blau-rot\/\",\"name\":\"Eijffinger Fototapete Masterpiece 358116 - Tulip Teyler (Blau\/Rot) - Merget-Raumausstattung Mainaschaff\",\"isPartOf\":{\"@id\":\"https:\/\/www.merget-raum.de\/shop\/#website\"},\"primaryImageOfPage\":{\"@id\":\"https:\/\/www.merget-raum.de\/shop\/produkt\/eijffinger-fototapete-masterpiece-358116-tulip-teyler-blau-rot\/#primaryimage\"},\"image\":{\"@id\":\"https:\/\/www.merget-raum.de\/shop\/produkt\/eijffinger-fototapete-masterpiece-358116-tulip-teyler-blau-rot\/#primaryimage\"},\"thumbnailUrl\":\"https:\/\/www.merget-raum.de\/shop\/wp-content\/uploads\/2019\/05\/eijffinger-eijffinger-fototapete-masterpiece-358116-tulip-teyler-blau-rot.jpg\",\"datePublished\":\"2019-05-15T16:26:28+00:00\",\"dateModified\":\"2021-11-19T09:33:08+00:00\",\"description\":\"Eijffinger Fototapete Masterpiece 358116 - Tulip Teyler (Blau\/Rot) - Merget-Raumausstattung Mainaschaff\",\"breadcrumb\":{\"@id\":\"https:\/\/www.merget-raum.de\/shop\/produkt\/eijffinger-fototapete-masterpiece-358116-tulip-teyler-blau-rot\/#breadcrumb\"},\"inLanguage\":\"de\",\"potentialAction\":[{\"@type\":\"ReadAction\",\"target\":[\"https:\/\/www.merget-raum.de\/shop\/produkt\/eijffinger-fototapete-masterpiece-358116-tulip-teyler-blau-rot\/\"]}]},{\"@type\":\"ImageObject\",\"inLanguage\":\"de\",\"@id\":\"https:\/\/www.merget-raum.de\/shop\/produkt\/eijffinger-fototapete-masterpiece-358116-tulip-teyler-blau-rot\/#primaryimage\",\"url\":\"https:\/\/www.merget-raum.de\/shop\/wp-content\/uploads\/2019\/05\/eijffinger-eijffinger-fototapete-masterpiece-358116-tulip-teyler-blau-rot.jpg\",\"contentUrl\":\"https:\/\/www.merget-raum.de\/shop\/wp-content\/uploads\/2019\/05\/eijffinger-eijffinger-fototapete-masterpiece-358116-tulip-teyler-blau-rot.jpg\",\"width\":1118,\"height\":1683},{\"@type\":\"BreadcrumbList\",\"@id\":\"https:\/\/www.merget-raum.de\/shop\/produkt\/eijffinger-fototapete-masterpiece-358116-tulip-teyler-blau-rot\/#breadcrumb\",\"itemListElement\":[{\"@type\":\"ListItem\",\"position\":1,\"name\":\"Startseite\",\"item\":\"https:\/\/www.merget-raum.de\/shop\/\"},{\"@type\":\"ListItem\",\"position\":2,\"name\":\"Shop\",\"item\":\"https:\/\/www.merget-raum.de\/shop\/\"},{\"@type\":\"ListItem\",\"position\":3,\"name\":\"Eijffinger Fototapete Masterpiece 358116 &#8211; Tulip Teyler (Blau\/Rot)\"}]},{\"@type\":\"WebSite\",\"@id\":\"https:\/\/www.merget-raum.de\/shop\/#website\",\"url\":\"https:\/\/www.merget-raum.de\/shop\/\",\"name\":\"Merget-Raumausstattung Mainaschaff\",\"description\":\"Raumausstattung Merget Fachmarkt Mainaschaff &amp; Aschaffenburg\",\"potentialAction\":[{\"@type\":\"SearchAction\",\"target\":{\"@type\":\"EntryPoint\",\"urlTemplate\":\"https:\/\/www.merget-raum.de\/shop\/?s={search_term_string}\"},\"query-input\":{\"@type\":\"PropertyValueSpecification\",\"valueRequired\":true,\"valueName\":\"search_term_string\"}}],\"inLanguage\":\"de\"}]}<\/script>\n<!-- \/ Yoast SEO plugin. -->","yoast_head_json":{"title":"Eijffinger Fototapete Masterpiece 358116 - Tulip Teyler (Blau\/Rot) - Merget-Raumausstattung Mainaschaff","description":"Eijffinger Fototapete Masterpiece 358116 - Tulip Teyler (Blau\/Rot) - Merget-Raumausstattung Mainaschaff","robots":{"index":"index","follow":"follow","max-snippet":"max-snippet:-1","max-image-preview":"max-image-preview:large","max-video-preview":"max-video-preview:-1"},"canonical":"https:\/\/www.merget-raum.de\/shop\/produkt\/eijffinger-fototapete-masterpiece-358116-tulip-teyler-blau-rot\/","og_locale":"de_DE","og_type":"article","og_title":"Eijffinger Fototapete Masterpiece 358116 - Tulip Teyler (Blau\/Rot) - Merget-Raumausstattung Mainaschaff","og_description":"Eijffinger Fototapete Masterpiece 358116 - Tulip Teyler (Blau\/Rot) - Merget-Raumausstattung Mainaschaff","og_url":"https:\/\/www.merget-raum.de\/shop\/produkt\/eijffinger-fototapete-masterpiece-358116-tulip-teyler-blau-rot\/","og_site_name":"Merget-Raumausstattung Mainaschaff","article_modified_time":"2021-11-19T09:33:08+00:00","og_image":[{"width":1118,"height":1683,"url":"https:\/\/www.merget-raum.de\/shop\/wp-content\/uploads\/2019\/05\/eijffinger-eijffinger-fototapete-masterpiece-358116-tulip-teyler-blau-rot.jpg","type":"image\/jpeg"}],"twitter_card":"summary_large_image","schema":{"@context":"https:\/\/schema.org","@graph":[{"@type":"WebPage","@id":"https:\/\/www.merget-raum.de\/shop\/produkt\/eijffinger-fototapete-masterpiece-358116-tulip-teyler-blau-rot\/","url":"https:\/\/www.merget-raum.de\/shop\/produkt\/eijffinger-fototapete-masterpiece-358116-tulip-teyler-blau-rot\/","name":"Eijffinger Fototapete Masterpiece 358116 - Tulip Teyler (Blau\/Rot) - Merget-Raumausstattung Mainaschaff","isPartOf":{"@id":"https:\/\/www.merget-raum.de\/shop\/#website"},"primaryImageOfPage":{"@id":"https:\/\/www.merget-raum.de\/shop\/produkt\/eijffinger-fototapete-masterpiece-358116-tulip-teyler-blau-rot\/#primaryimage"},"image":{"@id":"https:\/\/www.merget-raum.de\/shop\/produkt\/eijffinger-fototapete-masterpiece-358116-tulip-teyler-blau-rot\/#primaryimage"},"thumbnailUrl":"https:\/\/www.merget-raum.de\/shop\/wp-content\/uploads\/2019\/05\/eijffinger-eijffinger-fototapete-masterpiece-358116-tulip-teyler-blau-rot.jpg","datePublished":"2019-05-15T16:26:28+00:00","dateModified":"2021-11-19T09:33:08+00:00","description":"Eijffinger Fototapete Masterpiece 358116 - Tulip Teyler (Blau\/Rot) - Merget-Raumausstattung Mainaschaff","breadcrumb":{"@id":"https:\/\/www.merget-raum.de\/shop\/produkt\/eijffinger-fototapete-masterpiece-358116-tulip-teyler-blau-rot\/#breadcrumb"},"inLanguage":"de","potentialAction":[{"@type":"ReadAction","target":["https:\/\/www.merget-raum.de\/shop\/produkt\/eijffinger-fototapete-masterpiece-358116-tulip-teyler-blau-rot\/"]}]},{"@type":"ImageObject","inLanguage":"de","@id":"https:\/\/www.merget-raum.de\/shop\/produkt\/eijffinger-fototapete-masterpiece-358116-tulip-teyler-blau-rot\/#primaryimage","url":"https:\/\/www.merget-raum.de\/shop\/wp-content\/uploads\/2019\/05\/eijffinger-eijffinger-fototapete-masterpiece-358116-tulip-teyler-blau-rot.jpg","contentUrl":"https:\/\/www.merget-raum.de\/shop\/wp-content\/uploads\/2019\/05\/eijffinger-eijffinger-fototapete-masterpiece-358116-tulip-teyler-blau-rot.jpg","width":1118,"height":1683},{"@type":"BreadcrumbList","@id":"https:\/\/www.merget-raum.de\/shop\/produkt\/eijffinger-fototapete-masterpiece-358116-tulip-teyler-blau-rot\/#breadcrumb","itemListElement":[{"@type":"ListItem","position":1,"name":"Startseite","item":"https:\/\/www.merget-raum.de\/shop\/"},{"@type":"ListItem","position":2,"name":"Shop","item":"https:\/\/www.merget-raum.de\/shop\/"},{"@type":"ListItem","position":3,"name":"Eijffinger Fototapete Masterpiece 358116 &#8211; Tulip Teyler (Blau\/Rot)"}]},{"@type":"WebSite","@id":"https:\/\/www.merget-raum.de\/shop\/#website","url":"https:\/\/www.merget-raum.de\/shop\/","name":"Merget-Raumausstattung Mainaschaff","description":"Raumausstattung Merget Fachmarkt Mainaschaff &amp; Aschaffenburg","potentialAction":[{"@type":"SearchAction","target":{"@type":"EntryPoint","urlTemplate":"https:\/\/www.merget-raum.de\/shop\/?s={search_term_string}"},"query-input":{"@type":"PropertyValueSpecification","valueRequired":true,"valueName":"search_term_string"}}],"inLanguage":"de"}]}},"_links":{"self":[{"href":"https:\/\/www.merget-raum.de\/shop\/wp-json\/wp\/v2\/product\/6624","targetHints":{"allow":["GET"]}}],"collection":[{"href":"https:\/\/www.merget-raum.de\/shop\/wp-json\/wp\/v2\/product"}],"about":[{"href":"https:\/\/www.merget-raum.de\/shop\/wp-json\/wp\/v2\/types\/product"}],"replies":[{"embeddable":true,"href":"https:\/\/www.merget-raum.de\/shop\/wp-json\/wp\/v2\/comments?post=6624"}],"wp:featuredmedia":[{"embeddable":true,"href":"https:\/\/www.merget-raum.de\/shop\/wp-json\/wp\/v2\/media\/6623"}],"wp:attachment":[{"href":"https:\/\/www.merget-raum.de\/shop\/wp-json\/wp\/v2\/media?parent=6624"}],"wp:term":[{"taxonomy":"product_brand","embeddable":true,"href":"https:\/\/www.merget-raum.de\/shop\/wp-json\/wp\/v2\/product_brand?post=6624"},{"taxonomy":"product_cat","embeddable":true,"href":"https:\/\/www.merget-raum.de\/shop\/wp-json\/wp\/v2\/product_cat?post=6624"},{"taxonomy":"product_tag","embeddable":true,"href":"https:\/\/www.merget-raum.de\/shop\/wp-json\/wp\/v2\/product_tag?post=6624"}],"curies":[{"name":"wp","href":"https:\/\/api.w.org\/{rel}","templated":true}]}}