{"id":6622,"date":"2019-05-15T18:26:25","date_gmt":"2019-05-15T16:26:25","guid":{"rendered":"https:\/\/www.merget-raum.de\/produkt\/eijffinger-fototapete-masterpiece-358113-crackle-schwarz\/"},"modified":"2023-02-21T15:14:21","modified_gmt":"2023-02-21T14:14:21","slug":"eijffinger-fototapete-masterpiece-358113-crackle-schwarz","status":"publish","type":"product","link":"https:\/\/www.merget-raum.de\/shop\/produkt\/eijffinger-fototapete-masterpiece-358113-crackle-schwarz\/","title":{"rendered":"Eijffinger Fototapete Masterpiece 358113 &#8211; Crackle (Schwarz)"},"content":{"rendered":"<p>Gekonnt brachten die niederl\u00e4ndischen Meister des Barocks vor fast 400 Jahren mit jedem ihrer Pinselstriche die Bl\u00fcten weiter zum Leben, heute bringt Eijffinger diese Meisterwerke zu Ihnen nach Hause. Der hochwertige Digitaldruck erm\u00f6glicht es erst, dass das Masterpiece Wandbild 358113 alle Details des Originals authentisch wiedergeben kann. Das Wandbild macht jeden Ihrer R\u00e4ume zu einem Raum der Kunst und Kultur, und ist mit seinem hochwertigen Design ein echter Hingucker. Bringen Sie jetzt ein niederl\u00e4ndisches Meisterwerk zu sich nach Hause mit dem Wandbild Dutch Masters Scenery Black Crackle 358113 von Eijffinger!<\/p>\n","protected":false},"excerpt":{"rendered":"<p>Das digital gedruckte Masterpiece Wandbild Dutch Masters Scenery Black Crackle 358113 von Eijffinger ist eine Hommage an die Werke Niederl\u00e4ndischer Meister.<\/p>\n","protected":false},"featured_media":6620,"comment_status":"open","ping_status":"closed","template":"","meta":[],"product_brand":[],"product_cat":[179],"product_tag":[],"class_list":{"0":"post-6622","1":"product","2":"type-product","3":"status-publish","4":"has-post-thumbnail","6":"product_cat-tapeten","7":"product_shipping_class-1-3-werktagen","8":"pa_abmessung-280-x-272-cm","9":"pa_ean-1460","10":"pa_farbe-schwarz","11":"pa_filterfarbe-bunt","12":"pa_hersteller-eijffinger","13":"pa_kollektion-masterpiece","14":"pa_marke-eijffinger","15":"pa_material-vlies","16":"pa_muster-design-dekor-floralklassisch","18":"first","19":"instock","20":"taxable","21":"shipping-taxable","22":"purchasable","23":"product-type-simple"},"yoast_head":"<!-- This site is optimized with the Yoast SEO plugin v27.2 - https:\/\/yoast.com\/product\/yoast-seo-wordpress\/ -->\n<title>Eijffinger Fototapete Masterpiece 358113 - Crackle (Schwarz) - Merget-Raumausstattung Mainaschaff<\/title>\n<meta name=\"description\" content=\"Eijffinger Fototapete Masterpiece 358113 - Crackle (Schwarz) - Merget-Raumausstattung Mainaschaff\" \/>\n<meta name=\"robots\" content=\"index, follow, max-snippet:-1, max-image-preview:large, max-video-preview:-1\" \/>\n<link rel=\"canonical\" href=\"https:\/\/www.merget-raum.de\/shop\/produkt\/eijffinger-fototapete-masterpiece-358113-crackle-schwarz\/\" \/>\n<meta property=\"og:locale\" content=\"de_DE\" \/>\n<meta property=\"og:type\" content=\"article\" \/>\n<meta property=\"og:title\" content=\"Eijffinger Fototapete Masterpiece 358113 - Crackle (Schwarz) - Merget-Raumausstattung Mainaschaff\" \/>\n<meta property=\"og:description\" content=\"Eijffinger Fototapete Masterpiece 358113 - Crackle (Schwarz) - Merget-Raumausstattung Mainaschaff\" \/>\n<meta property=\"og:url\" content=\"https:\/\/www.merget-raum.de\/shop\/produkt\/eijffinger-fototapete-masterpiece-358113-crackle-schwarz\/\" \/>\n<meta property=\"og:site_name\" content=\"Merget-Raumausstattung Mainaschaff\" \/>\n<meta property=\"article:modified_time\" content=\"2023-02-21T14:14:21+00:00\" \/>\n<meta property=\"og:image\" content=\"https:\/\/www.merget-raum.de\/shop\/wp-content\/uploads\/2019\/05\/eijffinger-eijffinger-fototapete-masterpiece-358113-crackle-schwarz.jpg\" \/>\n\t<meta property=\"og:image:width\" content=\"1118\" \/>\n\t<meta property=\"og:image:height\" content=\"1151\" \/>\n\t<meta property=\"og:image:type\" content=\"image\/jpeg\" \/>\n<meta name=\"twitter:card\" content=\"summary_large_image\" \/>\n<script type=\"application\/ld+json\" class=\"yoast-schema-graph\">{\"@context\":\"https:\/\/schema.org\",\"@graph\":[{\"@type\":\"WebPage\",\"@id\":\"https:\/\/www.merget-raum.de\/shop\/produkt\/eijffinger-fototapete-masterpiece-358113-crackle-schwarz\/\",\"url\":\"https:\/\/www.merget-raum.de\/shop\/produkt\/eijffinger-fototapete-masterpiece-358113-crackle-schwarz\/\",\"name\":\"Eijffinger Fototapete Masterpiece 358113 - Crackle (Schwarz) - Merget-Raumausstattung Mainaschaff\",\"isPartOf\":{\"@id\":\"https:\/\/www.merget-raum.de\/shop\/#website\"},\"primaryImageOfPage\":{\"@id\":\"https:\/\/www.merget-raum.de\/shop\/produkt\/eijffinger-fototapete-masterpiece-358113-crackle-schwarz\/#primaryimage\"},\"image\":{\"@id\":\"https:\/\/www.merget-raum.de\/shop\/produkt\/eijffinger-fototapete-masterpiece-358113-crackle-schwarz\/#primaryimage\"},\"thumbnailUrl\":\"https:\/\/www.merget-raum.de\/shop\/wp-content\/uploads\/2019\/05\/eijffinger-eijffinger-fototapete-masterpiece-358113-crackle-schwarz.jpg\",\"datePublished\":\"2019-05-15T16:26:25+00:00\",\"dateModified\":\"2023-02-21T14:14:21+00:00\",\"description\":\"Eijffinger Fototapete Masterpiece 358113 - Crackle (Schwarz) - Merget-Raumausstattung Mainaschaff\",\"breadcrumb\":{\"@id\":\"https:\/\/www.merget-raum.de\/shop\/produkt\/eijffinger-fototapete-masterpiece-358113-crackle-schwarz\/#breadcrumb\"},\"inLanguage\":\"de\",\"potentialAction\":[{\"@type\":\"ReadAction\",\"target\":[\"https:\/\/www.merget-raum.de\/shop\/produkt\/eijffinger-fototapete-masterpiece-358113-crackle-schwarz\/\"]}]},{\"@type\":\"ImageObject\",\"inLanguage\":\"de\",\"@id\":\"https:\/\/www.merget-raum.de\/shop\/produkt\/eijffinger-fototapete-masterpiece-358113-crackle-schwarz\/#primaryimage\",\"url\":\"https:\/\/www.merget-raum.de\/shop\/wp-content\/uploads\/2019\/05\/eijffinger-eijffinger-fototapete-masterpiece-358113-crackle-schwarz.jpg\",\"contentUrl\":\"https:\/\/www.merget-raum.de\/shop\/wp-content\/uploads\/2019\/05\/eijffinger-eijffinger-fototapete-masterpiece-358113-crackle-schwarz.jpg\",\"width\":1118,\"height\":1151},{\"@type\":\"BreadcrumbList\",\"@id\":\"https:\/\/www.merget-raum.de\/shop\/produkt\/eijffinger-fototapete-masterpiece-358113-crackle-schwarz\/#breadcrumb\",\"itemListElement\":[{\"@type\":\"ListItem\",\"position\":1,\"name\":\"Startseite\",\"item\":\"https:\/\/www.merget-raum.de\/shop\/\"},{\"@type\":\"ListItem\",\"position\":2,\"name\":\"Shop\",\"item\":\"https:\/\/www.merget-raum.de\/shop\/\"},{\"@type\":\"ListItem\",\"position\":3,\"name\":\"Eijffinger Fototapete Masterpiece 358113 &#8211; Crackle (Schwarz)\"}]},{\"@type\":\"WebSite\",\"@id\":\"https:\/\/www.merget-raum.de\/shop\/#website\",\"url\":\"https:\/\/www.merget-raum.de\/shop\/\",\"name\":\"Merget-Raumausstattung Mainaschaff\",\"description\":\"Raumausstattung Merget Fachmarkt Mainaschaff &amp; Aschaffenburg\",\"potentialAction\":[{\"@type\":\"SearchAction\",\"target\":{\"@type\":\"EntryPoint\",\"urlTemplate\":\"https:\/\/www.merget-raum.de\/shop\/?s={search_term_string}\"},\"query-input\":{\"@type\":\"PropertyValueSpecification\",\"valueRequired\":true,\"valueName\":\"search_term_string\"}}],\"inLanguage\":\"de\"}]}<\/script>\n<!-- \/ Yoast SEO plugin. -->","yoast_head_json":{"title":"Eijffinger Fototapete Masterpiece 358113 - Crackle (Schwarz) - Merget-Raumausstattung Mainaschaff","description":"Eijffinger Fototapete Masterpiece 358113 - Crackle (Schwarz) - Merget-Raumausstattung Mainaschaff","robots":{"index":"index","follow":"follow","max-snippet":"max-snippet:-1","max-image-preview":"max-image-preview:large","max-video-preview":"max-video-preview:-1"},"canonical":"https:\/\/www.merget-raum.de\/shop\/produkt\/eijffinger-fototapete-masterpiece-358113-crackle-schwarz\/","og_locale":"de_DE","og_type":"article","og_title":"Eijffinger Fototapete Masterpiece 358113 - Crackle (Schwarz) - Merget-Raumausstattung Mainaschaff","og_description":"Eijffinger Fototapete Masterpiece 358113 - Crackle (Schwarz) - Merget-Raumausstattung Mainaschaff","og_url":"https:\/\/www.merget-raum.de\/shop\/produkt\/eijffinger-fototapete-masterpiece-358113-crackle-schwarz\/","og_site_name":"Merget-Raumausstattung Mainaschaff","article_modified_time":"2023-02-21T14:14:21+00:00","og_image":[{"width":1118,"height":1151,"url":"https:\/\/www.merget-raum.de\/shop\/wp-content\/uploads\/2019\/05\/eijffinger-eijffinger-fototapete-masterpiece-358113-crackle-schwarz.jpg","type":"image\/jpeg"}],"twitter_card":"summary_large_image","schema":{"@context":"https:\/\/schema.org","@graph":[{"@type":"WebPage","@id":"https:\/\/www.merget-raum.de\/shop\/produkt\/eijffinger-fototapete-masterpiece-358113-crackle-schwarz\/","url":"https:\/\/www.merget-raum.de\/shop\/produkt\/eijffinger-fototapete-masterpiece-358113-crackle-schwarz\/","name":"Eijffinger Fototapete Masterpiece 358113 - Crackle (Schwarz) - Merget-Raumausstattung Mainaschaff","isPartOf":{"@id":"https:\/\/www.merget-raum.de\/shop\/#website"},"primaryImageOfPage":{"@id":"https:\/\/www.merget-raum.de\/shop\/produkt\/eijffinger-fototapete-masterpiece-358113-crackle-schwarz\/#primaryimage"},"image":{"@id":"https:\/\/www.merget-raum.de\/shop\/produkt\/eijffinger-fototapete-masterpiece-358113-crackle-schwarz\/#primaryimage"},"thumbnailUrl":"https:\/\/www.merget-raum.de\/shop\/wp-content\/uploads\/2019\/05\/eijffinger-eijffinger-fototapete-masterpiece-358113-crackle-schwarz.jpg","datePublished":"2019-05-15T16:26:25+00:00","dateModified":"2023-02-21T14:14:21+00:00","description":"Eijffinger Fototapete Masterpiece 358113 - Crackle (Schwarz) - Merget-Raumausstattung Mainaschaff","breadcrumb":{"@id":"https:\/\/www.merget-raum.de\/shop\/produkt\/eijffinger-fototapete-masterpiece-358113-crackle-schwarz\/#breadcrumb"},"inLanguage":"de","potentialAction":[{"@type":"ReadAction","target":["https:\/\/www.merget-raum.de\/shop\/produkt\/eijffinger-fototapete-masterpiece-358113-crackle-schwarz\/"]}]},{"@type":"ImageObject","inLanguage":"de","@id":"https:\/\/www.merget-raum.de\/shop\/produkt\/eijffinger-fototapete-masterpiece-358113-crackle-schwarz\/#primaryimage","url":"https:\/\/www.merget-raum.de\/shop\/wp-content\/uploads\/2019\/05\/eijffinger-eijffinger-fototapete-masterpiece-358113-crackle-schwarz.jpg","contentUrl":"https:\/\/www.merget-raum.de\/shop\/wp-content\/uploads\/2019\/05\/eijffinger-eijffinger-fototapete-masterpiece-358113-crackle-schwarz.jpg","width":1118,"height":1151},{"@type":"BreadcrumbList","@id":"https:\/\/www.merget-raum.de\/shop\/produkt\/eijffinger-fototapete-masterpiece-358113-crackle-schwarz\/#breadcrumb","itemListElement":[{"@type":"ListItem","position":1,"name":"Startseite","item":"https:\/\/www.merget-raum.de\/shop\/"},{"@type":"ListItem","position":2,"name":"Shop","item":"https:\/\/www.merget-raum.de\/shop\/"},{"@type":"ListItem","position":3,"name":"Eijffinger Fototapete Masterpiece 358113 &#8211; Crackle (Schwarz)"}]},{"@type":"WebSite","@id":"https:\/\/www.merget-raum.de\/shop\/#website","url":"https:\/\/www.merget-raum.de\/shop\/","name":"Merget-Raumausstattung Mainaschaff","description":"Raumausstattung Merget Fachmarkt Mainaschaff &amp; Aschaffenburg","potentialAction":[{"@type":"SearchAction","target":{"@type":"EntryPoint","urlTemplate":"https:\/\/www.merget-raum.de\/shop\/?s={search_term_string}"},"query-input":{"@type":"PropertyValueSpecification","valueRequired":true,"valueName":"search_term_string"}}],"inLanguage":"de"}]}},"_links":{"self":[{"href":"https:\/\/www.merget-raum.de\/shop\/wp-json\/wp\/v2\/product\/6622","targetHints":{"allow":["GET"]}}],"collection":[{"href":"https:\/\/www.merget-raum.de\/shop\/wp-json\/wp\/v2\/product"}],"about":[{"href":"https:\/\/www.merget-raum.de\/shop\/wp-json\/wp\/v2\/types\/product"}],"replies":[{"embeddable":true,"href":"https:\/\/www.merget-raum.de\/shop\/wp-json\/wp\/v2\/comments?post=6622"}],"wp:featuredmedia":[{"embeddable":true,"href":"https:\/\/www.merget-raum.de\/shop\/wp-json\/wp\/v2\/media\/6620"}],"wp:attachment":[{"href":"https:\/\/www.merget-raum.de\/shop\/wp-json\/wp\/v2\/media?parent=6622"}],"wp:term":[{"taxonomy":"product_brand","embeddable":true,"href":"https:\/\/www.merget-raum.de\/shop\/wp-json\/wp\/v2\/product_brand?post=6622"},{"taxonomy":"product_cat","embeddable":true,"href":"https:\/\/www.merget-raum.de\/shop\/wp-json\/wp\/v2\/product_cat?post=6622"},{"taxonomy":"product_tag","embeddable":true,"href":"https:\/\/www.merget-raum.de\/shop\/wp-json\/wp\/v2\/product_tag?post=6622"}],"curies":[{"name":"wp","href":"https:\/\/api.w.org\/{rel}","templated":true}]}}