{"id":6213,"date":"2019-05-15T18:19:20","date_gmt":"2019-05-15T16:19:20","guid":{"rendered":"https:\/\/www.merget-raum.de\/produkt\/eijffinger-reflect-vliestapete-378044-marmor-optik-zartes-mint\/"},"modified":"2026-01-23T09:06:16","modified_gmt":"2026-01-23T08:06:16","slug":"eijffinger-reflect-vliestapete-378044-marmor-optik-zartes-mint","status":"publish","type":"product","link":"https:\/\/www.merget-raum.de\/shop\/produkt\/eijffinger-reflect-vliestapete-378044-marmor-optik-zartes-mint\/","title":{"rendered":"Eijffinger Reflect Vliestapete 378044 &#8211; Marmor Optik (Zartes Mint)"},"content":{"rendered":"<p>Aus der Distanz betrachtet hat die Vliestapete 378044 ein klassisches Marmor Design, aber bei n\u00e4herer Betrachtung zeigen sich unz\u00e4hlige d\u00fcnne Streifen. Dieser Effekt gibt der Reflect Tapete eine einzigartige Optik, die sich nicht nur aus jedem Winkel, sondern auch aus jeder Distanz neu zeigt. Die Formstabilit\u00e4t der Vliestapete sorgt f\u00fcr eine einfache Anbringung, und die waschbest\u00e4ndige Tapete ist sogar f\u00fcr K\u00fcche und Bad geeignet. Geben Sie Ihrem Raum einen einzigartigen Blickfang mit der Eijffinger Tapete 378044!<\/p>\n","protected":false},"excerpt":{"rendered":"<p>Die edle Reflect Tapete 378044 mit Marmor Optik von Eijffinger gibt Streifen Optik eine neue Interpretation.<\/p>\n","protected":false},"featured_media":6211,"comment_status":"open","ping_status":"closed","template":"","meta":[],"product_brand":[],"product_cat":[179],"product_tag":[],"class_list":{"0":"post-6213","1":"product","2":"type-product","3":"status-publish","4":"has-post-thumbnail","6":"product_cat-tapeten","7":"product_shipping_class-1-3-werktagen","8":"pa_abmessung-1000-x-52-cm","9":"pa_ean-1308","10":"pa_farbe-zartes-mint","11":"pa_filterfarbe-blau","12":"pa_hersteller-eijffinger","13":"pa_kollektion-reflect","14":"pa_marke-eijffinger","15":"pa_material-vlies","16":"pa_muster-design-dekor-steindekorstreifen","18":"first","19":"instock","20":"taxable","21":"shipping-taxable","22":"purchasable","23":"product-type-simple"},"yoast_head":"<!-- This site is optimized with the Yoast SEO plugin v27.2 - https:\/\/yoast.com\/product\/yoast-seo-wordpress\/ -->\n<title>Eijffinger Reflect Vliestapete 378044 - Marmor Optik (Zartes Mint) - Merget-Raumausstattung Mainaschaff<\/title>\n<meta name=\"description\" content=\"Eijffinger Reflect Vliestapete 378044 - Marmor Optik (Zartes Mint) - Merget-Raumausstattung Mainaschaff\" \/>\n<meta name=\"robots\" content=\"index, follow, max-snippet:-1, max-image-preview:large, max-video-preview:-1\" \/>\n<link rel=\"canonical\" href=\"https:\/\/www.merget-raum.de\/shop\/produkt\/eijffinger-reflect-vliestapete-378044-marmor-optik-zartes-mint\/\" \/>\n<meta property=\"og:locale\" content=\"de_DE\" \/>\n<meta property=\"og:type\" content=\"article\" \/>\n<meta property=\"og:title\" content=\"Eijffinger Reflect Vliestapete 378044 - Marmor Optik (Zartes Mint) - Merget-Raumausstattung Mainaschaff\" \/>\n<meta property=\"og:description\" content=\"Eijffinger Reflect Vliestapete 378044 - Marmor Optik (Zartes Mint) - Merget-Raumausstattung Mainaschaff\" \/>\n<meta property=\"og:url\" content=\"https:\/\/www.merget-raum.de\/shop\/produkt\/eijffinger-reflect-vliestapete-378044-marmor-optik-zartes-mint\/\" \/>\n<meta property=\"og:site_name\" content=\"Merget-Raumausstattung Mainaschaff\" \/>\n<meta property=\"article:modified_time\" content=\"2026-01-23T08:06:16+00:00\" \/>\n<meta property=\"og:image\" content=\"https:\/\/www.merget-raum.de\/shop\/wp-content\/uploads\/2019\/05\/eijffinger-eijffinger-reflect-vliestapete-378044-marmor-optik-zartes-mint.jpg\" \/>\n\t<meta property=\"og:image:width\" content=\"1118\" \/>\n\t<meta property=\"og:image:height\" content=\"1382\" \/>\n\t<meta property=\"og:image:type\" content=\"image\/jpeg\" \/>\n<meta name=\"twitter:card\" content=\"summary_large_image\" \/>\n<meta name=\"twitter:label1\" content=\"Gesch\u00e4tzte Lesezeit\" \/>\n\t<meta name=\"twitter:data1\" content=\"1\u00a0Minute\" \/>\n<script type=\"application\/ld+json\" class=\"yoast-schema-graph\">{\"@context\":\"https:\/\/schema.org\",\"@graph\":[{\"@type\":\"WebPage\",\"@id\":\"https:\/\/www.merget-raum.de\/shop\/produkt\/eijffinger-reflect-vliestapete-378044-marmor-optik-zartes-mint\/\",\"url\":\"https:\/\/www.merget-raum.de\/shop\/produkt\/eijffinger-reflect-vliestapete-378044-marmor-optik-zartes-mint\/\",\"name\":\"Eijffinger Reflect Vliestapete 378044 - Marmor Optik (Zartes Mint) - Merget-Raumausstattung Mainaschaff\",\"isPartOf\":{\"@id\":\"https:\/\/www.merget-raum.de\/shop\/#website\"},\"primaryImageOfPage\":{\"@id\":\"https:\/\/www.merget-raum.de\/shop\/produkt\/eijffinger-reflect-vliestapete-378044-marmor-optik-zartes-mint\/#primaryimage\"},\"image\":{\"@id\":\"https:\/\/www.merget-raum.de\/shop\/produkt\/eijffinger-reflect-vliestapete-378044-marmor-optik-zartes-mint\/#primaryimage\"},\"thumbnailUrl\":\"https:\/\/www.merget-raum.de\/shop\/wp-content\/uploads\/2019\/05\/eijffinger-eijffinger-reflect-vliestapete-378044-marmor-optik-zartes-mint.jpg\",\"datePublished\":\"2019-05-15T16:19:20+00:00\",\"dateModified\":\"2026-01-23T08:06:16+00:00\",\"description\":\"Eijffinger Reflect Vliestapete 378044 - Marmor Optik (Zartes Mint) - Merget-Raumausstattung Mainaschaff\",\"breadcrumb\":{\"@id\":\"https:\/\/www.merget-raum.de\/shop\/produkt\/eijffinger-reflect-vliestapete-378044-marmor-optik-zartes-mint\/#breadcrumb\"},\"inLanguage\":\"de\",\"potentialAction\":[{\"@type\":\"ReadAction\",\"target\":[\"https:\/\/www.merget-raum.de\/shop\/produkt\/eijffinger-reflect-vliestapete-378044-marmor-optik-zartes-mint\/\"]}]},{\"@type\":\"ImageObject\",\"inLanguage\":\"de\",\"@id\":\"https:\/\/www.merget-raum.de\/shop\/produkt\/eijffinger-reflect-vliestapete-378044-marmor-optik-zartes-mint\/#primaryimage\",\"url\":\"https:\/\/www.merget-raum.de\/shop\/wp-content\/uploads\/2019\/05\/eijffinger-eijffinger-reflect-vliestapete-378044-marmor-optik-zartes-mint.jpg\",\"contentUrl\":\"https:\/\/www.merget-raum.de\/shop\/wp-content\/uploads\/2019\/05\/eijffinger-eijffinger-reflect-vliestapete-378044-marmor-optik-zartes-mint.jpg\",\"width\":1118,\"height\":1382},{\"@type\":\"BreadcrumbList\",\"@id\":\"https:\/\/www.merget-raum.de\/shop\/produkt\/eijffinger-reflect-vliestapete-378044-marmor-optik-zartes-mint\/#breadcrumb\",\"itemListElement\":[{\"@type\":\"ListItem\",\"position\":1,\"name\":\"Startseite\",\"item\":\"https:\/\/www.merget-raum.de\/shop\/\"},{\"@type\":\"ListItem\",\"position\":2,\"name\":\"Shop\",\"item\":\"https:\/\/www.merget-raum.de\/shop\/\"},{\"@type\":\"ListItem\",\"position\":3,\"name\":\"Eijffinger Reflect Vliestapete 378044 &#8211; Marmor Optik (Zartes Mint)\"}]},{\"@type\":\"WebSite\",\"@id\":\"https:\/\/www.merget-raum.de\/shop\/#website\",\"url\":\"https:\/\/www.merget-raum.de\/shop\/\",\"name\":\"Merget-Raumausstattung Mainaschaff\",\"description\":\"Raumausstattung Merget Fachmarkt Mainaschaff &amp; Aschaffenburg\",\"potentialAction\":[{\"@type\":\"SearchAction\",\"target\":{\"@type\":\"EntryPoint\",\"urlTemplate\":\"https:\/\/www.merget-raum.de\/shop\/?s={search_term_string}\"},\"query-input\":{\"@type\":\"PropertyValueSpecification\",\"valueRequired\":true,\"valueName\":\"search_term_string\"}}],\"inLanguage\":\"de\"}]}<\/script>\n<!-- \/ Yoast SEO plugin. -->","yoast_head_json":{"title":"Eijffinger Reflect Vliestapete 378044 - Marmor Optik (Zartes Mint) - Merget-Raumausstattung Mainaschaff","description":"Eijffinger Reflect Vliestapete 378044 - Marmor Optik (Zartes Mint) - Merget-Raumausstattung Mainaschaff","robots":{"index":"index","follow":"follow","max-snippet":"max-snippet:-1","max-image-preview":"max-image-preview:large","max-video-preview":"max-video-preview:-1"},"canonical":"https:\/\/www.merget-raum.de\/shop\/produkt\/eijffinger-reflect-vliestapete-378044-marmor-optik-zartes-mint\/","og_locale":"de_DE","og_type":"article","og_title":"Eijffinger Reflect Vliestapete 378044 - Marmor Optik (Zartes Mint) - Merget-Raumausstattung Mainaschaff","og_description":"Eijffinger Reflect Vliestapete 378044 - Marmor Optik (Zartes Mint) - Merget-Raumausstattung Mainaschaff","og_url":"https:\/\/www.merget-raum.de\/shop\/produkt\/eijffinger-reflect-vliestapete-378044-marmor-optik-zartes-mint\/","og_site_name":"Merget-Raumausstattung Mainaschaff","article_modified_time":"2026-01-23T08:06:16+00:00","og_image":[{"width":1118,"height":1382,"url":"https:\/\/www.merget-raum.de\/shop\/wp-content\/uploads\/2019\/05\/eijffinger-eijffinger-reflect-vliestapete-378044-marmor-optik-zartes-mint.jpg","type":"image\/jpeg"}],"twitter_card":"summary_large_image","twitter_misc":{"Gesch\u00e4tzte Lesezeit":"1\u00a0Minute"},"schema":{"@context":"https:\/\/schema.org","@graph":[{"@type":"WebPage","@id":"https:\/\/www.merget-raum.de\/shop\/produkt\/eijffinger-reflect-vliestapete-378044-marmor-optik-zartes-mint\/","url":"https:\/\/www.merget-raum.de\/shop\/produkt\/eijffinger-reflect-vliestapete-378044-marmor-optik-zartes-mint\/","name":"Eijffinger Reflect Vliestapete 378044 - Marmor Optik (Zartes Mint) - Merget-Raumausstattung Mainaschaff","isPartOf":{"@id":"https:\/\/www.merget-raum.de\/shop\/#website"},"primaryImageOfPage":{"@id":"https:\/\/www.merget-raum.de\/shop\/produkt\/eijffinger-reflect-vliestapete-378044-marmor-optik-zartes-mint\/#primaryimage"},"image":{"@id":"https:\/\/www.merget-raum.de\/shop\/produkt\/eijffinger-reflect-vliestapete-378044-marmor-optik-zartes-mint\/#primaryimage"},"thumbnailUrl":"https:\/\/www.merget-raum.de\/shop\/wp-content\/uploads\/2019\/05\/eijffinger-eijffinger-reflect-vliestapete-378044-marmor-optik-zartes-mint.jpg","datePublished":"2019-05-15T16:19:20+00:00","dateModified":"2026-01-23T08:06:16+00:00","description":"Eijffinger Reflect Vliestapete 378044 - Marmor Optik (Zartes Mint) - Merget-Raumausstattung Mainaschaff","breadcrumb":{"@id":"https:\/\/www.merget-raum.de\/shop\/produkt\/eijffinger-reflect-vliestapete-378044-marmor-optik-zartes-mint\/#breadcrumb"},"inLanguage":"de","potentialAction":[{"@type":"ReadAction","target":["https:\/\/www.merget-raum.de\/shop\/produkt\/eijffinger-reflect-vliestapete-378044-marmor-optik-zartes-mint\/"]}]},{"@type":"ImageObject","inLanguage":"de","@id":"https:\/\/www.merget-raum.de\/shop\/produkt\/eijffinger-reflect-vliestapete-378044-marmor-optik-zartes-mint\/#primaryimage","url":"https:\/\/www.merget-raum.de\/shop\/wp-content\/uploads\/2019\/05\/eijffinger-eijffinger-reflect-vliestapete-378044-marmor-optik-zartes-mint.jpg","contentUrl":"https:\/\/www.merget-raum.de\/shop\/wp-content\/uploads\/2019\/05\/eijffinger-eijffinger-reflect-vliestapete-378044-marmor-optik-zartes-mint.jpg","width":1118,"height":1382},{"@type":"BreadcrumbList","@id":"https:\/\/www.merget-raum.de\/shop\/produkt\/eijffinger-reflect-vliestapete-378044-marmor-optik-zartes-mint\/#breadcrumb","itemListElement":[{"@type":"ListItem","position":1,"name":"Startseite","item":"https:\/\/www.merget-raum.de\/shop\/"},{"@type":"ListItem","position":2,"name":"Shop","item":"https:\/\/www.merget-raum.de\/shop\/"},{"@type":"ListItem","position":3,"name":"Eijffinger Reflect Vliestapete 378044 &#8211; Marmor Optik (Zartes Mint)"}]},{"@type":"WebSite","@id":"https:\/\/www.merget-raum.de\/shop\/#website","url":"https:\/\/www.merget-raum.de\/shop\/","name":"Merget-Raumausstattung Mainaschaff","description":"Raumausstattung Merget Fachmarkt Mainaschaff &amp; Aschaffenburg","potentialAction":[{"@type":"SearchAction","target":{"@type":"EntryPoint","urlTemplate":"https:\/\/www.merget-raum.de\/shop\/?s={search_term_string}"},"query-input":{"@type":"PropertyValueSpecification","valueRequired":true,"valueName":"search_term_string"}}],"inLanguage":"de"}]}},"_links":{"self":[{"href":"https:\/\/www.merget-raum.de\/shop\/wp-json\/wp\/v2\/product\/6213","targetHints":{"allow":["GET"]}}],"collection":[{"href":"https:\/\/www.merget-raum.de\/shop\/wp-json\/wp\/v2\/product"}],"about":[{"href":"https:\/\/www.merget-raum.de\/shop\/wp-json\/wp\/v2\/types\/product"}],"replies":[{"embeddable":true,"href":"https:\/\/www.merget-raum.de\/shop\/wp-json\/wp\/v2\/comments?post=6213"}],"wp:featuredmedia":[{"embeddable":true,"href":"https:\/\/www.merget-raum.de\/shop\/wp-json\/wp\/v2\/media\/6211"}],"wp:attachment":[{"href":"https:\/\/www.merget-raum.de\/shop\/wp-json\/wp\/v2\/media?parent=6213"}],"wp:term":[{"taxonomy":"product_brand","embeddable":true,"href":"https:\/\/www.merget-raum.de\/shop\/wp-json\/wp\/v2\/product_brand?post=6213"},{"taxonomy":"product_cat","embeddable":true,"href":"https:\/\/www.merget-raum.de\/shop\/wp-json\/wp\/v2\/product_cat?post=6213"},{"taxonomy":"product_tag","embeddable":true,"href":"https:\/\/www.merget-raum.de\/shop\/wp-json\/wp\/v2\/product_tag?post=6213"}],"curies":[{"name":"wp","href":"https:\/\/api.w.org\/{rel}","templated":true}]}}