{"id":6194,"date":"2019-05-15T18:19:00","date_gmt":"2019-05-15T16:19:00","guid":{"rendered":"https:\/\/www.merget-raum.de\/produkt\/eijffinger-reflect-vliestapete-378033-wellen-optik-blau\/"},"modified":"2026-01-23T09:08:18","modified_gmt":"2026-01-23T08:08:18","slug":"eijffinger-reflect-vliestapete-378033-wellen-optik-blau","status":"publish","type":"product","link":"https:\/\/www.merget-raum.de\/shop\/produkt\/eijffinger-reflect-vliestapete-378033-wellen-optik-blau\/","title":{"rendered":"Eijffinger Reflect Vliestapete 378033 &#8211; Wellen Optik (Blau)"},"content":{"rendered":"<p>Angeregt von dem Lichtspiel auf den Schuppen eines Fisches spielt die Vliestapete 378033 mit mattem Hintergrund und reflektierenden Halbkreisen. Das elegante Design mit Wellen Optik wirkt bewegt, und diese Bewegung \u00fcbertr\u00e4gt sich auf den Raum in dem Sie die Reflect Tapete verwenden. Die Vliestapete l\u00e4sst sich spielend leicht anbringen und ist sogar f\u00fcr K\u00fcche und Bad geeignet. Bringen Sie jetzt Bewegung in Ihr Zuhause und spielen Sie mit Licht mit der Tapete 378033!<\/p>\n","protected":false},"excerpt":{"rendered":"<p>Die elegante Reflect Tapete 378033 mit Wellen Optik von Eijffinger erinnert an die Reflektionen auf den Schuppen eines Fisches im Wasser.<\/p>\n","protected":false},"featured_media":6192,"comment_status":"open","ping_status":"closed","template":"","meta":[],"product_brand":[],"product_cat":[179],"product_tag":[],"class_list":{"0":"post-6194","1":"product","2":"type-product","3":"status-publish","4":"has-post-thumbnail","6":"product_cat-tapeten","7":"product_shipping_class-1-3-werktagen","8":"pa_abmessung-1000-x-52-cm","9":"pa_ean-1300","10":"pa_farbe-blau","11":"pa_filterfarbe-blau","12":"pa_hersteller-eijffinger","13":"pa_kollektion-reflect","14":"pa_marke-eijffinger","15":"pa_material-vlies","16":"pa_muster-design-dekor-punkte","18":"first","19":"instock","20":"taxable","21":"shipping-taxable","22":"purchasable","23":"product-type-simple"},"yoast_head":"<!-- This site is optimized with the Yoast SEO plugin v27.2 - https:\/\/yoast.com\/product\/yoast-seo-wordpress\/ -->\n<title>Eijffinger Reflect Vliestapete 378033 - Wellen Optik (Blau) - Merget-Raumausstattung Mainaschaff<\/title>\n<meta name=\"description\" content=\"Eijffinger Reflect Vliestapete 378033 - Wellen Optik (Blau) - Merget-Raumausstattung Mainaschaff\" \/>\n<meta name=\"robots\" content=\"index, follow, max-snippet:-1, max-image-preview:large, max-video-preview:-1\" \/>\n<link rel=\"canonical\" href=\"https:\/\/www.merget-raum.de\/shop\/produkt\/eijffinger-reflect-vliestapete-378033-wellen-optik-blau\/\" \/>\n<meta property=\"og:locale\" content=\"de_DE\" \/>\n<meta property=\"og:type\" content=\"article\" \/>\n<meta property=\"og:title\" content=\"Eijffinger Reflect Vliestapete 378033 - Wellen Optik (Blau) - Merget-Raumausstattung Mainaschaff\" \/>\n<meta property=\"og:description\" content=\"Eijffinger Reflect Vliestapete 378033 - Wellen Optik (Blau) - Merget-Raumausstattung Mainaschaff\" \/>\n<meta property=\"og:url\" content=\"https:\/\/www.merget-raum.de\/shop\/produkt\/eijffinger-reflect-vliestapete-378033-wellen-optik-blau\/\" \/>\n<meta property=\"og:site_name\" content=\"Merget-Raumausstattung Mainaschaff\" \/>\n<meta property=\"article:modified_time\" content=\"2026-01-23T08:08:18+00:00\" \/>\n<meta property=\"og:image\" content=\"https:\/\/www.merget-raum.de\/shop\/wp-content\/uploads\/2019\/05\/eijffinger-eijffinger-reflect-vliestapete-378033-wellen-optik-blau.jpg\" \/>\n\t<meta property=\"og:image:width\" content=\"1118\" \/>\n\t<meta property=\"og:image:height\" content=\"1382\" \/>\n\t<meta property=\"og:image:type\" content=\"image\/jpeg\" \/>\n<meta name=\"twitter:card\" content=\"summary_large_image\" \/>\n<script type=\"application\/ld+json\" class=\"yoast-schema-graph\">{\"@context\":\"https:\/\/schema.org\",\"@graph\":[{\"@type\":\"WebPage\",\"@id\":\"https:\/\/www.merget-raum.de\/shop\/produkt\/eijffinger-reflect-vliestapete-378033-wellen-optik-blau\/\",\"url\":\"https:\/\/www.merget-raum.de\/shop\/produkt\/eijffinger-reflect-vliestapete-378033-wellen-optik-blau\/\",\"name\":\"Eijffinger Reflect Vliestapete 378033 - Wellen Optik (Blau) - Merget-Raumausstattung Mainaschaff\",\"isPartOf\":{\"@id\":\"https:\/\/www.merget-raum.de\/shop\/#website\"},\"primaryImageOfPage\":{\"@id\":\"https:\/\/www.merget-raum.de\/shop\/produkt\/eijffinger-reflect-vliestapete-378033-wellen-optik-blau\/#primaryimage\"},\"image\":{\"@id\":\"https:\/\/www.merget-raum.de\/shop\/produkt\/eijffinger-reflect-vliestapete-378033-wellen-optik-blau\/#primaryimage\"},\"thumbnailUrl\":\"https:\/\/www.merget-raum.de\/shop\/wp-content\/uploads\/2019\/05\/eijffinger-eijffinger-reflect-vliestapete-378033-wellen-optik-blau.jpg\",\"datePublished\":\"2019-05-15T16:19:00+00:00\",\"dateModified\":\"2026-01-23T08:08:18+00:00\",\"description\":\"Eijffinger Reflect Vliestapete 378033 - Wellen Optik (Blau) - Merget-Raumausstattung Mainaschaff\",\"breadcrumb\":{\"@id\":\"https:\/\/www.merget-raum.de\/shop\/produkt\/eijffinger-reflect-vliestapete-378033-wellen-optik-blau\/#breadcrumb\"},\"inLanguage\":\"de\",\"potentialAction\":[{\"@type\":\"ReadAction\",\"target\":[\"https:\/\/www.merget-raum.de\/shop\/produkt\/eijffinger-reflect-vliestapete-378033-wellen-optik-blau\/\"]}]},{\"@type\":\"ImageObject\",\"inLanguage\":\"de\",\"@id\":\"https:\/\/www.merget-raum.de\/shop\/produkt\/eijffinger-reflect-vliestapete-378033-wellen-optik-blau\/#primaryimage\",\"url\":\"https:\/\/www.merget-raum.de\/shop\/wp-content\/uploads\/2019\/05\/eijffinger-eijffinger-reflect-vliestapete-378033-wellen-optik-blau.jpg\",\"contentUrl\":\"https:\/\/www.merget-raum.de\/shop\/wp-content\/uploads\/2019\/05\/eijffinger-eijffinger-reflect-vliestapete-378033-wellen-optik-blau.jpg\",\"width\":1118,\"height\":1382},{\"@type\":\"BreadcrumbList\",\"@id\":\"https:\/\/www.merget-raum.de\/shop\/produkt\/eijffinger-reflect-vliestapete-378033-wellen-optik-blau\/#breadcrumb\",\"itemListElement\":[{\"@type\":\"ListItem\",\"position\":1,\"name\":\"Startseite\",\"item\":\"https:\/\/www.merget-raum.de\/shop\/\"},{\"@type\":\"ListItem\",\"position\":2,\"name\":\"Shop\",\"item\":\"https:\/\/www.merget-raum.de\/shop\/\"},{\"@type\":\"ListItem\",\"position\":3,\"name\":\"Eijffinger Reflect Vliestapete 378033 &#8211; Wellen Optik (Blau)\"}]},{\"@type\":\"WebSite\",\"@id\":\"https:\/\/www.merget-raum.de\/shop\/#website\",\"url\":\"https:\/\/www.merget-raum.de\/shop\/\",\"name\":\"Merget-Raumausstattung Mainaschaff\",\"description\":\"Raumausstattung Merget Fachmarkt Mainaschaff &amp; Aschaffenburg\",\"potentialAction\":[{\"@type\":\"SearchAction\",\"target\":{\"@type\":\"EntryPoint\",\"urlTemplate\":\"https:\/\/www.merget-raum.de\/shop\/?s={search_term_string}\"},\"query-input\":{\"@type\":\"PropertyValueSpecification\",\"valueRequired\":true,\"valueName\":\"search_term_string\"}}],\"inLanguage\":\"de\"}]}<\/script>\n<!-- \/ Yoast SEO plugin. -->","yoast_head_json":{"title":"Eijffinger Reflect Vliestapete 378033 - Wellen Optik (Blau) - Merget-Raumausstattung Mainaschaff","description":"Eijffinger Reflect Vliestapete 378033 - Wellen Optik (Blau) - Merget-Raumausstattung Mainaschaff","robots":{"index":"index","follow":"follow","max-snippet":"max-snippet:-1","max-image-preview":"max-image-preview:large","max-video-preview":"max-video-preview:-1"},"canonical":"https:\/\/www.merget-raum.de\/shop\/produkt\/eijffinger-reflect-vliestapete-378033-wellen-optik-blau\/","og_locale":"de_DE","og_type":"article","og_title":"Eijffinger Reflect Vliestapete 378033 - Wellen Optik (Blau) - Merget-Raumausstattung Mainaschaff","og_description":"Eijffinger Reflect Vliestapete 378033 - Wellen Optik (Blau) - Merget-Raumausstattung Mainaschaff","og_url":"https:\/\/www.merget-raum.de\/shop\/produkt\/eijffinger-reflect-vliestapete-378033-wellen-optik-blau\/","og_site_name":"Merget-Raumausstattung Mainaschaff","article_modified_time":"2026-01-23T08:08:18+00:00","og_image":[{"width":1118,"height":1382,"url":"https:\/\/www.merget-raum.de\/shop\/wp-content\/uploads\/2019\/05\/eijffinger-eijffinger-reflect-vliestapete-378033-wellen-optik-blau.jpg","type":"image\/jpeg"}],"twitter_card":"summary_large_image","schema":{"@context":"https:\/\/schema.org","@graph":[{"@type":"WebPage","@id":"https:\/\/www.merget-raum.de\/shop\/produkt\/eijffinger-reflect-vliestapete-378033-wellen-optik-blau\/","url":"https:\/\/www.merget-raum.de\/shop\/produkt\/eijffinger-reflect-vliestapete-378033-wellen-optik-blau\/","name":"Eijffinger Reflect Vliestapete 378033 - Wellen Optik (Blau) - Merget-Raumausstattung Mainaschaff","isPartOf":{"@id":"https:\/\/www.merget-raum.de\/shop\/#website"},"primaryImageOfPage":{"@id":"https:\/\/www.merget-raum.de\/shop\/produkt\/eijffinger-reflect-vliestapete-378033-wellen-optik-blau\/#primaryimage"},"image":{"@id":"https:\/\/www.merget-raum.de\/shop\/produkt\/eijffinger-reflect-vliestapete-378033-wellen-optik-blau\/#primaryimage"},"thumbnailUrl":"https:\/\/www.merget-raum.de\/shop\/wp-content\/uploads\/2019\/05\/eijffinger-eijffinger-reflect-vliestapete-378033-wellen-optik-blau.jpg","datePublished":"2019-05-15T16:19:00+00:00","dateModified":"2026-01-23T08:08:18+00:00","description":"Eijffinger Reflect Vliestapete 378033 - Wellen Optik (Blau) - Merget-Raumausstattung Mainaschaff","breadcrumb":{"@id":"https:\/\/www.merget-raum.de\/shop\/produkt\/eijffinger-reflect-vliestapete-378033-wellen-optik-blau\/#breadcrumb"},"inLanguage":"de","potentialAction":[{"@type":"ReadAction","target":["https:\/\/www.merget-raum.de\/shop\/produkt\/eijffinger-reflect-vliestapete-378033-wellen-optik-blau\/"]}]},{"@type":"ImageObject","inLanguage":"de","@id":"https:\/\/www.merget-raum.de\/shop\/produkt\/eijffinger-reflect-vliestapete-378033-wellen-optik-blau\/#primaryimage","url":"https:\/\/www.merget-raum.de\/shop\/wp-content\/uploads\/2019\/05\/eijffinger-eijffinger-reflect-vliestapete-378033-wellen-optik-blau.jpg","contentUrl":"https:\/\/www.merget-raum.de\/shop\/wp-content\/uploads\/2019\/05\/eijffinger-eijffinger-reflect-vliestapete-378033-wellen-optik-blau.jpg","width":1118,"height":1382},{"@type":"BreadcrumbList","@id":"https:\/\/www.merget-raum.de\/shop\/produkt\/eijffinger-reflect-vliestapete-378033-wellen-optik-blau\/#breadcrumb","itemListElement":[{"@type":"ListItem","position":1,"name":"Startseite","item":"https:\/\/www.merget-raum.de\/shop\/"},{"@type":"ListItem","position":2,"name":"Shop","item":"https:\/\/www.merget-raum.de\/shop\/"},{"@type":"ListItem","position":3,"name":"Eijffinger Reflect Vliestapete 378033 &#8211; Wellen Optik (Blau)"}]},{"@type":"WebSite","@id":"https:\/\/www.merget-raum.de\/shop\/#website","url":"https:\/\/www.merget-raum.de\/shop\/","name":"Merget-Raumausstattung Mainaschaff","description":"Raumausstattung Merget Fachmarkt Mainaschaff &amp; Aschaffenburg","potentialAction":[{"@type":"SearchAction","target":{"@type":"EntryPoint","urlTemplate":"https:\/\/www.merget-raum.de\/shop\/?s={search_term_string}"},"query-input":{"@type":"PropertyValueSpecification","valueRequired":true,"valueName":"search_term_string"}}],"inLanguage":"de"}]}},"_links":{"self":[{"href":"https:\/\/www.merget-raum.de\/shop\/wp-json\/wp\/v2\/product\/6194","targetHints":{"allow":["GET"]}}],"collection":[{"href":"https:\/\/www.merget-raum.de\/shop\/wp-json\/wp\/v2\/product"}],"about":[{"href":"https:\/\/www.merget-raum.de\/shop\/wp-json\/wp\/v2\/types\/product"}],"replies":[{"embeddable":true,"href":"https:\/\/www.merget-raum.de\/shop\/wp-json\/wp\/v2\/comments?post=6194"}],"wp:featuredmedia":[{"embeddable":true,"href":"https:\/\/www.merget-raum.de\/shop\/wp-json\/wp\/v2\/media\/6192"}],"wp:attachment":[{"href":"https:\/\/www.merget-raum.de\/shop\/wp-json\/wp\/v2\/media?parent=6194"}],"wp:term":[{"taxonomy":"product_brand","embeddable":true,"href":"https:\/\/www.merget-raum.de\/shop\/wp-json\/wp\/v2\/product_brand?post=6194"},{"taxonomy":"product_cat","embeddable":true,"href":"https:\/\/www.merget-raum.de\/shop\/wp-json\/wp\/v2\/product_cat?post=6194"},{"taxonomy":"product_tag","embeddable":true,"href":"https:\/\/www.merget-raum.de\/shop\/wp-json\/wp\/v2\/product_tag?post=6194"}],"curies":[{"name":"wp","href":"https:\/\/api.w.org\/{rel}","templated":true}]}}