{"id":6165,"date":"2019-05-15T18:18:30","date_gmt":"2019-05-15T16:18:30","guid":{"rendered":"https:\/\/www.merget-raum.de\/produkt\/eijffinger-reflect-vliestapete-378022-perlenraster-optik-creme-gold\/"},"modified":"2026-01-23T09:12:03","modified_gmt":"2026-01-23T08:12:03","slug":"eijffinger-reflect-vliestapete-378022-perlenraster-optik-creme-gold","status":"publish","type":"product","link":"https:\/\/www.merget-raum.de\/shop\/produkt\/eijffinger-reflect-vliestapete-378022-perlenraster-optik-creme-gold\/","title":{"rendered":"Eijffinger Reflect Vliestapete 378022 &#8211; Perlenraster Optik (Creme\/Gold)"},"content":{"rendered":"<p>Inspiriert durch die Lichtreflexe auf einem Perlentisch arbeitet zeigt die Vliestapete 378022 wie vielf\u00e4ltig und elegant Licht wiedergespiegelt werden kann. Die Reflect Tapete ist in einer gro\u00dfen Auswahl von eleganten Farben als matten Hintergrund erh\u00e4ltlich. Vlies Tapeten sind ein Kinderspiel in der Anbringung und Handhabung und dank ihrer Formfestigkeit sogar f\u00fcr Bad und K\u00fcche geeignet. Entdecken Sie jetzt mit der Eijffinger Tapete 378022 die Magie von Lichtreflektionen f\u00fcr sich!<\/p>\n","protected":false},"excerpt":{"rendered":"<p>Die edle Reflect Tapete 378022 mit Perlenraster Optik von Eijffinger spielt mit den Reflektionen von Licht.<\/p>\n","protected":false},"featured_media":6163,"comment_status":"open","ping_status":"closed","template":"","meta":[],"product_brand":[],"product_cat":[179],"product_tag":[],"class_list":{"0":"post-6165","1":"product","2":"type-product","3":"status-publish","4":"has-post-thumbnail","6":"product_cat-tapeten","7":"product_shipping_class-1-3-werktagen","8":"pa_abmessung-1000-x-52-cm","9":"pa_ean-1287","10":"pa_farbe-creme-gold","11":"pa_filterfarbe-beige","12":"pa_hersteller-eijffinger","13":"pa_kollektion-reflect","14":"pa_marke-eijffinger","15":"pa_material-vlies","16":"pa_muster-design-dekor-faux-unipunkte","18":"first","19":"instock","20":"taxable","21":"shipping-taxable","22":"purchasable","23":"product-type-simple"},"yoast_head":"<!-- This site is optimized with the Yoast SEO plugin v27.2 - https:\/\/yoast.com\/product\/yoast-seo-wordpress\/ -->\n<title>Eijffinger Reflect Vliestapete 378022 - Perlenraster Optik (Creme\/Gold) - Merget-Raumausstattung Mainaschaff<\/title>\n<meta name=\"description\" content=\"Eijffinger Reflect Vliestapete 378022 - Perlenraster Optik (Creme\/Gold) - Merget-Raumausstattung Mainaschaff\" \/>\n<meta name=\"robots\" content=\"index, follow, max-snippet:-1, max-image-preview:large, max-video-preview:-1\" \/>\n<link rel=\"canonical\" href=\"https:\/\/www.merget-raum.de\/shop\/produkt\/eijffinger-reflect-vliestapete-378022-perlenraster-optik-creme-gold\/\" \/>\n<meta property=\"og:locale\" content=\"de_DE\" \/>\n<meta property=\"og:type\" content=\"article\" \/>\n<meta property=\"og:title\" content=\"Eijffinger Reflect Vliestapete 378022 - Perlenraster Optik (Creme\/Gold) - Merget-Raumausstattung Mainaschaff\" \/>\n<meta property=\"og:description\" content=\"Eijffinger Reflect Vliestapete 378022 - Perlenraster Optik (Creme\/Gold) - Merget-Raumausstattung Mainaschaff\" \/>\n<meta property=\"og:url\" content=\"https:\/\/www.merget-raum.de\/shop\/produkt\/eijffinger-reflect-vliestapete-378022-perlenraster-optik-creme-gold\/\" \/>\n<meta property=\"og:site_name\" content=\"Merget-Raumausstattung Mainaschaff\" \/>\n<meta property=\"article:modified_time\" content=\"2026-01-23T08:12:03+00:00\" \/>\n<meta property=\"og:image\" content=\"https:\/\/www.merget-raum.de\/shop\/wp-content\/uploads\/2019\/05\/eijffinger-eijffinger-reflect-vliestapete-378022-perlenraster-optik-creme-gold.jpg\" \/>\n\t<meta property=\"og:image:width\" content=\"1118\" \/>\n\t<meta property=\"og:image:height\" content=\"1382\" \/>\n\t<meta property=\"og:image:type\" content=\"image\/jpeg\" \/>\n<meta name=\"twitter:card\" content=\"summary_large_image\" \/>\n<meta name=\"twitter:label1\" content=\"Gesch\u00e4tzte Lesezeit\" \/>\n\t<meta name=\"twitter:data1\" content=\"1\u00a0Minute\" \/>\n<script type=\"application\/ld+json\" class=\"yoast-schema-graph\">{\"@context\":\"https:\/\/schema.org\",\"@graph\":[{\"@type\":\"WebPage\",\"@id\":\"https:\/\/www.merget-raum.de\/shop\/produkt\/eijffinger-reflect-vliestapete-378022-perlenraster-optik-creme-gold\/\",\"url\":\"https:\/\/www.merget-raum.de\/shop\/produkt\/eijffinger-reflect-vliestapete-378022-perlenraster-optik-creme-gold\/\",\"name\":\"Eijffinger Reflect Vliestapete 378022 - Perlenraster Optik (Creme\/Gold) - Merget-Raumausstattung Mainaschaff\",\"isPartOf\":{\"@id\":\"https:\/\/www.merget-raum.de\/shop\/#website\"},\"primaryImageOfPage\":{\"@id\":\"https:\/\/www.merget-raum.de\/shop\/produkt\/eijffinger-reflect-vliestapete-378022-perlenraster-optik-creme-gold\/#primaryimage\"},\"image\":{\"@id\":\"https:\/\/www.merget-raum.de\/shop\/produkt\/eijffinger-reflect-vliestapete-378022-perlenraster-optik-creme-gold\/#primaryimage\"},\"thumbnailUrl\":\"https:\/\/www.merget-raum.de\/shop\/wp-content\/uploads\/2019\/05\/eijffinger-eijffinger-reflect-vliestapete-378022-perlenraster-optik-creme-gold.jpg\",\"datePublished\":\"2019-05-15T16:18:30+00:00\",\"dateModified\":\"2026-01-23T08:12:03+00:00\",\"description\":\"Eijffinger Reflect Vliestapete 378022 - Perlenraster Optik (Creme\/Gold) - Merget-Raumausstattung Mainaschaff\",\"breadcrumb\":{\"@id\":\"https:\/\/www.merget-raum.de\/shop\/produkt\/eijffinger-reflect-vliestapete-378022-perlenraster-optik-creme-gold\/#breadcrumb\"},\"inLanguage\":\"de\",\"potentialAction\":[{\"@type\":\"ReadAction\",\"target\":[\"https:\/\/www.merget-raum.de\/shop\/produkt\/eijffinger-reflect-vliestapete-378022-perlenraster-optik-creme-gold\/\"]}]},{\"@type\":\"ImageObject\",\"inLanguage\":\"de\",\"@id\":\"https:\/\/www.merget-raum.de\/shop\/produkt\/eijffinger-reflect-vliestapete-378022-perlenraster-optik-creme-gold\/#primaryimage\",\"url\":\"https:\/\/www.merget-raum.de\/shop\/wp-content\/uploads\/2019\/05\/eijffinger-eijffinger-reflect-vliestapete-378022-perlenraster-optik-creme-gold.jpg\",\"contentUrl\":\"https:\/\/www.merget-raum.de\/shop\/wp-content\/uploads\/2019\/05\/eijffinger-eijffinger-reflect-vliestapete-378022-perlenraster-optik-creme-gold.jpg\",\"width\":1118,\"height\":1382},{\"@type\":\"BreadcrumbList\",\"@id\":\"https:\/\/www.merget-raum.de\/shop\/produkt\/eijffinger-reflect-vliestapete-378022-perlenraster-optik-creme-gold\/#breadcrumb\",\"itemListElement\":[{\"@type\":\"ListItem\",\"position\":1,\"name\":\"Startseite\",\"item\":\"https:\/\/www.merget-raum.de\/shop\/\"},{\"@type\":\"ListItem\",\"position\":2,\"name\":\"Shop\",\"item\":\"https:\/\/www.merget-raum.de\/shop\/\"},{\"@type\":\"ListItem\",\"position\":3,\"name\":\"Eijffinger Reflect Vliestapete 378022 &#8211; Perlenraster Optik (Creme\/Gold)\"}]},{\"@type\":\"WebSite\",\"@id\":\"https:\/\/www.merget-raum.de\/shop\/#website\",\"url\":\"https:\/\/www.merget-raum.de\/shop\/\",\"name\":\"Merget-Raumausstattung Mainaschaff\",\"description\":\"Raumausstattung Merget Fachmarkt Mainaschaff &amp; Aschaffenburg\",\"potentialAction\":[{\"@type\":\"SearchAction\",\"target\":{\"@type\":\"EntryPoint\",\"urlTemplate\":\"https:\/\/www.merget-raum.de\/shop\/?s={search_term_string}\"},\"query-input\":{\"@type\":\"PropertyValueSpecification\",\"valueRequired\":true,\"valueName\":\"search_term_string\"}}],\"inLanguage\":\"de\"}]}<\/script>\n<!-- \/ Yoast SEO plugin. -->","yoast_head_json":{"title":"Eijffinger Reflect Vliestapete 378022 - Perlenraster Optik (Creme\/Gold) - Merget-Raumausstattung Mainaschaff","description":"Eijffinger Reflect Vliestapete 378022 - Perlenraster Optik (Creme\/Gold) - Merget-Raumausstattung Mainaschaff","robots":{"index":"index","follow":"follow","max-snippet":"max-snippet:-1","max-image-preview":"max-image-preview:large","max-video-preview":"max-video-preview:-1"},"canonical":"https:\/\/www.merget-raum.de\/shop\/produkt\/eijffinger-reflect-vliestapete-378022-perlenraster-optik-creme-gold\/","og_locale":"de_DE","og_type":"article","og_title":"Eijffinger Reflect Vliestapete 378022 - Perlenraster Optik (Creme\/Gold) - Merget-Raumausstattung Mainaschaff","og_description":"Eijffinger Reflect Vliestapete 378022 - Perlenraster Optik (Creme\/Gold) - Merget-Raumausstattung Mainaschaff","og_url":"https:\/\/www.merget-raum.de\/shop\/produkt\/eijffinger-reflect-vliestapete-378022-perlenraster-optik-creme-gold\/","og_site_name":"Merget-Raumausstattung Mainaschaff","article_modified_time":"2026-01-23T08:12:03+00:00","og_image":[{"width":1118,"height":1382,"url":"https:\/\/www.merget-raum.de\/shop\/wp-content\/uploads\/2019\/05\/eijffinger-eijffinger-reflect-vliestapete-378022-perlenraster-optik-creme-gold.jpg","type":"image\/jpeg"}],"twitter_card":"summary_large_image","twitter_misc":{"Gesch\u00e4tzte Lesezeit":"1\u00a0Minute"},"schema":{"@context":"https:\/\/schema.org","@graph":[{"@type":"WebPage","@id":"https:\/\/www.merget-raum.de\/shop\/produkt\/eijffinger-reflect-vliestapete-378022-perlenraster-optik-creme-gold\/","url":"https:\/\/www.merget-raum.de\/shop\/produkt\/eijffinger-reflect-vliestapete-378022-perlenraster-optik-creme-gold\/","name":"Eijffinger Reflect Vliestapete 378022 - Perlenraster Optik (Creme\/Gold) - Merget-Raumausstattung Mainaschaff","isPartOf":{"@id":"https:\/\/www.merget-raum.de\/shop\/#website"},"primaryImageOfPage":{"@id":"https:\/\/www.merget-raum.de\/shop\/produkt\/eijffinger-reflect-vliestapete-378022-perlenraster-optik-creme-gold\/#primaryimage"},"image":{"@id":"https:\/\/www.merget-raum.de\/shop\/produkt\/eijffinger-reflect-vliestapete-378022-perlenraster-optik-creme-gold\/#primaryimage"},"thumbnailUrl":"https:\/\/www.merget-raum.de\/shop\/wp-content\/uploads\/2019\/05\/eijffinger-eijffinger-reflect-vliestapete-378022-perlenraster-optik-creme-gold.jpg","datePublished":"2019-05-15T16:18:30+00:00","dateModified":"2026-01-23T08:12:03+00:00","description":"Eijffinger Reflect Vliestapete 378022 - Perlenraster Optik (Creme\/Gold) - Merget-Raumausstattung Mainaschaff","breadcrumb":{"@id":"https:\/\/www.merget-raum.de\/shop\/produkt\/eijffinger-reflect-vliestapete-378022-perlenraster-optik-creme-gold\/#breadcrumb"},"inLanguage":"de","potentialAction":[{"@type":"ReadAction","target":["https:\/\/www.merget-raum.de\/shop\/produkt\/eijffinger-reflect-vliestapete-378022-perlenraster-optik-creme-gold\/"]}]},{"@type":"ImageObject","inLanguage":"de","@id":"https:\/\/www.merget-raum.de\/shop\/produkt\/eijffinger-reflect-vliestapete-378022-perlenraster-optik-creme-gold\/#primaryimage","url":"https:\/\/www.merget-raum.de\/shop\/wp-content\/uploads\/2019\/05\/eijffinger-eijffinger-reflect-vliestapete-378022-perlenraster-optik-creme-gold.jpg","contentUrl":"https:\/\/www.merget-raum.de\/shop\/wp-content\/uploads\/2019\/05\/eijffinger-eijffinger-reflect-vliestapete-378022-perlenraster-optik-creme-gold.jpg","width":1118,"height":1382},{"@type":"BreadcrumbList","@id":"https:\/\/www.merget-raum.de\/shop\/produkt\/eijffinger-reflect-vliestapete-378022-perlenraster-optik-creme-gold\/#breadcrumb","itemListElement":[{"@type":"ListItem","position":1,"name":"Startseite","item":"https:\/\/www.merget-raum.de\/shop\/"},{"@type":"ListItem","position":2,"name":"Shop","item":"https:\/\/www.merget-raum.de\/shop\/"},{"@type":"ListItem","position":3,"name":"Eijffinger Reflect Vliestapete 378022 &#8211; Perlenraster Optik (Creme\/Gold)"}]},{"@type":"WebSite","@id":"https:\/\/www.merget-raum.de\/shop\/#website","url":"https:\/\/www.merget-raum.de\/shop\/","name":"Merget-Raumausstattung Mainaschaff","description":"Raumausstattung Merget Fachmarkt Mainaschaff &amp; Aschaffenburg","potentialAction":[{"@type":"SearchAction","target":{"@type":"EntryPoint","urlTemplate":"https:\/\/www.merget-raum.de\/shop\/?s={search_term_string}"},"query-input":{"@type":"PropertyValueSpecification","valueRequired":true,"valueName":"search_term_string"}}],"inLanguage":"de"}]}},"_links":{"self":[{"href":"https:\/\/www.merget-raum.de\/shop\/wp-json\/wp\/v2\/product\/6165","targetHints":{"allow":["GET"]}}],"collection":[{"href":"https:\/\/www.merget-raum.de\/shop\/wp-json\/wp\/v2\/product"}],"about":[{"href":"https:\/\/www.merget-raum.de\/shop\/wp-json\/wp\/v2\/types\/product"}],"replies":[{"embeddable":true,"href":"https:\/\/www.merget-raum.de\/shop\/wp-json\/wp\/v2\/comments?post=6165"}],"wp:featuredmedia":[{"embeddable":true,"href":"https:\/\/www.merget-raum.de\/shop\/wp-json\/wp\/v2\/media\/6163"}],"wp:attachment":[{"href":"https:\/\/www.merget-raum.de\/shop\/wp-json\/wp\/v2\/media?parent=6165"}],"wp:term":[{"taxonomy":"product_brand","embeddable":true,"href":"https:\/\/www.merget-raum.de\/shop\/wp-json\/wp\/v2\/product_brand?post=6165"},{"taxonomy":"product_cat","embeddable":true,"href":"https:\/\/www.merget-raum.de\/shop\/wp-json\/wp\/v2\/product_cat?post=6165"},{"taxonomy":"product_tag","embeddable":true,"href":"https:\/\/www.merget-raum.de\/shop\/wp-json\/wp\/v2\/product_tag?post=6165"}],"curies":[{"name":"wp","href":"https:\/\/api.w.org\/{rel}","templated":true}]}}