{"id":5932,"date":"2019-05-15T18:14:13","date_gmt":"2019-05-15T16:14:13","guid":{"rendered":"https:\/\/www.merget-raum.de\/produkt\/eijffinger-tapeten-panel-sundari-375217-taj-burgund-280-x-186-cm\/"},"modified":"2021-11-19T10:33:17","modified_gmt":"2021-11-19T09:33:17","slug":"eijffinger-tapeten-panel-sundari-375217-taj-burgund-280-x-186-cm","status":"publish","type":"product","link":"https:\/\/www.merget-raum.de\/shop\/produkt\/eijffinger-tapeten-panel-sundari-375217-taj-burgund-280-x-186-cm\/","title":{"rendered":"Eijffinger Tapeten Panel Sundari 375217 &#8211; Taj &#8211; Burgund"},"content":{"rendered":"<p>Das Sundari Wandpanel 375217 wurde digital gedruckt, wodurch die einzigartige Kombination aus Stoff Optik und traditionell indischem Muster erm\u00f6glicht werden konnte. Sollte das Wandpanel jedoch zu gro\u00df oder zu klein sein f\u00fcr Ihre Wand m\u00fcssen sie sich keine Sorgen machen, Sie k\u00f6nnen die Gr\u00f6\u00dfe bei Bedarf selbst w\u00e4hlen. Das exotische Wandpanel sorgt f\u00fcr ein ruhiges und entspannendes Raumgef\u00fchl, welches sie wegtr\u00e4gt vom Stress des Alltags. Geben Sie Ihrem Zuhause jetzt eine exotische Note mit dem Wandpanel Taj Burgundy 375217 von Eijffinger!<\/p>\n","protected":false},"excerpt":{"rendered":"<p>Das digital gedruckte Sundari Wandpanel Taj Burgundy 375217 von Eijffinger l\u00e4dt Sie ein auf eine Reise in den fernen Orient.<\/p>\n","protected":false},"featured_media":5930,"comment_status":"open","ping_status":"closed","template":"","meta":[],"product_brand":[],"product_cat":[179],"product_tag":[],"class_list":{"0":"post-5932","1":"product","2":"type-product","3":"status-publish","4":"has-post-thumbnail","6":"product_cat-tapeten","7":"product_shipping_class-1-3-werktagen","8":"pa_abmessung-280-x-186-cm","9":"pa_ean-1194","10":"pa_farbe-burgund","11":"pa_filterfarbe-rosa","12":"pa_hersteller-eijffinger","13":"pa_kollektion-sundari","14":"pa_marke-eijffinger","15":"pa_material-vlies","16":"pa_muster-design-dekor-unis","18":"first","19":"instock","20":"taxable","21":"shipping-taxable","22":"purchasable","23":"product-type-simple"},"yoast_head":"<!-- This site is optimized with the Yoast SEO plugin v27.2 - https:\/\/yoast.com\/product\/yoast-seo-wordpress\/ -->\n<title>Eijffinger Tapeten Panel Sundari 375217 - Taj - Burgund - Merget-Raumausstattung Mainaschaff<\/title>\n<meta name=\"description\" content=\"Eijffinger Tapeten Panel Sundari 375217 - Taj - Burgund - Merget-Raumausstattung Mainaschaff\" \/>\n<meta name=\"robots\" content=\"index, follow, max-snippet:-1, max-image-preview:large, max-video-preview:-1\" \/>\n<link rel=\"canonical\" href=\"https:\/\/www.merget-raum.de\/shop\/produkt\/eijffinger-tapeten-panel-sundari-375217-taj-burgund-280-x-186-cm\/\" \/>\n<meta property=\"og:locale\" content=\"de_DE\" \/>\n<meta property=\"og:type\" content=\"article\" \/>\n<meta property=\"og:title\" content=\"Eijffinger Tapeten Panel Sundari 375217 - Taj - Burgund - Merget-Raumausstattung Mainaschaff\" \/>\n<meta property=\"og:description\" content=\"Eijffinger Tapeten Panel Sundari 375217 - Taj - Burgund - Merget-Raumausstattung Mainaschaff\" \/>\n<meta property=\"og:url\" content=\"https:\/\/www.merget-raum.de\/shop\/produkt\/eijffinger-tapeten-panel-sundari-375217-taj-burgund-280-x-186-cm\/\" \/>\n<meta property=\"og:site_name\" content=\"Merget-Raumausstattung Mainaschaff\" \/>\n<meta property=\"article:modified_time\" content=\"2021-11-19T09:33:17+00:00\" \/>\n<meta property=\"og:image\" content=\"https:\/\/www.merget-raum.de\/shop\/wp-content\/uploads\/2019\/05\/eijffinger-eijffinger-tapeten-panel-sundari-375217-taj-burgund.jpg\" \/>\n\t<meta property=\"og:image:width\" content=\"923\" \/>\n\t<meta property=\"og:image:height\" content=\"1382\" \/>\n\t<meta property=\"og:image:type\" content=\"image\/jpeg\" \/>\n<meta name=\"twitter:card\" content=\"summary_large_image\" \/>\n<script type=\"application\/ld+json\" class=\"yoast-schema-graph\">{\"@context\":\"https:\/\/schema.org\",\"@graph\":[{\"@type\":\"WebPage\",\"@id\":\"https:\/\/www.merget-raum.de\/shop\/produkt\/eijffinger-tapeten-panel-sundari-375217-taj-burgund-280-x-186-cm\/\",\"url\":\"https:\/\/www.merget-raum.de\/shop\/produkt\/eijffinger-tapeten-panel-sundari-375217-taj-burgund-280-x-186-cm\/\",\"name\":\"Eijffinger Tapeten Panel Sundari 375217 - Taj - Burgund - Merget-Raumausstattung Mainaschaff\",\"isPartOf\":{\"@id\":\"https:\/\/www.merget-raum.de\/shop\/#website\"},\"primaryImageOfPage\":{\"@id\":\"https:\/\/www.merget-raum.de\/shop\/produkt\/eijffinger-tapeten-panel-sundari-375217-taj-burgund-280-x-186-cm\/#primaryimage\"},\"image\":{\"@id\":\"https:\/\/www.merget-raum.de\/shop\/produkt\/eijffinger-tapeten-panel-sundari-375217-taj-burgund-280-x-186-cm\/#primaryimage\"},\"thumbnailUrl\":\"https:\/\/www.merget-raum.de\/shop\/wp-content\/uploads\/2019\/05\/eijffinger-eijffinger-tapeten-panel-sundari-375217-taj-burgund.jpg\",\"datePublished\":\"2019-05-15T16:14:13+00:00\",\"dateModified\":\"2021-11-19T09:33:17+00:00\",\"description\":\"Eijffinger Tapeten Panel Sundari 375217 - Taj - Burgund - Merget-Raumausstattung Mainaschaff\",\"breadcrumb\":{\"@id\":\"https:\/\/www.merget-raum.de\/shop\/produkt\/eijffinger-tapeten-panel-sundari-375217-taj-burgund-280-x-186-cm\/#breadcrumb\"},\"inLanguage\":\"de\",\"potentialAction\":[{\"@type\":\"ReadAction\",\"target\":[\"https:\/\/www.merget-raum.de\/shop\/produkt\/eijffinger-tapeten-panel-sundari-375217-taj-burgund-280-x-186-cm\/\"]}]},{\"@type\":\"ImageObject\",\"inLanguage\":\"de\",\"@id\":\"https:\/\/www.merget-raum.de\/shop\/produkt\/eijffinger-tapeten-panel-sundari-375217-taj-burgund-280-x-186-cm\/#primaryimage\",\"url\":\"https:\/\/www.merget-raum.de\/shop\/wp-content\/uploads\/2019\/05\/eijffinger-eijffinger-tapeten-panel-sundari-375217-taj-burgund.jpg\",\"contentUrl\":\"https:\/\/www.merget-raum.de\/shop\/wp-content\/uploads\/2019\/05\/eijffinger-eijffinger-tapeten-panel-sundari-375217-taj-burgund.jpg\",\"width\":923,\"height\":1382},{\"@type\":\"BreadcrumbList\",\"@id\":\"https:\/\/www.merget-raum.de\/shop\/produkt\/eijffinger-tapeten-panel-sundari-375217-taj-burgund-280-x-186-cm\/#breadcrumb\",\"itemListElement\":[{\"@type\":\"ListItem\",\"position\":1,\"name\":\"Startseite\",\"item\":\"https:\/\/www.merget-raum.de\/shop\/\"},{\"@type\":\"ListItem\",\"position\":2,\"name\":\"Shop\",\"item\":\"https:\/\/www.merget-raum.de\/shop\/\"},{\"@type\":\"ListItem\",\"position\":3,\"name\":\"Eijffinger Tapeten Panel Sundari 375217 &#8211; Taj &#8211; Burgund\"}]},{\"@type\":\"WebSite\",\"@id\":\"https:\/\/www.merget-raum.de\/shop\/#website\",\"url\":\"https:\/\/www.merget-raum.de\/shop\/\",\"name\":\"Merget-Raumausstattung Mainaschaff\",\"description\":\"Raumausstattung Merget Fachmarkt Mainaschaff &amp; Aschaffenburg\",\"potentialAction\":[{\"@type\":\"SearchAction\",\"target\":{\"@type\":\"EntryPoint\",\"urlTemplate\":\"https:\/\/www.merget-raum.de\/shop\/?s={search_term_string}\"},\"query-input\":{\"@type\":\"PropertyValueSpecification\",\"valueRequired\":true,\"valueName\":\"search_term_string\"}}],\"inLanguage\":\"de\"}]}<\/script>\n<!-- \/ Yoast SEO plugin. -->","yoast_head_json":{"title":"Eijffinger Tapeten Panel Sundari 375217 - Taj - Burgund - Merget-Raumausstattung Mainaschaff","description":"Eijffinger Tapeten Panel Sundari 375217 - Taj - Burgund - Merget-Raumausstattung Mainaschaff","robots":{"index":"index","follow":"follow","max-snippet":"max-snippet:-1","max-image-preview":"max-image-preview:large","max-video-preview":"max-video-preview:-1"},"canonical":"https:\/\/www.merget-raum.de\/shop\/produkt\/eijffinger-tapeten-panel-sundari-375217-taj-burgund-280-x-186-cm\/","og_locale":"de_DE","og_type":"article","og_title":"Eijffinger Tapeten Panel Sundari 375217 - Taj - Burgund - Merget-Raumausstattung Mainaschaff","og_description":"Eijffinger Tapeten Panel Sundari 375217 - Taj - Burgund - Merget-Raumausstattung Mainaschaff","og_url":"https:\/\/www.merget-raum.de\/shop\/produkt\/eijffinger-tapeten-panel-sundari-375217-taj-burgund-280-x-186-cm\/","og_site_name":"Merget-Raumausstattung Mainaschaff","article_modified_time":"2021-11-19T09:33:17+00:00","og_image":[{"width":923,"height":1382,"url":"https:\/\/www.merget-raum.de\/shop\/wp-content\/uploads\/2019\/05\/eijffinger-eijffinger-tapeten-panel-sundari-375217-taj-burgund.jpg","type":"image\/jpeg"}],"twitter_card":"summary_large_image","schema":{"@context":"https:\/\/schema.org","@graph":[{"@type":"WebPage","@id":"https:\/\/www.merget-raum.de\/shop\/produkt\/eijffinger-tapeten-panel-sundari-375217-taj-burgund-280-x-186-cm\/","url":"https:\/\/www.merget-raum.de\/shop\/produkt\/eijffinger-tapeten-panel-sundari-375217-taj-burgund-280-x-186-cm\/","name":"Eijffinger Tapeten Panel Sundari 375217 - Taj - Burgund - Merget-Raumausstattung Mainaschaff","isPartOf":{"@id":"https:\/\/www.merget-raum.de\/shop\/#website"},"primaryImageOfPage":{"@id":"https:\/\/www.merget-raum.de\/shop\/produkt\/eijffinger-tapeten-panel-sundari-375217-taj-burgund-280-x-186-cm\/#primaryimage"},"image":{"@id":"https:\/\/www.merget-raum.de\/shop\/produkt\/eijffinger-tapeten-panel-sundari-375217-taj-burgund-280-x-186-cm\/#primaryimage"},"thumbnailUrl":"https:\/\/www.merget-raum.de\/shop\/wp-content\/uploads\/2019\/05\/eijffinger-eijffinger-tapeten-panel-sundari-375217-taj-burgund.jpg","datePublished":"2019-05-15T16:14:13+00:00","dateModified":"2021-11-19T09:33:17+00:00","description":"Eijffinger Tapeten Panel Sundari 375217 - Taj - Burgund - Merget-Raumausstattung Mainaschaff","breadcrumb":{"@id":"https:\/\/www.merget-raum.de\/shop\/produkt\/eijffinger-tapeten-panel-sundari-375217-taj-burgund-280-x-186-cm\/#breadcrumb"},"inLanguage":"de","potentialAction":[{"@type":"ReadAction","target":["https:\/\/www.merget-raum.de\/shop\/produkt\/eijffinger-tapeten-panel-sundari-375217-taj-burgund-280-x-186-cm\/"]}]},{"@type":"ImageObject","inLanguage":"de","@id":"https:\/\/www.merget-raum.de\/shop\/produkt\/eijffinger-tapeten-panel-sundari-375217-taj-burgund-280-x-186-cm\/#primaryimage","url":"https:\/\/www.merget-raum.de\/shop\/wp-content\/uploads\/2019\/05\/eijffinger-eijffinger-tapeten-panel-sundari-375217-taj-burgund.jpg","contentUrl":"https:\/\/www.merget-raum.de\/shop\/wp-content\/uploads\/2019\/05\/eijffinger-eijffinger-tapeten-panel-sundari-375217-taj-burgund.jpg","width":923,"height":1382},{"@type":"BreadcrumbList","@id":"https:\/\/www.merget-raum.de\/shop\/produkt\/eijffinger-tapeten-panel-sundari-375217-taj-burgund-280-x-186-cm\/#breadcrumb","itemListElement":[{"@type":"ListItem","position":1,"name":"Startseite","item":"https:\/\/www.merget-raum.de\/shop\/"},{"@type":"ListItem","position":2,"name":"Shop","item":"https:\/\/www.merget-raum.de\/shop\/"},{"@type":"ListItem","position":3,"name":"Eijffinger Tapeten Panel Sundari 375217 &#8211; Taj &#8211; Burgund"}]},{"@type":"WebSite","@id":"https:\/\/www.merget-raum.de\/shop\/#website","url":"https:\/\/www.merget-raum.de\/shop\/","name":"Merget-Raumausstattung Mainaschaff","description":"Raumausstattung Merget Fachmarkt Mainaschaff &amp; Aschaffenburg","potentialAction":[{"@type":"SearchAction","target":{"@type":"EntryPoint","urlTemplate":"https:\/\/www.merget-raum.de\/shop\/?s={search_term_string}"},"query-input":{"@type":"PropertyValueSpecification","valueRequired":true,"valueName":"search_term_string"}}],"inLanguage":"de"}]}},"_links":{"self":[{"href":"https:\/\/www.merget-raum.de\/shop\/wp-json\/wp\/v2\/product\/5932","targetHints":{"allow":["GET"]}}],"collection":[{"href":"https:\/\/www.merget-raum.de\/shop\/wp-json\/wp\/v2\/product"}],"about":[{"href":"https:\/\/www.merget-raum.de\/shop\/wp-json\/wp\/v2\/types\/product"}],"replies":[{"embeddable":true,"href":"https:\/\/www.merget-raum.de\/shop\/wp-json\/wp\/v2\/comments?post=5932"}],"wp:featuredmedia":[{"embeddable":true,"href":"https:\/\/www.merget-raum.de\/shop\/wp-json\/wp\/v2\/media\/5930"}],"wp:attachment":[{"href":"https:\/\/www.merget-raum.de\/shop\/wp-json\/wp\/v2\/media?parent=5932"}],"wp:term":[{"taxonomy":"product_brand","embeddable":true,"href":"https:\/\/www.merget-raum.de\/shop\/wp-json\/wp\/v2\/product_brand?post=5932"},{"taxonomy":"product_cat","embeddable":true,"href":"https:\/\/www.merget-raum.de\/shop\/wp-json\/wp\/v2\/product_cat?post=5932"},{"taxonomy":"product_tag","embeddable":true,"href":"https:\/\/www.merget-raum.de\/shop\/wp-json\/wp\/v2\/product_tag?post=5932"}],"curies":[{"name":"wp","href":"https:\/\/api.w.org\/{rel}","templated":true}]}}