{"id":5907,"date":"2019-05-15T18:13:41","date_gmt":"2019-05-15T16:13:41","guid":{"rendered":"https:\/\/www.merget-raum.de\/produkt\/eijffinger-fototapete-sundari-375209-scallop-wall-blau-280-x-233-cm\/"},"modified":"2023-02-21T16:06:53","modified_gmt":"2023-02-21T15:06:53","slug":"eijffinger-fototapete-sundari-375209-scallop-wall-blau-280-x-233-cm","status":"publish","type":"product","link":"https:\/\/www.merget-raum.de\/shop\/produkt\/eijffinger-fototapete-sundari-375209-scallop-wall-blau-280-x-233-cm\/","title":{"rendered":"Eijffinger Fototapete Sundari 375209 &#8211; Scallop Wall &#8211; Blau"},"content":{"rendered":"<p>Der hochwertige Digitaldruck der Sundari Fototapete bringt alle Einzelheiten hervorragend zur Geltung, und l\u00e4sst selbst die Schattierungen unter den Muscheln nicht aus. Sollte die Fototapete jedoch zu gro\u00df oder zu klein sein f\u00fcr Ihre Wand m\u00fcssen sie sich keine Sorgen machen, Sie k\u00f6nnen die Gr\u00f6\u00dfe bei Bedarf selbst w\u00e4hlen. Lassen Sie sich davontragen von der exotischen Optik der Fototapete Scallop Wall Blue 375209 von Eijffinger!<\/p>\n","protected":false},"excerpt":{"rendered":"<p>Die digital gedruckte Sundari Fototapete Scallop Wall Blue 375209 von Eijffinger verbindet Orientalische Ornamente mit einer ausgefallenen Schuppen Optik.<\/p>\n","protected":false},"featured_media":5905,"comment_status":"open","ping_status":"closed","template":"","meta":[],"product_brand":[],"product_cat":[179],"product_tag":[],"class_list":{"0":"post-5907","1":"product","2":"type-product","3":"status-publish","4":"has-post-thumbnail","6":"product_cat-tapeten","7":"product_shipping_class-1-3-werktagen","8":"pa_abmessung-280-x-233-cm","9":"pa_ean-1184","10":"pa_farbe-blau","11":"pa_filterfarbe-blau","12":"pa_hersteller-eijffinger","13":"pa_kollektion-sundari","14":"pa_marke-eijffinger","15":"pa_material-vlies","16":"pa_muster-design-dekor-unis","18":"first","19":"instock","20":"taxable","21":"shipping-taxable","22":"purchasable","23":"product-type-simple"},"yoast_head":"<!-- This site is optimized with the Yoast SEO plugin v27.2 - https:\/\/yoast.com\/product\/yoast-seo-wordpress\/ -->\n<title>Eijffinger Fototapete Sundari 375209 - Scallop Wall - Blau - Merget-Raumausstattung Mainaschaff<\/title>\n<meta name=\"description\" content=\"Eijffinger Fototapete Sundari 375209 - Scallop Wall - Blau - Merget-Raumausstattung Mainaschaff\" \/>\n<meta name=\"robots\" content=\"index, follow, max-snippet:-1, max-image-preview:large, max-video-preview:-1\" \/>\n<link rel=\"canonical\" href=\"https:\/\/www.merget-raum.de\/shop\/produkt\/eijffinger-fototapete-sundari-375209-scallop-wall-blau-280-x-233-cm\/\" \/>\n<meta property=\"og:locale\" content=\"de_DE\" \/>\n<meta property=\"og:type\" content=\"article\" \/>\n<meta property=\"og:title\" content=\"Eijffinger Fototapete Sundari 375209 - Scallop Wall - Blau - Merget-Raumausstattung Mainaschaff\" \/>\n<meta property=\"og:description\" content=\"Eijffinger Fototapete Sundari 375209 - Scallop Wall - Blau - Merget-Raumausstattung Mainaschaff\" \/>\n<meta property=\"og:url\" content=\"https:\/\/www.merget-raum.de\/shop\/produkt\/eijffinger-fototapete-sundari-375209-scallop-wall-blau-280-x-233-cm\/\" \/>\n<meta property=\"og:site_name\" content=\"Merget-Raumausstattung Mainaschaff\" \/>\n<meta property=\"article:modified_time\" content=\"2023-02-21T15:06:53+00:00\" \/>\n<meta property=\"og:image\" content=\"https:\/\/www.merget-raum.de\/shop\/wp-content\/uploads\/2019\/05\/eijffinger-eijffinger-fototapete-sundari-375209-scallop-wall-blau.jpg\" \/>\n\t<meta property=\"og:image:width\" content=\"1153\" \/>\n\t<meta property=\"og:image:height\" content=\"1382\" \/>\n\t<meta property=\"og:image:type\" content=\"image\/jpeg\" \/>\n<meta name=\"twitter:card\" content=\"summary_large_image\" \/>\n<script type=\"application\/ld+json\" class=\"yoast-schema-graph\">{\"@context\":\"https:\/\/schema.org\",\"@graph\":[{\"@type\":\"WebPage\",\"@id\":\"https:\/\/www.merget-raum.de\/shop\/produkt\/eijffinger-fototapete-sundari-375209-scallop-wall-blau-280-x-233-cm\/\",\"url\":\"https:\/\/www.merget-raum.de\/shop\/produkt\/eijffinger-fototapete-sundari-375209-scallop-wall-blau-280-x-233-cm\/\",\"name\":\"Eijffinger Fototapete Sundari 375209 - Scallop Wall - Blau - Merget-Raumausstattung Mainaschaff\",\"isPartOf\":{\"@id\":\"https:\/\/www.merget-raum.de\/shop\/#website\"},\"primaryImageOfPage\":{\"@id\":\"https:\/\/www.merget-raum.de\/shop\/produkt\/eijffinger-fototapete-sundari-375209-scallop-wall-blau-280-x-233-cm\/#primaryimage\"},\"image\":{\"@id\":\"https:\/\/www.merget-raum.de\/shop\/produkt\/eijffinger-fototapete-sundari-375209-scallop-wall-blau-280-x-233-cm\/#primaryimage\"},\"thumbnailUrl\":\"https:\/\/www.merget-raum.de\/shop\/wp-content\/uploads\/2019\/05\/eijffinger-eijffinger-fototapete-sundari-375209-scallop-wall-blau.jpg\",\"datePublished\":\"2019-05-15T16:13:41+00:00\",\"dateModified\":\"2023-02-21T15:06:53+00:00\",\"description\":\"Eijffinger Fototapete Sundari 375209 - Scallop Wall - Blau - Merget-Raumausstattung Mainaschaff\",\"breadcrumb\":{\"@id\":\"https:\/\/www.merget-raum.de\/shop\/produkt\/eijffinger-fototapete-sundari-375209-scallop-wall-blau-280-x-233-cm\/#breadcrumb\"},\"inLanguage\":\"de\",\"potentialAction\":[{\"@type\":\"ReadAction\",\"target\":[\"https:\/\/www.merget-raum.de\/shop\/produkt\/eijffinger-fototapete-sundari-375209-scallop-wall-blau-280-x-233-cm\/\"]}]},{\"@type\":\"ImageObject\",\"inLanguage\":\"de\",\"@id\":\"https:\/\/www.merget-raum.de\/shop\/produkt\/eijffinger-fototapete-sundari-375209-scallop-wall-blau-280-x-233-cm\/#primaryimage\",\"url\":\"https:\/\/www.merget-raum.de\/shop\/wp-content\/uploads\/2019\/05\/eijffinger-eijffinger-fototapete-sundari-375209-scallop-wall-blau.jpg\",\"contentUrl\":\"https:\/\/www.merget-raum.de\/shop\/wp-content\/uploads\/2019\/05\/eijffinger-eijffinger-fototapete-sundari-375209-scallop-wall-blau.jpg\",\"width\":1153,\"height\":1382},{\"@type\":\"BreadcrumbList\",\"@id\":\"https:\/\/www.merget-raum.de\/shop\/produkt\/eijffinger-fototapete-sundari-375209-scallop-wall-blau-280-x-233-cm\/#breadcrumb\",\"itemListElement\":[{\"@type\":\"ListItem\",\"position\":1,\"name\":\"Startseite\",\"item\":\"https:\/\/www.merget-raum.de\/shop\/\"},{\"@type\":\"ListItem\",\"position\":2,\"name\":\"Shop\",\"item\":\"https:\/\/www.merget-raum.de\/shop\/\"},{\"@type\":\"ListItem\",\"position\":3,\"name\":\"Eijffinger Fototapete Sundari 375209 &#8211; Scallop Wall &#8211; Blau\"}]},{\"@type\":\"WebSite\",\"@id\":\"https:\/\/www.merget-raum.de\/shop\/#website\",\"url\":\"https:\/\/www.merget-raum.de\/shop\/\",\"name\":\"Merget-Raumausstattung Mainaschaff\",\"description\":\"Raumausstattung Merget Fachmarkt Mainaschaff &amp; Aschaffenburg\",\"potentialAction\":[{\"@type\":\"SearchAction\",\"target\":{\"@type\":\"EntryPoint\",\"urlTemplate\":\"https:\/\/www.merget-raum.de\/shop\/?s={search_term_string}\"},\"query-input\":{\"@type\":\"PropertyValueSpecification\",\"valueRequired\":true,\"valueName\":\"search_term_string\"}}],\"inLanguage\":\"de\"}]}<\/script>\n<!-- \/ Yoast SEO plugin. -->","yoast_head_json":{"title":"Eijffinger Fototapete Sundari 375209 - Scallop Wall - Blau - Merget-Raumausstattung Mainaschaff","description":"Eijffinger Fototapete Sundari 375209 - Scallop Wall - Blau - Merget-Raumausstattung Mainaschaff","robots":{"index":"index","follow":"follow","max-snippet":"max-snippet:-1","max-image-preview":"max-image-preview:large","max-video-preview":"max-video-preview:-1"},"canonical":"https:\/\/www.merget-raum.de\/shop\/produkt\/eijffinger-fototapete-sundari-375209-scallop-wall-blau-280-x-233-cm\/","og_locale":"de_DE","og_type":"article","og_title":"Eijffinger Fototapete Sundari 375209 - Scallop Wall - Blau - Merget-Raumausstattung Mainaschaff","og_description":"Eijffinger Fototapete Sundari 375209 - Scallop Wall - Blau - Merget-Raumausstattung Mainaschaff","og_url":"https:\/\/www.merget-raum.de\/shop\/produkt\/eijffinger-fototapete-sundari-375209-scallop-wall-blau-280-x-233-cm\/","og_site_name":"Merget-Raumausstattung Mainaschaff","article_modified_time":"2023-02-21T15:06:53+00:00","og_image":[{"width":1153,"height":1382,"url":"https:\/\/www.merget-raum.de\/shop\/wp-content\/uploads\/2019\/05\/eijffinger-eijffinger-fototapete-sundari-375209-scallop-wall-blau.jpg","type":"image\/jpeg"}],"twitter_card":"summary_large_image","schema":{"@context":"https:\/\/schema.org","@graph":[{"@type":"WebPage","@id":"https:\/\/www.merget-raum.de\/shop\/produkt\/eijffinger-fototapete-sundari-375209-scallop-wall-blau-280-x-233-cm\/","url":"https:\/\/www.merget-raum.de\/shop\/produkt\/eijffinger-fototapete-sundari-375209-scallop-wall-blau-280-x-233-cm\/","name":"Eijffinger Fototapete Sundari 375209 - Scallop Wall - Blau - Merget-Raumausstattung Mainaschaff","isPartOf":{"@id":"https:\/\/www.merget-raum.de\/shop\/#website"},"primaryImageOfPage":{"@id":"https:\/\/www.merget-raum.de\/shop\/produkt\/eijffinger-fototapete-sundari-375209-scallop-wall-blau-280-x-233-cm\/#primaryimage"},"image":{"@id":"https:\/\/www.merget-raum.de\/shop\/produkt\/eijffinger-fototapete-sundari-375209-scallop-wall-blau-280-x-233-cm\/#primaryimage"},"thumbnailUrl":"https:\/\/www.merget-raum.de\/shop\/wp-content\/uploads\/2019\/05\/eijffinger-eijffinger-fototapete-sundari-375209-scallop-wall-blau.jpg","datePublished":"2019-05-15T16:13:41+00:00","dateModified":"2023-02-21T15:06:53+00:00","description":"Eijffinger Fototapete Sundari 375209 - Scallop Wall - Blau - Merget-Raumausstattung Mainaschaff","breadcrumb":{"@id":"https:\/\/www.merget-raum.de\/shop\/produkt\/eijffinger-fototapete-sundari-375209-scallop-wall-blau-280-x-233-cm\/#breadcrumb"},"inLanguage":"de","potentialAction":[{"@type":"ReadAction","target":["https:\/\/www.merget-raum.de\/shop\/produkt\/eijffinger-fototapete-sundari-375209-scallop-wall-blau-280-x-233-cm\/"]}]},{"@type":"ImageObject","inLanguage":"de","@id":"https:\/\/www.merget-raum.de\/shop\/produkt\/eijffinger-fototapete-sundari-375209-scallop-wall-blau-280-x-233-cm\/#primaryimage","url":"https:\/\/www.merget-raum.de\/shop\/wp-content\/uploads\/2019\/05\/eijffinger-eijffinger-fototapete-sundari-375209-scallop-wall-blau.jpg","contentUrl":"https:\/\/www.merget-raum.de\/shop\/wp-content\/uploads\/2019\/05\/eijffinger-eijffinger-fototapete-sundari-375209-scallop-wall-blau.jpg","width":1153,"height":1382},{"@type":"BreadcrumbList","@id":"https:\/\/www.merget-raum.de\/shop\/produkt\/eijffinger-fototapete-sundari-375209-scallop-wall-blau-280-x-233-cm\/#breadcrumb","itemListElement":[{"@type":"ListItem","position":1,"name":"Startseite","item":"https:\/\/www.merget-raum.de\/shop\/"},{"@type":"ListItem","position":2,"name":"Shop","item":"https:\/\/www.merget-raum.de\/shop\/"},{"@type":"ListItem","position":3,"name":"Eijffinger Fototapete Sundari 375209 &#8211; Scallop Wall &#8211; Blau"}]},{"@type":"WebSite","@id":"https:\/\/www.merget-raum.de\/shop\/#website","url":"https:\/\/www.merget-raum.de\/shop\/","name":"Merget-Raumausstattung Mainaschaff","description":"Raumausstattung Merget Fachmarkt Mainaschaff &amp; Aschaffenburg","potentialAction":[{"@type":"SearchAction","target":{"@type":"EntryPoint","urlTemplate":"https:\/\/www.merget-raum.de\/shop\/?s={search_term_string}"},"query-input":{"@type":"PropertyValueSpecification","valueRequired":true,"valueName":"search_term_string"}}],"inLanguage":"de"}]}},"_links":{"self":[{"href":"https:\/\/www.merget-raum.de\/shop\/wp-json\/wp\/v2\/product\/5907","targetHints":{"allow":["GET"]}}],"collection":[{"href":"https:\/\/www.merget-raum.de\/shop\/wp-json\/wp\/v2\/product"}],"about":[{"href":"https:\/\/www.merget-raum.de\/shop\/wp-json\/wp\/v2\/types\/product"}],"replies":[{"embeddable":true,"href":"https:\/\/www.merget-raum.de\/shop\/wp-json\/wp\/v2\/comments?post=5907"}],"wp:featuredmedia":[{"embeddable":true,"href":"https:\/\/www.merget-raum.de\/shop\/wp-json\/wp\/v2\/media\/5905"}],"wp:attachment":[{"href":"https:\/\/www.merget-raum.de\/shop\/wp-json\/wp\/v2\/media?parent=5907"}],"wp:term":[{"taxonomy":"product_brand","embeddable":true,"href":"https:\/\/www.merget-raum.de\/shop\/wp-json\/wp\/v2\/product_brand?post=5907"},{"taxonomy":"product_cat","embeddable":true,"href":"https:\/\/www.merget-raum.de\/shop\/wp-json\/wp\/v2\/product_cat?post=5907"},{"taxonomy":"product_tag","embeddable":true,"href":"https:\/\/www.merget-raum.de\/shop\/wp-json\/wp\/v2\/product_tag?post=5907"}],"curies":[{"name":"wp","href":"https:\/\/api.w.org\/{rel}","templated":true}]}}