{"id":5753,"date":"2019-05-15T18:10:49","date_gmt":"2019-05-15T16:10:49","guid":{"rendered":"https:\/\/www.merget-raum.de\/produkt\/eijffinger-tapete-pip-4-375083-early-bird-gelb\/"},"modified":"2026-01-23T09:40:06","modified_gmt":"2026-01-23T08:40:06","slug":"eijffinger-tapete-pip-4-375083-early-bird-gelb","status":"publish","type":"product","link":"https:\/\/www.merget-raum.de\/shop\/produkt\/eijffinger-tapete-pip-4-375083-early-bird-gelb\/","title":{"rendered":"Eijffinger Tapete PIP 4 375083 &#8211; Early Bird (Gelb)"},"content":{"rendered":"<p>Die Vliestapete 375083 Early Bird mit ihrem verspielten Design eignet sich perfekt f\u00fcr Ihr Kinderzimmer. Die klare Farbgebung und k\u00fcnstlerische Ausarbeitung geben dem Raum eine fr\u00f6hliche und helle Stimmung. Das verspielte und nat\u00fcrliche Design der Pip Studio Tapete macht sie zu einem echten Blickfang in Ihren vier W\u00e4nden. Die Formstabilit\u00e4t der Vliestapete sorgt f\u00fcr eine einfache Anbringung, und die waschbest\u00e4ndige Tapete ist sogar f\u00fcr K\u00fcche und Bad geeignet. Frischen Sie jetzt Ihr Zuhause auf mit der Tapete 375083 Early Bird von Eijffinger!<\/p>\n","protected":false},"excerpt":{"rendered":"<p>Die verspielte Pip Studio Tapete 375083 Early Bird mit Zweige und V\u00f6gel Muster von Eijffinger gibt Ihrem Zuhause eine fr\u00f6hliche und nat\u00fcrliche Stimmung.<\/p>\n","protected":false},"featured_media":5752,"comment_status":"open","ping_status":"closed","template":"","meta":[],"product_brand":[],"product_cat":[179],"product_tag":[],"class_list":{"0":"post-5753","1":"product","2":"type-product","3":"status-publish","4":"has-post-thumbnail","6":"product_cat-tapeten","7":"product_shipping_class-1-3-werktagen","8":"pa_abmessung-1000-x-52-cm","9":"pa_ean-1121","10":"pa_farbe-gelb","11":"pa_filterfarbe-bunt","12":"pa_hersteller-eijffinger","13":"pa_kollektion-pip-4","14":"pa_marke-eijffinger","15":"pa_material-vlies","16":"pa_muster-design-dekor-floraltiere","18":"first","19":"instock","20":"taxable","21":"shipping-taxable","22":"purchasable","23":"product-type-simple"},"yoast_head":"<!-- This site is optimized with the Yoast SEO plugin v27.2 - https:\/\/yoast.com\/product\/yoast-seo-wordpress\/ -->\n<title>Eijffinger Tapete PIP 4 375083 - Early Bird (Gelb) - Merget-Raumausstattung Mainaschaff<\/title>\n<meta name=\"description\" content=\"Eijffinger Tapete PIP 4 375083 - Early Bird (Gelb) - Merget-Raumausstattung Mainaschaff\" \/>\n<meta name=\"robots\" content=\"index, follow, max-snippet:-1, max-image-preview:large, max-video-preview:-1\" \/>\n<link rel=\"canonical\" href=\"https:\/\/www.merget-raum.de\/shop\/produkt\/eijffinger-tapete-pip-4-375083-early-bird-gelb\/\" \/>\n<meta property=\"og:locale\" content=\"de_DE\" \/>\n<meta property=\"og:type\" content=\"article\" \/>\n<meta property=\"og:title\" content=\"Eijffinger Tapete PIP 4 375083 - Early Bird (Gelb) - Merget-Raumausstattung Mainaschaff\" \/>\n<meta property=\"og:description\" content=\"Eijffinger Tapete PIP 4 375083 - Early Bird (Gelb) - Merget-Raumausstattung Mainaschaff\" \/>\n<meta property=\"og:url\" content=\"https:\/\/www.merget-raum.de\/shop\/produkt\/eijffinger-tapete-pip-4-375083-early-bird-gelb\/\" \/>\n<meta property=\"og:site_name\" content=\"Merget-Raumausstattung Mainaschaff\" \/>\n<meta property=\"article:modified_time\" content=\"2026-01-23T08:40:06+00:00\" \/>\n<meta property=\"og:image\" content=\"https:\/\/www.merget-raum.de\/shop\/wp-content\/uploads\/2019\/05\/eijffinger-eijffinger-tapete-pip-4-375083-early-bird-gelb.jpg\" \/>\n\t<meta property=\"og:image:width\" content=\"1118\" \/>\n\t<meta property=\"og:image:height\" content=\"1382\" \/>\n\t<meta property=\"og:image:type\" content=\"image\/jpeg\" \/>\n<meta name=\"twitter:card\" content=\"summary_large_image\" \/>\n<meta name=\"twitter:label1\" content=\"Gesch\u00e4tzte Lesezeit\" \/>\n\t<meta name=\"twitter:data1\" content=\"1\u00a0Minute\" \/>\n<script type=\"application\/ld+json\" class=\"yoast-schema-graph\">{\"@context\":\"https:\/\/schema.org\",\"@graph\":[{\"@type\":\"WebPage\",\"@id\":\"https:\/\/www.merget-raum.de\/shop\/produkt\/eijffinger-tapete-pip-4-375083-early-bird-gelb\/\",\"url\":\"https:\/\/www.merget-raum.de\/shop\/produkt\/eijffinger-tapete-pip-4-375083-early-bird-gelb\/\",\"name\":\"Eijffinger Tapete PIP 4 375083 - Early Bird (Gelb) - Merget-Raumausstattung Mainaschaff\",\"isPartOf\":{\"@id\":\"https:\/\/www.merget-raum.de\/shop\/#website\"},\"primaryImageOfPage\":{\"@id\":\"https:\/\/www.merget-raum.de\/shop\/produkt\/eijffinger-tapete-pip-4-375083-early-bird-gelb\/#primaryimage\"},\"image\":{\"@id\":\"https:\/\/www.merget-raum.de\/shop\/produkt\/eijffinger-tapete-pip-4-375083-early-bird-gelb\/#primaryimage\"},\"thumbnailUrl\":\"https:\/\/www.merget-raum.de\/shop\/wp-content\/uploads\/2019\/05\/eijffinger-eijffinger-tapete-pip-4-375083-early-bird-gelb.jpg\",\"datePublished\":\"2019-05-15T16:10:49+00:00\",\"dateModified\":\"2026-01-23T08:40:06+00:00\",\"description\":\"Eijffinger Tapete PIP 4 375083 - Early Bird (Gelb) - Merget-Raumausstattung Mainaschaff\",\"breadcrumb\":{\"@id\":\"https:\/\/www.merget-raum.de\/shop\/produkt\/eijffinger-tapete-pip-4-375083-early-bird-gelb\/#breadcrumb\"},\"inLanguage\":\"de\",\"potentialAction\":[{\"@type\":\"ReadAction\",\"target\":[\"https:\/\/www.merget-raum.de\/shop\/produkt\/eijffinger-tapete-pip-4-375083-early-bird-gelb\/\"]}]},{\"@type\":\"ImageObject\",\"inLanguage\":\"de\",\"@id\":\"https:\/\/www.merget-raum.de\/shop\/produkt\/eijffinger-tapete-pip-4-375083-early-bird-gelb\/#primaryimage\",\"url\":\"https:\/\/www.merget-raum.de\/shop\/wp-content\/uploads\/2019\/05\/eijffinger-eijffinger-tapete-pip-4-375083-early-bird-gelb.jpg\",\"contentUrl\":\"https:\/\/www.merget-raum.de\/shop\/wp-content\/uploads\/2019\/05\/eijffinger-eijffinger-tapete-pip-4-375083-early-bird-gelb.jpg\",\"width\":1118,\"height\":1382},{\"@type\":\"BreadcrumbList\",\"@id\":\"https:\/\/www.merget-raum.de\/shop\/produkt\/eijffinger-tapete-pip-4-375083-early-bird-gelb\/#breadcrumb\",\"itemListElement\":[{\"@type\":\"ListItem\",\"position\":1,\"name\":\"Startseite\",\"item\":\"https:\/\/www.merget-raum.de\/shop\/\"},{\"@type\":\"ListItem\",\"position\":2,\"name\":\"Shop\",\"item\":\"https:\/\/www.merget-raum.de\/shop\/\"},{\"@type\":\"ListItem\",\"position\":3,\"name\":\"Eijffinger Tapete PIP 4 375083 &#8211; Early Bird (Gelb)\"}]},{\"@type\":\"WebSite\",\"@id\":\"https:\/\/www.merget-raum.de\/shop\/#website\",\"url\":\"https:\/\/www.merget-raum.de\/shop\/\",\"name\":\"Merget-Raumausstattung Mainaschaff\",\"description\":\"Raumausstattung Merget Fachmarkt Mainaschaff &amp; Aschaffenburg\",\"potentialAction\":[{\"@type\":\"SearchAction\",\"target\":{\"@type\":\"EntryPoint\",\"urlTemplate\":\"https:\/\/www.merget-raum.de\/shop\/?s={search_term_string}\"},\"query-input\":{\"@type\":\"PropertyValueSpecification\",\"valueRequired\":true,\"valueName\":\"search_term_string\"}}],\"inLanguage\":\"de\"}]}<\/script>\n<!-- \/ Yoast SEO plugin. -->","yoast_head_json":{"title":"Eijffinger Tapete PIP 4 375083 - Early Bird (Gelb) - Merget-Raumausstattung Mainaschaff","description":"Eijffinger Tapete PIP 4 375083 - Early Bird (Gelb) - Merget-Raumausstattung Mainaschaff","robots":{"index":"index","follow":"follow","max-snippet":"max-snippet:-1","max-image-preview":"max-image-preview:large","max-video-preview":"max-video-preview:-1"},"canonical":"https:\/\/www.merget-raum.de\/shop\/produkt\/eijffinger-tapete-pip-4-375083-early-bird-gelb\/","og_locale":"de_DE","og_type":"article","og_title":"Eijffinger Tapete PIP 4 375083 - Early Bird (Gelb) - Merget-Raumausstattung Mainaschaff","og_description":"Eijffinger Tapete PIP 4 375083 - Early Bird (Gelb) - Merget-Raumausstattung Mainaschaff","og_url":"https:\/\/www.merget-raum.de\/shop\/produkt\/eijffinger-tapete-pip-4-375083-early-bird-gelb\/","og_site_name":"Merget-Raumausstattung Mainaschaff","article_modified_time":"2026-01-23T08:40:06+00:00","og_image":[{"width":1118,"height":1382,"url":"https:\/\/www.merget-raum.de\/shop\/wp-content\/uploads\/2019\/05\/eijffinger-eijffinger-tapete-pip-4-375083-early-bird-gelb.jpg","type":"image\/jpeg"}],"twitter_card":"summary_large_image","twitter_misc":{"Gesch\u00e4tzte Lesezeit":"1\u00a0Minute"},"schema":{"@context":"https:\/\/schema.org","@graph":[{"@type":"WebPage","@id":"https:\/\/www.merget-raum.de\/shop\/produkt\/eijffinger-tapete-pip-4-375083-early-bird-gelb\/","url":"https:\/\/www.merget-raum.de\/shop\/produkt\/eijffinger-tapete-pip-4-375083-early-bird-gelb\/","name":"Eijffinger Tapete PIP 4 375083 - Early Bird (Gelb) - Merget-Raumausstattung Mainaschaff","isPartOf":{"@id":"https:\/\/www.merget-raum.de\/shop\/#website"},"primaryImageOfPage":{"@id":"https:\/\/www.merget-raum.de\/shop\/produkt\/eijffinger-tapete-pip-4-375083-early-bird-gelb\/#primaryimage"},"image":{"@id":"https:\/\/www.merget-raum.de\/shop\/produkt\/eijffinger-tapete-pip-4-375083-early-bird-gelb\/#primaryimage"},"thumbnailUrl":"https:\/\/www.merget-raum.de\/shop\/wp-content\/uploads\/2019\/05\/eijffinger-eijffinger-tapete-pip-4-375083-early-bird-gelb.jpg","datePublished":"2019-05-15T16:10:49+00:00","dateModified":"2026-01-23T08:40:06+00:00","description":"Eijffinger Tapete PIP 4 375083 - Early Bird (Gelb) - Merget-Raumausstattung Mainaschaff","breadcrumb":{"@id":"https:\/\/www.merget-raum.de\/shop\/produkt\/eijffinger-tapete-pip-4-375083-early-bird-gelb\/#breadcrumb"},"inLanguage":"de","potentialAction":[{"@type":"ReadAction","target":["https:\/\/www.merget-raum.de\/shop\/produkt\/eijffinger-tapete-pip-4-375083-early-bird-gelb\/"]}]},{"@type":"ImageObject","inLanguage":"de","@id":"https:\/\/www.merget-raum.de\/shop\/produkt\/eijffinger-tapete-pip-4-375083-early-bird-gelb\/#primaryimage","url":"https:\/\/www.merget-raum.de\/shop\/wp-content\/uploads\/2019\/05\/eijffinger-eijffinger-tapete-pip-4-375083-early-bird-gelb.jpg","contentUrl":"https:\/\/www.merget-raum.de\/shop\/wp-content\/uploads\/2019\/05\/eijffinger-eijffinger-tapete-pip-4-375083-early-bird-gelb.jpg","width":1118,"height":1382},{"@type":"BreadcrumbList","@id":"https:\/\/www.merget-raum.de\/shop\/produkt\/eijffinger-tapete-pip-4-375083-early-bird-gelb\/#breadcrumb","itemListElement":[{"@type":"ListItem","position":1,"name":"Startseite","item":"https:\/\/www.merget-raum.de\/shop\/"},{"@type":"ListItem","position":2,"name":"Shop","item":"https:\/\/www.merget-raum.de\/shop\/"},{"@type":"ListItem","position":3,"name":"Eijffinger Tapete PIP 4 375083 &#8211; Early Bird (Gelb)"}]},{"@type":"WebSite","@id":"https:\/\/www.merget-raum.de\/shop\/#website","url":"https:\/\/www.merget-raum.de\/shop\/","name":"Merget-Raumausstattung Mainaschaff","description":"Raumausstattung Merget Fachmarkt Mainaschaff &amp; Aschaffenburg","potentialAction":[{"@type":"SearchAction","target":{"@type":"EntryPoint","urlTemplate":"https:\/\/www.merget-raum.de\/shop\/?s={search_term_string}"},"query-input":{"@type":"PropertyValueSpecification","valueRequired":true,"valueName":"search_term_string"}}],"inLanguage":"de"}]}},"_links":{"self":[{"href":"https:\/\/www.merget-raum.de\/shop\/wp-json\/wp\/v2\/product\/5753","targetHints":{"allow":["GET"]}}],"collection":[{"href":"https:\/\/www.merget-raum.de\/shop\/wp-json\/wp\/v2\/product"}],"about":[{"href":"https:\/\/www.merget-raum.de\/shop\/wp-json\/wp\/v2\/types\/product"}],"replies":[{"embeddable":true,"href":"https:\/\/www.merget-raum.de\/shop\/wp-json\/wp\/v2\/comments?post=5753"}],"wp:featuredmedia":[{"embeddable":true,"href":"https:\/\/www.merget-raum.de\/shop\/wp-json\/wp\/v2\/media\/5752"}],"wp:attachment":[{"href":"https:\/\/www.merget-raum.de\/shop\/wp-json\/wp\/v2\/media?parent=5753"}],"wp:term":[{"taxonomy":"product_brand","embeddable":true,"href":"https:\/\/www.merget-raum.de\/shop\/wp-json\/wp\/v2\/product_brand?post=5753"},{"taxonomy":"product_cat","embeddable":true,"href":"https:\/\/www.merget-raum.de\/shop\/wp-json\/wp\/v2\/product_cat?post=5753"},{"taxonomy":"product_tag","embeddable":true,"href":"https:\/\/www.merget-raum.de\/shop\/wp-json\/wp\/v2\/product_tag?post=5753"}],"curies":[{"name":"wp","href":"https:\/\/api.w.org\/{rel}","templated":true}]}}