{"id":5646,"date":"2019-05-15T18:09:04","date_gmt":"2019-05-15T16:09:04","guid":{"rendered":"https:\/\/www.merget-raum.de\/produkt\/eijffinger-tapete-pip-4-375012-spring-to-life-two-tone-blau\/"},"modified":"2026-01-23T09:48:15","modified_gmt":"2026-01-23T08:48:15","slug":"eijffinger-tapete-pip-4-375012-spring-to-life-two-tone-blau","status":"publish","type":"product","link":"https:\/\/www.merget-raum.de\/shop\/produkt\/eijffinger-tapete-pip-4-375012-spring-to-life-two-tone-blau\/","title":{"rendered":"Eijffinger Tapete PIP 4 375012 &#8211; Spring to Life Two Tone (Blau)"},"content":{"rendered":"<p>Die elegant monochrome Farbgebung stellt das Design der Pip Studio Tapete 375012 Spring to Life Two Tone in den Vordergrund. Dem klassischen Entwurf der Vliestapete wird durch die helle und klare Farbgebung ein ganz neuer Hauch gegeben, den Sie sonst nur schwer finden. Die Formstabilit\u00e4t der Vliestapete sorgt f\u00fcr eine einfache Anbringung, und die waschbest\u00e4ndige Tapete ist sogar f\u00fcr K\u00fcche und Bad geeignet. Entdecken Sie jetzt mit der Eijffinger Tapete 375012 einen modernen Klassiker f\u00fcr sich!<\/p>\n","protected":false},"excerpt":{"rendered":"<p>Die elegante Pip Studio 4 Tapete 375012 Spring to Life Two Tone mit monochromen Blumenwiesenmuster von Eijffinger ist ein Klassiker mit modernem Anstrich.<\/p>\n","protected":false},"featured_media":5645,"comment_status":"open","ping_status":"closed","template":"","meta":[],"product_brand":[],"product_cat":[179],"product_tag":[],"class_list":{"0":"post-5646","1":"product","2":"type-product","3":"status-publish","4":"has-post-thumbnail","6":"product_cat-tapeten","7":"product_shipping_class-1-3-werktagen","8":"pa_abmessung-1000-x-52-cm","9":"pa_ean-1076","10":"pa_farbe-blau","11":"pa_filterfarbe-blau","12":"pa_hersteller-eijffinger","13":"pa_kollektion-pip-4","14":"pa_marke-eijffinger","15":"pa_material-vlies","16":"pa_muster-design-dekor-floral","18":"first","19":"instock","20":"taxable","21":"shipping-taxable","22":"purchasable","23":"product-type-simple"},"yoast_head":"<!-- This site is optimized with the Yoast SEO plugin v27.2 - https:\/\/yoast.com\/product\/yoast-seo-wordpress\/ -->\n<title>Eijffinger Tapete PIP 4 375012 - Spring to Life Two Tone (Blau) - Merget-Raumausstattung Mainaschaff<\/title>\n<meta name=\"description\" content=\"Eijffinger Tapete PIP 4 375012 - Spring to Life Two Tone (Blau) - Merget-Raumausstattung Mainaschaff\" \/>\n<meta name=\"robots\" content=\"index, follow, max-snippet:-1, max-image-preview:large, max-video-preview:-1\" \/>\n<link rel=\"canonical\" href=\"https:\/\/www.merget-raum.de\/shop\/produkt\/eijffinger-tapete-pip-4-375012-spring-to-life-two-tone-blau\/\" \/>\n<meta property=\"og:locale\" content=\"de_DE\" \/>\n<meta property=\"og:type\" content=\"article\" \/>\n<meta property=\"og:title\" content=\"Eijffinger Tapete PIP 4 375012 - Spring to Life Two Tone (Blau) - Merget-Raumausstattung Mainaschaff\" \/>\n<meta property=\"og:description\" content=\"Eijffinger Tapete PIP 4 375012 - Spring to Life Two Tone (Blau) - Merget-Raumausstattung Mainaschaff\" \/>\n<meta property=\"og:url\" content=\"https:\/\/www.merget-raum.de\/shop\/produkt\/eijffinger-tapete-pip-4-375012-spring-to-life-two-tone-blau\/\" \/>\n<meta property=\"og:site_name\" content=\"Merget-Raumausstattung Mainaschaff\" \/>\n<meta property=\"article:modified_time\" content=\"2026-01-23T08:48:15+00:00\" \/>\n<meta property=\"og:image\" content=\"https:\/\/www.merget-raum.de\/shop\/wp-content\/uploads\/2019\/05\/eijffinger-eijffinger-tapete-pip-4-375012-spring-to-life-two-tone-blau.jpg\" \/>\n\t<meta property=\"og:image:width\" content=\"1118\" \/>\n\t<meta property=\"og:image:height\" content=\"1382\" \/>\n\t<meta property=\"og:image:type\" content=\"image\/jpeg\" \/>\n<meta name=\"twitter:card\" content=\"summary_large_image\" \/>\n<meta name=\"twitter:label1\" content=\"Gesch\u00e4tzte Lesezeit\" \/>\n\t<meta name=\"twitter:data1\" content=\"1\u00a0Minute\" \/>\n<script type=\"application\/ld+json\" class=\"yoast-schema-graph\">{\"@context\":\"https:\/\/schema.org\",\"@graph\":[{\"@type\":\"WebPage\",\"@id\":\"https:\/\/www.merget-raum.de\/shop\/produkt\/eijffinger-tapete-pip-4-375012-spring-to-life-two-tone-blau\/\",\"url\":\"https:\/\/www.merget-raum.de\/shop\/produkt\/eijffinger-tapete-pip-4-375012-spring-to-life-two-tone-blau\/\",\"name\":\"Eijffinger Tapete PIP 4 375012 - Spring to Life Two Tone (Blau) - Merget-Raumausstattung Mainaschaff\",\"isPartOf\":{\"@id\":\"https:\/\/www.merget-raum.de\/shop\/#website\"},\"primaryImageOfPage\":{\"@id\":\"https:\/\/www.merget-raum.de\/shop\/produkt\/eijffinger-tapete-pip-4-375012-spring-to-life-two-tone-blau\/#primaryimage\"},\"image\":{\"@id\":\"https:\/\/www.merget-raum.de\/shop\/produkt\/eijffinger-tapete-pip-4-375012-spring-to-life-two-tone-blau\/#primaryimage\"},\"thumbnailUrl\":\"https:\/\/www.merget-raum.de\/shop\/wp-content\/uploads\/2019\/05\/eijffinger-eijffinger-tapete-pip-4-375012-spring-to-life-two-tone-blau.jpg\",\"datePublished\":\"2019-05-15T16:09:04+00:00\",\"dateModified\":\"2026-01-23T08:48:15+00:00\",\"description\":\"Eijffinger Tapete PIP 4 375012 - Spring to Life Two Tone (Blau) - Merget-Raumausstattung Mainaschaff\",\"breadcrumb\":{\"@id\":\"https:\/\/www.merget-raum.de\/shop\/produkt\/eijffinger-tapete-pip-4-375012-spring-to-life-two-tone-blau\/#breadcrumb\"},\"inLanguage\":\"de\",\"potentialAction\":[{\"@type\":\"ReadAction\",\"target\":[\"https:\/\/www.merget-raum.de\/shop\/produkt\/eijffinger-tapete-pip-4-375012-spring-to-life-two-tone-blau\/\"]}]},{\"@type\":\"ImageObject\",\"inLanguage\":\"de\",\"@id\":\"https:\/\/www.merget-raum.de\/shop\/produkt\/eijffinger-tapete-pip-4-375012-spring-to-life-two-tone-blau\/#primaryimage\",\"url\":\"https:\/\/www.merget-raum.de\/shop\/wp-content\/uploads\/2019\/05\/eijffinger-eijffinger-tapete-pip-4-375012-spring-to-life-two-tone-blau.jpg\",\"contentUrl\":\"https:\/\/www.merget-raum.de\/shop\/wp-content\/uploads\/2019\/05\/eijffinger-eijffinger-tapete-pip-4-375012-spring-to-life-two-tone-blau.jpg\",\"width\":1118,\"height\":1382},{\"@type\":\"BreadcrumbList\",\"@id\":\"https:\/\/www.merget-raum.de\/shop\/produkt\/eijffinger-tapete-pip-4-375012-spring-to-life-two-tone-blau\/#breadcrumb\",\"itemListElement\":[{\"@type\":\"ListItem\",\"position\":1,\"name\":\"Startseite\",\"item\":\"https:\/\/www.merget-raum.de\/shop\/\"},{\"@type\":\"ListItem\",\"position\":2,\"name\":\"Shop\",\"item\":\"https:\/\/www.merget-raum.de\/shop\/\"},{\"@type\":\"ListItem\",\"position\":3,\"name\":\"Eijffinger Tapete PIP 4 375012 &#8211; Spring to Life Two Tone (Blau)\"}]},{\"@type\":\"WebSite\",\"@id\":\"https:\/\/www.merget-raum.de\/shop\/#website\",\"url\":\"https:\/\/www.merget-raum.de\/shop\/\",\"name\":\"Merget-Raumausstattung Mainaschaff\",\"description\":\"Raumausstattung Merget Fachmarkt Mainaschaff &amp; Aschaffenburg\",\"potentialAction\":[{\"@type\":\"SearchAction\",\"target\":{\"@type\":\"EntryPoint\",\"urlTemplate\":\"https:\/\/www.merget-raum.de\/shop\/?s={search_term_string}\"},\"query-input\":{\"@type\":\"PropertyValueSpecification\",\"valueRequired\":true,\"valueName\":\"search_term_string\"}}],\"inLanguage\":\"de\"}]}<\/script>\n<!-- \/ Yoast SEO plugin. -->","yoast_head_json":{"title":"Eijffinger Tapete PIP 4 375012 - Spring to Life Two Tone (Blau) - Merget-Raumausstattung Mainaschaff","description":"Eijffinger Tapete PIP 4 375012 - Spring to Life Two Tone (Blau) - Merget-Raumausstattung Mainaschaff","robots":{"index":"index","follow":"follow","max-snippet":"max-snippet:-1","max-image-preview":"max-image-preview:large","max-video-preview":"max-video-preview:-1"},"canonical":"https:\/\/www.merget-raum.de\/shop\/produkt\/eijffinger-tapete-pip-4-375012-spring-to-life-two-tone-blau\/","og_locale":"de_DE","og_type":"article","og_title":"Eijffinger Tapete PIP 4 375012 - Spring to Life Two Tone (Blau) - Merget-Raumausstattung Mainaschaff","og_description":"Eijffinger Tapete PIP 4 375012 - Spring to Life Two Tone (Blau) - Merget-Raumausstattung Mainaschaff","og_url":"https:\/\/www.merget-raum.de\/shop\/produkt\/eijffinger-tapete-pip-4-375012-spring-to-life-two-tone-blau\/","og_site_name":"Merget-Raumausstattung Mainaschaff","article_modified_time":"2026-01-23T08:48:15+00:00","og_image":[{"width":1118,"height":1382,"url":"https:\/\/www.merget-raum.de\/shop\/wp-content\/uploads\/2019\/05\/eijffinger-eijffinger-tapete-pip-4-375012-spring-to-life-two-tone-blau.jpg","type":"image\/jpeg"}],"twitter_card":"summary_large_image","twitter_misc":{"Gesch\u00e4tzte Lesezeit":"1\u00a0Minute"},"schema":{"@context":"https:\/\/schema.org","@graph":[{"@type":"WebPage","@id":"https:\/\/www.merget-raum.de\/shop\/produkt\/eijffinger-tapete-pip-4-375012-spring-to-life-two-tone-blau\/","url":"https:\/\/www.merget-raum.de\/shop\/produkt\/eijffinger-tapete-pip-4-375012-spring-to-life-two-tone-blau\/","name":"Eijffinger Tapete PIP 4 375012 - Spring to Life Two Tone (Blau) - Merget-Raumausstattung Mainaschaff","isPartOf":{"@id":"https:\/\/www.merget-raum.de\/shop\/#website"},"primaryImageOfPage":{"@id":"https:\/\/www.merget-raum.de\/shop\/produkt\/eijffinger-tapete-pip-4-375012-spring-to-life-two-tone-blau\/#primaryimage"},"image":{"@id":"https:\/\/www.merget-raum.de\/shop\/produkt\/eijffinger-tapete-pip-4-375012-spring-to-life-two-tone-blau\/#primaryimage"},"thumbnailUrl":"https:\/\/www.merget-raum.de\/shop\/wp-content\/uploads\/2019\/05\/eijffinger-eijffinger-tapete-pip-4-375012-spring-to-life-two-tone-blau.jpg","datePublished":"2019-05-15T16:09:04+00:00","dateModified":"2026-01-23T08:48:15+00:00","description":"Eijffinger Tapete PIP 4 375012 - Spring to Life Two Tone (Blau) - Merget-Raumausstattung Mainaschaff","breadcrumb":{"@id":"https:\/\/www.merget-raum.de\/shop\/produkt\/eijffinger-tapete-pip-4-375012-spring-to-life-two-tone-blau\/#breadcrumb"},"inLanguage":"de","potentialAction":[{"@type":"ReadAction","target":["https:\/\/www.merget-raum.de\/shop\/produkt\/eijffinger-tapete-pip-4-375012-spring-to-life-two-tone-blau\/"]}]},{"@type":"ImageObject","inLanguage":"de","@id":"https:\/\/www.merget-raum.de\/shop\/produkt\/eijffinger-tapete-pip-4-375012-spring-to-life-two-tone-blau\/#primaryimage","url":"https:\/\/www.merget-raum.de\/shop\/wp-content\/uploads\/2019\/05\/eijffinger-eijffinger-tapete-pip-4-375012-spring-to-life-two-tone-blau.jpg","contentUrl":"https:\/\/www.merget-raum.de\/shop\/wp-content\/uploads\/2019\/05\/eijffinger-eijffinger-tapete-pip-4-375012-spring-to-life-two-tone-blau.jpg","width":1118,"height":1382},{"@type":"BreadcrumbList","@id":"https:\/\/www.merget-raum.de\/shop\/produkt\/eijffinger-tapete-pip-4-375012-spring-to-life-two-tone-blau\/#breadcrumb","itemListElement":[{"@type":"ListItem","position":1,"name":"Startseite","item":"https:\/\/www.merget-raum.de\/shop\/"},{"@type":"ListItem","position":2,"name":"Shop","item":"https:\/\/www.merget-raum.de\/shop\/"},{"@type":"ListItem","position":3,"name":"Eijffinger Tapete PIP 4 375012 &#8211; Spring to Life Two Tone (Blau)"}]},{"@type":"WebSite","@id":"https:\/\/www.merget-raum.de\/shop\/#website","url":"https:\/\/www.merget-raum.de\/shop\/","name":"Merget-Raumausstattung Mainaschaff","description":"Raumausstattung Merget Fachmarkt Mainaschaff &amp; Aschaffenburg","potentialAction":[{"@type":"SearchAction","target":{"@type":"EntryPoint","urlTemplate":"https:\/\/www.merget-raum.de\/shop\/?s={search_term_string}"},"query-input":{"@type":"PropertyValueSpecification","valueRequired":true,"valueName":"search_term_string"}}],"inLanguage":"de"}]}},"_links":{"self":[{"href":"https:\/\/www.merget-raum.de\/shop\/wp-json\/wp\/v2\/product\/5646","targetHints":{"allow":["GET"]}}],"collection":[{"href":"https:\/\/www.merget-raum.de\/shop\/wp-json\/wp\/v2\/product"}],"about":[{"href":"https:\/\/www.merget-raum.de\/shop\/wp-json\/wp\/v2\/types\/product"}],"replies":[{"embeddable":true,"href":"https:\/\/www.merget-raum.de\/shop\/wp-json\/wp\/v2\/comments?post=5646"}],"wp:featuredmedia":[{"embeddable":true,"href":"https:\/\/www.merget-raum.de\/shop\/wp-json\/wp\/v2\/media\/5645"}],"wp:attachment":[{"href":"https:\/\/www.merget-raum.de\/shop\/wp-json\/wp\/v2\/media?parent=5646"}],"wp:term":[{"taxonomy":"product_brand","embeddable":true,"href":"https:\/\/www.merget-raum.de\/shop\/wp-json\/wp\/v2\/product_brand?post=5646"},{"taxonomy":"product_cat","embeddable":true,"href":"https:\/\/www.merget-raum.de\/shop\/wp-json\/wp\/v2\/product_cat?post=5646"},{"taxonomy":"product_tag","embeddable":true,"href":"https:\/\/www.merget-raum.de\/shop\/wp-json\/wp\/v2\/product_tag?post=5646"}],"curies":[{"name":"wp","href":"https:\/\/api.w.org\/{rel}","templated":true}]}}