{"id":5594,"date":"2019-05-15T18:08:10","date_gmt":"2019-05-15T16:08:10","guid":{"rendered":"https:\/\/www.merget-raum.de\/produkt\/eijffinger-vliestapete-reunited-372589-beton-optik-graublau\/"},"modified":"2026-01-23T09:53:14","modified_gmt":"2026-01-23T08:53:14","slug":"eijffinger-vliestapete-reunited-372589-beton-optik-graublau","status":"publish","type":"product","link":"https:\/\/www.merget-raum.de\/shop\/produkt\/eijffinger-vliestapete-reunited-372589-beton-optik-graublau\/","title":{"rendered":"Eijffinger Vliestapete Reunited 372589 &#8211; Beton Optik (Graublau)"},"content":{"rendered":"<p>Beton muss schon l\u00e4ngst nicht mehr versteckt werden als einfaches Baumaterial, Beton wird inzwischen von Innenarchitekten weltweit genutzt, und das k\u00f6nnen Sie auch. Die Vliestapete 372589 aus der Reunited Kollektion bietet Ihnen \u00fcberzeugende Beton Optik mit der Sie unkompliziert in Ihrem Zuhause arbeiten k\u00f6nnen. Die Vliestapete l\u00e4sst sich spielend leicht anbringen und ist sogar f\u00fcr K\u00fcche und Bad geeignet. Nutzten Sie jetzt die moderne Wirkung einer Wand in Beton Optik f\u00fcr sich mit der Tapete 372589 von Eijffinger!<\/p>\n","protected":false},"excerpt":{"rendered":"<p>Die schlichte Reunited Tapete 372589 mit Beton Optik von Eijffinger zeigt die gestalterische Kraft von Beton bei der Inneneinrichtung.<\/p>\n","protected":false},"featured_media":5591,"comment_status":"open","ping_status":"closed","template":"","meta":[],"product_brand":[],"product_cat":[179],"product_tag":[],"class_list":{"0":"post-5594","1":"product","2":"type-product","3":"status-publish","4":"has-post-thumbnail","6":"product_cat-tapeten","7":"product_shipping_class-1-3-werktagen","8":"pa_abmessung-1000-x-52-cm","9":"pa_ean-1060","10":"pa_farbe-graublau","11":"pa_filterfarbe-grau","12":"pa_hersteller-eijffinger","13":"pa_kollektion-reunited","14":"pa_marke-eijffinger","15":"pa_material-vlies","16":"pa_muster-design-dekor-unis","18":"first","19":"instock","20":"taxable","21":"shipping-taxable","22":"purchasable","23":"product-type-simple"},"yoast_head":"<!-- This site is optimized with the Yoast SEO plugin v27.2 - https:\/\/yoast.com\/product\/yoast-seo-wordpress\/ -->\n<title>Eijffinger Vliestapete Reunited 372589 - Beton Optik (Graublau) - Merget-Raumausstattung Mainaschaff<\/title>\n<meta name=\"description\" content=\"Eijffinger Vliestapete Reunited 372589 - Beton Optik (Graublau) - Merget-Raumausstattung Mainaschaff\" \/>\n<meta name=\"robots\" content=\"index, follow, max-snippet:-1, max-image-preview:large, max-video-preview:-1\" \/>\n<link rel=\"canonical\" href=\"https:\/\/www.merget-raum.de\/shop\/produkt\/eijffinger-vliestapete-reunited-372589-beton-optik-graublau\/\" \/>\n<meta property=\"og:locale\" content=\"de_DE\" \/>\n<meta property=\"og:type\" content=\"article\" \/>\n<meta property=\"og:title\" content=\"Eijffinger Vliestapete Reunited 372589 - Beton Optik (Graublau) - Merget-Raumausstattung Mainaschaff\" \/>\n<meta property=\"og:description\" content=\"Eijffinger Vliestapete Reunited 372589 - Beton Optik (Graublau) - Merget-Raumausstattung Mainaschaff\" \/>\n<meta property=\"og:url\" content=\"https:\/\/www.merget-raum.de\/shop\/produkt\/eijffinger-vliestapete-reunited-372589-beton-optik-graublau\/\" \/>\n<meta property=\"og:site_name\" content=\"Merget-Raumausstattung Mainaschaff\" \/>\n<meta property=\"article:modified_time\" content=\"2026-01-23T08:53:14+00:00\" \/>\n<meta property=\"og:image\" content=\"https:\/\/www.merget-raum.de\/shop\/wp-content\/uploads\/2019\/05\/eijffinger-eijffinger-vliestapete-reunited-372589-beton-optik-graublau.jpg\" \/>\n\t<meta property=\"og:image:width\" content=\"1118\" \/>\n\t<meta property=\"og:image:height\" content=\"1381\" \/>\n\t<meta property=\"og:image:type\" content=\"image\/jpeg\" \/>\n<meta name=\"twitter:card\" content=\"summary_large_image\" \/>\n<meta name=\"twitter:label1\" content=\"Gesch\u00e4tzte Lesezeit\" \/>\n\t<meta name=\"twitter:data1\" content=\"1\u00a0Minute\" \/>\n<script type=\"application\/ld+json\" class=\"yoast-schema-graph\">{\"@context\":\"https:\/\/schema.org\",\"@graph\":[{\"@type\":\"WebPage\",\"@id\":\"https:\/\/www.merget-raum.de\/shop\/produkt\/eijffinger-vliestapete-reunited-372589-beton-optik-graublau\/\",\"url\":\"https:\/\/www.merget-raum.de\/shop\/produkt\/eijffinger-vliestapete-reunited-372589-beton-optik-graublau\/\",\"name\":\"Eijffinger Vliestapete Reunited 372589 - Beton Optik (Graublau) - Merget-Raumausstattung Mainaschaff\",\"isPartOf\":{\"@id\":\"https:\/\/www.merget-raum.de\/shop\/#website\"},\"primaryImageOfPage\":{\"@id\":\"https:\/\/www.merget-raum.de\/shop\/produkt\/eijffinger-vliestapete-reunited-372589-beton-optik-graublau\/#primaryimage\"},\"image\":{\"@id\":\"https:\/\/www.merget-raum.de\/shop\/produkt\/eijffinger-vliestapete-reunited-372589-beton-optik-graublau\/#primaryimage\"},\"thumbnailUrl\":\"https:\/\/www.merget-raum.de\/shop\/wp-content\/uploads\/2019\/05\/eijffinger-eijffinger-vliestapete-reunited-372589-beton-optik-graublau.jpg\",\"datePublished\":\"2019-05-15T16:08:10+00:00\",\"dateModified\":\"2026-01-23T08:53:14+00:00\",\"description\":\"Eijffinger Vliestapete Reunited 372589 - Beton Optik (Graublau) - Merget-Raumausstattung Mainaschaff\",\"breadcrumb\":{\"@id\":\"https:\/\/www.merget-raum.de\/shop\/produkt\/eijffinger-vliestapete-reunited-372589-beton-optik-graublau\/#breadcrumb\"},\"inLanguage\":\"de\",\"potentialAction\":[{\"@type\":\"ReadAction\",\"target\":[\"https:\/\/www.merget-raum.de\/shop\/produkt\/eijffinger-vliestapete-reunited-372589-beton-optik-graublau\/\"]}]},{\"@type\":\"ImageObject\",\"inLanguage\":\"de\",\"@id\":\"https:\/\/www.merget-raum.de\/shop\/produkt\/eijffinger-vliestapete-reunited-372589-beton-optik-graublau\/#primaryimage\",\"url\":\"https:\/\/www.merget-raum.de\/shop\/wp-content\/uploads\/2019\/05\/eijffinger-eijffinger-vliestapete-reunited-372589-beton-optik-graublau.jpg\",\"contentUrl\":\"https:\/\/www.merget-raum.de\/shop\/wp-content\/uploads\/2019\/05\/eijffinger-eijffinger-vliestapete-reunited-372589-beton-optik-graublau.jpg\",\"width\":1118,\"height\":1381},{\"@type\":\"BreadcrumbList\",\"@id\":\"https:\/\/www.merget-raum.de\/shop\/produkt\/eijffinger-vliestapete-reunited-372589-beton-optik-graublau\/#breadcrumb\",\"itemListElement\":[{\"@type\":\"ListItem\",\"position\":1,\"name\":\"Startseite\",\"item\":\"https:\/\/www.merget-raum.de\/shop\/\"},{\"@type\":\"ListItem\",\"position\":2,\"name\":\"Shop\",\"item\":\"https:\/\/www.merget-raum.de\/shop\/\"},{\"@type\":\"ListItem\",\"position\":3,\"name\":\"Eijffinger Vliestapete Reunited 372589 &#8211; Beton Optik (Graublau)\"}]},{\"@type\":\"WebSite\",\"@id\":\"https:\/\/www.merget-raum.de\/shop\/#website\",\"url\":\"https:\/\/www.merget-raum.de\/shop\/\",\"name\":\"Merget-Raumausstattung Mainaschaff\",\"description\":\"Raumausstattung Merget Fachmarkt Mainaschaff &amp; Aschaffenburg\",\"potentialAction\":[{\"@type\":\"SearchAction\",\"target\":{\"@type\":\"EntryPoint\",\"urlTemplate\":\"https:\/\/www.merget-raum.de\/shop\/?s={search_term_string}\"},\"query-input\":{\"@type\":\"PropertyValueSpecification\",\"valueRequired\":true,\"valueName\":\"search_term_string\"}}],\"inLanguage\":\"de\"}]}<\/script>\n<!-- \/ Yoast SEO plugin. -->","yoast_head_json":{"title":"Eijffinger Vliestapete Reunited 372589 - Beton Optik (Graublau) - Merget-Raumausstattung Mainaschaff","description":"Eijffinger Vliestapete Reunited 372589 - Beton Optik (Graublau) - Merget-Raumausstattung Mainaschaff","robots":{"index":"index","follow":"follow","max-snippet":"max-snippet:-1","max-image-preview":"max-image-preview:large","max-video-preview":"max-video-preview:-1"},"canonical":"https:\/\/www.merget-raum.de\/shop\/produkt\/eijffinger-vliestapete-reunited-372589-beton-optik-graublau\/","og_locale":"de_DE","og_type":"article","og_title":"Eijffinger Vliestapete Reunited 372589 - Beton Optik (Graublau) - Merget-Raumausstattung Mainaschaff","og_description":"Eijffinger Vliestapete Reunited 372589 - Beton Optik (Graublau) - Merget-Raumausstattung Mainaschaff","og_url":"https:\/\/www.merget-raum.de\/shop\/produkt\/eijffinger-vliestapete-reunited-372589-beton-optik-graublau\/","og_site_name":"Merget-Raumausstattung Mainaschaff","article_modified_time":"2026-01-23T08:53:14+00:00","og_image":[{"width":1118,"height":1381,"url":"https:\/\/www.merget-raum.de\/shop\/wp-content\/uploads\/2019\/05\/eijffinger-eijffinger-vliestapete-reunited-372589-beton-optik-graublau.jpg","type":"image\/jpeg"}],"twitter_card":"summary_large_image","twitter_misc":{"Gesch\u00e4tzte Lesezeit":"1\u00a0Minute"},"schema":{"@context":"https:\/\/schema.org","@graph":[{"@type":"WebPage","@id":"https:\/\/www.merget-raum.de\/shop\/produkt\/eijffinger-vliestapete-reunited-372589-beton-optik-graublau\/","url":"https:\/\/www.merget-raum.de\/shop\/produkt\/eijffinger-vliestapete-reunited-372589-beton-optik-graublau\/","name":"Eijffinger Vliestapete Reunited 372589 - Beton Optik (Graublau) - Merget-Raumausstattung Mainaschaff","isPartOf":{"@id":"https:\/\/www.merget-raum.de\/shop\/#website"},"primaryImageOfPage":{"@id":"https:\/\/www.merget-raum.de\/shop\/produkt\/eijffinger-vliestapete-reunited-372589-beton-optik-graublau\/#primaryimage"},"image":{"@id":"https:\/\/www.merget-raum.de\/shop\/produkt\/eijffinger-vliestapete-reunited-372589-beton-optik-graublau\/#primaryimage"},"thumbnailUrl":"https:\/\/www.merget-raum.de\/shop\/wp-content\/uploads\/2019\/05\/eijffinger-eijffinger-vliestapete-reunited-372589-beton-optik-graublau.jpg","datePublished":"2019-05-15T16:08:10+00:00","dateModified":"2026-01-23T08:53:14+00:00","description":"Eijffinger Vliestapete Reunited 372589 - Beton Optik (Graublau) - Merget-Raumausstattung Mainaschaff","breadcrumb":{"@id":"https:\/\/www.merget-raum.de\/shop\/produkt\/eijffinger-vliestapete-reunited-372589-beton-optik-graublau\/#breadcrumb"},"inLanguage":"de","potentialAction":[{"@type":"ReadAction","target":["https:\/\/www.merget-raum.de\/shop\/produkt\/eijffinger-vliestapete-reunited-372589-beton-optik-graublau\/"]}]},{"@type":"ImageObject","inLanguage":"de","@id":"https:\/\/www.merget-raum.de\/shop\/produkt\/eijffinger-vliestapete-reunited-372589-beton-optik-graublau\/#primaryimage","url":"https:\/\/www.merget-raum.de\/shop\/wp-content\/uploads\/2019\/05\/eijffinger-eijffinger-vliestapete-reunited-372589-beton-optik-graublau.jpg","contentUrl":"https:\/\/www.merget-raum.de\/shop\/wp-content\/uploads\/2019\/05\/eijffinger-eijffinger-vliestapete-reunited-372589-beton-optik-graublau.jpg","width":1118,"height":1381},{"@type":"BreadcrumbList","@id":"https:\/\/www.merget-raum.de\/shop\/produkt\/eijffinger-vliestapete-reunited-372589-beton-optik-graublau\/#breadcrumb","itemListElement":[{"@type":"ListItem","position":1,"name":"Startseite","item":"https:\/\/www.merget-raum.de\/shop\/"},{"@type":"ListItem","position":2,"name":"Shop","item":"https:\/\/www.merget-raum.de\/shop\/"},{"@type":"ListItem","position":3,"name":"Eijffinger Vliestapete Reunited 372589 &#8211; Beton Optik (Graublau)"}]},{"@type":"WebSite","@id":"https:\/\/www.merget-raum.de\/shop\/#website","url":"https:\/\/www.merget-raum.de\/shop\/","name":"Merget-Raumausstattung Mainaschaff","description":"Raumausstattung Merget Fachmarkt Mainaschaff &amp; Aschaffenburg","potentialAction":[{"@type":"SearchAction","target":{"@type":"EntryPoint","urlTemplate":"https:\/\/www.merget-raum.de\/shop\/?s={search_term_string}"},"query-input":{"@type":"PropertyValueSpecification","valueRequired":true,"valueName":"search_term_string"}}],"inLanguage":"de"}]}},"_links":{"self":[{"href":"https:\/\/www.merget-raum.de\/shop\/wp-json\/wp\/v2\/product\/5594","targetHints":{"allow":["GET"]}}],"collection":[{"href":"https:\/\/www.merget-raum.de\/shop\/wp-json\/wp\/v2\/product"}],"about":[{"href":"https:\/\/www.merget-raum.de\/shop\/wp-json\/wp\/v2\/types\/product"}],"replies":[{"embeddable":true,"href":"https:\/\/www.merget-raum.de\/shop\/wp-json\/wp\/v2\/comments?post=5594"}],"wp:featuredmedia":[{"embeddable":true,"href":"https:\/\/www.merget-raum.de\/shop\/wp-json\/wp\/v2\/media\/5591"}],"wp:attachment":[{"href":"https:\/\/www.merget-raum.de\/shop\/wp-json\/wp\/v2\/media?parent=5594"}],"wp:term":[{"taxonomy":"product_brand","embeddable":true,"href":"https:\/\/www.merget-raum.de\/shop\/wp-json\/wp\/v2\/product_brand?post=5594"},{"taxonomy":"product_cat","embeddable":true,"href":"https:\/\/www.merget-raum.de\/shop\/wp-json\/wp\/v2\/product_cat?post=5594"},{"taxonomy":"product_tag","embeddable":true,"href":"https:\/\/www.merget-raum.de\/shop\/wp-json\/wp\/v2\/product_tag?post=5594"}],"curies":[{"name":"wp","href":"https:\/\/api.w.org\/{rel}","templated":true}]}}