{"id":5510,"date":"2019-05-15T18:06:42","date_gmt":"2019-05-15T16:06:42","guid":{"rendered":"https:\/\/www.merget-raum.de\/produkt\/eijffinger-vliestapete-reunited-372554-knitteroptik-eisgrau\/"},"modified":"2026-01-23T10:08:01","modified_gmt":"2026-01-23T09:08:01","slug":"eijffinger-vliestapete-reunited-372554-knitteroptik-eisgrau","status":"publish","type":"product","link":"https:\/\/www.merget-raum.de\/shop\/produkt\/eijffinger-vliestapete-reunited-372554-knitteroptik-eisgrau\/","title":{"rendered":"Eijffinger Vliestapete Reunited 372554 &#8211; Knitteroptik (Eisgrau)"},"content":{"rendered":"<p>Die Falten der Vliestapete 372554, welche fast schon an Baumrinde erinnern, werfen Schatten auf die Tapete oder reflektieren das Licht elegant in den Raum. Die einzigartige Optik der Reunited Tapete wird erg\u00e4nzt durch eine schlichte und geschmackvolle Farbgebung die perfekt zu der Tapete passt. Die Vliestapete l\u00e4sst sich spielend leicht anbringen und ist sogar f\u00fcr K\u00fcche und Bad geeignet. Erleben Sie das Spiel von Licht und Schatten in Ihrem Zuhause mit der Eijffinger Tapete 372554!<\/p>\n","protected":false},"excerpt":{"rendered":"<p>Die elegante Reunited Tapete 372554 mit Falten Struktur von Eijffinger verbindet eine hochwertige Oberfl\u00e4chenstruktur mit einer edlen Farbgebung.<\/p>\n","protected":false},"featured_media":5509,"comment_status":"open","ping_status":"closed","template":"","meta":[],"product_brand":[],"product_cat":[179],"product_tag":[],"class_list":{"0":"post-5510","1":"product","2":"type-product","3":"status-publish","4":"has-post-thumbnail","6":"product_cat-tapeten","7":"product_shipping_class-1-3-werktagen","8":"pa_abmessung-1000-x-52-cm","9":"pa_ean-1040","10":"pa_farbe-eisgrau","11":"pa_filterfarbe-grau","12":"pa_hersteller-eijffinger","13":"pa_kollektion-reunited","14":"pa_marke-eijffinger","15":"pa_material-vlies","16":"pa_muster-design-dekor-unis","18":"first","19":"instock","20":"taxable","21":"shipping-taxable","22":"purchasable","23":"product-type-simple"},"yoast_head":"<!-- This site is optimized with the Yoast SEO plugin v27.2 - https:\/\/yoast.com\/product\/yoast-seo-wordpress\/ -->\n<title>Eijffinger Vliestapete Reunited 372554 - Knitteroptik (Eisgrau) - Merget-Raumausstattung Mainaschaff<\/title>\n<meta name=\"description\" content=\"Eijffinger Vliestapete Reunited 372554 - Knitteroptik (Eisgrau) - Merget-Raumausstattung Mainaschaff\" \/>\n<meta name=\"robots\" content=\"index, follow, max-snippet:-1, max-image-preview:large, max-video-preview:-1\" \/>\n<link rel=\"canonical\" href=\"https:\/\/www.merget-raum.de\/shop\/produkt\/eijffinger-vliestapete-reunited-372554-knitteroptik-eisgrau\/\" \/>\n<meta property=\"og:locale\" content=\"de_DE\" \/>\n<meta property=\"og:type\" content=\"article\" \/>\n<meta property=\"og:title\" content=\"Eijffinger Vliestapete Reunited 372554 - Knitteroptik (Eisgrau) - Merget-Raumausstattung Mainaschaff\" \/>\n<meta property=\"og:description\" content=\"Eijffinger Vliestapete Reunited 372554 - Knitteroptik (Eisgrau) - Merget-Raumausstattung Mainaschaff\" \/>\n<meta property=\"og:url\" content=\"https:\/\/www.merget-raum.de\/shop\/produkt\/eijffinger-vliestapete-reunited-372554-knitteroptik-eisgrau\/\" \/>\n<meta property=\"og:site_name\" content=\"Merget-Raumausstattung Mainaschaff\" \/>\n<meta property=\"article:modified_time\" content=\"2026-01-23T09:08:01+00:00\" \/>\n<meta property=\"og:image\" content=\"https:\/\/www.merget-raum.de\/shop\/wp-content\/uploads\/2019\/05\/eijffinger-eijffinger-vliestapete-reunited-372554-knitteroptik-eisgrau.jpg\" \/>\n\t<meta property=\"og:image:width\" content=\"1118\" \/>\n\t<meta property=\"og:image:height\" content=\"1381\" \/>\n\t<meta property=\"og:image:type\" content=\"image\/jpeg\" \/>\n<meta name=\"twitter:card\" content=\"summary_large_image\" \/>\n<meta name=\"twitter:label1\" content=\"Gesch\u00e4tzte Lesezeit\" \/>\n\t<meta name=\"twitter:data1\" content=\"1\u00a0Minute\" \/>\n<script type=\"application\/ld+json\" class=\"yoast-schema-graph\">{\"@context\":\"https:\/\/schema.org\",\"@graph\":[{\"@type\":\"WebPage\",\"@id\":\"https:\/\/www.merget-raum.de\/shop\/produkt\/eijffinger-vliestapete-reunited-372554-knitteroptik-eisgrau\/\",\"url\":\"https:\/\/www.merget-raum.de\/shop\/produkt\/eijffinger-vliestapete-reunited-372554-knitteroptik-eisgrau\/\",\"name\":\"Eijffinger Vliestapete Reunited 372554 - Knitteroptik (Eisgrau) - Merget-Raumausstattung Mainaschaff\",\"isPartOf\":{\"@id\":\"https:\/\/www.merget-raum.de\/shop\/#website\"},\"primaryImageOfPage\":{\"@id\":\"https:\/\/www.merget-raum.de\/shop\/produkt\/eijffinger-vliestapete-reunited-372554-knitteroptik-eisgrau\/#primaryimage\"},\"image\":{\"@id\":\"https:\/\/www.merget-raum.de\/shop\/produkt\/eijffinger-vliestapete-reunited-372554-knitteroptik-eisgrau\/#primaryimage\"},\"thumbnailUrl\":\"https:\/\/www.merget-raum.de\/shop\/wp-content\/uploads\/2019\/05\/eijffinger-eijffinger-vliestapete-reunited-372554-knitteroptik-eisgrau.jpg\",\"datePublished\":\"2019-05-15T16:06:42+00:00\",\"dateModified\":\"2026-01-23T09:08:01+00:00\",\"description\":\"Eijffinger Vliestapete Reunited 372554 - Knitteroptik (Eisgrau) - Merget-Raumausstattung Mainaschaff\",\"breadcrumb\":{\"@id\":\"https:\/\/www.merget-raum.de\/shop\/produkt\/eijffinger-vliestapete-reunited-372554-knitteroptik-eisgrau\/#breadcrumb\"},\"inLanguage\":\"de\",\"potentialAction\":[{\"@type\":\"ReadAction\",\"target\":[\"https:\/\/www.merget-raum.de\/shop\/produkt\/eijffinger-vliestapete-reunited-372554-knitteroptik-eisgrau\/\"]}]},{\"@type\":\"ImageObject\",\"inLanguage\":\"de\",\"@id\":\"https:\/\/www.merget-raum.de\/shop\/produkt\/eijffinger-vliestapete-reunited-372554-knitteroptik-eisgrau\/#primaryimage\",\"url\":\"https:\/\/www.merget-raum.de\/shop\/wp-content\/uploads\/2019\/05\/eijffinger-eijffinger-vliestapete-reunited-372554-knitteroptik-eisgrau.jpg\",\"contentUrl\":\"https:\/\/www.merget-raum.de\/shop\/wp-content\/uploads\/2019\/05\/eijffinger-eijffinger-vliestapete-reunited-372554-knitteroptik-eisgrau.jpg\",\"width\":1118,\"height\":1381},{\"@type\":\"BreadcrumbList\",\"@id\":\"https:\/\/www.merget-raum.de\/shop\/produkt\/eijffinger-vliestapete-reunited-372554-knitteroptik-eisgrau\/#breadcrumb\",\"itemListElement\":[{\"@type\":\"ListItem\",\"position\":1,\"name\":\"Startseite\",\"item\":\"https:\/\/www.merget-raum.de\/shop\/\"},{\"@type\":\"ListItem\",\"position\":2,\"name\":\"Shop\",\"item\":\"https:\/\/www.merget-raum.de\/shop\/\"},{\"@type\":\"ListItem\",\"position\":3,\"name\":\"Eijffinger Vliestapete Reunited 372554 &#8211; Knitteroptik (Eisgrau)\"}]},{\"@type\":\"WebSite\",\"@id\":\"https:\/\/www.merget-raum.de\/shop\/#website\",\"url\":\"https:\/\/www.merget-raum.de\/shop\/\",\"name\":\"Merget-Raumausstattung Mainaschaff\",\"description\":\"Raumausstattung Merget Fachmarkt Mainaschaff &amp; Aschaffenburg\",\"potentialAction\":[{\"@type\":\"SearchAction\",\"target\":{\"@type\":\"EntryPoint\",\"urlTemplate\":\"https:\/\/www.merget-raum.de\/shop\/?s={search_term_string}\"},\"query-input\":{\"@type\":\"PropertyValueSpecification\",\"valueRequired\":true,\"valueName\":\"search_term_string\"}}],\"inLanguage\":\"de\"}]}<\/script>\n<!-- \/ Yoast SEO plugin. -->","yoast_head_json":{"title":"Eijffinger Vliestapete Reunited 372554 - Knitteroptik (Eisgrau) - Merget-Raumausstattung Mainaschaff","description":"Eijffinger Vliestapete Reunited 372554 - Knitteroptik (Eisgrau) - Merget-Raumausstattung Mainaschaff","robots":{"index":"index","follow":"follow","max-snippet":"max-snippet:-1","max-image-preview":"max-image-preview:large","max-video-preview":"max-video-preview:-1"},"canonical":"https:\/\/www.merget-raum.de\/shop\/produkt\/eijffinger-vliestapete-reunited-372554-knitteroptik-eisgrau\/","og_locale":"de_DE","og_type":"article","og_title":"Eijffinger Vliestapete Reunited 372554 - Knitteroptik (Eisgrau) - Merget-Raumausstattung Mainaschaff","og_description":"Eijffinger Vliestapete Reunited 372554 - Knitteroptik (Eisgrau) - Merget-Raumausstattung Mainaschaff","og_url":"https:\/\/www.merget-raum.de\/shop\/produkt\/eijffinger-vliestapete-reunited-372554-knitteroptik-eisgrau\/","og_site_name":"Merget-Raumausstattung Mainaschaff","article_modified_time":"2026-01-23T09:08:01+00:00","og_image":[{"width":1118,"height":1381,"url":"https:\/\/www.merget-raum.de\/shop\/wp-content\/uploads\/2019\/05\/eijffinger-eijffinger-vliestapete-reunited-372554-knitteroptik-eisgrau.jpg","type":"image\/jpeg"}],"twitter_card":"summary_large_image","twitter_misc":{"Gesch\u00e4tzte Lesezeit":"1\u00a0Minute"},"schema":{"@context":"https:\/\/schema.org","@graph":[{"@type":"WebPage","@id":"https:\/\/www.merget-raum.de\/shop\/produkt\/eijffinger-vliestapete-reunited-372554-knitteroptik-eisgrau\/","url":"https:\/\/www.merget-raum.de\/shop\/produkt\/eijffinger-vliestapete-reunited-372554-knitteroptik-eisgrau\/","name":"Eijffinger Vliestapete Reunited 372554 - Knitteroptik (Eisgrau) - Merget-Raumausstattung Mainaschaff","isPartOf":{"@id":"https:\/\/www.merget-raum.de\/shop\/#website"},"primaryImageOfPage":{"@id":"https:\/\/www.merget-raum.de\/shop\/produkt\/eijffinger-vliestapete-reunited-372554-knitteroptik-eisgrau\/#primaryimage"},"image":{"@id":"https:\/\/www.merget-raum.de\/shop\/produkt\/eijffinger-vliestapete-reunited-372554-knitteroptik-eisgrau\/#primaryimage"},"thumbnailUrl":"https:\/\/www.merget-raum.de\/shop\/wp-content\/uploads\/2019\/05\/eijffinger-eijffinger-vliestapete-reunited-372554-knitteroptik-eisgrau.jpg","datePublished":"2019-05-15T16:06:42+00:00","dateModified":"2026-01-23T09:08:01+00:00","description":"Eijffinger Vliestapete Reunited 372554 - Knitteroptik (Eisgrau) - Merget-Raumausstattung Mainaschaff","breadcrumb":{"@id":"https:\/\/www.merget-raum.de\/shop\/produkt\/eijffinger-vliestapete-reunited-372554-knitteroptik-eisgrau\/#breadcrumb"},"inLanguage":"de","potentialAction":[{"@type":"ReadAction","target":["https:\/\/www.merget-raum.de\/shop\/produkt\/eijffinger-vliestapete-reunited-372554-knitteroptik-eisgrau\/"]}]},{"@type":"ImageObject","inLanguage":"de","@id":"https:\/\/www.merget-raum.de\/shop\/produkt\/eijffinger-vliestapete-reunited-372554-knitteroptik-eisgrau\/#primaryimage","url":"https:\/\/www.merget-raum.de\/shop\/wp-content\/uploads\/2019\/05\/eijffinger-eijffinger-vliestapete-reunited-372554-knitteroptik-eisgrau.jpg","contentUrl":"https:\/\/www.merget-raum.de\/shop\/wp-content\/uploads\/2019\/05\/eijffinger-eijffinger-vliestapete-reunited-372554-knitteroptik-eisgrau.jpg","width":1118,"height":1381},{"@type":"BreadcrumbList","@id":"https:\/\/www.merget-raum.de\/shop\/produkt\/eijffinger-vliestapete-reunited-372554-knitteroptik-eisgrau\/#breadcrumb","itemListElement":[{"@type":"ListItem","position":1,"name":"Startseite","item":"https:\/\/www.merget-raum.de\/shop\/"},{"@type":"ListItem","position":2,"name":"Shop","item":"https:\/\/www.merget-raum.de\/shop\/"},{"@type":"ListItem","position":3,"name":"Eijffinger Vliestapete Reunited 372554 &#8211; Knitteroptik (Eisgrau)"}]},{"@type":"WebSite","@id":"https:\/\/www.merget-raum.de\/shop\/#website","url":"https:\/\/www.merget-raum.de\/shop\/","name":"Merget-Raumausstattung Mainaschaff","description":"Raumausstattung Merget Fachmarkt Mainaschaff &amp; Aschaffenburg","potentialAction":[{"@type":"SearchAction","target":{"@type":"EntryPoint","urlTemplate":"https:\/\/www.merget-raum.de\/shop\/?s={search_term_string}"},"query-input":{"@type":"PropertyValueSpecification","valueRequired":true,"valueName":"search_term_string"}}],"inLanguage":"de"}]}},"_links":{"self":[{"href":"https:\/\/www.merget-raum.de\/shop\/wp-json\/wp\/v2\/product\/5510","targetHints":{"allow":["GET"]}}],"collection":[{"href":"https:\/\/www.merget-raum.de\/shop\/wp-json\/wp\/v2\/product"}],"about":[{"href":"https:\/\/www.merget-raum.de\/shop\/wp-json\/wp\/v2\/types\/product"}],"replies":[{"embeddable":true,"href":"https:\/\/www.merget-raum.de\/shop\/wp-json\/wp\/v2\/comments?post=5510"}],"wp:featuredmedia":[{"embeddable":true,"href":"https:\/\/www.merget-raum.de\/shop\/wp-json\/wp\/v2\/media\/5509"}],"wp:attachment":[{"href":"https:\/\/www.merget-raum.de\/shop\/wp-json\/wp\/v2\/media?parent=5510"}],"wp:term":[{"taxonomy":"product_brand","embeddable":true,"href":"https:\/\/www.merget-raum.de\/shop\/wp-json\/wp\/v2\/product_brand?post=5510"},{"taxonomy":"product_cat","embeddable":true,"href":"https:\/\/www.merget-raum.de\/shop\/wp-json\/wp\/v2\/product_cat?post=5510"},{"taxonomy":"product_tag","embeddable":true,"href":"https:\/\/www.merget-raum.de\/shop\/wp-json\/wp\/v2\/product_tag?post=5510"}],"curies":[{"name":"wp","href":"https:\/\/api.w.org\/{rel}","templated":true}]}}