{"id":5376,"date":"2019-05-15T18:04:36","date_gmt":"2019-05-15T16:04:36","guid":{"rendered":"https:\/\/www.merget-raum.de\/produkt\/eijffinger-tapeten-panel-masterpiece-358114-frame-gold\/"},"modified":"2021-11-19T10:33:25","modified_gmt":"2021-11-19T09:33:25","slug":"eijffinger-tapeten-panel-masterpiece-358114-frame-gold","status":"publish","type":"product","link":"https:\/\/www.merget-raum.de\/shop\/produkt\/eijffinger-tapeten-panel-masterpiece-358114-frame-gold\/","title":{"rendered":"Eijffinger Tapeten Panel Masterpiece 358114 &#8211; Frame (Gold)"},"content":{"rendered":"<p>Das Masterpiece Wandpanel 358114 w\u00fcrde digital gedruckt, was die hochwertige Ausarbeitung des Designs hervorhebt. Das Wandpanel \u00fcberzeugt durch die elegante Optik eines edlen Rahmens, welcher mit einem filigranen Muster dekoriert wurde. Das Wandpanel Frame Gold \u00fcberzeugt vor allem durch seine vielf\u00e4ltige Anwendbarkeit, so k\u00f6nnen Sie es als Highlight oder Raumtrenner benutzen, oder sogar um etwas Ihrer Wahl mit dem Rahmen hervorzuheben. Werden Sie kreativ mit dem eleganten Wandpanel Frame Gold 358114 von Eijffinger!<\/p>\n","protected":false},"excerpt":{"rendered":"<p>Das digital gedruckte Masterpiece Wandpanel Frame Gold 358114 von Eijffinger ist vielseitig einsetzbar.<\/p>\n","protected":false},"featured_media":5374,"comment_status":"open","ping_status":"closed","template":"","meta":[],"product_brand":[],"product_cat":[179],"product_tag":[],"class_list":{"0":"post-5376","1":"product","2":"type-product","3":"status-publish","4":"has-post-thumbnail","6":"product_cat-tapeten","7":"product_shipping_class-1-3-werktagen","8":"pa_abmessung-280-x-47-cm","9":"pa_ean-970","10":"pa_farbe-gold","11":"pa_filterfarbe-gelb","12":"pa_hersteller-eijffinger","13":"pa_kollektion-masterpiece","14":"pa_marke-eijffinger","15":"pa_material-vlies","16":"pa_muster-design-dekor-klassisch","18":"first","19":"instock","20":"taxable","21":"shipping-taxable","22":"purchasable","23":"product-type-simple"},"yoast_head":"<!-- This site is optimized with the Yoast SEO plugin v27.2 - https:\/\/yoast.com\/product\/yoast-seo-wordpress\/ -->\n<title>Eijffinger Tapeten Panel Masterpiece 358114 - Frame (Gold) - Merget-Raumausstattung Mainaschaff<\/title>\n<meta name=\"description\" content=\"Eijffinger Tapeten Panel Masterpiece 358114 - Frame (Gold) - Merget-Raumausstattung Mainaschaff\" \/>\n<meta name=\"robots\" content=\"index, follow, max-snippet:-1, max-image-preview:large, max-video-preview:-1\" \/>\n<link rel=\"canonical\" href=\"https:\/\/www.merget-raum.de\/shop\/produkt\/eijffinger-tapeten-panel-masterpiece-358114-frame-gold\/\" \/>\n<meta property=\"og:locale\" content=\"de_DE\" \/>\n<meta property=\"og:type\" content=\"article\" \/>\n<meta property=\"og:title\" content=\"Eijffinger Tapeten Panel Masterpiece 358114 - Frame (Gold) - Merget-Raumausstattung Mainaschaff\" \/>\n<meta property=\"og:description\" content=\"Eijffinger Tapeten Panel Masterpiece 358114 - Frame (Gold) - Merget-Raumausstattung Mainaschaff\" \/>\n<meta property=\"og:url\" content=\"https:\/\/www.merget-raum.de\/shop\/produkt\/eijffinger-tapeten-panel-masterpiece-358114-frame-gold\/\" \/>\n<meta property=\"og:site_name\" content=\"Merget-Raumausstattung Mainaschaff\" \/>\n<meta property=\"article:modified_time\" content=\"2021-11-19T09:33:25+00:00\" \/>\n<meta property=\"og:image\" content=\"https:\/\/www.merget-raum.de\/shop\/wp-content\/uploads\/2019\/05\/eijffinger-eijffinger-tapeten-panel-masterpiece-358114-frame-gold.jpg\" \/>\n\t<meta property=\"og:image:width\" content=\"229\" \/>\n\t<meta property=\"og:image:height\" content=\"1382\" \/>\n\t<meta property=\"og:image:type\" content=\"image\/jpeg\" \/>\n<meta name=\"twitter:card\" content=\"summary_large_image\" \/>\n<script type=\"application\/ld+json\" class=\"yoast-schema-graph\">{\"@context\":\"https:\/\/schema.org\",\"@graph\":[{\"@type\":\"WebPage\",\"@id\":\"https:\/\/www.merget-raum.de\/shop\/produkt\/eijffinger-tapeten-panel-masterpiece-358114-frame-gold\/\",\"url\":\"https:\/\/www.merget-raum.de\/shop\/produkt\/eijffinger-tapeten-panel-masterpiece-358114-frame-gold\/\",\"name\":\"Eijffinger Tapeten Panel Masterpiece 358114 - Frame (Gold) - Merget-Raumausstattung Mainaschaff\",\"isPartOf\":{\"@id\":\"https:\/\/www.merget-raum.de\/shop\/#website\"},\"primaryImageOfPage\":{\"@id\":\"https:\/\/www.merget-raum.de\/shop\/produkt\/eijffinger-tapeten-panel-masterpiece-358114-frame-gold\/#primaryimage\"},\"image\":{\"@id\":\"https:\/\/www.merget-raum.de\/shop\/produkt\/eijffinger-tapeten-panel-masterpiece-358114-frame-gold\/#primaryimage\"},\"thumbnailUrl\":\"https:\/\/www.merget-raum.de\/shop\/wp-content\/uploads\/2019\/05\/eijffinger-eijffinger-tapeten-panel-masterpiece-358114-frame-gold.jpg\",\"datePublished\":\"2019-05-15T16:04:36+00:00\",\"dateModified\":\"2021-11-19T09:33:25+00:00\",\"description\":\"Eijffinger Tapeten Panel Masterpiece 358114 - Frame (Gold) - Merget-Raumausstattung Mainaschaff\",\"breadcrumb\":{\"@id\":\"https:\/\/www.merget-raum.de\/shop\/produkt\/eijffinger-tapeten-panel-masterpiece-358114-frame-gold\/#breadcrumb\"},\"inLanguage\":\"de\",\"potentialAction\":[{\"@type\":\"ReadAction\",\"target\":[\"https:\/\/www.merget-raum.de\/shop\/produkt\/eijffinger-tapeten-panel-masterpiece-358114-frame-gold\/\"]}]},{\"@type\":\"ImageObject\",\"inLanguage\":\"de\",\"@id\":\"https:\/\/www.merget-raum.de\/shop\/produkt\/eijffinger-tapeten-panel-masterpiece-358114-frame-gold\/#primaryimage\",\"url\":\"https:\/\/www.merget-raum.de\/shop\/wp-content\/uploads\/2019\/05\/eijffinger-eijffinger-tapeten-panel-masterpiece-358114-frame-gold.jpg\",\"contentUrl\":\"https:\/\/www.merget-raum.de\/shop\/wp-content\/uploads\/2019\/05\/eijffinger-eijffinger-tapeten-panel-masterpiece-358114-frame-gold.jpg\",\"width\":229,\"height\":1382},{\"@type\":\"BreadcrumbList\",\"@id\":\"https:\/\/www.merget-raum.de\/shop\/produkt\/eijffinger-tapeten-panel-masterpiece-358114-frame-gold\/#breadcrumb\",\"itemListElement\":[{\"@type\":\"ListItem\",\"position\":1,\"name\":\"Startseite\",\"item\":\"https:\/\/www.merget-raum.de\/shop\/\"},{\"@type\":\"ListItem\",\"position\":2,\"name\":\"Shop\",\"item\":\"https:\/\/www.merget-raum.de\/shop\/\"},{\"@type\":\"ListItem\",\"position\":3,\"name\":\"Eijffinger Tapeten Panel Masterpiece 358114 &#8211; Frame (Gold)\"}]},{\"@type\":\"WebSite\",\"@id\":\"https:\/\/www.merget-raum.de\/shop\/#website\",\"url\":\"https:\/\/www.merget-raum.de\/shop\/\",\"name\":\"Merget-Raumausstattung Mainaschaff\",\"description\":\"Raumausstattung Merget Fachmarkt Mainaschaff &amp; Aschaffenburg\",\"potentialAction\":[{\"@type\":\"SearchAction\",\"target\":{\"@type\":\"EntryPoint\",\"urlTemplate\":\"https:\/\/www.merget-raum.de\/shop\/?s={search_term_string}\"},\"query-input\":{\"@type\":\"PropertyValueSpecification\",\"valueRequired\":true,\"valueName\":\"search_term_string\"}}],\"inLanguage\":\"de\"}]}<\/script>\n<!-- \/ Yoast SEO plugin. -->","yoast_head_json":{"title":"Eijffinger Tapeten Panel Masterpiece 358114 - Frame (Gold) - Merget-Raumausstattung Mainaschaff","description":"Eijffinger Tapeten Panel Masterpiece 358114 - Frame (Gold) - Merget-Raumausstattung Mainaschaff","robots":{"index":"index","follow":"follow","max-snippet":"max-snippet:-1","max-image-preview":"max-image-preview:large","max-video-preview":"max-video-preview:-1"},"canonical":"https:\/\/www.merget-raum.de\/shop\/produkt\/eijffinger-tapeten-panel-masterpiece-358114-frame-gold\/","og_locale":"de_DE","og_type":"article","og_title":"Eijffinger Tapeten Panel Masterpiece 358114 - Frame (Gold) - Merget-Raumausstattung Mainaschaff","og_description":"Eijffinger Tapeten Panel Masterpiece 358114 - Frame (Gold) - Merget-Raumausstattung Mainaschaff","og_url":"https:\/\/www.merget-raum.de\/shop\/produkt\/eijffinger-tapeten-panel-masterpiece-358114-frame-gold\/","og_site_name":"Merget-Raumausstattung Mainaschaff","article_modified_time":"2021-11-19T09:33:25+00:00","og_image":[{"width":229,"height":1382,"url":"https:\/\/www.merget-raum.de\/shop\/wp-content\/uploads\/2019\/05\/eijffinger-eijffinger-tapeten-panel-masterpiece-358114-frame-gold.jpg","type":"image\/jpeg"}],"twitter_card":"summary_large_image","schema":{"@context":"https:\/\/schema.org","@graph":[{"@type":"WebPage","@id":"https:\/\/www.merget-raum.de\/shop\/produkt\/eijffinger-tapeten-panel-masterpiece-358114-frame-gold\/","url":"https:\/\/www.merget-raum.de\/shop\/produkt\/eijffinger-tapeten-panel-masterpiece-358114-frame-gold\/","name":"Eijffinger Tapeten Panel Masterpiece 358114 - Frame (Gold) - Merget-Raumausstattung Mainaschaff","isPartOf":{"@id":"https:\/\/www.merget-raum.de\/shop\/#website"},"primaryImageOfPage":{"@id":"https:\/\/www.merget-raum.de\/shop\/produkt\/eijffinger-tapeten-panel-masterpiece-358114-frame-gold\/#primaryimage"},"image":{"@id":"https:\/\/www.merget-raum.de\/shop\/produkt\/eijffinger-tapeten-panel-masterpiece-358114-frame-gold\/#primaryimage"},"thumbnailUrl":"https:\/\/www.merget-raum.de\/shop\/wp-content\/uploads\/2019\/05\/eijffinger-eijffinger-tapeten-panel-masterpiece-358114-frame-gold.jpg","datePublished":"2019-05-15T16:04:36+00:00","dateModified":"2021-11-19T09:33:25+00:00","description":"Eijffinger Tapeten Panel Masterpiece 358114 - Frame (Gold) - Merget-Raumausstattung Mainaschaff","breadcrumb":{"@id":"https:\/\/www.merget-raum.de\/shop\/produkt\/eijffinger-tapeten-panel-masterpiece-358114-frame-gold\/#breadcrumb"},"inLanguage":"de","potentialAction":[{"@type":"ReadAction","target":["https:\/\/www.merget-raum.de\/shop\/produkt\/eijffinger-tapeten-panel-masterpiece-358114-frame-gold\/"]}]},{"@type":"ImageObject","inLanguage":"de","@id":"https:\/\/www.merget-raum.de\/shop\/produkt\/eijffinger-tapeten-panel-masterpiece-358114-frame-gold\/#primaryimage","url":"https:\/\/www.merget-raum.de\/shop\/wp-content\/uploads\/2019\/05\/eijffinger-eijffinger-tapeten-panel-masterpiece-358114-frame-gold.jpg","contentUrl":"https:\/\/www.merget-raum.de\/shop\/wp-content\/uploads\/2019\/05\/eijffinger-eijffinger-tapeten-panel-masterpiece-358114-frame-gold.jpg","width":229,"height":1382},{"@type":"BreadcrumbList","@id":"https:\/\/www.merget-raum.de\/shop\/produkt\/eijffinger-tapeten-panel-masterpiece-358114-frame-gold\/#breadcrumb","itemListElement":[{"@type":"ListItem","position":1,"name":"Startseite","item":"https:\/\/www.merget-raum.de\/shop\/"},{"@type":"ListItem","position":2,"name":"Shop","item":"https:\/\/www.merget-raum.de\/shop\/"},{"@type":"ListItem","position":3,"name":"Eijffinger Tapeten Panel Masterpiece 358114 &#8211; Frame (Gold)"}]},{"@type":"WebSite","@id":"https:\/\/www.merget-raum.de\/shop\/#website","url":"https:\/\/www.merget-raum.de\/shop\/","name":"Merget-Raumausstattung Mainaschaff","description":"Raumausstattung Merget Fachmarkt Mainaschaff &amp; Aschaffenburg","potentialAction":[{"@type":"SearchAction","target":{"@type":"EntryPoint","urlTemplate":"https:\/\/www.merget-raum.de\/shop\/?s={search_term_string}"},"query-input":{"@type":"PropertyValueSpecification","valueRequired":true,"valueName":"search_term_string"}}],"inLanguage":"de"}]}},"_links":{"self":[{"href":"https:\/\/www.merget-raum.de\/shop\/wp-json\/wp\/v2\/product\/5376","targetHints":{"allow":["GET"]}}],"collection":[{"href":"https:\/\/www.merget-raum.de\/shop\/wp-json\/wp\/v2\/product"}],"about":[{"href":"https:\/\/www.merget-raum.de\/shop\/wp-json\/wp\/v2\/types\/product"}],"replies":[{"embeddable":true,"href":"https:\/\/www.merget-raum.de\/shop\/wp-json\/wp\/v2\/comments?post=5376"}],"wp:featuredmedia":[{"embeddable":true,"href":"https:\/\/www.merget-raum.de\/shop\/wp-json\/wp\/v2\/media\/5374"}],"wp:attachment":[{"href":"https:\/\/www.merget-raum.de\/shop\/wp-json\/wp\/v2\/media?parent=5376"}],"wp:term":[{"taxonomy":"product_brand","embeddable":true,"href":"https:\/\/www.merget-raum.de\/shop\/wp-json\/wp\/v2\/product_brand?post=5376"},{"taxonomy":"product_cat","embeddable":true,"href":"https:\/\/www.merget-raum.de\/shop\/wp-json\/wp\/v2\/product_cat?post=5376"},{"taxonomy":"product_tag","embeddable":true,"href":"https:\/\/www.merget-raum.de\/shop\/wp-json\/wp\/v2\/product_tag?post=5376"}],"curies":[{"name":"wp","href":"https:\/\/api.w.org\/{rel}","templated":true}]}}