{"id":5354,"date":"2019-05-15T18:04:15","date_gmt":"2019-05-15T16:04:15","guid":{"rendered":"https:\/\/www.merget-raum.de\/produkt\/eijffinger-vliestapete-masterpiece-358054-leinen-optik-grau-braun\/"},"modified":"2026-01-23T10:28:23","modified_gmt":"2026-01-23T09:28:23","slug":"eijffinger-vliestapete-masterpiece-358054-leinen-optik-grau-braun","status":"publish","type":"product","link":"https:\/\/www.merget-raum.de\/shop\/produkt\/eijffinger-vliestapete-masterpiece-358054-leinen-optik-grau-braun\/","title":{"rendered":"Eijffinger Vliestapete Masterpiece 358054 &#8211; Leinen Optik (Grau\/Braun)"},"content":{"rendered":"<p>Die Optik von gef\u00e4rbten Leinen macht die Vliestapete 358054 zu einer interessanten Wahl welche sich fabelhaft in fast jedem Ihrer R\u00e4ume macht. Die Oberfl\u00e4chenstruktur der Masterpiece Tapete macht sie zu einer perfekten Erg\u00e4nzung f\u00fcr die anderen Tapeten der Kollektion. Die Vliestapete l\u00e4sst sich spielend leicht anbringen und ist sogar f\u00fcr K\u00fcche und Bad geeignet. Mit der Tapete 358054 haben Sie die perfekte Wahl f\u00fcr Ihr Zuhause gefunden!<\/p>\n","protected":false},"excerpt":{"rendered":"<p>Die elegante Masterpiece Tapete 358054 mit Leinen Optik von Eijffinger gibt Ihnen eine sichere Wahl f\u00fcr Ihre Wohnung.<\/p>\n","protected":false},"featured_media":5353,"comment_status":"open","ping_status":"closed","template":"","meta":[],"product_brand":[],"product_cat":[179],"product_tag":[],"class_list":{"0":"post-5354","1":"product","2":"type-product","3":"status-publish","4":"has-post-thumbnail","6":"product_cat-tapeten","7":"product_shipping_class-1-3-werktagen","8":"pa_abmessung-1000-x-52-cm","9":"pa_ean-955","10":"pa_farbe-grau-braun","11":"pa_filterfarbe-grau","12":"pa_hersteller-eijffinger","13":"pa_kollektion-masterpiece","14":"pa_marke-eijffinger","15":"pa_material-vlies","16":"pa_muster-design-dekor-unis","18":"first","19":"instock","20":"taxable","21":"shipping-taxable","22":"purchasable","23":"product-type-simple"},"yoast_head":"<!-- This site is optimized with the Yoast SEO plugin v27.2 - https:\/\/yoast.com\/product\/yoast-seo-wordpress\/ -->\n<title>Eijffinger Vliestapete Masterpiece 358054 - Leinen Optik (Grau\/Braun) - Merget-Raumausstattung Mainaschaff<\/title>\n<meta name=\"description\" content=\"Eijffinger Vliestapete Masterpiece 358054 - Leinen Optik (Grau\/Braun) - Merget-Raumausstattung Mainaschaff\" \/>\n<meta name=\"robots\" content=\"index, follow, max-snippet:-1, max-image-preview:large, max-video-preview:-1\" \/>\n<link rel=\"canonical\" href=\"https:\/\/www.merget-raum.de\/shop\/produkt\/eijffinger-vliestapete-masterpiece-358054-leinen-optik-grau-braun\/\" \/>\n<meta property=\"og:locale\" content=\"de_DE\" \/>\n<meta property=\"og:type\" content=\"article\" \/>\n<meta property=\"og:title\" content=\"Eijffinger Vliestapete Masterpiece 358054 - Leinen Optik (Grau\/Braun) - Merget-Raumausstattung Mainaschaff\" \/>\n<meta property=\"og:description\" content=\"Eijffinger Vliestapete Masterpiece 358054 - Leinen Optik (Grau\/Braun) - Merget-Raumausstattung Mainaschaff\" \/>\n<meta property=\"og:url\" content=\"https:\/\/www.merget-raum.de\/shop\/produkt\/eijffinger-vliestapete-masterpiece-358054-leinen-optik-grau-braun\/\" \/>\n<meta property=\"og:site_name\" content=\"Merget-Raumausstattung Mainaschaff\" \/>\n<meta property=\"article:modified_time\" content=\"2026-01-23T09:28:23+00:00\" \/>\n<meta property=\"og:image\" content=\"https:\/\/www.merget-raum.de\/shop\/wp-content\/uploads\/2019\/05\/eijffinger-eijffinger-vliestapete-masterpiece-358054-leinen-optik-grau-braun.jpg\" \/>\n\t<meta property=\"og:image:width\" content=\"1118\" \/>\n\t<meta property=\"og:image:height\" content=\"1382\" \/>\n\t<meta property=\"og:image:type\" content=\"image\/jpeg\" \/>\n<meta name=\"twitter:card\" content=\"summary_large_image\" \/>\n<meta name=\"twitter:label1\" content=\"Gesch\u00e4tzte Lesezeit\" \/>\n\t<meta name=\"twitter:data1\" content=\"1\u00a0Minute\" \/>\n<script type=\"application\/ld+json\" class=\"yoast-schema-graph\">{\"@context\":\"https:\/\/schema.org\",\"@graph\":[{\"@type\":\"WebPage\",\"@id\":\"https:\/\/www.merget-raum.de\/shop\/produkt\/eijffinger-vliestapete-masterpiece-358054-leinen-optik-grau-braun\/\",\"url\":\"https:\/\/www.merget-raum.de\/shop\/produkt\/eijffinger-vliestapete-masterpiece-358054-leinen-optik-grau-braun\/\",\"name\":\"Eijffinger Vliestapete Masterpiece 358054 - Leinen Optik (Grau\/Braun) - Merget-Raumausstattung Mainaschaff\",\"isPartOf\":{\"@id\":\"https:\/\/www.merget-raum.de\/shop\/#website\"},\"primaryImageOfPage\":{\"@id\":\"https:\/\/www.merget-raum.de\/shop\/produkt\/eijffinger-vliestapete-masterpiece-358054-leinen-optik-grau-braun\/#primaryimage\"},\"image\":{\"@id\":\"https:\/\/www.merget-raum.de\/shop\/produkt\/eijffinger-vliestapete-masterpiece-358054-leinen-optik-grau-braun\/#primaryimage\"},\"thumbnailUrl\":\"https:\/\/www.merget-raum.de\/shop\/wp-content\/uploads\/2019\/05\/eijffinger-eijffinger-vliestapete-masterpiece-358054-leinen-optik-grau-braun.jpg\",\"datePublished\":\"2019-05-15T16:04:15+00:00\",\"dateModified\":\"2026-01-23T09:28:23+00:00\",\"description\":\"Eijffinger Vliestapete Masterpiece 358054 - Leinen Optik (Grau\/Braun) - Merget-Raumausstattung Mainaschaff\",\"breadcrumb\":{\"@id\":\"https:\/\/www.merget-raum.de\/shop\/produkt\/eijffinger-vliestapete-masterpiece-358054-leinen-optik-grau-braun\/#breadcrumb\"},\"inLanguage\":\"de\",\"potentialAction\":[{\"@type\":\"ReadAction\",\"target\":[\"https:\/\/www.merget-raum.de\/shop\/produkt\/eijffinger-vliestapete-masterpiece-358054-leinen-optik-grau-braun\/\"]}]},{\"@type\":\"ImageObject\",\"inLanguage\":\"de\",\"@id\":\"https:\/\/www.merget-raum.de\/shop\/produkt\/eijffinger-vliestapete-masterpiece-358054-leinen-optik-grau-braun\/#primaryimage\",\"url\":\"https:\/\/www.merget-raum.de\/shop\/wp-content\/uploads\/2019\/05\/eijffinger-eijffinger-vliestapete-masterpiece-358054-leinen-optik-grau-braun.jpg\",\"contentUrl\":\"https:\/\/www.merget-raum.de\/shop\/wp-content\/uploads\/2019\/05\/eijffinger-eijffinger-vliestapete-masterpiece-358054-leinen-optik-grau-braun.jpg\",\"width\":1118,\"height\":1382},{\"@type\":\"BreadcrumbList\",\"@id\":\"https:\/\/www.merget-raum.de\/shop\/produkt\/eijffinger-vliestapete-masterpiece-358054-leinen-optik-grau-braun\/#breadcrumb\",\"itemListElement\":[{\"@type\":\"ListItem\",\"position\":1,\"name\":\"Startseite\",\"item\":\"https:\/\/www.merget-raum.de\/shop\/\"},{\"@type\":\"ListItem\",\"position\":2,\"name\":\"Shop\",\"item\":\"https:\/\/www.merget-raum.de\/shop\/\"},{\"@type\":\"ListItem\",\"position\":3,\"name\":\"Eijffinger Vliestapete Masterpiece 358054 &#8211; Leinen Optik (Grau\/Braun)\"}]},{\"@type\":\"WebSite\",\"@id\":\"https:\/\/www.merget-raum.de\/shop\/#website\",\"url\":\"https:\/\/www.merget-raum.de\/shop\/\",\"name\":\"Merget-Raumausstattung Mainaschaff\",\"description\":\"Raumausstattung Merget Fachmarkt Mainaschaff &amp; Aschaffenburg\",\"potentialAction\":[{\"@type\":\"SearchAction\",\"target\":{\"@type\":\"EntryPoint\",\"urlTemplate\":\"https:\/\/www.merget-raum.de\/shop\/?s={search_term_string}\"},\"query-input\":{\"@type\":\"PropertyValueSpecification\",\"valueRequired\":true,\"valueName\":\"search_term_string\"}}],\"inLanguage\":\"de\"}]}<\/script>\n<!-- \/ Yoast SEO plugin. -->","yoast_head_json":{"title":"Eijffinger Vliestapete Masterpiece 358054 - Leinen Optik (Grau\/Braun) - Merget-Raumausstattung Mainaschaff","description":"Eijffinger Vliestapete Masterpiece 358054 - Leinen Optik (Grau\/Braun) - Merget-Raumausstattung Mainaschaff","robots":{"index":"index","follow":"follow","max-snippet":"max-snippet:-1","max-image-preview":"max-image-preview:large","max-video-preview":"max-video-preview:-1"},"canonical":"https:\/\/www.merget-raum.de\/shop\/produkt\/eijffinger-vliestapete-masterpiece-358054-leinen-optik-grau-braun\/","og_locale":"de_DE","og_type":"article","og_title":"Eijffinger Vliestapete Masterpiece 358054 - Leinen Optik (Grau\/Braun) - Merget-Raumausstattung Mainaschaff","og_description":"Eijffinger Vliestapete Masterpiece 358054 - Leinen Optik (Grau\/Braun) - Merget-Raumausstattung Mainaschaff","og_url":"https:\/\/www.merget-raum.de\/shop\/produkt\/eijffinger-vliestapete-masterpiece-358054-leinen-optik-grau-braun\/","og_site_name":"Merget-Raumausstattung Mainaschaff","article_modified_time":"2026-01-23T09:28:23+00:00","og_image":[{"width":1118,"height":1382,"url":"https:\/\/www.merget-raum.de\/shop\/wp-content\/uploads\/2019\/05\/eijffinger-eijffinger-vliestapete-masterpiece-358054-leinen-optik-grau-braun.jpg","type":"image\/jpeg"}],"twitter_card":"summary_large_image","twitter_misc":{"Gesch\u00e4tzte Lesezeit":"1\u00a0Minute"},"schema":{"@context":"https:\/\/schema.org","@graph":[{"@type":"WebPage","@id":"https:\/\/www.merget-raum.de\/shop\/produkt\/eijffinger-vliestapete-masterpiece-358054-leinen-optik-grau-braun\/","url":"https:\/\/www.merget-raum.de\/shop\/produkt\/eijffinger-vliestapete-masterpiece-358054-leinen-optik-grau-braun\/","name":"Eijffinger Vliestapete Masterpiece 358054 - Leinen Optik (Grau\/Braun) - Merget-Raumausstattung Mainaschaff","isPartOf":{"@id":"https:\/\/www.merget-raum.de\/shop\/#website"},"primaryImageOfPage":{"@id":"https:\/\/www.merget-raum.de\/shop\/produkt\/eijffinger-vliestapete-masterpiece-358054-leinen-optik-grau-braun\/#primaryimage"},"image":{"@id":"https:\/\/www.merget-raum.de\/shop\/produkt\/eijffinger-vliestapete-masterpiece-358054-leinen-optik-grau-braun\/#primaryimage"},"thumbnailUrl":"https:\/\/www.merget-raum.de\/shop\/wp-content\/uploads\/2019\/05\/eijffinger-eijffinger-vliestapete-masterpiece-358054-leinen-optik-grau-braun.jpg","datePublished":"2019-05-15T16:04:15+00:00","dateModified":"2026-01-23T09:28:23+00:00","description":"Eijffinger Vliestapete Masterpiece 358054 - Leinen Optik (Grau\/Braun) - Merget-Raumausstattung Mainaschaff","breadcrumb":{"@id":"https:\/\/www.merget-raum.de\/shop\/produkt\/eijffinger-vliestapete-masterpiece-358054-leinen-optik-grau-braun\/#breadcrumb"},"inLanguage":"de","potentialAction":[{"@type":"ReadAction","target":["https:\/\/www.merget-raum.de\/shop\/produkt\/eijffinger-vliestapete-masterpiece-358054-leinen-optik-grau-braun\/"]}]},{"@type":"ImageObject","inLanguage":"de","@id":"https:\/\/www.merget-raum.de\/shop\/produkt\/eijffinger-vliestapete-masterpiece-358054-leinen-optik-grau-braun\/#primaryimage","url":"https:\/\/www.merget-raum.de\/shop\/wp-content\/uploads\/2019\/05\/eijffinger-eijffinger-vliestapete-masterpiece-358054-leinen-optik-grau-braun.jpg","contentUrl":"https:\/\/www.merget-raum.de\/shop\/wp-content\/uploads\/2019\/05\/eijffinger-eijffinger-vliestapete-masterpiece-358054-leinen-optik-grau-braun.jpg","width":1118,"height":1382},{"@type":"BreadcrumbList","@id":"https:\/\/www.merget-raum.de\/shop\/produkt\/eijffinger-vliestapete-masterpiece-358054-leinen-optik-grau-braun\/#breadcrumb","itemListElement":[{"@type":"ListItem","position":1,"name":"Startseite","item":"https:\/\/www.merget-raum.de\/shop\/"},{"@type":"ListItem","position":2,"name":"Shop","item":"https:\/\/www.merget-raum.de\/shop\/"},{"@type":"ListItem","position":3,"name":"Eijffinger Vliestapete Masterpiece 358054 &#8211; Leinen Optik (Grau\/Braun)"}]},{"@type":"WebSite","@id":"https:\/\/www.merget-raum.de\/shop\/#website","url":"https:\/\/www.merget-raum.de\/shop\/","name":"Merget-Raumausstattung Mainaschaff","description":"Raumausstattung Merget Fachmarkt Mainaschaff &amp; Aschaffenburg","potentialAction":[{"@type":"SearchAction","target":{"@type":"EntryPoint","urlTemplate":"https:\/\/www.merget-raum.de\/shop\/?s={search_term_string}"},"query-input":{"@type":"PropertyValueSpecification","valueRequired":true,"valueName":"search_term_string"}}],"inLanguage":"de"}]}},"_links":{"self":[{"href":"https:\/\/www.merget-raum.de\/shop\/wp-json\/wp\/v2\/product\/5354","targetHints":{"allow":["GET"]}}],"collection":[{"href":"https:\/\/www.merget-raum.de\/shop\/wp-json\/wp\/v2\/product"}],"about":[{"href":"https:\/\/www.merget-raum.de\/shop\/wp-json\/wp\/v2\/types\/product"}],"replies":[{"embeddable":true,"href":"https:\/\/www.merget-raum.de\/shop\/wp-json\/wp\/v2\/comments?post=5354"}],"wp:featuredmedia":[{"embeddable":true,"href":"https:\/\/www.merget-raum.de\/shop\/wp-json\/wp\/v2\/media\/5353"}],"wp:attachment":[{"href":"https:\/\/www.merget-raum.de\/shop\/wp-json\/wp\/v2\/media?parent=5354"}],"wp:term":[{"taxonomy":"product_brand","embeddable":true,"href":"https:\/\/www.merget-raum.de\/shop\/wp-json\/wp\/v2\/product_brand?post=5354"},{"taxonomy":"product_cat","embeddable":true,"href":"https:\/\/www.merget-raum.de\/shop\/wp-json\/wp\/v2\/product_cat?post=5354"},{"taxonomy":"product_tag","embeddable":true,"href":"https:\/\/www.merget-raum.de\/shop\/wp-json\/wp\/v2\/product_tag?post=5354"}],"curies":[{"name":"wp","href":"https:\/\/api.w.org\/{rel}","templated":true}]}}