{"id":5304,"date":"2019-05-15T18:03:30","date_gmt":"2019-05-15T16:03:30","guid":{"rendered":"https:\/\/www.merget-raum.de\/produkt\/eijffinger-vliestapete-masterpiece-358012-blumen-stillleben-blau\/"},"modified":"2026-01-23T10:32:47","modified_gmt":"2026-01-23T09:32:47","slug":"eijffinger-vliestapete-masterpiece-358012-blumen-stillleben-blau","status":"publish","type":"product","link":"https:\/\/www.merget-raum.de\/shop\/produkt\/eijffinger-vliestapete-masterpiece-358012-blumen-stillleben-blau\/","title":{"rendered":"Eijffinger Vliestapete Masterpiece 358012 &#8211; Blumen Stillleben (Blau)"},"content":{"rendered":"<p>Die eleganten Blumen der Vliestapete 358012 sind angeregt von den Meisterwerken niederl\u00e4ndischer Maler. Die lebendige und ausdrucksstarke Wirkung der Gem\u00e4lde wird durch die Masterpiece Tapete wiedergegeben bis hin zur Oberfl\u00e4chenstruktur der Leinwand. Die Formstabilit\u00e4t der Vliestapete sorgt f\u00fcr eine einfache Anbringung, und die waschbest\u00e4ndige Tapete ist sogar f\u00fcr K\u00fcche und Bad geeignet. Besorgen Sie sich jetzt ein zeitloses Meisterwerk der Kunst f\u00fcr Ihr Zuhause!<\/p>\n","protected":false},"excerpt":{"rendered":"<p>Die hochwertige Masterpiece Tapete 358012 mit Blumen Gem\u00e4lde Optik bringt die Kunst des niederl\u00e4ndischen Barock in Ihr Zuhause.<\/p>\n","protected":false},"featured_media":5302,"comment_status":"open","ping_status":"closed","template":"","meta":[],"product_brand":[],"product_cat":[179],"product_tag":[],"class_list":{"0":"post-5304","1":"product","2":"type-product","3":"status-publish","4":"has-post-thumbnail","6":"product_cat-tapeten","7":"product_shipping_class-1-3-werktagen","8":"pa_abmessung-1000-x-52-cm","9":"pa_ean-930","10":"pa_farbe-blau","11":"pa_filterfarbe-bunt","12":"pa_hersteller-eijffinger","13":"pa_kollektion-masterpiece","14":"pa_marke-eijffinger","15":"pa_material-vlies","16":"pa_muster-design-dekor-floralklassisch","18":"first","19":"instock","20":"taxable","21":"shipping-taxable","22":"purchasable","23":"product-type-simple"},"yoast_head":"<!-- This site is optimized with the Yoast SEO plugin v27.2 - https:\/\/yoast.com\/product\/yoast-seo-wordpress\/ -->\n<title>Eijffinger Vliestapete Masterpiece 358012 - Blumen Stillleben (Blau) - Merget-Raumausstattung Mainaschaff<\/title>\n<meta name=\"description\" content=\"Eijffinger Vliestapete Masterpiece 358012 - Blumen Stillleben (Blau) - Merget-Raumausstattung Mainaschaff\" \/>\n<meta name=\"robots\" content=\"index, follow, max-snippet:-1, max-image-preview:large, max-video-preview:-1\" \/>\n<link rel=\"canonical\" href=\"https:\/\/www.merget-raum.de\/shop\/produkt\/eijffinger-vliestapete-masterpiece-358012-blumen-stillleben-blau\/\" \/>\n<meta property=\"og:locale\" content=\"de_DE\" \/>\n<meta property=\"og:type\" content=\"article\" \/>\n<meta property=\"og:title\" content=\"Eijffinger Vliestapete Masterpiece 358012 - Blumen Stillleben (Blau) - Merget-Raumausstattung Mainaschaff\" \/>\n<meta property=\"og:description\" content=\"Eijffinger Vliestapete Masterpiece 358012 - Blumen Stillleben (Blau) - Merget-Raumausstattung Mainaschaff\" \/>\n<meta property=\"og:url\" content=\"https:\/\/www.merget-raum.de\/shop\/produkt\/eijffinger-vliestapete-masterpiece-358012-blumen-stillleben-blau\/\" \/>\n<meta property=\"og:site_name\" content=\"Merget-Raumausstattung Mainaschaff\" \/>\n<meta property=\"article:modified_time\" content=\"2026-01-23T09:32:47+00:00\" \/>\n<meta property=\"og:image\" content=\"https:\/\/www.merget-raum.de\/shop\/wp-content\/uploads\/2019\/05\/eijffinger-eijffinger-vliestapete-masterpiece-358012-blumen-stillleben-blau.jpg\" \/>\n\t<meta property=\"og:image:width\" content=\"1118\" \/>\n\t<meta property=\"og:image:height\" content=\"1382\" \/>\n\t<meta property=\"og:image:type\" content=\"image\/jpeg\" \/>\n<meta name=\"twitter:card\" content=\"summary_large_image\" \/>\n<meta name=\"twitter:label1\" content=\"Gesch\u00e4tzte Lesezeit\" \/>\n\t<meta name=\"twitter:data1\" content=\"1\u00a0Minute\" \/>\n<script type=\"application\/ld+json\" class=\"yoast-schema-graph\">{\"@context\":\"https:\/\/schema.org\",\"@graph\":[{\"@type\":\"WebPage\",\"@id\":\"https:\/\/www.merget-raum.de\/shop\/produkt\/eijffinger-vliestapete-masterpiece-358012-blumen-stillleben-blau\/\",\"url\":\"https:\/\/www.merget-raum.de\/shop\/produkt\/eijffinger-vliestapete-masterpiece-358012-blumen-stillleben-blau\/\",\"name\":\"Eijffinger Vliestapete Masterpiece 358012 - Blumen Stillleben (Blau) - Merget-Raumausstattung Mainaschaff\",\"isPartOf\":{\"@id\":\"https:\/\/www.merget-raum.de\/shop\/#website\"},\"primaryImageOfPage\":{\"@id\":\"https:\/\/www.merget-raum.de\/shop\/produkt\/eijffinger-vliestapete-masterpiece-358012-blumen-stillleben-blau\/#primaryimage\"},\"image\":{\"@id\":\"https:\/\/www.merget-raum.de\/shop\/produkt\/eijffinger-vliestapete-masterpiece-358012-blumen-stillleben-blau\/#primaryimage\"},\"thumbnailUrl\":\"https:\/\/www.merget-raum.de\/shop\/wp-content\/uploads\/2019\/05\/eijffinger-eijffinger-vliestapete-masterpiece-358012-blumen-stillleben-blau.jpg\",\"datePublished\":\"2019-05-15T16:03:30+00:00\",\"dateModified\":\"2026-01-23T09:32:47+00:00\",\"description\":\"Eijffinger Vliestapete Masterpiece 358012 - Blumen Stillleben (Blau) - Merget-Raumausstattung Mainaschaff\",\"breadcrumb\":{\"@id\":\"https:\/\/www.merget-raum.de\/shop\/produkt\/eijffinger-vliestapete-masterpiece-358012-blumen-stillleben-blau\/#breadcrumb\"},\"inLanguage\":\"de\",\"potentialAction\":[{\"@type\":\"ReadAction\",\"target\":[\"https:\/\/www.merget-raum.de\/shop\/produkt\/eijffinger-vliestapete-masterpiece-358012-blumen-stillleben-blau\/\"]}]},{\"@type\":\"ImageObject\",\"inLanguage\":\"de\",\"@id\":\"https:\/\/www.merget-raum.de\/shop\/produkt\/eijffinger-vliestapete-masterpiece-358012-blumen-stillleben-blau\/#primaryimage\",\"url\":\"https:\/\/www.merget-raum.de\/shop\/wp-content\/uploads\/2019\/05\/eijffinger-eijffinger-vliestapete-masterpiece-358012-blumen-stillleben-blau.jpg\",\"contentUrl\":\"https:\/\/www.merget-raum.de\/shop\/wp-content\/uploads\/2019\/05\/eijffinger-eijffinger-vliestapete-masterpiece-358012-blumen-stillleben-blau.jpg\",\"width\":1118,\"height\":1382},{\"@type\":\"BreadcrumbList\",\"@id\":\"https:\/\/www.merget-raum.de\/shop\/produkt\/eijffinger-vliestapete-masterpiece-358012-blumen-stillleben-blau\/#breadcrumb\",\"itemListElement\":[{\"@type\":\"ListItem\",\"position\":1,\"name\":\"Startseite\",\"item\":\"https:\/\/www.merget-raum.de\/shop\/\"},{\"@type\":\"ListItem\",\"position\":2,\"name\":\"Shop\",\"item\":\"https:\/\/www.merget-raum.de\/shop\/\"},{\"@type\":\"ListItem\",\"position\":3,\"name\":\"Eijffinger Vliestapete Masterpiece 358012 &#8211; Blumen Stillleben (Blau)\"}]},{\"@type\":\"WebSite\",\"@id\":\"https:\/\/www.merget-raum.de\/shop\/#website\",\"url\":\"https:\/\/www.merget-raum.de\/shop\/\",\"name\":\"Merget-Raumausstattung Mainaschaff\",\"description\":\"Raumausstattung Merget Fachmarkt Mainaschaff &amp; Aschaffenburg\",\"potentialAction\":[{\"@type\":\"SearchAction\",\"target\":{\"@type\":\"EntryPoint\",\"urlTemplate\":\"https:\/\/www.merget-raum.de\/shop\/?s={search_term_string}\"},\"query-input\":{\"@type\":\"PropertyValueSpecification\",\"valueRequired\":true,\"valueName\":\"search_term_string\"}}],\"inLanguage\":\"de\"}]}<\/script>\n<!-- \/ Yoast SEO plugin. -->","yoast_head_json":{"title":"Eijffinger Vliestapete Masterpiece 358012 - Blumen Stillleben (Blau) - Merget-Raumausstattung Mainaschaff","description":"Eijffinger Vliestapete Masterpiece 358012 - Blumen Stillleben (Blau) - Merget-Raumausstattung Mainaschaff","robots":{"index":"index","follow":"follow","max-snippet":"max-snippet:-1","max-image-preview":"max-image-preview:large","max-video-preview":"max-video-preview:-1"},"canonical":"https:\/\/www.merget-raum.de\/shop\/produkt\/eijffinger-vliestapete-masterpiece-358012-blumen-stillleben-blau\/","og_locale":"de_DE","og_type":"article","og_title":"Eijffinger Vliestapete Masterpiece 358012 - Blumen Stillleben (Blau) - Merget-Raumausstattung Mainaschaff","og_description":"Eijffinger Vliestapete Masterpiece 358012 - Blumen Stillleben (Blau) - Merget-Raumausstattung Mainaschaff","og_url":"https:\/\/www.merget-raum.de\/shop\/produkt\/eijffinger-vliestapete-masterpiece-358012-blumen-stillleben-blau\/","og_site_name":"Merget-Raumausstattung Mainaschaff","article_modified_time":"2026-01-23T09:32:47+00:00","og_image":[{"width":1118,"height":1382,"url":"https:\/\/www.merget-raum.de\/shop\/wp-content\/uploads\/2019\/05\/eijffinger-eijffinger-vliestapete-masterpiece-358012-blumen-stillleben-blau.jpg","type":"image\/jpeg"}],"twitter_card":"summary_large_image","twitter_misc":{"Gesch\u00e4tzte Lesezeit":"1\u00a0Minute"},"schema":{"@context":"https:\/\/schema.org","@graph":[{"@type":"WebPage","@id":"https:\/\/www.merget-raum.de\/shop\/produkt\/eijffinger-vliestapete-masterpiece-358012-blumen-stillleben-blau\/","url":"https:\/\/www.merget-raum.de\/shop\/produkt\/eijffinger-vliestapete-masterpiece-358012-blumen-stillleben-blau\/","name":"Eijffinger Vliestapete Masterpiece 358012 - Blumen Stillleben (Blau) - Merget-Raumausstattung Mainaschaff","isPartOf":{"@id":"https:\/\/www.merget-raum.de\/shop\/#website"},"primaryImageOfPage":{"@id":"https:\/\/www.merget-raum.de\/shop\/produkt\/eijffinger-vliestapete-masterpiece-358012-blumen-stillleben-blau\/#primaryimage"},"image":{"@id":"https:\/\/www.merget-raum.de\/shop\/produkt\/eijffinger-vliestapete-masterpiece-358012-blumen-stillleben-blau\/#primaryimage"},"thumbnailUrl":"https:\/\/www.merget-raum.de\/shop\/wp-content\/uploads\/2019\/05\/eijffinger-eijffinger-vliestapete-masterpiece-358012-blumen-stillleben-blau.jpg","datePublished":"2019-05-15T16:03:30+00:00","dateModified":"2026-01-23T09:32:47+00:00","description":"Eijffinger Vliestapete Masterpiece 358012 - Blumen Stillleben (Blau) - Merget-Raumausstattung Mainaschaff","breadcrumb":{"@id":"https:\/\/www.merget-raum.de\/shop\/produkt\/eijffinger-vliestapete-masterpiece-358012-blumen-stillleben-blau\/#breadcrumb"},"inLanguage":"de","potentialAction":[{"@type":"ReadAction","target":["https:\/\/www.merget-raum.de\/shop\/produkt\/eijffinger-vliestapete-masterpiece-358012-blumen-stillleben-blau\/"]}]},{"@type":"ImageObject","inLanguage":"de","@id":"https:\/\/www.merget-raum.de\/shop\/produkt\/eijffinger-vliestapete-masterpiece-358012-blumen-stillleben-blau\/#primaryimage","url":"https:\/\/www.merget-raum.de\/shop\/wp-content\/uploads\/2019\/05\/eijffinger-eijffinger-vliestapete-masterpiece-358012-blumen-stillleben-blau.jpg","contentUrl":"https:\/\/www.merget-raum.de\/shop\/wp-content\/uploads\/2019\/05\/eijffinger-eijffinger-vliestapete-masterpiece-358012-blumen-stillleben-blau.jpg","width":1118,"height":1382},{"@type":"BreadcrumbList","@id":"https:\/\/www.merget-raum.de\/shop\/produkt\/eijffinger-vliestapete-masterpiece-358012-blumen-stillleben-blau\/#breadcrumb","itemListElement":[{"@type":"ListItem","position":1,"name":"Startseite","item":"https:\/\/www.merget-raum.de\/shop\/"},{"@type":"ListItem","position":2,"name":"Shop","item":"https:\/\/www.merget-raum.de\/shop\/"},{"@type":"ListItem","position":3,"name":"Eijffinger Vliestapete Masterpiece 358012 &#8211; Blumen Stillleben (Blau)"}]},{"@type":"WebSite","@id":"https:\/\/www.merget-raum.de\/shop\/#website","url":"https:\/\/www.merget-raum.de\/shop\/","name":"Merget-Raumausstattung Mainaschaff","description":"Raumausstattung Merget Fachmarkt Mainaschaff &amp; Aschaffenburg","potentialAction":[{"@type":"SearchAction","target":{"@type":"EntryPoint","urlTemplate":"https:\/\/www.merget-raum.de\/shop\/?s={search_term_string}"},"query-input":{"@type":"PropertyValueSpecification","valueRequired":true,"valueName":"search_term_string"}}],"inLanguage":"de"}]}},"_links":{"self":[{"href":"https:\/\/www.merget-raum.de\/shop\/wp-json\/wp\/v2\/product\/5304","targetHints":{"allow":["GET"]}}],"collection":[{"href":"https:\/\/www.merget-raum.de\/shop\/wp-json\/wp\/v2\/product"}],"about":[{"href":"https:\/\/www.merget-raum.de\/shop\/wp-json\/wp\/v2\/types\/product"}],"replies":[{"embeddable":true,"href":"https:\/\/www.merget-raum.de\/shop\/wp-json\/wp\/v2\/comments?post=5304"}],"wp:featuredmedia":[{"embeddable":true,"href":"https:\/\/www.merget-raum.de\/shop\/wp-json\/wp\/v2\/media\/5302"}],"wp:attachment":[{"href":"https:\/\/www.merget-raum.de\/shop\/wp-json\/wp\/v2\/media?parent=5304"}],"wp:term":[{"taxonomy":"product_brand","embeddable":true,"href":"https:\/\/www.merget-raum.de\/shop\/wp-json\/wp\/v2\/product_brand?post=5304"},{"taxonomy":"product_cat","embeddable":true,"href":"https:\/\/www.merget-raum.de\/shop\/wp-json\/wp\/v2\/product_cat?post=5304"},{"taxonomy":"product_tag","embeddable":true,"href":"https:\/\/www.merget-raum.de\/shop\/wp-json\/wp\/v2\/product_tag?post=5304"}],"curies":[{"name":"wp","href":"https:\/\/api.w.org\/{rel}","templated":true}]}}