{"id":4899,"date":"2019-05-15T17:57:20","date_gmt":"2019-05-15T15:57:20","guid":{"rendered":"https:\/\/www.merget-raum.de\/produkt\/teppich-rocks-beige-250-x-300-cm\/"},"modified":"2026-01-23T15:30:19","modified_gmt":"2026-01-23T14:30:19","slug":"teppich-rocks-beige-250-x-300-cm","status":"publish","type":"product","link":"https:\/\/www.merget-raum.de\/shop\/produkt\/teppich-rocks-beige-250-x-300-cm\/","title":{"rendered":"Teppich Rocks (Beige; 250 x 300 cm)"},"content":{"rendered":"<p>Der in den Niederlanden gefertigte Schurwollteppich TWINSET UNI beeindruckt mit einer wundersch\u00f6nen Farbigkeit, die sich in nahezu jedes Raumkonzept einf\u00fcgen l\u00e4sst. Der Cut-Flor mit einer H\u00f6he von 17mm verleiht dem getufteten Teppich TWINSET UNI eine besonders flauschige Haptik. Des Weiteren wurde bei Auswahl der Materialien auf Nachaltigkeit geachtet, die Flormaterialien Schurwolle und Tencel Fasern sind besonders umweltschonend in der Herstellung. Der TWINSET UNI ist sowohl mit einem Cut-Flor als auch mit einem Loop-Flor erh\u00e4ltlich. Aufgrund der gro\u00dfen Sortimentsauswahl des Twinset-Teppich-Familie, werden die Teppiche erst auf Auftrage mit einer Lieferzeit von 8 Wochen produziert.<\/p>\n<p>Bitte fordern Sie ein Originalfarbmuster an. Aufgrund der Lichtverh\u00e4ltnisse bei der Produktfotografie und unterschiedlichen Bildschirmeinstellungen kann es dazu kommen, dass die Farbe des Produktes nicht authentisch wiedergegeben wird.<\/p>\n","protected":false},"excerpt":{"rendered":"<p>Au\u00dfergew\u00f6hnlicher Hochflorteppich aus reiner Schurwolle.<\/p>\n","protected":false},"featured_media":4205,"comment_status":"open","ping_status":"closed","template":"","meta":[],"product_brand":[],"product_cat":[180],"product_tag":[],"class_list":{"0":"post-4899","1":"product","2":"type-product","3":"status-publish","4":"has-post-thumbnail","6":"product_cat-teppiche","7":"product_shipping_class-ca-14-werktage","8":"pa_abmessung-250-x-300-cm","9":"pa_ean-715","10":"pa_farbe-beige","11":"pa_filterfarbe-beige","12":"pa_florhoehe-50-mm","13":"pa_form-rechteckig","14":"pa_hersteller-brink-campmann","15":"pa_herstellungsart-gewebt","16":"pa_kollektion-woven","17":"pa_marke-brinkcampman","18":"pa_material-schurwolle","19":"pa_muster-design-dekor-meliertnaturfaser","21":"first","22":"instock","23":"taxable","24":"shipping-taxable","25":"purchasable","26":"product-type-simple"},"yoast_head":"<!-- This site is optimized with the Yoast SEO plugin v27.2 - https:\/\/yoast.com\/product\/yoast-seo-wordpress\/ -->\n<title>Teppich Rocks (Beige; 250 x 300 cm) - Merget-Raumausstattung Mainaschaff<\/title>\n<meta name=\"description\" content=\"Teppich Rocks (Beige; 250 x 300 cm) - Merget-Raumausstattung Mainaschaff\" \/>\n<meta name=\"robots\" content=\"index, follow, max-snippet:-1, max-image-preview:large, max-video-preview:-1\" \/>\n<link rel=\"canonical\" href=\"https:\/\/www.merget-raum.de\/shop\/produkt\/teppich-rocks-beige-250-x-300-cm\/\" \/>\n<meta property=\"og:locale\" content=\"de_DE\" \/>\n<meta property=\"og:type\" content=\"article\" \/>\n<meta property=\"og:title\" content=\"Teppich Rocks (Beige; 250 x 300 cm) - Merget-Raumausstattung Mainaschaff\" \/>\n<meta property=\"og:description\" content=\"Teppich Rocks (Beige; 250 x 300 cm) - Merget-Raumausstattung Mainaschaff\" \/>\n<meta property=\"og:url\" content=\"https:\/\/www.merget-raum.de\/shop\/produkt\/teppich-rocks-beige-250-x-300-cm\/\" \/>\n<meta property=\"og:site_name\" content=\"Merget-Raumausstattung Mainaschaff\" \/>\n<meta property=\"article:modified_time\" content=\"2026-01-23T14:30:19+00:00\" \/>\n<meta property=\"og:image\" content=\"https:\/\/www.merget-raum.de\/shop\/wp-content\/uploads\/2019\/05\/brink-campman-teppich-rocks-beige.jpg\" \/>\n\t<meta property=\"og:image:width\" content=\"1181\" \/>\n\t<meta property=\"og:image:height\" content=\"1181\" \/>\n\t<meta property=\"og:image:type\" content=\"image\/jpeg\" \/>\n<meta name=\"twitter:card\" content=\"summary_large_image\" \/>\n<meta name=\"twitter:label1\" content=\"Gesch\u00e4tzte Lesezeit\" \/>\n\t<meta name=\"twitter:data1\" content=\"1\u00a0Minute\" \/>\n<script type=\"application\/ld+json\" class=\"yoast-schema-graph\">{\"@context\":\"https:\/\/schema.org\",\"@graph\":[{\"@type\":\"WebPage\",\"@id\":\"https:\/\/www.merget-raum.de\/shop\/produkt\/teppich-rocks-beige-250-x-300-cm\/\",\"url\":\"https:\/\/www.merget-raum.de\/shop\/produkt\/teppich-rocks-beige-250-x-300-cm\/\",\"name\":\"Teppich Rocks (Beige; 250 x 300 cm) - Merget-Raumausstattung Mainaschaff\",\"isPartOf\":{\"@id\":\"https:\/\/www.merget-raum.de\/shop\/#website\"},\"primaryImageOfPage\":{\"@id\":\"https:\/\/www.merget-raum.de\/shop\/produkt\/teppich-rocks-beige-250-x-300-cm\/#primaryimage\"},\"image\":{\"@id\":\"https:\/\/www.merget-raum.de\/shop\/produkt\/teppich-rocks-beige-250-x-300-cm\/#primaryimage\"},\"thumbnailUrl\":\"https:\/\/www.merget-raum.de\/shop\/wp-content\/uploads\/2019\/05\/brink-campman-teppich-rocks-beige.jpg\",\"datePublished\":\"2019-05-15T15:57:20+00:00\",\"dateModified\":\"2026-01-23T14:30:19+00:00\",\"description\":\"Teppich Rocks (Beige; 250 x 300 cm) - Merget-Raumausstattung Mainaschaff\",\"breadcrumb\":{\"@id\":\"https:\/\/www.merget-raum.de\/shop\/produkt\/teppich-rocks-beige-250-x-300-cm\/#breadcrumb\"},\"inLanguage\":\"de\",\"potentialAction\":[{\"@type\":\"ReadAction\",\"target\":[\"https:\/\/www.merget-raum.de\/shop\/produkt\/teppich-rocks-beige-250-x-300-cm\/\"]}]},{\"@type\":\"ImageObject\",\"inLanguage\":\"de\",\"@id\":\"https:\/\/www.merget-raum.de\/shop\/produkt\/teppich-rocks-beige-250-x-300-cm\/#primaryimage\",\"url\":\"https:\/\/www.merget-raum.de\/shop\/wp-content\/uploads\/2019\/05\/brink-campman-teppich-rocks-beige.jpg\",\"contentUrl\":\"https:\/\/www.merget-raum.de\/shop\/wp-content\/uploads\/2019\/05\/brink-campman-teppich-rocks-beige.jpg\",\"width\":1181,\"height\":1181},{\"@type\":\"BreadcrumbList\",\"@id\":\"https:\/\/www.merget-raum.de\/shop\/produkt\/teppich-rocks-beige-250-x-300-cm\/#breadcrumb\",\"itemListElement\":[{\"@type\":\"ListItem\",\"position\":1,\"name\":\"Startseite\",\"item\":\"https:\/\/www.merget-raum.de\/shop\/\"},{\"@type\":\"ListItem\",\"position\":2,\"name\":\"Shop\",\"item\":\"https:\/\/www.merget-raum.de\/shop\/\"},{\"@type\":\"ListItem\",\"position\":3,\"name\":\"Teppich Rocks (Beige; 250 x 300 cm)\"}]},{\"@type\":\"WebSite\",\"@id\":\"https:\/\/www.merget-raum.de\/shop\/#website\",\"url\":\"https:\/\/www.merget-raum.de\/shop\/\",\"name\":\"Merget-Raumausstattung Mainaschaff\",\"description\":\"Raumausstattung Merget Fachmarkt Mainaschaff &amp; Aschaffenburg\",\"potentialAction\":[{\"@type\":\"SearchAction\",\"target\":{\"@type\":\"EntryPoint\",\"urlTemplate\":\"https:\/\/www.merget-raum.de\/shop\/?s={search_term_string}\"},\"query-input\":{\"@type\":\"PropertyValueSpecification\",\"valueRequired\":true,\"valueName\":\"search_term_string\"}}],\"inLanguage\":\"de\"}]}<\/script>\n<!-- \/ Yoast SEO plugin. -->","yoast_head_json":{"title":"Teppich Rocks (Beige; 250 x 300 cm) - Merget-Raumausstattung Mainaschaff","description":"Teppich Rocks (Beige; 250 x 300 cm) - Merget-Raumausstattung Mainaschaff","robots":{"index":"index","follow":"follow","max-snippet":"max-snippet:-1","max-image-preview":"max-image-preview:large","max-video-preview":"max-video-preview:-1"},"canonical":"https:\/\/www.merget-raum.de\/shop\/produkt\/teppich-rocks-beige-250-x-300-cm\/","og_locale":"de_DE","og_type":"article","og_title":"Teppich Rocks (Beige; 250 x 300 cm) - Merget-Raumausstattung Mainaschaff","og_description":"Teppich Rocks (Beige; 250 x 300 cm) - Merget-Raumausstattung Mainaschaff","og_url":"https:\/\/www.merget-raum.de\/shop\/produkt\/teppich-rocks-beige-250-x-300-cm\/","og_site_name":"Merget-Raumausstattung Mainaschaff","article_modified_time":"2026-01-23T14:30:19+00:00","og_image":[{"width":1181,"height":1181,"url":"https:\/\/www.merget-raum.de\/shop\/wp-content\/uploads\/2019\/05\/brink-campman-teppich-rocks-beige.jpg","type":"image\/jpeg"}],"twitter_card":"summary_large_image","twitter_misc":{"Gesch\u00e4tzte Lesezeit":"1\u00a0Minute"},"schema":{"@context":"https:\/\/schema.org","@graph":[{"@type":"WebPage","@id":"https:\/\/www.merget-raum.de\/shop\/produkt\/teppich-rocks-beige-250-x-300-cm\/","url":"https:\/\/www.merget-raum.de\/shop\/produkt\/teppich-rocks-beige-250-x-300-cm\/","name":"Teppich Rocks (Beige; 250 x 300 cm) - Merget-Raumausstattung Mainaschaff","isPartOf":{"@id":"https:\/\/www.merget-raum.de\/shop\/#website"},"primaryImageOfPage":{"@id":"https:\/\/www.merget-raum.de\/shop\/produkt\/teppich-rocks-beige-250-x-300-cm\/#primaryimage"},"image":{"@id":"https:\/\/www.merget-raum.de\/shop\/produkt\/teppich-rocks-beige-250-x-300-cm\/#primaryimage"},"thumbnailUrl":"https:\/\/www.merget-raum.de\/shop\/wp-content\/uploads\/2019\/05\/brink-campman-teppich-rocks-beige.jpg","datePublished":"2019-05-15T15:57:20+00:00","dateModified":"2026-01-23T14:30:19+00:00","description":"Teppich Rocks (Beige; 250 x 300 cm) - Merget-Raumausstattung Mainaschaff","breadcrumb":{"@id":"https:\/\/www.merget-raum.de\/shop\/produkt\/teppich-rocks-beige-250-x-300-cm\/#breadcrumb"},"inLanguage":"de","potentialAction":[{"@type":"ReadAction","target":["https:\/\/www.merget-raum.de\/shop\/produkt\/teppich-rocks-beige-250-x-300-cm\/"]}]},{"@type":"ImageObject","inLanguage":"de","@id":"https:\/\/www.merget-raum.de\/shop\/produkt\/teppich-rocks-beige-250-x-300-cm\/#primaryimage","url":"https:\/\/www.merget-raum.de\/shop\/wp-content\/uploads\/2019\/05\/brink-campman-teppich-rocks-beige.jpg","contentUrl":"https:\/\/www.merget-raum.de\/shop\/wp-content\/uploads\/2019\/05\/brink-campman-teppich-rocks-beige.jpg","width":1181,"height":1181},{"@type":"BreadcrumbList","@id":"https:\/\/www.merget-raum.de\/shop\/produkt\/teppich-rocks-beige-250-x-300-cm\/#breadcrumb","itemListElement":[{"@type":"ListItem","position":1,"name":"Startseite","item":"https:\/\/www.merget-raum.de\/shop\/"},{"@type":"ListItem","position":2,"name":"Shop","item":"https:\/\/www.merget-raum.de\/shop\/"},{"@type":"ListItem","position":3,"name":"Teppich Rocks (Beige; 250 x 300 cm)"}]},{"@type":"WebSite","@id":"https:\/\/www.merget-raum.de\/shop\/#website","url":"https:\/\/www.merget-raum.de\/shop\/","name":"Merget-Raumausstattung Mainaschaff","description":"Raumausstattung Merget Fachmarkt Mainaschaff &amp; Aschaffenburg","potentialAction":[{"@type":"SearchAction","target":{"@type":"EntryPoint","urlTemplate":"https:\/\/www.merget-raum.de\/shop\/?s={search_term_string}"},"query-input":{"@type":"PropertyValueSpecification","valueRequired":true,"valueName":"search_term_string"}}],"inLanguage":"de"}]}},"_links":{"self":[{"href":"https:\/\/www.merget-raum.de\/shop\/wp-json\/wp\/v2\/product\/4899","targetHints":{"allow":["GET"]}}],"collection":[{"href":"https:\/\/www.merget-raum.de\/shop\/wp-json\/wp\/v2\/product"}],"about":[{"href":"https:\/\/www.merget-raum.de\/shop\/wp-json\/wp\/v2\/types\/product"}],"replies":[{"embeddable":true,"href":"https:\/\/www.merget-raum.de\/shop\/wp-json\/wp\/v2\/comments?post=4899"}],"wp:featuredmedia":[{"embeddable":true,"href":"https:\/\/www.merget-raum.de\/shop\/wp-json\/wp\/v2\/media\/4205"}],"wp:attachment":[{"href":"https:\/\/www.merget-raum.de\/shop\/wp-json\/wp\/v2\/media?parent=4899"}],"wp:term":[{"taxonomy":"product_brand","embeddable":true,"href":"https:\/\/www.merget-raum.de\/shop\/wp-json\/wp\/v2\/product_brand?post=4899"},{"taxonomy":"product_cat","embeddable":true,"href":"https:\/\/www.merget-raum.de\/shop\/wp-json\/wp\/v2\/product_cat?post=4899"},{"taxonomy":"product_tag","embeddable":true,"href":"https:\/\/www.merget-raum.de\/shop\/wp-json\/wp\/v2\/product_tag?post=4899"}],"curies":[{"name":"wp","href":"https:\/\/api.w.org\/{rel}","templated":true}]}}