{"id":3729,"date":"2019-04-01T18:38:51","date_gmt":"2019-04-01T16:38:51","guid":{"rendered":"https:\/\/www.merget-raum.de\/?post_type=product&#038;p=3729"},"modified":"2026-01-21T08:36:30","modified_gmt":"2026-01-21T07:36:30","slug":"gecko-in-the-box-papageno","status":"publish","type":"product","link":"https:\/\/www.merget-raum.de\/shop\/produkt\/gecko-in-the-box-papageno\/","title":{"rendered":"Gecko in the Box Papageno"},"content":{"rendered":"<p>GECKO ist ein selbsthaftendes Textil, speziell f\u00fcr Glas entwickelt. Es l\u00e4sst sich r\u00fcckstandsfrei entfernen und wieder verwenden.<\/p>\n<p>Locker und frei, auf einem Ast sitzend oder fliegend, verteilen sich die V\u00f6gel auf der Fensterfl\u00e4che und nehmen so an unserem Leben teil. Die naturalistisch abgebildeten V\u00f6gel treten stilvoll und subtil auf. Beinahe meint man, ein leises Zwitschern und Singen zu vernehmen.<\/p>\n<p>Die Box beinhaltet 18 Teile.<\/p>\n","protected":false},"excerpt":{"rendered":"<p>Sitzend oder fliegend, verteilen sich die V\u00f6gel auf der Fensterfl\u00e4che.<\/p>\n","protected":false},"featured_media":3734,"comment_status":"open","ping_status":"closed","template":"","meta":[],"product_brand":[],"product_cat":[242],"product_tag":[258,259,253,1689,260],"class_list":{"0":"post-3729","1":"product","2":"type-product","3":"status-publish","4":"has-post-thumbnail","6":"product_cat-gecko","7":"product_tag-creation-baumann","8":"product_tag-fensterdekoration","9":"product_tag-gecko-in-the-box","10":"product_tag-hafttextil","11":"product_tag-papageno","12":"product_shipping_class-3-10-tagen","13":"pa_filterfarbe-weiss","14":"pa_marke-creation-baumann","15":"pa_material-71-silikon-29-polyester","17":"first","18":"instock","19":"sale","20":"taxable","21":"shipping-taxable","22":"purchasable","23":"product-type-simple"},"yoast_head":"<!-- This site is optimized with the Yoast SEO plugin v27.2 - https:\/\/yoast.com\/product\/yoast-seo-wordpress\/ -->\n<title>Gecko in the Box Papageno - Merget-Raumausstattung Mainaschaff<\/title>\n<meta name=\"description\" content=\"Gecko in the Box Papageno - Merget-Raumausstattung Mainaschaff\" \/>\n<meta name=\"robots\" content=\"index, follow, max-snippet:-1, max-image-preview:large, max-video-preview:-1\" \/>\n<link rel=\"canonical\" href=\"https:\/\/www.merget-raum.de\/shop\/produkt\/gecko-in-the-box-papageno\/\" \/>\n<meta property=\"og:locale\" content=\"de_DE\" \/>\n<meta property=\"og:type\" content=\"article\" \/>\n<meta property=\"og:title\" content=\"Gecko in the Box Papageno - Merget-Raumausstattung Mainaschaff\" \/>\n<meta property=\"og:description\" content=\"Gecko in the Box Papageno - Merget-Raumausstattung Mainaschaff\" \/>\n<meta property=\"og:url\" content=\"https:\/\/www.merget-raum.de\/shop\/produkt\/gecko-in-the-box-papageno\/\" \/>\n<meta property=\"og:site_name\" content=\"Merget-Raumausstattung Mainaschaff\" \/>\n<meta property=\"article:modified_time\" content=\"2026-01-21T07:36:30+00:00\" \/>\n<meta property=\"og:image\" content=\"https:\/\/www.merget-raum.de\/shop\/wp-content\/uploads\/2019\/04\/GECKO_IN_THE_BOX_Papageno-2.jpg\" \/>\n\t<meta property=\"og:image:width\" content=\"651\" \/>\n\t<meta property=\"og:image:height\" content=\"651\" \/>\n\t<meta property=\"og:image:type\" content=\"image\/jpeg\" \/>\n<meta name=\"twitter:card\" content=\"summary_large_image\" \/>\n<meta name=\"twitter:label1\" content=\"Gesch\u00e4tzte Lesezeit\" \/>\n\t<meta name=\"twitter:data1\" content=\"1\u00a0Minute\" \/>\n<script type=\"application\/ld+json\" class=\"yoast-schema-graph\">{\"@context\":\"https:\/\/schema.org\",\"@graph\":[{\"@type\":\"WebPage\",\"@id\":\"https:\/\/www.merget-raum.de\/shop\/produkt\/gecko-in-the-box-papageno\/\",\"url\":\"https:\/\/www.merget-raum.de\/shop\/produkt\/gecko-in-the-box-papageno\/\",\"name\":\"Gecko in the Box Papageno - Merget-Raumausstattung Mainaschaff\",\"isPartOf\":{\"@id\":\"https:\/\/www.merget-raum.de\/shop\/#website\"},\"primaryImageOfPage\":{\"@id\":\"https:\/\/www.merget-raum.de\/shop\/produkt\/gecko-in-the-box-papageno\/#primaryimage\"},\"image\":{\"@id\":\"https:\/\/www.merget-raum.de\/shop\/produkt\/gecko-in-the-box-papageno\/#primaryimage\"},\"thumbnailUrl\":\"https:\/\/www.merget-raum.de\/shop\/wp-content\/uploads\/2019\/04\/GECKO_IN_THE_BOX_Papageno-2.jpg\",\"datePublished\":\"2019-04-01T16:38:51+00:00\",\"dateModified\":\"2026-01-21T07:36:30+00:00\",\"description\":\"Gecko in the Box Papageno - Merget-Raumausstattung Mainaschaff\",\"breadcrumb\":{\"@id\":\"https:\/\/www.merget-raum.de\/shop\/produkt\/gecko-in-the-box-papageno\/#breadcrumb\"},\"inLanguage\":\"de\",\"potentialAction\":[{\"@type\":\"ReadAction\",\"target\":[\"https:\/\/www.merget-raum.de\/shop\/produkt\/gecko-in-the-box-papageno\/\"]}]},{\"@type\":\"ImageObject\",\"inLanguage\":\"de\",\"@id\":\"https:\/\/www.merget-raum.de\/shop\/produkt\/gecko-in-the-box-papageno\/#primaryimage\",\"url\":\"https:\/\/www.merget-raum.de\/shop\/wp-content\/uploads\/2019\/04\/GECKO_IN_THE_BOX_Papageno-2.jpg\",\"contentUrl\":\"https:\/\/www.merget-raum.de\/shop\/wp-content\/uploads\/2019\/04\/GECKO_IN_THE_BOX_Papageno-2.jpg\",\"width\":651,\"height\":651,\"caption\":\"Bild Papageno Gecko in the Box wei\u00df\"},{\"@type\":\"BreadcrumbList\",\"@id\":\"https:\/\/www.merget-raum.de\/shop\/produkt\/gecko-in-the-box-papageno\/#breadcrumb\",\"itemListElement\":[{\"@type\":\"ListItem\",\"position\":1,\"name\":\"Startseite\",\"item\":\"https:\/\/www.merget-raum.de\/shop\/\"},{\"@type\":\"ListItem\",\"position\":2,\"name\":\"Shop\",\"item\":\"https:\/\/www.merget-raum.de\/shop\/\"},{\"@type\":\"ListItem\",\"position\":3,\"name\":\"Gecko in the Box Papageno\"}]},{\"@type\":\"WebSite\",\"@id\":\"https:\/\/www.merget-raum.de\/shop\/#website\",\"url\":\"https:\/\/www.merget-raum.de\/shop\/\",\"name\":\"Merget-Raumausstattung Mainaschaff\",\"description\":\"Raumausstattung Merget Fachmarkt Mainaschaff &amp; Aschaffenburg\",\"potentialAction\":[{\"@type\":\"SearchAction\",\"target\":{\"@type\":\"EntryPoint\",\"urlTemplate\":\"https:\/\/www.merget-raum.de\/shop\/?s={search_term_string}\"},\"query-input\":{\"@type\":\"PropertyValueSpecification\",\"valueRequired\":true,\"valueName\":\"search_term_string\"}}],\"inLanguage\":\"de\"}]}<\/script>\n<!-- \/ Yoast SEO plugin. -->","yoast_head_json":{"title":"Gecko in the Box Papageno - Merget-Raumausstattung Mainaschaff","description":"Gecko in the Box Papageno - Merget-Raumausstattung Mainaschaff","robots":{"index":"index","follow":"follow","max-snippet":"max-snippet:-1","max-image-preview":"max-image-preview:large","max-video-preview":"max-video-preview:-1"},"canonical":"https:\/\/www.merget-raum.de\/shop\/produkt\/gecko-in-the-box-papageno\/","og_locale":"de_DE","og_type":"article","og_title":"Gecko in the Box Papageno - Merget-Raumausstattung Mainaschaff","og_description":"Gecko in the Box Papageno - Merget-Raumausstattung Mainaschaff","og_url":"https:\/\/www.merget-raum.de\/shop\/produkt\/gecko-in-the-box-papageno\/","og_site_name":"Merget-Raumausstattung Mainaschaff","article_modified_time":"2026-01-21T07:36:30+00:00","og_image":[{"width":651,"height":651,"url":"https:\/\/www.merget-raum.de\/shop\/wp-content\/uploads\/2019\/04\/GECKO_IN_THE_BOX_Papageno-2.jpg","type":"image\/jpeg"}],"twitter_card":"summary_large_image","twitter_misc":{"Gesch\u00e4tzte Lesezeit":"1\u00a0Minute"},"schema":{"@context":"https:\/\/schema.org","@graph":[{"@type":"WebPage","@id":"https:\/\/www.merget-raum.de\/shop\/produkt\/gecko-in-the-box-papageno\/","url":"https:\/\/www.merget-raum.de\/shop\/produkt\/gecko-in-the-box-papageno\/","name":"Gecko in the Box Papageno - Merget-Raumausstattung Mainaschaff","isPartOf":{"@id":"https:\/\/www.merget-raum.de\/shop\/#website"},"primaryImageOfPage":{"@id":"https:\/\/www.merget-raum.de\/shop\/produkt\/gecko-in-the-box-papageno\/#primaryimage"},"image":{"@id":"https:\/\/www.merget-raum.de\/shop\/produkt\/gecko-in-the-box-papageno\/#primaryimage"},"thumbnailUrl":"https:\/\/www.merget-raum.de\/shop\/wp-content\/uploads\/2019\/04\/GECKO_IN_THE_BOX_Papageno-2.jpg","datePublished":"2019-04-01T16:38:51+00:00","dateModified":"2026-01-21T07:36:30+00:00","description":"Gecko in the Box Papageno - Merget-Raumausstattung Mainaschaff","breadcrumb":{"@id":"https:\/\/www.merget-raum.de\/shop\/produkt\/gecko-in-the-box-papageno\/#breadcrumb"},"inLanguage":"de","potentialAction":[{"@type":"ReadAction","target":["https:\/\/www.merget-raum.de\/shop\/produkt\/gecko-in-the-box-papageno\/"]}]},{"@type":"ImageObject","inLanguage":"de","@id":"https:\/\/www.merget-raum.de\/shop\/produkt\/gecko-in-the-box-papageno\/#primaryimage","url":"https:\/\/www.merget-raum.de\/shop\/wp-content\/uploads\/2019\/04\/GECKO_IN_THE_BOX_Papageno-2.jpg","contentUrl":"https:\/\/www.merget-raum.de\/shop\/wp-content\/uploads\/2019\/04\/GECKO_IN_THE_BOX_Papageno-2.jpg","width":651,"height":651,"caption":"Bild Papageno Gecko in the Box wei\u00df"},{"@type":"BreadcrumbList","@id":"https:\/\/www.merget-raum.de\/shop\/produkt\/gecko-in-the-box-papageno\/#breadcrumb","itemListElement":[{"@type":"ListItem","position":1,"name":"Startseite","item":"https:\/\/www.merget-raum.de\/shop\/"},{"@type":"ListItem","position":2,"name":"Shop","item":"https:\/\/www.merget-raum.de\/shop\/"},{"@type":"ListItem","position":3,"name":"Gecko in the Box Papageno"}]},{"@type":"WebSite","@id":"https:\/\/www.merget-raum.de\/shop\/#website","url":"https:\/\/www.merget-raum.de\/shop\/","name":"Merget-Raumausstattung Mainaschaff","description":"Raumausstattung Merget Fachmarkt Mainaschaff &amp; Aschaffenburg","potentialAction":[{"@type":"SearchAction","target":{"@type":"EntryPoint","urlTemplate":"https:\/\/www.merget-raum.de\/shop\/?s={search_term_string}"},"query-input":{"@type":"PropertyValueSpecification","valueRequired":true,"valueName":"search_term_string"}}],"inLanguage":"de"}]}},"_links":{"self":[{"href":"https:\/\/www.merget-raum.de\/shop\/wp-json\/wp\/v2\/product\/3729","targetHints":{"allow":["GET"]}}],"collection":[{"href":"https:\/\/www.merget-raum.de\/shop\/wp-json\/wp\/v2\/product"}],"about":[{"href":"https:\/\/www.merget-raum.de\/shop\/wp-json\/wp\/v2\/types\/product"}],"replies":[{"embeddable":true,"href":"https:\/\/www.merget-raum.de\/shop\/wp-json\/wp\/v2\/comments?post=3729"}],"wp:featuredmedia":[{"embeddable":true,"href":"https:\/\/www.merget-raum.de\/shop\/wp-json\/wp\/v2\/media\/3734"}],"wp:attachment":[{"href":"https:\/\/www.merget-raum.de\/shop\/wp-json\/wp\/v2\/media?parent=3729"}],"wp:term":[{"taxonomy":"product_brand","embeddable":true,"href":"https:\/\/www.merget-raum.de\/shop\/wp-json\/wp\/v2\/product_brand?post=3729"},{"taxonomy":"product_cat","embeddable":true,"href":"https:\/\/www.merget-raum.de\/shop\/wp-json\/wp\/v2\/product_cat?post=3729"},{"taxonomy":"product_tag","embeddable":true,"href":"https:\/\/www.merget-raum.de\/shop\/wp-json\/wp\/v2\/product_tag?post=3729"}],"curies":[{"name":"wp","href":"https:\/\/api.w.org\/{rel}","templated":true}]}}