{"id":3725,"date":"2019-04-01T16:32:44","date_gmt":"2019-04-01T14:32:44","guid":{"rendered":"https:\/\/www.merget-raum.de\/?post_type=product&#038;p=3725"},"modified":"2026-01-14T08:51:27","modified_gmt":"2026-01-14T07:51:27","slug":"gecko-in-the-box-easter","status":"publish","type":"product","link":"https:\/\/www.merget-raum.de\/shop\/produkt\/gecko-in-the-box-easter\/","title":{"rendered":"Gecko in the Box Easter"},"content":{"rendered":"<p>GECKO ist ein selbsthaftendes Textil, speziell f\u00fcr Glas entwickelt. Es l\u00e4sst sich r\u00fcckstandsfrei entfernen und wieder verwenden.<\/p>\n<p>Bunte Ostereier, H\u00fchner und niedliche K\u00fcken zaubern Ostern ans Fenster. Mit GECKO IN THE BOX kann jeder seiner Kreativit\u00e4t freien Lauf lassen. In einer edlen Geschenkbox kommen 22 Teile in verschiedenen Gr\u00f6\u00dfen zu Ihnen nach Hause.<\/p>\n","protected":false},"excerpt":{"rendered":"<p><strong>Nur solange der Vorrat reicht!<\/strong><\/p>\n<p>Gecko in the Box &#8211; Bunte Ostereier, H\u00fchner und niedliche K\u00fcken zaubern Ostern ans Fenster.<\/p>\n","protected":false},"featured_media":3735,"comment_status":"open","ping_status":"closed","template":"","meta":[],"product_brand":[],"product_cat":[242],"product_tag":[258,259,253],"class_list":{"0":"post-3725","1":"product","2":"type-product","3":"status-publish","4":"has-post-thumbnail","6":"product_cat-gecko","7":"product_tag-creation-baumann","8":"product_tag-fensterdekoration","9":"product_tag-gecko-in-the-box","10":"product_shipping_class-3-10-tagen","11":"pa_filterfarbe-bunt","12":"pa_marke-creation-baumann","13":"pa_material-71-silikon-29-polyester","15":"first","16":"instock","17":"sale","18":"taxable","19":"shipping-taxable","20":"purchasable","21":"product-type-simple"},"yoast_head":"<!-- This site is optimized with the Yoast SEO plugin v27.2 - https:\/\/yoast.com\/product\/yoast-seo-wordpress\/ -->\n<title>Gecko in the Box Easter - Merget-Raumausstattung Mainaschaff<\/title>\n<meta name=\"description\" content=\"Gecko in the Box Easter - Merget-Raumausstattung Mainaschaff\" \/>\n<meta name=\"robots\" content=\"index, follow, max-snippet:-1, max-image-preview:large, max-video-preview:-1\" \/>\n<link rel=\"canonical\" href=\"https:\/\/www.merget-raum.de\/shop\/produkt\/gecko-in-the-box-easter\/\" \/>\n<meta property=\"og:locale\" content=\"de_DE\" \/>\n<meta property=\"og:type\" content=\"article\" \/>\n<meta property=\"og:title\" content=\"Gecko in the Box Easter - Merget-Raumausstattung Mainaschaff\" \/>\n<meta property=\"og:description\" content=\"Gecko in the Box Easter - Merget-Raumausstattung Mainaschaff\" \/>\n<meta property=\"og:url\" content=\"https:\/\/www.merget-raum.de\/shop\/produkt\/gecko-in-the-box-easter\/\" \/>\n<meta property=\"og:site_name\" content=\"Merget-Raumausstattung Mainaschaff\" \/>\n<meta property=\"article:modified_time\" content=\"2026-01-14T07:51:27+00:00\" \/>\n<meta property=\"og:image\" content=\"https:\/\/www.merget-raum.de\/shop\/wp-content\/uploads\/2019\/04\/GECKO_IN_THE_BOX_Easter-1.jpg\" \/>\n\t<meta property=\"og:image:width\" content=\"651\" \/>\n\t<meta property=\"og:image:height\" content=\"651\" \/>\n\t<meta property=\"og:image:type\" content=\"image\/jpeg\" \/>\n<meta name=\"twitter:card\" content=\"summary_large_image\" \/>\n<meta name=\"twitter:label1\" content=\"Gesch\u00e4tzte Lesezeit\" \/>\n\t<meta name=\"twitter:data1\" content=\"1\u00a0Minute\" \/>\n<script type=\"application\/ld+json\" class=\"yoast-schema-graph\">{\"@context\":\"https:\/\/schema.org\",\"@graph\":[{\"@type\":\"WebPage\",\"@id\":\"https:\/\/www.merget-raum.de\/shop\/produkt\/gecko-in-the-box-easter\/\",\"url\":\"https:\/\/www.merget-raum.de\/shop\/produkt\/gecko-in-the-box-easter\/\",\"name\":\"Gecko in the Box Easter - Merget-Raumausstattung Mainaschaff\",\"isPartOf\":{\"@id\":\"https:\/\/www.merget-raum.de\/shop\/#website\"},\"primaryImageOfPage\":{\"@id\":\"https:\/\/www.merget-raum.de\/shop\/produkt\/gecko-in-the-box-easter\/#primaryimage\"},\"image\":{\"@id\":\"https:\/\/www.merget-raum.de\/shop\/produkt\/gecko-in-the-box-easter\/#primaryimage\"},\"thumbnailUrl\":\"https:\/\/www.merget-raum.de\/shop\/wp-content\/uploads\/2019\/04\/GECKO_IN_THE_BOX_Easter-1.jpg\",\"datePublished\":\"2019-04-01T14:32:44+00:00\",\"dateModified\":\"2026-01-14T07:51:27+00:00\",\"description\":\"Gecko in the Box Easter - Merget-Raumausstattung Mainaschaff\",\"breadcrumb\":{\"@id\":\"https:\/\/www.merget-raum.de\/shop\/produkt\/gecko-in-the-box-easter\/#breadcrumb\"},\"inLanguage\":\"de\",\"potentialAction\":[{\"@type\":\"ReadAction\",\"target\":[\"https:\/\/www.merget-raum.de\/shop\/produkt\/gecko-in-the-box-easter\/\"]}]},{\"@type\":\"ImageObject\",\"inLanguage\":\"de\",\"@id\":\"https:\/\/www.merget-raum.de\/shop\/produkt\/gecko-in-the-box-easter\/#primaryimage\",\"url\":\"https:\/\/www.merget-raum.de\/shop\/wp-content\/uploads\/2019\/04\/GECKO_IN_THE_BOX_Easter-1.jpg\",\"contentUrl\":\"https:\/\/www.merget-raum.de\/shop\/wp-content\/uploads\/2019\/04\/GECKO_IN_THE_BOX_Easter-1.jpg\",\"width\":651,\"height\":651,\"caption\":\"Bild Easter Gecko in the Box bunt\"},{\"@type\":\"BreadcrumbList\",\"@id\":\"https:\/\/www.merget-raum.de\/shop\/produkt\/gecko-in-the-box-easter\/#breadcrumb\",\"itemListElement\":[{\"@type\":\"ListItem\",\"position\":1,\"name\":\"Startseite\",\"item\":\"https:\/\/www.merget-raum.de\/shop\/\"},{\"@type\":\"ListItem\",\"position\":2,\"name\":\"Shop\",\"item\":\"https:\/\/www.merget-raum.de\/shop\/\"},{\"@type\":\"ListItem\",\"position\":3,\"name\":\"Gecko in the Box Easter\"}]},{\"@type\":\"WebSite\",\"@id\":\"https:\/\/www.merget-raum.de\/shop\/#website\",\"url\":\"https:\/\/www.merget-raum.de\/shop\/\",\"name\":\"Merget-Raumausstattung Mainaschaff\",\"description\":\"Raumausstattung Merget Fachmarkt Mainaschaff &amp; Aschaffenburg\",\"potentialAction\":[{\"@type\":\"SearchAction\",\"target\":{\"@type\":\"EntryPoint\",\"urlTemplate\":\"https:\/\/www.merget-raum.de\/shop\/?s={search_term_string}\"},\"query-input\":{\"@type\":\"PropertyValueSpecification\",\"valueRequired\":true,\"valueName\":\"search_term_string\"}}],\"inLanguage\":\"de\"}]}<\/script>\n<!-- \/ Yoast SEO plugin. -->","yoast_head_json":{"title":"Gecko in the Box Easter - Merget-Raumausstattung Mainaschaff","description":"Gecko in the Box Easter - Merget-Raumausstattung Mainaschaff","robots":{"index":"index","follow":"follow","max-snippet":"max-snippet:-1","max-image-preview":"max-image-preview:large","max-video-preview":"max-video-preview:-1"},"canonical":"https:\/\/www.merget-raum.de\/shop\/produkt\/gecko-in-the-box-easter\/","og_locale":"de_DE","og_type":"article","og_title":"Gecko in the Box Easter - Merget-Raumausstattung Mainaschaff","og_description":"Gecko in the Box Easter - Merget-Raumausstattung Mainaschaff","og_url":"https:\/\/www.merget-raum.de\/shop\/produkt\/gecko-in-the-box-easter\/","og_site_name":"Merget-Raumausstattung Mainaschaff","article_modified_time":"2026-01-14T07:51:27+00:00","og_image":[{"width":651,"height":651,"url":"https:\/\/www.merget-raum.de\/shop\/wp-content\/uploads\/2019\/04\/GECKO_IN_THE_BOX_Easter-1.jpg","type":"image\/jpeg"}],"twitter_card":"summary_large_image","twitter_misc":{"Gesch\u00e4tzte Lesezeit":"1\u00a0Minute"},"schema":{"@context":"https:\/\/schema.org","@graph":[{"@type":"WebPage","@id":"https:\/\/www.merget-raum.de\/shop\/produkt\/gecko-in-the-box-easter\/","url":"https:\/\/www.merget-raum.de\/shop\/produkt\/gecko-in-the-box-easter\/","name":"Gecko in the Box Easter - Merget-Raumausstattung Mainaschaff","isPartOf":{"@id":"https:\/\/www.merget-raum.de\/shop\/#website"},"primaryImageOfPage":{"@id":"https:\/\/www.merget-raum.de\/shop\/produkt\/gecko-in-the-box-easter\/#primaryimage"},"image":{"@id":"https:\/\/www.merget-raum.de\/shop\/produkt\/gecko-in-the-box-easter\/#primaryimage"},"thumbnailUrl":"https:\/\/www.merget-raum.de\/shop\/wp-content\/uploads\/2019\/04\/GECKO_IN_THE_BOX_Easter-1.jpg","datePublished":"2019-04-01T14:32:44+00:00","dateModified":"2026-01-14T07:51:27+00:00","description":"Gecko in the Box Easter - Merget-Raumausstattung Mainaschaff","breadcrumb":{"@id":"https:\/\/www.merget-raum.de\/shop\/produkt\/gecko-in-the-box-easter\/#breadcrumb"},"inLanguage":"de","potentialAction":[{"@type":"ReadAction","target":["https:\/\/www.merget-raum.de\/shop\/produkt\/gecko-in-the-box-easter\/"]}]},{"@type":"ImageObject","inLanguage":"de","@id":"https:\/\/www.merget-raum.de\/shop\/produkt\/gecko-in-the-box-easter\/#primaryimage","url":"https:\/\/www.merget-raum.de\/shop\/wp-content\/uploads\/2019\/04\/GECKO_IN_THE_BOX_Easter-1.jpg","contentUrl":"https:\/\/www.merget-raum.de\/shop\/wp-content\/uploads\/2019\/04\/GECKO_IN_THE_BOX_Easter-1.jpg","width":651,"height":651,"caption":"Bild Easter Gecko in the Box bunt"},{"@type":"BreadcrumbList","@id":"https:\/\/www.merget-raum.de\/shop\/produkt\/gecko-in-the-box-easter\/#breadcrumb","itemListElement":[{"@type":"ListItem","position":1,"name":"Startseite","item":"https:\/\/www.merget-raum.de\/shop\/"},{"@type":"ListItem","position":2,"name":"Shop","item":"https:\/\/www.merget-raum.de\/shop\/"},{"@type":"ListItem","position":3,"name":"Gecko in the Box Easter"}]},{"@type":"WebSite","@id":"https:\/\/www.merget-raum.de\/shop\/#website","url":"https:\/\/www.merget-raum.de\/shop\/","name":"Merget-Raumausstattung Mainaschaff","description":"Raumausstattung Merget Fachmarkt Mainaschaff &amp; Aschaffenburg","potentialAction":[{"@type":"SearchAction","target":{"@type":"EntryPoint","urlTemplate":"https:\/\/www.merget-raum.de\/shop\/?s={search_term_string}"},"query-input":{"@type":"PropertyValueSpecification","valueRequired":true,"valueName":"search_term_string"}}],"inLanguage":"de"}]}},"_links":{"self":[{"href":"https:\/\/www.merget-raum.de\/shop\/wp-json\/wp\/v2\/product\/3725","targetHints":{"allow":["GET"]}}],"collection":[{"href":"https:\/\/www.merget-raum.de\/shop\/wp-json\/wp\/v2\/product"}],"about":[{"href":"https:\/\/www.merget-raum.de\/shop\/wp-json\/wp\/v2\/types\/product"}],"replies":[{"embeddable":true,"href":"https:\/\/www.merget-raum.de\/shop\/wp-json\/wp\/v2\/comments?post=3725"}],"wp:featuredmedia":[{"embeddable":true,"href":"https:\/\/www.merget-raum.de\/shop\/wp-json\/wp\/v2\/media\/3735"}],"wp:attachment":[{"href":"https:\/\/www.merget-raum.de\/shop\/wp-json\/wp\/v2\/media?parent=3725"}],"wp:term":[{"taxonomy":"product_brand","embeddable":true,"href":"https:\/\/www.merget-raum.de\/shop\/wp-json\/wp\/v2\/product_brand?post=3725"},{"taxonomy":"product_cat","embeddable":true,"href":"https:\/\/www.merget-raum.de\/shop\/wp-json\/wp\/v2\/product_cat?post=3725"},{"taxonomy":"product_tag","embeddable":true,"href":"https:\/\/www.merget-raum.de\/shop\/wp-json\/wp\/v2\/product_tag?post=3725"}],"curies":[{"name":"wp","href":"https:\/\/api.w.org\/{rel}","templated":true}]}}