{"id":9,"date":"2016-03-15T18:52:39","date_gmt":"2016-03-15T17:52:39","guid":{"rendered":"http:\/\/wotex.raumkult24.de\/?page_id=9"},"modified":"2019-04-17T13:44:11","modified_gmt":"2019-04-17T11:44:11","slug":"ueber-uns","status":"publish","type":"page","link":"https:\/\/www.merget-raum.de\/shop\/ueber-uns\/","title":{"rendered":"\u00dcber uns"},"content":{"rendered":"\n<p style=\"background-color:#962f3b\" class=\"has-background has-large-font-size has-text-color has-very-light-gray-color\"><strong>Sch\u00f6nes und Praktisches zugleich<\/strong><\/p>\n\n\n\n<div style=\"height:47px\" aria-hidden=\"true\" class=\"wp-block-spacer\"><\/div>\n\n\n\n<p style=\"color:#962f3b;text-align:center\" class=\"has-text-color has-large-font-size\"><em>&#8230;. f\u00fcr mehr Lebensqualit\u00e4t zu Hause oder im B\u00fcro, das ist der Anspruch seit  der Gr\u00fcndung der<strong> Raumausstattung MERGET<\/strong> im November 1995 in  Mainaschaff. <\/em><\/p>\n\n\n\n<div style=\"height:50px\" aria-hidden=\"true\" class=\"wp-block-spacer\"><\/div>\n\n\n\n<hr class=\"wp-block-separator\"\/>\n\n\n\n<div style=\"height:100px\" aria-hidden=\"true\" class=\"wp-block-spacer\"><\/div>\n\n\n\n<h2 class=\"wp-block-heading\">Nicole Seel-Merget<\/h2>\n\n\n\n<div class=\"wp-block-media-text alignwide\"><figure class=\"wp-block-media-text__media\"><img fetchpriority=\"high\" decoding=\"async\" width=\"425\" height=\"520\" src=\"https:\/\/merget-raum.wotex-mg.de\/wp-content\/uploads\/2019\/01\/raumausstattermeisterin-seel-merget-1.jpg\" alt=\"Bild \u00dcber uns - Raumausstattung Merget Frau Nicole Seel Merget\" class=\"wp-image-2510\" srcset=\"https:\/\/www.merget-raum.de\/shop\/wp-content\/uploads\/2019\/01\/raumausstattermeisterin-seel-merget-1.jpg 425w, https:\/\/www.merget-raum.de\/shop\/wp-content\/uploads\/2019\/01\/raumausstattermeisterin-seel-merget-1-64x78.jpg 64w, https:\/\/www.merget-raum.de\/shop\/wp-content\/uploads\/2019\/01\/raumausstattermeisterin-seel-merget-1-245x300.jpg 245w, https:\/\/www.merget-raum.de\/shop\/wp-content\/uploads\/2019\/01\/raumausstattermeisterin-seel-merget-1-300x367.jpg 300w\" sizes=\"(max-width: 425px) 100vw, 425px\" \/><\/figure><div class=\"wp-block-media-text__content\">\n<p style=\"background-color:#962f3b\" class=\"has-text-color has-background has-large-font-size has-very-light-gray-color\">Trends erkennen und diese professionell umsetzen, ist nicht nur Beruf sondern eher die Berufung von Nicole Seel-Merget. Als Kind faszinierte sie schon im elterlichen Betrieb der Sinn f\u00fcr das sch\u00f6ne Wohnen \u2013 was lag da n\u00e4her, als eine Ausbildung zur Raumausstatterin bereits in der 5.Generation zu erfahren.<\/p>\n\n\n\n<p style=\"background-color:#962f3b\" class=\"has-text-color has-background has-large-font-size has-very-light-gray-color\">Der 1992 erworbene Meistertitel im Raumausstatter-Handwerk war zu dem\n hohen Anspruch, R\u00e4umen von der Idee bis zur Umsetzung eine eigene Note \nund somit ein Wohl(n)gef\u00fchl zu verleihen, f\u00fcr Nicole Seel-Merget eine \nlogische Folgerung.<\/p>\n<\/div><\/div>\n\n\n\n<hr class=\"wp-block-separator is-style-wide\"\/>\n\n\n\n<div style=\"height:20px\" aria-hidden=\"true\" class=\"wp-block-spacer\"><\/div>\n\n\n\n<h2 class=\"wp-block-heading\">Unsere Kompetenz<\/h2>\n\n\n\n<p style=\"color:#962f3b;text-align:left\" class=\"has-text-color has-large-font-size\"> <strong>Die Raumausstattung Merget ist die Adresse im Rhein-Main-Gebiet wenn es  um eine ausf\u00fchrliche Wohnberatung und die Realisation von Kundenw\u00fcnschen  geht &#8211; Privat- oder Gesch\u00e4ftsr\u00e4ume profitieren gleicherma\u00dfen von der  langj\u00e4hrigen Erfahrung. <\/strong><\/p>\n\n\n\n<p><\/p>\n\n\n\n<p style=\"color:#962f3b;text-align:left\" class=\"has-text-color has-large-font-size\">Unsere Erfahrung und Kompetenz zeigt sich konkret in der Gestaltung von W\u00e4nden und Decken, Fensterdekorationen in jeder Ausf\u00fchrung, der Verlegung von Bodenbel\u00e4gen aller Arten, nat\u00fcrlich auch mit den Klassikern wie Parkett und Laminat. Handwerkliches Geschick ist insbesondere f\u00fcr das Aufpolstern und das Beziehen von Polsterm\u00f6beln \u2013 vielleicht auch eines sehr gesch\u00e4tzten, antiken Erbst\u00fccks erforderlich. Von innen nach au\u00dfen geht es, um durch die fachgerechte Installation von Sonnenschutzanlagen nicht nur eine praktische L\u00f6sung, sondern auch ein perfektes Gesamtbild zu erhalten.<\/p>\n\n\n\n<div style=\"height:20px\" aria-hidden=\"true\" class=\"wp-block-spacer\"><\/div>\n\n\n\n<hr class=\"wp-block-separator is-style-wide\"\/>\n\n\n\n<div style=\"height:100px\" aria-hidden=\"true\" class=\"wp-block-spacer\"><\/div>\n\n\n\n<div style=\"height:25px\" aria-hidden=\"true\" class=\"wp-block-spacer\"><\/div>\n\n\n\n<h2 class=\"wp-block-heading\">Unser Team<\/h2>\n\n\n\n<div class=\"wp-block-media-text alignwide\" style=\"grid-template-columns:27% auto\"><figure class=\"wp-block-media-text__media\"><img decoding=\"async\" width=\"425\" height=\"520\" src=\"https:\/\/merget-raum.wotex-mg.de\/wp-content\/uploads\/2019\/01\/carola-wagner_raumausstatterin-3.jpg\" alt=\"Bild \u00dcber uns - Team Raumausstattung Merget Mainaschaff\" class=\"wp-image-2528\" srcset=\"https:\/\/www.merget-raum.de\/shop\/wp-content\/uploads\/2019\/01\/carola-wagner_raumausstatterin-3.jpg 425w, https:\/\/www.merget-raum.de\/shop\/wp-content\/uploads\/2019\/01\/carola-wagner_raumausstatterin-3-64x78.jpg 64w, https:\/\/www.merget-raum.de\/shop\/wp-content\/uploads\/2019\/01\/carola-wagner_raumausstatterin-3-245x300.jpg 245w, https:\/\/www.merget-raum.de\/shop\/wp-content\/uploads\/2019\/01\/carola-wagner_raumausstatterin-3-300x367.jpg 300w\" sizes=\"(max-width: 425px) 100vw, 425px\" \/><\/figure><div class=\"wp-block-media-text__content\">\n<p style=\"color:#962f3b\" class=\"has-text-color has-large-font-size\"><strong>Carola Wagner<\/strong> (Raumausstattergesellin)<\/p>\n\n\n\n<p style=\"background-color:#962f3b\" class=\"has-text-color has-background has-large-font-size has-very-light-gray-color\">Unsere Vielseitige. Immer f\u00fcr alles bereit, wenn es um Ihre (T)raumverwirklichung geht<\/p>\n<\/div><\/div>\n\n\n\n<div class=\"wp-block-media-text alignwide\" style=\"grid-template-columns:27% auto\"><figure class=\"wp-block-media-text__media\"><img decoding=\"async\" width=\"425\" height=\"520\" src=\"https:\/\/merget-raum.wotex-mg.de\/wp-content\/uploads\/2019\/01\/carolin-stenger-raumausstatterin-2.jpg\" alt=\"Bild \u00dcber uns - Team Raumausstattung Merget Mainaschaff\" class=\"wp-image-2532\" srcset=\"https:\/\/www.merget-raum.de\/shop\/wp-content\/uploads\/2019\/01\/carolin-stenger-raumausstatterin-2.jpg 425w, https:\/\/www.merget-raum.de\/shop\/wp-content\/uploads\/2019\/01\/carolin-stenger-raumausstatterin-2-64x78.jpg 64w, https:\/\/www.merget-raum.de\/shop\/wp-content\/uploads\/2019\/01\/carolin-stenger-raumausstatterin-2-245x300.jpg 245w, https:\/\/www.merget-raum.de\/shop\/wp-content\/uploads\/2019\/01\/carolin-stenger-raumausstatterin-2-300x367.jpg 300w\" sizes=\"(max-width: 425px) 100vw, 425px\" \/><\/figure><div class=\"wp-block-media-text__content\">\n<p style=\"color:#962f3b\" class=\"has-text-color has-large-font-size\"><strong>Carolin Stenger (<\/strong>Raumausstattergesellin)<\/p>\n\n\n\n<p style=\"background-color:#962f3b\" class=\"has-text-color has-background has-large-font-size has-very-light-gray-color\">Unsere Gardinen- und Polsterfachfrau. F\u00fcr den Stoff aus dem die Tr\u00e4ume sind<\/p>\n<\/div><\/div>\n\n\n\n<div class=\"wp-block-media-text alignwide\" style=\"grid-template-columns:27% auto\"><figure class=\"wp-block-media-text__media\"><img loading=\"lazy\" decoding=\"async\" width=\"425\" height=\"520\" src=\"https:\/\/merget-raum.wotex-mg.de\/wp-content\/uploads\/2019\/01\/luitgard-reisz-verkauf-1.jpg\" alt=\"Bild \u00dcber uns - Team Raumausstattung Merget Mainaschaff\" class=\"wp-image-2533\" srcset=\"https:\/\/www.merget-raum.de\/shop\/wp-content\/uploads\/2019\/01\/luitgard-reisz-verkauf-1.jpg 425w, https:\/\/www.merget-raum.de\/shop\/wp-content\/uploads\/2019\/01\/luitgard-reisz-verkauf-1-64x78.jpg 64w, https:\/\/www.merget-raum.de\/shop\/wp-content\/uploads\/2019\/01\/luitgard-reisz-verkauf-1-245x300.jpg 245w, https:\/\/www.merget-raum.de\/shop\/wp-content\/uploads\/2019\/01\/luitgard-reisz-verkauf-1-300x367.jpg 300w\" sizes=\"(max-width: 425px) 100vw, 425px\" \/><\/figure><div class=\"wp-block-media-text__content\">\n<p style=\"color:#962f3b\" class=\"has-text-color has-large-font-size\"><strong>Luitgard Reisz<\/strong> (Einzelhandelskauffrau im Raumausstatterhandwerk)<\/p>\n\n\n\n<p style=\"background-color:#962f3b\" class=\"has-text-color has-background has-large-font-size has-very-light-gray-color\">Unsere Fachfrau im Verkauf. Beratung mit Herz und Seele<\/p>\n<\/div><\/div>\n\n\n\n<div class=\"wp-block-media-text alignwide\" style=\"grid-template-columns:27% auto\"><figure class=\"wp-block-media-text__media\"><img loading=\"lazy\" decoding=\"async\" width=\"425\" height=\"520\" src=\"https:\/\/merget-raum.wotex-mg.de\/wp-content\/uploads\/2019\/01\/steigerwald-raumausstatter-1.jpg\" alt=\"Bild \u00dcber uns - Team Raumausstattung Merget Mainaschaff\" class=\"wp-image-2534\" srcset=\"https:\/\/www.merget-raum.de\/shop\/wp-content\/uploads\/2019\/01\/steigerwald-raumausstatter-1.jpg 425w, https:\/\/www.merget-raum.de\/shop\/wp-content\/uploads\/2019\/01\/steigerwald-raumausstatter-1-64x78.jpg 64w, https:\/\/www.merget-raum.de\/shop\/wp-content\/uploads\/2019\/01\/steigerwald-raumausstatter-1-245x300.jpg 245w, https:\/\/www.merget-raum.de\/shop\/wp-content\/uploads\/2019\/01\/steigerwald-raumausstatter-1-300x367.jpg 300w\" sizes=\"(max-width: 425px) 100vw, 425px\" \/><\/figure><div class=\"wp-block-media-text__content\">\n<p style=\"color:#962f3b\" class=\"has-text-color has-large-font-size\"><strong>Albrecht Steigerwald <\/strong>(Raumausstattergeselle)<\/p>\n\n\n\n<p style=\"background-color:#962f3b\" class=\"has-text-color has-background has-large-font-size has-very-light-gray-color\">Unser Boden- und Wandfachmann. Perfekt in der Vertikalen und Horizontalen<\/p>\n<\/div><\/div>\n\n\n\n<div class=\"wp-block-media-text alignwide\" style=\"grid-template-columns:27% auto\"><figure class=\"wp-block-media-text__media\"><img loading=\"lazy\" decoding=\"async\" width=\"425\" height=\"520\" src=\"https:\/\/merget-raum.wotex-mg.de\/wp-content\/uploads\/2019\/01\/cindy-2.jpg\" alt=\"Bild \u00dcber uns - Team Raumausstattung Merget Mainaschaff\" class=\"wp-image-2536\" srcset=\"https:\/\/www.merget-raum.de\/shop\/wp-content\/uploads\/2019\/01\/cindy-2.jpg 425w, https:\/\/www.merget-raum.de\/shop\/wp-content\/uploads\/2019\/01\/cindy-2-64x78.jpg 64w, https:\/\/www.merget-raum.de\/shop\/wp-content\/uploads\/2019\/01\/cindy-2-245x300.jpg 245w, https:\/\/www.merget-raum.de\/shop\/wp-content\/uploads\/2019\/01\/cindy-2-300x367.jpg 300w\" sizes=\"(max-width: 425px) 100vw, 425px\" \/><\/figure><div class=\"wp-block-media-text__content\">\n<p style=\"color:#962f3b\" class=\"has-text-color has-large-font-size\"><strong>Cindy <\/strong>(Raumausstatterh\u00fcndin)<\/p>\n\n\n\n<p style=\"background-color:#962f3b\" class=\"has-text-color has-background has-large-font-size has-very-light-gray-color\">Security<\/p>\n<\/div><\/div>\n\n\n\n<div style=\"height:100px\" aria-hidden=\"true\" class=\"wp-block-spacer\"><\/div>\n\n\n\n<p style=\"color:#962f3b\" class=\"has-text-color has-large-font-size\">Das motivierte Team aus Gesellen mit abgeschlossener \nRaumausstatter-Ausbildung und in der Regel auch Auszubildende, leistet \nunter der meisterhaften Leitung von Nicole Seel-Merget engagiert die \ntermin- und fachgerechte Ausf\u00fchrung der Auftr\u00e4ge. F\u00fcr Nicole Seel-Merget\n ist die Leitung nicht nur ein Begriff \u2013 durch ihre Pr\u00e4senz im Gesch\u00e4ft \nund auf den Baustellen ist sie die kompetente Ansprechpartnerin rund um \nden Bereich des Faktors Wohlf\u00fchlen in den eigenen vier W\u00e4nden.<\/p>\n\n\n\n<div style=\"height:20px\" aria-hidden=\"true\" class=\"wp-block-spacer\"><\/div>\n\n\n\n<hr class=\"wp-block-separator is-style-wide\"\/>\n\n\n\n<div style=\"height:100px\" aria-hidden=\"true\" class=\"wp-block-spacer\"><\/div>\n\n\n\n<h2 class=\"wp-block-heading\">Unser Unternehmen<\/h2>\n\n\n\n<div class=\"wp-block-image\"><figure class=\"alignleft\"><img loading=\"lazy\" decoding=\"async\" width=\"364\" height=\"108\" src=\"https:\/\/merget-raum.wotex-mg.de\/wp-content\/uploads\/2019\/01\/raumausstattung-merget-1.png\" alt=\"\" class=\"wp-image-2560\" srcset=\"https:\/\/www.merget-raum.de\/shop\/wp-content\/uploads\/2019\/01\/raumausstattung-merget-1.png 364w, https:\/\/www.merget-raum.de\/shop\/wp-content\/uploads\/2019\/01\/raumausstattung-merget-1-64x19.png 64w, https:\/\/www.merget-raum.de\/shop\/wp-content\/uploads\/2019\/01\/raumausstattung-merget-1-300x89.png 300w\" sizes=\"(max-width: 364px) 100vw, 364px\" \/><\/figure><\/div>\n\n\n\n<figure class=\"wp-block-video\"><\/figure>\n\n\n\n<figure class=\"wp-block-video\"><video height=\"720\" style=\"aspect-ratio: 1280 \/ 720;\" width=\"1280\" controls poster=\"https:\/\/demo2.wotex-mg.de\/wp-content\/uploads\/2019\/02\/raumausstattung-merget-mainaschaff-geb\u00e4ude_1920x800.jpg\" src=\"https:\/\/merget-raum.wotex-mg.de\/wp-content\/uploads\/2019\/01\/RaumausstattungMerget.hd_.mp4\"><\/video><\/figure>\n\n\n\n<div style=\"height:100px\" aria-hidden=\"true\" class=\"wp-block-spacer\"><\/div>\n\n\n\n<div class=\"wp-block-button aligncenter\"><a class=\"wp-block-button__link has-background\" href=\"\/kontakt\/\" style=\"background-color:#962f3b\">Kontaktieren Sie uns<br><\/a><\/div>\n\n\n\n<p style=\"text-align:center\" class=\"has-large-font-size\"><em>Wir alle w\u00fcrden uns \u00fcber ein pers\u00f6nliches Kennenlernen freuen!<\/em><\/p>\n\n\n\n<p style=\"text-align:center\" class=\"has-large-font-size\"><em>Bis bald und einen sch\u00f6nen Tag<\/em><\/p>\n\n\n\n<p style=\"text-align:center\" class=\"has-large-font-size\"><em>Ihr Team von<\/em><\/p>\n\n\n\n<div class=\"wp-block-image\"><figure class=\"aligncenter\"><img loading=\"lazy\" decoding=\"async\" width=\"364\" height=\"108\" src=\"https:\/\/demo2.wotex-mg.de\/wp-content\/uploads\/2019\/01\/raumausstattung-merget-2.png\" alt=\"Logo Raumausstattung Merget\" class=\"wp-image-2646\" srcset=\"https:\/\/www.merget-raum.de\/shop\/wp-content\/uploads\/2019\/01\/raumausstattung-merget-2.png 364w, https:\/\/www.merget-raum.de\/shop\/wp-content\/uploads\/2019\/01\/raumausstattung-merget-2-64x19.png 64w, https:\/\/www.merget-raum.de\/shop\/wp-content\/uploads\/2019\/01\/raumausstattung-merget-2-300x89.png 300w\" sizes=\"(max-width: 364px) 100vw, 364px\" \/><\/figure><\/div>\n\n\n\n<div style=\"height:30px\" aria-hidden=\"true\" class=\"wp-block-spacer\"><\/div>\n\n\n\n<hr class=\"wp-block-separator is-style-wide\"\/>\n\n\n\n<div style=\"height:30px\" aria-hidden=\"true\" class=\"wp-block-spacer\"><\/div>\n\n\n\n<div class=\"wp-block-columns has-5-columns is-layout-flex wp-container-core-columns-is-layout-9d6595d7 wp-block-columns-is-layout-flex\">\n<div class=\"wp-block-column is-layout-flow wp-block-column-is-layout-flow\">\n<p><br><\/p>\n<\/div>\n\n\n\n<div class=\"wp-block-column is-layout-flow wp-block-column-is-layout-flow\">\n<div class=\"wp-block-image\"><figure class=\"alignright is-resized\"><a href=\"https:\/\/www.facebook.com\/Raumausstattung-Merget-und-Wohncollection-Onlineshop-530022167011748\/\" target=\"_blank\" rel=\"noreferrer noopener\"><img loading=\"lazy\" decoding=\"async\" src=\"https:\/\/www.merget-raum.de\/wp-content\/uploads\/2019\/04\/facebook_logo_150x150.jpg\" alt=\"Facebook Logo\" width=\"75\" height=\"75\"\/><\/a><\/figure><\/div>\n\n\n\n<p><\/p>\n<\/div>\n\n\n\n<div class=\"wp-block-column is-layout-flow wp-block-column-is-layout-flow\">\n<p style=\"font-size:26.5px;text-align:center\"> Besuchen Sie uns auch auf<\/p>\n<\/div>\n\n\n\n<div class=\"wp-block-column is-layout-flow wp-block-column-is-layout-flow\">\n<figure class=\"wp-block-image is-resized\"><a href=\"https:\/\/www.instagram.com\/raumausstattung_merget\/?hl=de\" target=\"_blank\" rel=\"noreferrer noopener\"><img loading=\"lazy\" decoding=\"async\" src=\"https:\/\/www.merget-raum.de\/wp-content\/uploads\/2019\/04\/instagram_logo_150.jpg\" alt=\"Instagram Logo\" class=\"wp-image-3752\" width=\"113\" height=\"85\" srcset=\"https:\/\/www.merget-raum.de\/shop\/wp-content\/uploads\/2019\/04\/instagram_logo_150.jpg 150w, https:\/\/www.merget-raum.de\/shop\/wp-content\/uploads\/2019\/04\/instagram_logo_150-64x48.jpg 64w\" sizes=\"(max-width: 113px) 100vw, 113px\" \/><\/a><\/figure>\n\n\n\n<p><\/p>\n<\/div>\n\n\n\n<div class=\"wp-block-column is-layout-flow wp-block-column-is-layout-flow\"><\/div>\n<\/div>\n\n\n<p><!--EndFragment--><br>\n<br>\n<\/p>","protected":false},"excerpt":{"rendered":"<p>Sch\u00f6nes und Praktisches zugleich &#8230;. f\u00fcr mehr Lebensqualit\u00e4t zu Hause oder im B\u00fcro, das ist der Anspruch seit der Gr\u00fcndung der Raumausstattung MERGET im November 1995 in Mainaschaff. Nicole Seel-Merget Trends erkennen und diese professionell umsetzen, ist nicht nur Beruf sondern eher die Berufung von Nicole Seel-Merget. Als Kind faszinierte sie schon im elterlichen Betrieb [&hellip;]<\/p>\n","protected":false},"author":7,"featured_media":2297,"parent":0,"menu_order":0,"comment_status":"closed","ping_status":"closed","template":"","meta":{"footnotes":""},"class_list":["post-9","page","type-page","status-publish","has-post-thumbnail","hentry"],"yoast_head":"<!-- This site is optimized with the Yoast SEO plugin v27.2 - https:\/\/yoast.com\/product\/yoast-seo-wordpress\/ -->\n<title>\u00dcber uns -Raumausstattung Merget - Mainaschaff \u00bb \u260e 06021 770180<\/title>\n<meta name=\"description\" content=\"\u00dcber Uns - Wissenswertes zu Raumausstattung Merget Ihr Fachmarkt f\u00fcr Bodenbel\u00e4ge, Gardinen, Tapeten und Sonnenschutz in Mainaschaff\u00bb \u260e 06021 770180\" \/>\n<meta name=\"robots\" content=\"index, follow, max-snippet:-1, max-image-preview:large, max-video-preview:-1\" \/>\n<link rel=\"canonical\" href=\"https:\/\/www.merget-raum.de\/shop\/ueber-uns\/\" \/>\n<meta property=\"og:locale\" content=\"de_DE\" \/>\n<meta property=\"og:type\" content=\"article\" \/>\n<meta property=\"og:title\" content=\"\u00dcber uns -Raumausstattung Merget - Mainaschaff \u00bb \u260e 06021 770180\" \/>\n<meta property=\"og:description\" content=\"\u00dcber Uns - Wissenswertes zu Raumausstattung Merget Ihr Fachmarkt f\u00fcr Bodenbel\u00e4ge, Gardinen, Tapeten und Sonnenschutz in Mainaschaff\u00bb \u260e 06021 770180\" \/>\n<meta property=\"og:url\" content=\"https:\/\/www.merget-raum.de\/shop\/ueber-uns\/\" \/>\n<meta property=\"og:site_name\" content=\"Merget-Raumausstattung Mainaschaff\" \/>\n<meta property=\"article:modified_time\" content=\"2019-04-17T11:44:11+00:00\" \/>\n<meta property=\"og:image\" content=\"https:\/\/www.merget-raum.de\/shop\/wp-content\/uploads\/2019\/01\/raumausstatter-in-aschaffenburg.jpg\" \/>\n\t<meta property=\"og:image:width\" content=\"950\" \/>\n\t<meta property=\"og:image:height\" content=\"520\" \/>\n\t<meta property=\"og:image:type\" content=\"image\/jpeg\" \/>\n<meta name=\"twitter:card\" content=\"summary_large_image\" \/>\n<meta name=\"twitter:label1\" content=\"Gesch\u00e4tzte Lesezeit\" \/>\n\t<meta name=\"twitter:data1\" content=\"2\u00a0Minuten\" \/>\n<script type=\"application\/ld+json\" class=\"yoast-schema-graph\">{\"@context\":\"https:\/\/schema.org\",\"@graph\":[{\"@type\":\"WebPage\",\"@id\":\"https:\/\/www.merget-raum.de\/shop\/ueber-uns\/\",\"url\":\"https:\/\/www.merget-raum.de\/shop\/ueber-uns\/\",\"name\":\"\u00dcber uns -Raumausstattung Merget - Mainaschaff \u00bb \u260e 06021 770180\",\"isPartOf\":{\"@id\":\"https:\/\/www.merget-raum.de\/shop\/#website\"},\"primaryImageOfPage\":{\"@id\":\"https:\/\/www.merget-raum.de\/shop\/ueber-uns\/#primaryimage\"},\"image\":{\"@id\":\"https:\/\/www.merget-raum.de\/shop\/ueber-uns\/#primaryimage\"},\"thumbnailUrl\":\"https:\/\/www.merget-raum.de\/shop\/wp-content\/uploads\/2019\/01\/raumausstatter-in-aschaffenburg.jpg\",\"datePublished\":\"2016-03-15T17:52:39+00:00\",\"dateModified\":\"2019-04-17T11:44:11+00:00\",\"description\":\"\u00dcber Uns - Wissenswertes zu Raumausstattung Merget Ihr Fachmarkt f\u00fcr Bodenbel\u00e4ge, Gardinen, Tapeten und Sonnenschutz in Mainaschaff\u00bb \u260e 06021 770180\",\"breadcrumb\":{\"@id\":\"https:\/\/www.merget-raum.de\/shop\/ueber-uns\/#breadcrumb\"},\"inLanguage\":\"de\",\"potentialAction\":[{\"@type\":\"ReadAction\",\"target\":[\"https:\/\/www.merget-raum.de\/shop\/ueber-uns\/\"]}]},{\"@type\":\"ImageObject\",\"inLanguage\":\"de\",\"@id\":\"https:\/\/www.merget-raum.de\/shop\/ueber-uns\/#primaryimage\",\"url\":\"https:\/\/www.merget-raum.de\/shop\/wp-content\/uploads\/2019\/01\/raumausstatter-in-aschaffenburg.jpg\",\"contentUrl\":\"https:\/\/www.merget-raum.de\/shop\/wp-content\/uploads\/2019\/01\/raumausstatter-in-aschaffenburg.jpg\",\"width\":950,\"height\":520},{\"@type\":\"BreadcrumbList\",\"@id\":\"https:\/\/www.merget-raum.de\/shop\/ueber-uns\/#breadcrumb\",\"itemListElement\":[{\"@type\":\"ListItem\",\"position\":1,\"name\":\"Startseite\",\"item\":\"https:\/\/www.merget-raum.de\/shop\/\"},{\"@type\":\"ListItem\",\"position\":2,\"name\":\"\u00dcber uns\"}]},{\"@type\":\"WebSite\",\"@id\":\"https:\/\/www.merget-raum.de\/shop\/#website\",\"url\":\"https:\/\/www.merget-raum.de\/shop\/\",\"name\":\"Merget-Raumausstattung Mainaschaff\",\"description\":\"Raumausstattung Merget Fachmarkt Mainaschaff &amp; Aschaffenburg\",\"potentialAction\":[{\"@type\":\"SearchAction\",\"target\":{\"@type\":\"EntryPoint\",\"urlTemplate\":\"https:\/\/www.merget-raum.de\/shop\/?s={search_term_string}\"},\"query-input\":{\"@type\":\"PropertyValueSpecification\",\"valueRequired\":true,\"valueName\":\"search_term_string\"}}],\"inLanguage\":\"de\"}]}<\/script>\n<!-- \/ Yoast SEO plugin. -->","yoast_head_json":{"title":"\u00dcber uns -Raumausstattung Merget - Mainaschaff \u00bb \u260e 06021 770180","description":"\u00dcber Uns - Wissenswertes zu Raumausstattung Merget Ihr Fachmarkt f\u00fcr Bodenbel\u00e4ge, Gardinen, Tapeten und Sonnenschutz in Mainaschaff\u00bb \u260e 06021 770180","robots":{"index":"index","follow":"follow","max-snippet":"max-snippet:-1","max-image-preview":"max-image-preview:large","max-video-preview":"max-video-preview:-1"},"canonical":"https:\/\/www.merget-raum.de\/shop\/ueber-uns\/","og_locale":"de_DE","og_type":"article","og_title":"\u00dcber uns -Raumausstattung Merget - Mainaschaff \u00bb \u260e 06021 770180","og_description":"\u00dcber Uns - Wissenswertes zu Raumausstattung Merget Ihr Fachmarkt f\u00fcr Bodenbel\u00e4ge, Gardinen, Tapeten und Sonnenschutz in Mainaschaff\u00bb \u260e 06021 770180","og_url":"https:\/\/www.merget-raum.de\/shop\/ueber-uns\/","og_site_name":"Merget-Raumausstattung Mainaschaff","article_modified_time":"2019-04-17T11:44:11+00:00","og_image":[{"width":950,"height":520,"url":"https:\/\/www.merget-raum.de\/shop\/wp-content\/uploads\/2019\/01\/raumausstatter-in-aschaffenburg.jpg","type":"image\/jpeg"}],"twitter_card":"summary_large_image","twitter_misc":{"Gesch\u00e4tzte Lesezeit":"2\u00a0Minuten"},"schema":{"@context":"https:\/\/schema.org","@graph":[{"@type":"WebPage","@id":"https:\/\/www.merget-raum.de\/shop\/ueber-uns\/","url":"https:\/\/www.merget-raum.de\/shop\/ueber-uns\/","name":"\u00dcber uns -Raumausstattung Merget - Mainaschaff \u00bb \u260e 06021 770180","isPartOf":{"@id":"https:\/\/www.merget-raum.de\/shop\/#website"},"primaryImageOfPage":{"@id":"https:\/\/www.merget-raum.de\/shop\/ueber-uns\/#primaryimage"},"image":{"@id":"https:\/\/www.merget-raum.de\/shop\/ueber-uns\/#primaryimage"},"thumbnailUrl":"https:\/\/www.merget-raum.de\/shop\/wp-content\/uploads\/2019\/01\/raumausstatter-in-aschaffenburg.jpg","datePublished":"2016-03-15T17:52:39+00:00","dateModified":"2019-04-17T11:44:11+00:00","description":"\u00dcber Uns - Wissenswertes zu Raumausstattung Merget Ihr Fachmarkt f\u00fcr Bodenbel\u00e4ge, Gardinen, Tapeten und Sonnenschutz in Mainaschaff\u00bb \u260e 06021 770180","breadcrumb":{"@id":"https:\/\/www.merget-raum.de\/shop\/ueber-uns\/#breadcrumb"},"inLanguage":"de","potentialAction":[{"@type":"ReadAction","target":["https:\/\/www.merget-raum.de\/shop\/ueber-uns\/"]}]},{"@type":"ImageObject","inLanguage":"de","@id":"https:\/\/www.merget-raum.de\/shop\/ueber-uns\/#primaryimage","url":"https:\/\/www.merget-raum.de\/shop\/wp-content\/uploads\/2019\/01\/raumausstatter-in-aschaffenburg.jpg","contentUrl":"https:\/\/www.merget-raum.de\/shop\/wp-content\/uploads\/2019\/01\/raumausstatter-in-aschaffenburg.jpg","width":950,"height":520},{"@type":"BreadcrumbList","@id":"https:\/\/www.merget-raum.de\/shop\/ueber-uns\/#breadcrumb","itemListElement":[{"@type":"ListItem","position":1,"name":"Startseite","item":"https:\/\/www.merget-raum.de\/shop\/"},{"@type":"ListItem","position":2,"name":"\u00dcber uns"}]},{"@type":"WebSite","@id":"https:\/\/www.merget-raum.de\/shop\/#website","url":"https:\/\/www.merget-raum.de\/shop\/","name":"Merget-Raumausstattung Mainaschaff","description":"Raumausstattung Merget Fachmarkt Mainaschaff &amp; Aschaffenburg","potentialAction":[{"@type":"SearchAction","target":{"@type":"EntryPoint","urlTemplate":"https:\/\/www.merget-raum.de\/shop\/?s={search_term_string}"},"query-input":{"@type":"PropertyValueSpecification","valueRequired":true,"valueName":"search_term_string"}}],"inLanguage":"de"}]}},"_links":{"self":[{"href":"https:\/\/www.merget-raum.de\/shop\/wp-json\/wp\/v2\/pages\/9","targetHints":{"allow":["GET"]}}],"collection":[{"href":"https:\/\/www.merget-raum.de\/shop\/wp-json\/wp\/v2\/pages"}],"about":[{"href":"https:\/\/www.merget-raum.de\/shop\/wp-json\/wp\/v2\/types\/page"}],"author":[{"embeddable":true,"href":"https:\/\/www.merget-raum.de\/shop\/wp-json\/wp\/v2\/users\/7"}],"replies":[{"embeddable":true,"href":"https:\/\/www.merget-raum.de\/shop\/wp-json\/wp\/v2\/comments?post=9"}],"version-history":[{"count":0,"href":"https:\/\/www.merget-raum.de\/shop\/wp-json\/wp\/v2\/pages\/9\/revisions"}],"wp:featuredmedia":[{"embeddable":true,"href":"https:\/\/www.merget-raum.de\/shop\/wp-json\/wp\/v2\/media\/2297"}],"wp:attachment":[{"href":"https:\/\/www.merget-raum.de\/shop\/wp-json\/wp\/v2\/media?parent=9"}],"curies":[{"name":"wp","href":"https:\/\/api.w.org\/{rel}","templated":true}]}}