{"id":3680,"date":"2019-03-22T13:36:43","date_gmt":"2019-03-22T12:36:43","guid":{"rendered":"https:\/\/demo2.wotex-mg.de\/?page_id=3680"},"modified":"2024-03-11T10:45:48","modified_gmt":"2024-03-11T09:45:48","slug":"impressum-shop","status":"publish","type":"page","link":"https:\/\/www.merget-raum.de\/shop\/impressum-shop\/","title":{"rendered":"Impressum Shop"},"content":{"rendered":"\n<h2 class=\"wp-block-heading\"><span style=\"color: #808080;\">Impressum<\/span><\/h2>\n\n\n\n<h2 class=\"wp-block-heading\"><span style=\"color: #808080;\">Gesetzliche Anbieterkennung<\/span><\/h2>\n\n\n\n<p class=\"has-text-color has-large-font-size\" style=\"color:#962f3b\"><span style=\"color: #808080;\"><strong>wohncollection.de &#8211;<\/strong><\/span> <strong>Raumausstattung Merget<\/strong> <\/p>\n\n\n\n<p class=\"has-dark-gray-color has-text-color\"><span style=\"color: #808080;\">Nicole Seel-Merget<\/span><\/p>\n\n\n\n<p class=\"has-dark-gray-color has-text-color\"><span style=\"color: #808080;\">Goethestra\u00dfe 43<br><\/span><\/p>\n\n\n\n<p class=\"has-light-gray-color has-text-color\">63814 Mainaschaff<br>Deutschland <span style=\"color: #808080;\"><br><\/span><\/p>\n\n\n\n<p class=\"has-dark-gray-color has-text-color\"><span style=\"color: #808080;\">Umsatzsteuer-Identifikationsnummer gem\u00e4\u00df \u00a727a UStG<\/span> <span style=\"color: #808080;\">: DE201318405<br><\/span><\/p>\n\n\n\n<div style=\"height:20px\" aria-hidden=\"true\" class=\"wp-block-spacer\"><\/div>\n\n\n\n<p><img decoding=\"async\" class=\"icon\" style=\"vertical-align: middle;\" src=\"\/wp-content\/themes\/CITS-Breeze\/media\/icons\/icon_telefon_24x24.png\" alt=\"Telefon:\"> <a href=\"tel:+496021770180\">+49 (0)6021 \/ 770180<\/a><\/p>\n\n<p><img decoding=\"async\" class=\"icon\" style=\"vertical-align: middle;\" src=\"\/wp-content\/themes\/CITS-Breeze\/media\/icons\/icon_fax_24x24.png\" alt=\"Fax:\"> <a href=\"tel:+496021770314\">+49 (0)6021 \/ 770314<\/a><\/p>\n\n<p><img decoding=\"async\" class=\"icon\" style=\"vertical-align: middle;\" src=\"\/wp-content\/themes\/CITS-Breeze\/media\/icons\/icon_mail_24x24.png\" alt=\"E-Mail:\"> <a title=\"info@merget-raum.de \" href=\"mailto:info@merget-raum.de\">info@merget-raum.de<\/a><\/p>\n\n\n\n<div style=\"height:50px\" aria-hidden=\"true\" class=\"wp-block-spacer\"><\/div>\n\n\n\n<p><span style=\"color: #808080;\"><strong>Inhaltlich Verantwortlicher:<\/strong><\/span><\/p>\n\n\n\n<p><span style=\"color: #808080;\">Nicole Seel &#8211; Merget<\/span><\/p>\n\n\n\n<p class=\"has-light-gray-color has-text-color\">Goethestr. 43<\/p>\n\n\n\n<p class=\"has-light-gray-color has-text-color\">63814 Mainaschaff<\/p>\n\n\n\n<div style=\"height:50px\" aria-hidden=\"true\" class=\"wp-block-spacer\"><\/div>\n\n\n\n<p><span style=\"color: #808080;\"><strong>Alternative Streitbeilegung:<\/strong><\/span><br><span style=\"color: #808080;\"> Die Europ\u00e4ische Kommission stellt eine Plattform f\u00fcr die au\u00dfergerichtliche Online-Streitbeilegung (OS-Plattform) bereit, aufrufbar unter <a style=\"color: #808080;\" rel=\"noopener noreferrer\" href=\"http:\/\/ec.europa.eu\/odr\" target=\"_blank\">https:\/\/ec.europa.eu\/odr<\/a> <\/span>die Verbraucher f\u00fcr die Beilegung einer Streitigkeit nutzen k\u00f6nnen und auf der weitere Informationen zum Thema Streitschlichtung zu finden sind. <\/p>\n\n\n\n<p class=\"has-light-gray-color has-text-color\"> <strong>Au\u00dfergerichtliche Streitbeilegung<\/strong><br>Wir sind weder verpflichtet noch dazu bereit, im Falle einer Streitigkeit mit einem Verbraucher an einem Streitbeilegungsverfahren vor einer Verbraucherschlichtungsstelle teilzunehmen. <br><br><\/p>\n\n\n\n<div style=\"height:50px\" aria-hidden=\"true\" class=\"wp-block-spacer\"><\/div>\n\n\n\n<p><span style=\"color: #808080;\"><strong>Mitgliedschaften<\/strong><\/span><\/p>\n\n\n\n<p><span style=\"color: #808080;\">Die Fa. <strong><span style=\"color: #ff0000;\"><span style=\"color: #962f3b;\">Raumausstattung Merget<\/span><\/span><\/strong> ist Mitglied des <\/span><span style=\"color: #3366ff;\"><a style=\"color: #3366ff;\" href=\"http:\/\/www.wotex.de\">WOTEX<\/a> <\/span><span style=\"color: #808080;\">Einkaufsverbandes und kann durch die Verbandszugeh\u00f6rigkeit optimale Einkaufskonditionen erzielen. Durch die daraus resultierenden attraktiven Verkaufpreise profitieren die Kunden von Firma <strong><span style=\"color: #ff0000;\"><span style=\"color: #962f3b;\">Raumausstattung Merget in Mainaschaff<\/span><br><\/span><\/strong><\/span><\/p>\n\n\n\n<div style=\"height:100px\" aria-hidden=\"true\" class=\"wp-block-spacer\"><\/div>\n\n\n\n<h3 class=\"wp-block-heading\"><span style=\"color: #808080;\">Quellenangaben f\u00fcr die verwendeten Bilder, Grafiken und Rechtstexte:<\/span><\/h3>\n\n\n\n<p><span style=\"color: #808080;\">Gerflor<\/span><\/p>\n\n\n\n<p><span style=\"color: #808080;\">Tarkett<\/span><\/p>\n\n\n\n<p><span style=\"color: #808080;\">Infloor<\/span><\/p>\n\n\n\n<p><span style=\"color: #808080;\">Girloon<\/span><\/p>\n\n\n\n<p><span style=\"color: #808080;\">Texdecor<\/span><\/p>\n\n\n\n<p><span style=\"color: #808080;\">Desso<\/span><\/p>\n\n\n\n<p><span style=\"color: #808080;\">Marburger Tapetenfabrik<\/span><\/p>\n\n\n\n<p><span style=\"color: #808080;\">&nbsp;<\/span><\/p>\n","protected":false},"excerpt":{"rendered":"<p>Impressum Gesetzliche Anbieterkennung wohncollection.de &#8211; Raumausstattung Merget Nicole Seel-Merget Goethestra\u00dfe 43 63814 MainaschaffDeutschland Umsatzsteuer-Identifikationsnummer gem\u00e4\u00df \u00a727a UStG : DE201318405 +49 (0)6021 \/ 770180 +49 (0)6021 \/ 770314 info@merget-raum.de Inhaltlich Verantwortlicher: Nicole Seel &#8211; Merget Goethestr. 43 63814 Mainaschaff Alternative Streitbeilegung: Die Europ\u00e4ische Kommission stellt eine Plattform f\u00fcr die au\u00dfergerichtliche Online-Streitbeilegung (OS-Plattform) bereit, aufrufbar unter https:\/\/ec.europa.eu\/odr [&hellip;]<\/p>\n","protected":false},"author":5,"featured_media":0,"parent":0,"menu_order":0,"comment_status":"closed","ping_status":"closed","template":"\/woocommerce\/shop-page.php","meta":{"footnotes":""},"class_list":["post-3680","page","type-page","status-publish","hentry"],"yoast_head":"<!-- This site is optimized with the Yoast SEO plugin v27.2 - https:\/\/yoast.com\/product\/yoast-seo-wordpress\/ -->\n<title>Impressum - Raumausstattung Merget - Mainaschaff \u00bb \u260e 06021 770180<\/title>\n<meta name=\"description\" content=\"Im Impressum der Fa. Raumausstattung Merget in Mainaschaff finden Sie alle gesetzlichen vorgeschriebenen Angaben zum Unternehmen.\" \/>\n<meta name=\"robots\" content=\"index, follow, max-snippet:-1, max-image-preview:large, max-video-preview:-1\" \/>\n<link rel=\"canonical\" href=\"https:\/\/www.merget-raum.de\/shop\/impressum-shop\/\" \/>\n<meta property=\"og:locale\" content=\"de_DE\" \/>\n<meta property=\"og:type\" content=\"article\" \/>\n<meta property=\"og:title\" content=\"Impressum - Raumausstattung Merget - Mainaschaff \u00bb \u260e 06021 770180\" \/>\n<meta property=\"og:description\" content=\"Im Impressum der Fa. Raumausstattung Merget in Mainaschaff finden Sie alle gesetzlichen vorgeschriebenen Angaben zum Unternehmen.\" \/>\n<meta property=\"og:url\" content=\"https:\/\/www.merget-raum.de\/shop\/impressum-shop\/\" \/>\n<meta property=\"og:site_name\" content=\"Merget-Raumausstattung Mainaschaff\" \/>\n<meta property=\"article:modified_time\" content=\"2024-03-11T09:45:48+00:00\" \/>\n<meta name=\"twitter:card\" content=\"summary_large_image\" \/>\n<meta name=\"twitter:label1\" content=\"Gesch\u00e4tzte Lesezeit\" \/>\n\t<meta name=\"twitter:data1\" content=\"2\u00a0Minuten\" \/>\n<script type=\"application\/ld+json\" class=\"yoast-schema-graph\">{\"@context\":\"https:\/\/schema.org\",\"@graph\":[{\"@type\":\"WebPage\",\"@id\":\"https:\/\/www.merget-raum.de\/shop\/impressum-shop\/\",\"url\":\"https:\/\/www.merget-raum.de\/shop\/impressum-shop\/\",\"name\":\"Impressum - Raumausstattung Merget - Mainaschaff \u00bb \u260e 06021 770180\",\"isPartOf\":{\"@id\":\"https:\/\/www.merget-raum.de\/shop\/#website\"},\"datePublished\":\"2019-03-22T12:36:43+00:00\",\"dateModified\":\"2024-03-11T09:45:48+00:00\",\"description\":\"Im Impressum der Fa. Raumausstattung Merget in Mainaschaff finden Sie alle gesetzlichen vorgeschriebenen Angaben zum Unternehmen.\",\"breadcrumb\":{\"@id\":\"https:\/\/www.merget-raum.de\/shop\/impressum-shop\/#breadcrumb\"},\"inLanguage\":\"de\",\"potentialAction\":[{\"@type\":\"ReadAction\",\"target\":[\"https:\/\/www.merget-raum.de\/shop\/impressum-shop\/\"]}]},{\"@type\":\"BreadcrumbList\",\"@id\":\"https:\/\/www.merget-raum.de\/shop\/impressum-shop\/#breadcrumb\",\"itemListElement\":[{\"@type\":\"ListItem\",\"position\":1,\"name\":\"Startseite\",\"item\":\"https:\/\/www.merget-raum.de\/shop\/\"},{\"@type\":\"ListItem\",\"position\":2,\"name\":\"Impressum Shop\"}]},{\"@type\":\"WebSite\",\"@id\":\"https:\/\/www.merget-raum.de\/shop\/#website\",\"url\":\"https:\/\/www.merget-raum.de\/shop\/\",\"name\":\"Merget-Raumausstattung Mainaschaff\",\"description\":\"Raumausstattung Merget Fachmarkt Mainaschaff &amp; Aschaffenburg\",\"potentialAction\":[{\"@type\":\"SearchAction\",\"target\":{\"@type\":\"EntryPoint\",\"urlTemplate\":\"https:\/\/www.merget-raum.de\/shop\/?s={search_term_string}\"},\"query-input\":{\"@type\":\"PropertyValueSpecification\",\"valueRequired\":true,\"valueName\":\"search_term_string\"}}],\"inLanguage\":\"de\"}]}<\/script>\n<!-- \/ Yoast SEO plugin. -->","yoast_head_json":{"title":"Impressum - Raumausstattung Merget - Mainaschaff \u00bb \u260e 06021 770180","description":"Im Impressum der Fa. Raumausstattung Merget in Mainaschaff finden Sie alle gesetzlichen vorgeschriebenen Angaben zum Unternehmen.","robots":{"index":"index","follow":"follow","max-snippet":"max-snippet:-1","max-image-preview":"max-image-preview:large","max-video-preview":"max-video-preview:-1"},"canonical":"https:\/\/www.merget-raum.de\/shop\/impressum-shop\/","og_locale":"de_DE","og_type":"article","og_title":"Impressum - Raumausstattung Merget - Mainaschaff \u00bb \u260e 06021 770180","og_description":"Im Impressum der Fa. Raumausstattung Merget in Mainaschaff finden Sie alle gesetzlichen vorgeschriebenen Angaben zum Unternehmen.","og_url":"https:\/\/www.merget-raum.de\/shop\/impressum-shop\/","og_site_name":"Merget-Raumausstattung Mainaschaff","article_modified_time":"2024-03-11T09:45:48+00:00","twitter_card":"summary_large_image","twitter_misc":{"Gesch\u00e4tzte Lesezeit":"2\u00a0Minuten"},"schema":{"@context":"https:\/\/schema.org","@graph":[{"@type":"WebPage","@id":"https:\/\/www.merget-raum.de\/shop\/impressum-shop\/","url":"https:\/\/www.merget-raum.de\/shop\/impressum-shop\/","name":"Impressum - Raumausstattung Merget - Mainaschaff \u00bb \u260e 06021 770180","isPartOf":{"@id":"https:\/\/www.merget-raum.de\/shop\/#website"},"datePublished":"2019-03-22T12:36:43+00:00","dateModified":"2024-03-11T09:45:48+00:00","description":"Im Impressum der Fa. Raumausstattung Merget in Mainaschaff finden Sie alle gesetzlichen vorgeschriebenen Angaben zum Unternehmen.","breadcrumb":{"@id":"https:\/\/www.merget-raum.de\/shop\/impressum-shop\/#breadcrumb"},"inLanguage":"de","potentialAction":[{"@type":"ReadAction","target":["https:\/\/www.merget-raum.de\/shop\/impressum-shop\/"]}]},{"@type":"BreadcrumbList","@id":"https:\/\/www.merget-raum.de\/shop\/impressum-shop\/#breadcrumb","itemListElement":[{"@type":"ListItem","position":1,"name":"Startseite","item":"https:\/\/www.merget-raum.de\/shop\/"},{"@type":"ListItem","position":2,"name":"Impressum Shop"}]},{"@type":"WebSite","@id":"https:\/\/www.merget-raum.de\/shop\/#website","url":"https:\/\/www.merget-raum.de\/shop\/","name":"Merget-Raumausstattung Mainaschaff","description":"Raumausstattung Merget Fachmarkt Mainaschaff &amp; Aschaffenburg","potentialAction":[{"@type":"SearchAction","target":{"@type":"EntryPoint","urlTemplate":"https:\/\/www.merget-raum.de\/shop\/?s={search_term_string}"},"query-input":{"@type":"PropertyValueSpecification","valueRequired":true,"valueName":"search_term_string"}}],"inLanguage":"de"}]}},"_links":{"self":[{"href":"https:\/\/www.merget-raum.de\/shop\/wp-json\/wp\/v2\/pages\/3680","targetHints":{"allow":["GET"]}}],"collection":[{"href":"https:\/\/www.merget-raum.de\/shop\/wp-json\/wp\/v2\/pages"}],"about":[{"href":"https:\/\/www.merget-raum.de\/shop\/wp-json\/wp\/v2\/types\/page"}],"author":[{"embeddable":true,"href":"https:\/\/www.merget-raum.de\/shop\/wp-json\/wp\/v2\/users\/5"}],"replies":[{"embeddable":true,"href":"https:\/\/www.merget-raum.de\/shop\/wp-json\/wp\/v2\/comments?post=3680"}],"version-history":[{"count":1,"href":"https:\/\/www.merget-raum.de\/shop\/wp-json\/wp\/v2\/pages\/3680\/revisions"}],"predecessor-version":[{"id":9822,"href":"https:\/\/www.merget-raum.de\/shop\/wp-json\/wp\/v2\/pages\/3680\/revisions\/9822"}],"wp:attachment":[{"href":"https:\/\/www.merget-raum.de\/shop\/wp-json\/wp\/v2\/media?parent=3680"}],"curies":[{"name":"wp","href":"https:\/\/api.w.org\/{rel}","templated":true}]}}