{"id":3664,"date":"2019-03-22T12:44:48","date_gmt":"2019-03-22T11:44:48","guid":{"rendered":"https:\/\/demo2.wotex-mg.de\/?page_id=3664"},"modified":"2019-03-22T12:49:53","modified_gmt":"2019-03-22T11:49:53","slug":"waren-ruecksendung","status":"publish","type":"page","link":"https:\/\/www.merget-raum.de\/shop\/waren-ruecksendung\/","title":{"rendered":"Waren-R\u00fccksendung"},"content":{"rendered":"\n<h2 class=\"wp-block-heading\">Waren-R\u00fccksendung<\/h2>\n\n\n\n<p>Bei  wohncollection.de stehen Qualit\u00e4t und Service an erster Stelle! Sind Sie mit  einem bei uns bestellten Produkt nicht zufrieden, k\u00f6nnen Sie den  bestellten Artikel innerhalb von 14 Tagen zur\u00fccksenden. <\/p>\n\n\n\n<p>Bitte entfernen  Sie keine angebrachten Etiketten, Aufkleber oder Einleger von den  Produkten.&nbsp; So wird uns die Bearbeitung Ihrer Retoure erheblich  erleichtert. Dadurch k\u00f6nnen wir einen schnellen und reibungslosen  R\u00fccknahmeservice gew\u00e4hrleisten.Ihr Widerrufsrecht wird jedoch auch durch  ein entfernen von Etiketten, Aufklebern oder Einlegern nicht  eingeschr\u00e4nkt oder ausgeschlossen.<\/p>\n\n\n\n<p><strong>Wie kann ich Waren zur\u00fcckschicken?<\/strong><\/p>\n\n\n\n<p>Sie\n m\u00f6chten einen Artikel zur\u00fcckgeben? Bitte geben Sie uns eine kurze Info \nzum Widerruf z.B. schriftlich, per Telefon,&nbsp; Mail oder per Fax.<\/p>\n\n\n\n<p>Legen  Sie den Retouren-Artikel in einen Versandkarton (z.B.  wohncollection.de Versandkarton). Verschlie\u00dfen Sie das Paket und kleben Sie nun  den R\u00fccksendungsaufkleber darauf. <\/p>\n\n\n\n<p>Sollten Sie den wohncollection.de  Versandkarton verwenden, sorgen sie unbedingt daf\u00fcr, dass der  urspr\u00fcngliche Versandaufkleber mit dem Ihre Sendung zugeschickt wurde  nicht mehr zu sehen ist. Entfernen Sie dazu den Versandaufkleber  komplett oder \u00fcberkleben Sie Ihn mit dem R\u00fccksendungsaufkleber.<\/p>\n\n\n\n<p>Bringen Sie die Retoure zu einem Paketdienst Ihrer Wahl und senden uns die Ware bitte an nachfolgende Adresse zur\u00fcck:<\/p>\n\n\n\n<p><strong>Raumausstattung Merget<\/strong><\/p>\n\n\n\n<p>Goethestra\u00dfe 43<\/p>\n\n\n\n<p>63814 Mainaschaff<\/p>\n\n\n\n<p>Die  Kosten f\u00fcr die R\u00fccksendung sind vom K\u00e4ufer zu tragen. Sie belaufen sich  auf 6,95 \u20ac beim Anfordern eines R\u00fccksendungsaufkleber f\u00fcr  paketversandf\u00e4hige Waren. Bei Anfordern einer Abholung nicht  paketversandf\u00e4higer Waren liegen die Kosten bei 85,- \u20ac. <\/p>\n\n\n\n<p><strong>wohncollection.de R\u00fccksendeaufkleber<br><\/strong><\/p>\n\n\n\n<p>Gerne  k\u00f6nnen Sie aber auch einen R\u00fccksendeaufkleber von uns erhalten.  Informieren Sie uns hierzu kurz und wir mailen Ihnen umgehend einen  Retourenschein und R\u00fccksendeaufkleber zu. Nun legen Sie den Artikel und  den ausgef\u00fcllten Retourenschein in einen Versandkarton (z.B.  wohncollection.de -Versandkarton). Verschlie\u00dfen Sie das Paket und kleben Sie nun  den R\u00fccksendungsaufkleber darauf. Sollten Sie den wohncollection.de  Versandkarton verwenden, sorgen sie unbedingt daf\u00fcr, dass der  urspr\u00fcngliche Versandaufkleber mit dem Ihre Sendung zugeschickt wurde  nicht mehr zu sehen ist. Entfernen Sie dazu den Versandaufkleber  komplett oder \u00fcberkleben Sie Ihn mit dem R\u00fccksendungsaufkleber. Bringen  Sie nun das Paket zu einer Postfiliale in Ihrer N\u00e4he und geben es dort  ab. Trifft Ihre R\u00fccksendung dann bei uns ein, erhalten Sie von uns eine  Best\u00e4tigungs E-Mail (Die zuvor angegebene Ablaufbeschreibung zur  Warenr\u00fccksendung ist lediglich als Empfehlung zu verstehen und stellt  keine zwingende Voraussetzung zur wirksamen Aus\u00fcbung Ihres  Wiederrufsrechts dar).<\/p>\n\n\n\n<p><strong>Wie und wann bekomme ich mein Geld zur\u00fcck?<\/strong><\/p>\n\n\n\n<p>Ist\n eine R\u00fccksendung bei uns eingegangen und wurde gepr\u00fcft, erstatten wir \nIhnen den Kaufpreis abh\u00e4ngig von der Zahlungsart zur\u00fcck:<\/p>\n\n\n\n<p>bei&nbsp; Kauf\n auf Rechnung erhalten Sie Ihre Rechnung vermindert um den Wert des \nzur\u00fcckgesendeten Artikels. Sie bezahlen also nur die Ware, die sie \nbehalten haben. Wurde der Kaufbetrag bereits vorher \u00fcberwiesen, wird&nbsp; \ndie Differenz auf Ihr Bankkonto zur\u00fcck \u00fcberwiesen.<\/p>\n\n\n\n<p>Bei geleisteter Vorkasse wird der Differenzbetrag auf Ihr Bankkonto zur\u00fcck \u00fcberwiesen.<\/p>\n\n\n\n<p>Lesen Sie hierzu auch unsere <a href=\"\/widerruf\/\" target=\"_blank\" rel=\"noreferrer noopener\" aria-label=\"Widerrufsbelehrung (\u00f6ffnet in neuem Tab)\">Widerrufsbelehrung<\/a>.<\/p>\n","protected":false},"excerpt":{"rendered":"<p>Waren-R\u00fccksendung Bei wohncollection.de stehen Qualit\u00e4t und Service an erster Stelle! Sind Sie mit einem bei uns bestellten Produkt nicht zufrieden, k\u00f6nnen Sie den bestellten Artikel innerhalb von 14 Tagen zur\u00fccksenden. Bitte entfernen Sie keine angebrachten Etiketten, Aufkleber oder Einleger von den Produkten.&nbsp; So wird uns die Bearbeitung Ihrer Retoure erheblich erleichtert. Dadurch k\u00f6nnen wir einen [&hellip;]<\/p>\n","protected":false},"author":5,"featured_media":0,"parent":0,"menu_order":0,"comment_status":"closed","ping_status":"closed","template":"\/woocommerce\/shop-page.php","meta":{"footnotes":""},"class_list":["post-3664","page","type-page","status-publish","hentry"],"yoast_head":"<!-- This site is optimized with the Yoast SEO plugin v27.2 - https:\/\/yoast.com\/product\/yoast-seo-wordpress\/ -->\n<title>Waren-R\u00fccksendung - Merget-Raumausstattung Mainaschaff\u00bbMainaschaff\u00bb\u260e 06021-770180<\/title>\n<meta name=\"robots\" content=\"index, follow, max-snippet:-1, max-image-preview:large, max-video-preview:-1\" \/>\n<link rel=\"canonical\" href=\"https:\/\/www.merget-raum.de\/shop\/waren-ruecksendung\/\" \/>\n<meta property=\"og:locale\" content=\"de_DE\" \/>\n<meta property=\"og:type\" content=\"article\" \/>\n<meta property=\"og:title\" content=\"Waren-R\u00fccksendung - Merget-Raumausstattung Mainaschaff\u00bbMainaschaff\u00bb\u260e 06021-770180\" \/>\n<meta property=\"og:description\" content=\"Waren-R\u00fccksendung Bei wohncollection.de stehen Qualit\u00e4t und Service an erster Stelle! Sind Sie mit einem bei uns bestellten Produkt nicht zufrieden, k\u00f6nnen Sie den bestellten Artikel innerhalb von 14 Tagen zur\u00fccksenden. Bitte entfernen Sie keine angebrachten Etiketten, Aufkleber oder Einleger von den Produkten.&nbsp; So wird uns die Bearbeitung Ihrer Retoure erheblich erleichtert. Dadurch k\u00f6nnen wir einen [&hellip;]\" \/>\n<meta property=\"og:url\" content=\"https:\/\/www.merget-raum.de\/shop\/waren-ruecksendung\/\" \/>\n<meta property=\"og:site_name\" content=\"Merget-Raumausstattung Mainaschaff\" \/>\n<meta property=\"article:modified_time\" content=\"2019-03-22T11:49:53+00:00\" \/>\n<meta name=\"twitter:card\" content=\"summary_large_image\" \/>\n<meta name=\"twitter:label1\" content=\"Gesch\u00e4tzte Lesezeit\" \/>\n\t<meta name=\"twitter:data1\" content=\"3\u00a0Minuten\" \/>\n<script type=\"application\/ld+json\" class=\"yoast-schema-graph\">{\"@context\":\"https:\/\/schema.org\",\"@graph\":[{\"@type\":\"WebPage\",\"@id\":\"https:\/\/www.merget-raum.de\/shop\/waren-ruecksendung\/\",\"url\":\"https:\/\/www.merget-raum.de\/shop\/waren-ruecksendung\/\",\"name\":\"Waren-R\u00fccksendung - Merget-Raumausstattung Mainaschaff\u00bbMainaschaff\u00bb\u260e 06021-770180\",\"isPartOf\":{\"@id\":\"https:\/\/www.merget-raum.de\/shop\/#website\"},\"datePublished\":\"2019-03-22T11:44:48+00:00\",\"dateModified\":\"2019-03-22T11:49:53+00:00\",\"breadcrumb\":{\"@id\":\"https:\/\/www.merget-raum.de\/shop\/waren-ruecksendung\/#breadcrumb\"},\"inLanguage\":\"de\",\"potentialAction\":[{\"@type\":\"ReadAction\",\"target\":[\"https:\/\/www.merget-raum.de\/shop\/waren-ruecksendung\/\"]}]},{\"@type\":\"BreadcrumbList\",\"@id\":\"https:\/\/www.merget-raum.de\/shop\/waren-ruecksendung\/#breadcrumb\",\"itemListElement\":[{\"@type\":\"ListItem\",\"position\":1,\"name\":\"Startseite\",\"item\":\"https:\/\/www.merget-raum.de\/shop\/\"},{\"@type\":\"ListItem\",\"position\":2,\"name\":\"Waren-R\u00fccksendung\"}]},{\"@type\":\"WebSite\",\"@id\":\"https:\/\/www.merget-raum.de\/shop\/#website\",\"url\":\"https:\/\/www.merget-raum.de\/shop\/\",\"name\":\"Merget-Raumausstattung Mainaschaff\",\"description\":\"Raumausstattung Merget Fachmarkt Mainaschaff &amp; Aschaffenburg\",\"potentialAction\":[{\"@type\":\"SearchAction\",\"target\":{\"@type\":\"EntryPoint\",\"urlTemplate\":\"https:\/\/www.merget-raum.de\/shop\/?s={search_term_string}\"},\"query-input\":{\"@type\":\"PropertyValueSpecification\",\"valueRequired\":true,\"valueName\":\"search_term_string\"}}],\"inLanguage\":\"de\"}]}<\/script>\n<!-- \/ Yoast SEO plugin. -->","yoast_head_json":{"title":"Waren-R\u00fccksendung - Merget-Raumausstattung Mainaschaff\u00bbMainaschaff\u00bb\u260e 06021-770180","robots":{"index":"index","follow":"follow","max-snippet":"max-snippet:-1","max-image-preview":"max-image-preview:large","max-video-preview":"max-video-preview:-1"},"canonical":"https:\/\/www.merget-raum.de\/shop\/waren-ruecksendung\/","og_locale":"de_DE","og_type":"article","og_title":"Waren-R\u00fccksendung - Merget-Raumausstattung Mainaschaff\u00bbMainaschaff\u00bb\u260e 06021-770180","og_description":"Waren-R\u00fccksendung Bei wohncollection.de stehen Qualit\u00e4t und Service an erster Stelle! Sind Sie mit einem bei uns bestellten Produkt nicht zufrieden, k\u00f6nnen Sie den bestellten Artikel innerhalb von 14 Tagen zur\u00fccksenden. Bitte entfernen Sie keine angebrachten Etiketten, Aufkleber oder Einleger von den Produkten.&nbsp; So wird uns die Bearbeitung Ihrer Retoure erheblich erleichtert. Dadurch k\u00f6nnen wir einen [&hellip;]","og_url":"https:\/\/www.merget-raum.de\/shop\/waren-ruecksendung\/","og_site_name":"Merget-Raumausstattung Mainaschaff","article_modified_time":"2019-03-22T11:49:53+00:00","twitter_card":"summary_large_image","twitter_misc":{"Gesch\u00e4tzte Lesezeit":"3\u00a0Minuten"},"schema":{"@context":"https:\/\/schema.org","@graph":[{"@type":"WebPage","@id":"https:\/\/www.merget-raum.de\/shop\/waren-ruecksendung\/","url":"https:\/\/www.merget-raum.de\/shop\/waren-ruecksendung\/","name":"Waren-R\u00fccksendung - Merget-Raumausstattung Mainaschaff\u00bbMainaschaff\u00bb\u260e 06021-770180","isPartOf":{"@id":"https:\/\/www.merget-raum.de\/shop\/#website"},"datePublished":"2019-03-22T11:44:48+00:00","dateModified":"2019-03-22T11:49:53+00:00","breadcrumb":{"@id":"https:\/\/www.merget-raum.de\/shop\/waren-ruecksendung\/#breadcrumb"},"inLanguage":"de","potentialAction":[{"@type":"ReadAction","target":["https:\/\/www.merget-raum.de\/shop\/waren-ruecksendung\/"]}]},{"@type":"BreadcrumbList","@id":"https:\/\/www.merget-raum.de\/shop\/waren-ruecksendung\/#breadcrumb","itemListElement":[{"@type":"ListItem","position":1,"name":"Startseite","item":"https:\/\/www.merget-raum.de\/shop\/"},{"@type":"ListItem","position":2,"name":"Waren-R\u00fccksendung"}]},{"@type":"WebSite","@id":"https:\/\/www.merget-raum.de\/shop\/#website","url":"https:\/\/www.merget-raum.de\/shop\/","name":"Merget-Raumausstattung Mainaschaff","description":"Raumausstattung Merget Fachmarkt Mainaschaff &amp; Aschaffenburg","potentialAction":[{"@type":"SearchAction","target":{"@type":"EntryPoint","urlTemplate":"https:\/\/www.merget-raum.de\/shop\/?s={search_term_string}"},"query-input":{"@type":"PropertyValueSpecification","valueRequired":true,"valueName":"search_term_string"}}],"inLanguage":"de"}]}},"_links":{"self":[{"href":"https:\/\/www.merget-raum.de\/shop\/wp-json\/wp\/v2\/pages\/3664","targetHints":{"allow":["GET"]}}],"collection":[{"href":"https:\/\/www.merget-raum.de\/shop\/wp-json\/wp\/v2\/pages"}],"about":[{"href":"https:\/\/www.merget-raum.de\/shop\/wp-json\/wp\/v2\/types\/page"}],"author":[{"embeddable":true,"href":"https:\/\/www.merget-raum.de\/shop\/wp-json\/wp\/v2\/users\/5"}],"replies":[{"embeddable":true,"href":"https:\/\/www.merget-raum.de\/shop\/wp-json\/wp\/v2\/comments?post=3664"}],"version-history":[{"count":0,"href":"https:\/\/www.merget-raum.de\/shop\/wp-json\/wp\/v2\/pages\/3664\/revisions"}],"wp:attachment":[{"href":"https:\/\/www.merget-raum.de\/shop\/wp-json\/wp\/v2\/media?parent=3664"}],"curies":[{"name":"wp","href":"https:\/\/api.w.org\/{rel}","templated":true}]}}