{"id":3217,"date":"2019-02-18T13:27:03","date_gmt":"2019-02-18T12:27:03","guid":{"rendered":"https:\/\/demo2.wotex-mg.de\/allgemeine_geschaeftsbedingungen\/"},"modified":"2019-03-22T12:54:03","modified_gmt":"2019-03-22T11:54:03","slug":"allgemeine_geschaeftsbedingungen","status":"publish","type":"page","link":"https:\/\/www.merget-raum.de\/shop\/allgemeine_geschaeftsbedingungen\/","title":{"rendered":"Allgemeine Gesch\u00e4ftsbedingungen"},"content":{"rendered":"<h2><strong>Allgemeine Gesch\u00e4ftsbedingungen und Kundeninformationen<\/strong><\/h2>\n<p><strong>I. Allgemeine Gesch\u00e4ftsbedingungen<\/strong><\/p>\n<p><strong>\u00a7 1 Grundlegende Bestimmungen<\/strong><\/p>\n<p><strong>(1)<\/strong> Die nachstehenden Gesch\u00e4ftsbedingungen gelten f\u00fcr Vertr\u00e4ge, die Sie mit uns als Anbieter (Raumausstattung Merget) \u00fcber die Internetseite www.wohncollection.de schlie\u00dfen. Soweit nicht anders vereinbart, wird der Einbeziehung gegebenenfalls von Ihnen verwendeter eigener Bedingungen widersprochen.<\/p>\n<p><strong>(2)<\/strong> Verbraucher im Sinne der nachstehenden Regelungen ist jede nat\u00fcrliche Person, die ein Rechtsgesch\u00e4ft zu Zwecken abschlie\u00dft, die \u00fcberwiegend weder ihrer gewerblichen noch ihrer selbst\u00e4ndigen beruflichen T\u00e4tigkeit zugerechnet werden kann. Unternehmer ist jede nat\u00fcrliche oder juristische Person oder eine rechtsf\u00e4hige Personengesellschaft, die bei Abschluss eines Rechtsgesch\u00e4fts in Aus\u00fcbung ihrer selbst\u00e4ndigen beruflichen oder gewerblichen T\u00e4tigkeit handelt.<\/p>\n<p><strong>\u00a7 2 Zustandekommen des Vertrages<\/strong><\/p>\n<p><strong>(1)<\/strong> Gegenstand des Vertrages ist der Verkauf von Waren.<\/p>\n<p><strong>(2)<\/strong> Bereits mit dem Einstellen des jeweiligen Produkts auf unserer Internetseite unterbreiten wir Ihnen ein verbindliches Angebot zum Abschluss eines Vertrages zu den in der Artikelbeschreibung angegebenen Bedingungen.<\/p>\n<p><strong>(3)<\/strong> Der Vertrag kommt \u00fcber das Online-Warenkorbsystem wie folgt zustande:<br \/>\nDie zum Kauf beabsichtigten Waren werden im &#8222;Warenkorb&#8220; abgelegt. \u00dcber die entsprechende Schaltfl\u00e4che in der Navigationsleiste k\u00f6nnen Sie den &#8222;Warenkorb&#8220; aufrufen und dort jederzeit \u00c4nderungen vornehmen.<br \/>\nNach Aufrufen der Seite &#8222;Kasse&#8220; und der Eingabe der pers\u00f6nlichen Daten sowie der Zahlungs- und Versandbedingungen werden abschlie\u00dfend nochmals alle Bestelldaten auf der Bestell\u00fcbersichtsseite angezeigt.<br \/>\nSoweit Sie als Zahlungsart ein Sofortzahl-System (z.B. PayPal \/ PayPal Express, Amazon-Payments, Sofort) nutzen, werden Sie entweder in unserem Online-Shop auf die Bestell\u00fcbersichtsseite gef\u00fchrt oder Sie werden zun\u00e4chst auf die Internetseite des Anbieters des Sofortzahl-Systems weitergeleitet.<br \/>\nErfolgt die Weiterleitung zu dem jeweiligen Sofortzahl-System, nehmen Sie dort die entsprechende Auswahl bzw. Eingabe Ihrer Daten vor. Abschlie\u00dfend werden Sie zur\u00fcck in unseren Online-Shop auf die Bestell\u00fcbersichtsseite geleitet.<br \/>\nVor Absenden der Bestellung haben Sie die M\u00f6glichkeit, hier s\u00e4mtliche Angaben nochmals zu \u00fcberpr\u00fcfen, zu \u00e4ndern (auch \u00fcber die Funktion \u201ezur\u00fcck&#8220; des Internetbrowsers) bzw. den Kauf abzubrechen.<br \/>\nMit dem Absenden der Bestellung \u00fcber die Schaltfl\u00e4che &#8222;zahlungspflichtig bestellen&#8220; erkl\u00e4ren Sie rechtsverbindlich die Annahme des Angebotes, wodurch der Vertrag zustande kommt.<\/p>\n<p><strong>(4)<\/strong> Ihre Anfragen zur Erstellung eines Angebotes sind f\u00fcr Sie unverbindlich. Wir unterbreiten Ihnen hierzu ein verbindliches Angebot in Textform (z.B. per E-Mail), welches Sie innerhalb von 5 Tagen annehmen k\u00f6nnen.<\/p>\n<p><strong>(5)<\/strong> Die Abwicklung der Bestellung und \u00dcbermittlung aller im Zusammenhang mit dem Vertragsschluss erforderlichen Informationen erfolgt per E-Mail zum Teil automatisiert. Sie haben deshalb sicherzustellen, dass die von Ihnen bei uns hinterlegte E-Mail-Adresse zutreffend ist, der Empfang der E-Mails technisch sichergestellt und insbesondere nicht durch SPAM-Filter verhindert wird.<\/p>\n<p><strong>\u00a7 3<\/strong> <strong>Individuell gestaltete Waren<\/strong><\/p>\n<p><strong>(1) <\/strong>Sie stellen uns die f\u00fcr die individuelle Gestaltung der Waren erforderlichen geeigneten Informationen, Texte oder Dateien \u00fcber das Online-Bestellsystem oder per E-Mail sp\u00e4testens unverz\u00fcglich nach Vertragsschluss zur Verf\u00fcgung. Unsere etwaigen Vorgaben zu Dateiformaten sind zu beachten.<\/p>\n<p><strong>(2)<\/strong> Sie verpflichten sich, keine Daten zu \u00fcbermitteln, deren Inhalt Rechte Dritter (insbesondere Urheberrechte, Namensrechte, Markenrechte) verletzen oder gegen bestehende Gesetze versto\u00dfen. Sie stellen uns ausdr\u00fccklich von s\u00e4mtlichen in diesem Zusammenhang geltend gemachten Anspr\u00fcchen Dritter frei. Das betrifft auch die Kosten der in diesem Zusammenhang erforderlichen rechtlichen Vertretung.<\/p>\n<p><strong>(3)<\/strong> Wir nehmen keine Pr\u00fcfung der \u00fcbermittelten Daten auf inhaltliche Richtigkeit vor und \u00fcbernehmen insoweit keine Haftung f\u00fcr Fehler.<\/p>\n<p><strong>\u00a7 4 Zur\u00fcckbehaltungsrecht<\/strong><strong>, Eigentumsvorbehalt<\/strong><\/p>\n<p><strong>(1)<\/strong> Ein Zur\u00fcckbehaltungsrecht k\u00f6nnen Sie nur aus\u00fcben, soweit es sich um Forderungen aus demselben Vertragsverh\u00e4ltnis handelt.<\/p>\n<p><strong>(2)<\/strong> \u00a0Die Ware bleibt bis zur vollst\u00e4ndigen Zahlung des Kaufpreises unser Eigentum.<\/p>\n<p><strong>\u00a7 5 Gew\u00e4hrleistung<\/strong><\/p>\n<p><strong>(1) <\/strong>Es bestehen die gesetzlichen M\u00e4ngelhaftungsrechte.<\/p>\n<p><strong>(2)<\/strong>\u00a0Als Verbraucher werden Sie gebeten, die Sache bei Lieferung umgehend auf Vollst\u00e4ndigkeit, offensichtliche M\u00e4ngel und Transportsch\u00e4den zu \u00fcberpr\u00fcfen und uns sowie dem Spediteur Beanstandungen schnellstm\u00f6glich mitzuteilen. Kommen Sie dem nicht nach, hat dies keine Auswirkung auf Ihre gesetzlichen Gew\u00e4hrleistungsanspr\u00fcche.<\/p>\n<p><strong>\u00a7 6 Rechtswahl, Erf\u00fcllungsort, Gerichtsstand<\/strong><\/p>\n<p><strong>(1) <\/strong>\u00a0Es gilt deutsches Recht. Bei Verbrauchern gilt diese Rechtswahl nur, soweit hierdurch der durch zwingende Bestimmungen des Rechts des Staates des gew\u00f6hnlichen Aufenthaltes des Verbrauchers gew\u00e4hrte Schutz nicht entzogen wird (G\u00fcnstigkeitsprinzip).<\/p>\n<p><strong>(2)<\/strong> \u00a0Erf\u00fcllungsort f\u00fcr alle Leistungen aus den mit uns bestehenden Gesch\u00e4ftsbeziehungen sowie Gerichtsstand ist unser Sitz, soweit Sie nicht Verbraucher, sondern Kaufmann, juristische Person des \u00f6ffentlichen Rechts oder \u00f6ffentlich-rechtliches Sonderverm\u00f6gen sind.\u00a0Dasselbe gilt, wenn Sie keinen allgemeinen Gerichtsstand in Deutschland oder der EU haben oder der Wohnsitz oder gew\u00f6hnliche Aufenthalt im Zeitpunkt der Klageerhebung nicht bekannt ist. Die Befugnis, auch das Gericht an einem anderen gesetzlichen Gerichtsstand anzurufen, bleibt hiervon unber\u00fchrt.<\/p>\n<p><strong>(3)<\/strong>\u00a0 Die Bestimmungen des UN-Kaufrechts finden ausdr\u00fccklich keine Anwendung.<\/p>\n<hr \/>\n<p><strong>II. Kundeninformationen <\/strong><\/p>\n<p><strong>1. Identit\u00e4t des Verk\u00e4ufers<\/strong><br \/>\nRaumausstattung Merget<\/p>\n<p>Inhaber: Nicole Seel-Merget<\/p>\n<p>Goethestr. 43<br \/>\n63814 Mainaschaff<br \/>\nDeutschland<\/p>\n<p>Telefon: 06021 770255<\/p>\n<p>Fax: 06021 770314<\/p>\n<p>E-Mail: info@wohncollection.de<\/p>\n<p>Umsatzsteuer-Identifikationsnummer: DE 201318405<\/p>\n<p><strong>Alternative Streitbeilegung:<\/strong><br \/>\nDie Europ\u00e4ische Kommission stellt eine Plattform f\u00fcr die au\u00dfergerichtliche Online-Streitbeilegung (OS-Plattform) bereit, aufrufbar unter <a href=\"https:\/\/ec.europa.eu\/odr\" target=\"_blank\" rel=\"noopener noreferrer\">https:\/\/ec.europa.eu\/odr<\/a>.<\/p>\n<p><strong>2. Informationen zum Zustandekommen des Vertrages<\/strong><\/p>\n<p>Die technischen Schritte zum Vertragsschluss, der Vertragsschluss selbst und die Korrekturm\u00f6glichkeiten erfolgen nach Ma\u00dfgabe der Regelungen &#8222;Zustandekommen des Vertrages&#8220; unserer Allgemeinen Gesch\u00e4ftsbedingungen (Teil I.).<\/p>\n<p><strong>3. Vertragssprache, Vertragstextspeicherung<\/strong><\/p>\n<p>3.1. Vertragssprache ist deutsch\u00a0.<\/p>\n<p>3.2. Der vollst\u00e4ndige Vertragstext wird von uns nicht gespeichert. Vor Absenden der Bestellung \u00fcber das Online &#8211; Warenkorbsystem \u00a0k\u00f6nnen die Vertragsdaten \u00fcber die Druckfunktion des Browsers ausgedruckt oder elektronisch gesichert werden. Nach Zugang der Bestellung bei uns werden die Bestelldaten, die gesetzlich vorgeschriebenen Informationen bei Fernabsatzvertr\u00e4gen und die Allgemeinen Gesch\u00e4ftsbedingungen nochmals per E-Mail an Sie \u00fcbersandt.<\/p>\n<p>3.3. Bei Angebotsanfragen au\u00dferhalb des Online-Warenkorbsystems erhalten Sie alle Vertragsdaten im Rahmen eines verbindlichen Angebotes in Textform \u00fcbersandt, z.B. per E-Mail, welche Sie ausdrucken oder elektronisch sichern k\u00f6nnen.<\/p>\n<p><strong>4. Wesentliche Merkmale der Ware oder Dienstleistung<\/strong><\/p>\n<p>Die wesentlichen Merkmale der Ware und\/oder Dienstleistung finden sich im jeweiligen Angebot.<\/p>\n<p><strong>5. Preise und Zahlungsmodalit\u00e4ten<\/strong><\/p>\n<p>5.1. Die in den jeweiligen Angeboten angef\u00fchrten Preise sowie die Versandkosten stellen Gesamtpreise dar. Sie beinhalten alle Preisbestandteile einschlie\u00dflich aller anfallenden Steuern.<\/p>\n<p>5.2. Die anfallenden Versandkosten sind nicht im Kaufpreis enthalten.\u00a0Sie sind \u00fcber eine entsprechend bezeichnete Schaltfl\u00e4che auf unserer Internetpr\u00e4senz oder im jeweiligen Angebot aufrufbar,\u00a0werden im Laufe des Bestellvorganges gesondert ausgewiesen und sind von Ihnen zus\u00e4tzlich zu tragen, soweit nicht die versandkostenfreie Lieferung zugesagt ist.<\/p>\n<p>5.3. Die Ihnen zur Verf\u00fcgung stehenden Zahlungsarten sind unter einer entsprechend bezeichneten Schaltfl\u00e4che auf unserer Internetpr\u00e4senz oder im jeweiligen Angebot ausgewiesen.<\/p>\n<p>5.4. Soweit bei den einzelnen Zahlungsarten nicht anders angegeben, sind die Zahlungsanspr\u00fcche aus dem geschlossenen Vertrag sofort zur Zahlung f\u00e4llig.<\/p>\n<p><strong>6. Lieferbedingungen<\/strong><\/p>\n<p>6.1. Die Lieferbedingungen, der Liefertermin sowie gegebenenfalls bestehende Lieferbeschr\u00e4nkungen finden sich unter einer entsprechend bezeichneten Schaltfl\u00e4che auf unserer Internetpr\u00e4senz oder im jeweiligen Angebot.<\/p>\n<p>6.2. Soweit Sie Verbraucher sind ist gesetzlich geregelt, dass die Gefahr des zuf\u00e4lligen Untergangs und der zuf\u00e4lligen Verschlechterung der verkauften Sache w\u00e4hrend der Versendung erst mit der \u00dcbergabe der Ware an Sie \u00fcbergeht, unabh\u00e4ngig davon, ob die Versendung versichert oder unversichert erfolgt. Dies gilt nicht, wenn Sie eigenst\u00e4ndig ein nicht vom Unternehmer benanntes Transportunternehmen oder eine sonst zur Ausf\u00fchrung der Versendung bestimmte Person beauftragt haben.<\/p>\n<p><strong>7. Gesetzliches M\u00e4ngelhaftungsrecht <\/strong><\/p>\n<p>Die M\u00e4ngelhaftung richtet sich nach der Regelung &#8222;Gew\u00e4hrleistung&#8220; in unseren Allgemeinen Gesch\u00e4ftsbedingungen (Teil I).<\/p>\n<p>letzte Aktualisierung: 19.11.2018<\/p>\n","protected":false},"excerpt":{"rendered":"<p>Allgemeine Gesch\u00e4ftsbedingungen und Kundeninformationen I. Allgemeine Gesch\u00e4ftsbedingungen \u00a7 1 Grundlegende Bestimmungen (1) Die nachstehenden Gesch\u00e4ftsbedingungen gelten f\u00fcr Vertr\u00e4ge, die Sie mit uns als Anbieter (Raumausstattung Merget) \u00fcber die Internetseite www.wohncollection.de schlie\u00dfen. Soweit nicht anders vereinbart, wird der Einbeziehung gegebenenfalls von Ihnen verwendeter eigener Bedingungen widersprochen. (2) Verbraucher im Sinne der nachstehenden Regelungen ist jede nat\u00fcrliche [&hellip;]<\/p>\n","protected":false},"author":5,"featured_media":0,"parent":0,"menu_order":0,"comment_status":"closed","ping_status":"closed","template":"\/woocommerce\/shop-page.php","meta":{"footnotes":""},"class_list":["post-3217","page","type-page","status-publish","hentry"],"yoast_head":"<!-- This site is optimized with the Yoast SEO plugin v27.2 - https:\/\/yoast.com\/product\/yoast-seo-wordpress\/ -->\n<title>Allgemeine Gesch\u00e4ftsbedingungen - Merget-Raumausstattung Mainaschaff\u00bbMainaschaff\u00bb\u260e 06021-770180<\/title>\n<meta name=\"robots\" content=\"index, follow, max-snippet:-1, max-image-preview:large, max-video-preview:-1\" \/>\n<link rel=\"canonical\" href=\"https:\/\/www.merget-raum.de\/shop\/allgemeine_geschaeftsbedingungen\/\" \/>\n<meta property=\"og:locale\" content=\"de_DE\" \/>\n<meta property=\"og:type\" content=\"article\" \/>\n<meta property=\"og:title\" content=\"Allgemeine Gesch\u00e4ftsbedingungen - Merget-Raumausstattung Mainaschaff\u00bbMainaschaff\u00bb\u260e 06021-770180\" \/>\n<meta property=\"og:description\" content=\"Allgemeine Gesch\u00e4ftsbedingungen und Kundeninformationen I. Allgemeine Gesch\u00e4ftsbedingungen \u00a7 1 Grundlegende Bestimmungen (1) Die nachstehenden Gesch\u00e4ftsbedingungen gelten f\u00fcr Vertr\u00e4ge, die Sie mit uns als Anbieter (Raumausstattung Merget) \u00fcber die Internetseite www.wohncollection.de schlie\u00dfen. Soweit nicht anders vereinbart, wird der Einbeziehung gegebenenfalls von Ihnen verwendeter eigener Bedingungen widersprochen. (2) Verbraucher im Sinne der nachstehenden Regelungen ist jede nat\u00fcrliche [&hellip;]\" \/>\n<meta property=\"og:url\" content=\"https:\/\/www.merget-raum.de\/shop\/allgemeine_geschaeftsbedingungen\/\" \/>\n<meta property=\"og:site_name\" content=\"Merget-Raumausstattung Mainaschaff\" \/>\n<meta property=\"article:modified_time\" content=\"2019-03-22T11:54:03+00:00\" \/>\n<meta name=\"twitter:card\" content=\"summary_large_image\" \/>\n<meta name=\"twitter:label1\" content=\"Gesch\u00e4tzte Lesezeit\" \/>\n\t<meta name=\"twitter:data1\" content=\"6\u00a0Minuten\" \/>\n<script type=\"application\/ld+json\" class=\"yoast-schema-graph\">{\"@context\":\"https:\/\/schema.org\",\"@graph\":[{\"@type\":\"WebPage\",\"@id\":\"https:\/\/www.merget-raum.de\/shop\/allgemeine_geschaeftsbedingungen\/\",\"url\":\"https:\/\/www.merget-raum.de\/shop\/allgemeine_geschaeftsbedingungen\/\",\"name\":\"Allgemeine Gesch\u00e4ftsbedingungen - Merget-Raumausstattung Mainaschaff\u00bbMainaschaff\u00bb\u260e 06021-770180\",\"isPartOf\":{\"@id\":\"https:\/\/www.merget-raum.de\/shop\/#website\"},\"datePublished\":\"2019-02-18T12:27:03+00:00\",\"dateModified\":\"2019-03-22T11:54:03+00:00\",\"breadcrumb\":{\"@id\":\"https:\/\/www.merget-raum.de\/shop\/allgemeine_geschaeftsbedingungen\/#breadcrumb\"},\"inLanguage\":\"de\",\"potentialAction\":[{\"@type\":\"ReadAction\",\"target\":[\"https:\/\/www.merget-raum.de\/shop\/allgemeine_geschaeftsbedingungen\/\"]}]},{\"@type\":\"BreadcrumbList\",\"@id\":\"https:\/\/www.merget-raum.de\/shop\/allgemeine_geschaeftsbedingungen\/#breadcrumb\",\"itemListElement\":[{\"@type\":\"ListItem\",\"position\":1,\"name\":\"Startseite\",\"item\":\"https:\/\/www.merget-raum.de\/shop\/\"},{\"@type\":\"ListItem\",\"position\":2,\"name\":\"Allgemeine Gesch\u00e4ftsbedingungen\"}]},{\"@type\":\"WebSite\",\"@id\":\"https:\/\/www.merget-raum.de\/shop\/#website\",\"url\":\"https:\/\/www.merget-raum.de\/shop\/\",\"name\":\"Merget-Raumausstattung Mainaschaff\",\"description\":\"Raumausstattung Merget Fachmarkt Mainaschaff &amp; Aschaffenburg\",\"potentialAction\":[{\"@type\":\"SearchAction\",\"target\":{\"@type\":\"EntryPoint\",\"urlTemplate\":\"https:\/\/www.merget-raum.de\/shop\/?s={search_term_string}\"},\"query-input\":{\"@type\":\"PropertyValueSpecification\",\"valueRequired\":true,\"valueName\":\"search_term_string\"}}],\"inLanguage\":\"de\"}]}<\/script>\n<!-- \/ Yoast SEO plugin. -->","yoast_head_json":{"title":"Allgemeine Gesch\u00e4ftsbedingungen - Merget-Raumausstattung Mainaschaff\u00bbMainaschaff\u00bb\u260e 06021-770180","robots":{"index":"index","follow":"follow","max-snippet":"max-snippet:-1","max-image-preview":"max-image-preview:large","max-video-preview":"max-video-preview:-1"},"canonical":"https:\/\/www.merget-raum.de\/shop\/allgemeine_geschaeftsbedingungen\/","og_locale":"de_DE","og_type":"article","og_title":"Allgemeine Gesch\u00e4ftsbedingungen - Merget-Raumausstattung Mainaschaff\u00bbMainaschaff\u00bb\u260e 06021-770180","og_description":"Allgemeine Gesch\u00e4ftsbedingungen und Kundeninformationen I. Allgemeine Gesch\u00e4ftsbedingungen \u00a7 1 Grundlegende Bestimmungen (1) Die nachstehenden Gesch\u00e4ftsbedingungen gelten f\u00fcr Vertr\u00e4ge, die Sie mit uns als Anbieter (Raumausstattung Merget) \u00fcber die Internetseite www.wohncollection.de schlie\u00dfen. Soweit nicht anders vereinbart, wird der Einbeziehung gegebenenfalls von Ihnen verwendeter eigener Bedingungen widersprochen. (2) Verbraucher im Sinne der nachstehenden Regelungen ist jede nat\u00fcrliche [&hellip;]","og_url":"https:\/\/www.merget-raum.de\/shop\/allgemeine_geschaeftsbedingungen\/","og_site_name":"Merget-Raumausstattung Mainaschaff","article_modified_time":"2019-03-22T11:54:03+00:00","twitter_card":"summary_large_image","twitter_misc":{"Gesch\u00e4tzte Lesezeit":"6\u00a0Minuten"},"schema":{"@context":"https:\/\/schema.org","@graph":[{"@type":"WebPage","@id":"https:\/\/www.merget-raum.de\/shop\/allgemeine_geschaeftsbedingungen\/","url":"https:\/\/www.merget-raum.de\/shop\/allgemeine_geschaeftsbedingungen\/","name":"Allgemeine Gesch\u00e4ftsbedingungen - Merget-Raumausstattung Mainaschaff\u00bbMainaschaff\u00bb\u260e 06021-770180","isPartOf":{"@id":"https:\/\/www.merget-raum.de\/shop\/#website"},"datePublished":"2019-02-18T12:27:03+00:00","dateModified":"2019-03-22T11:54:03+00:00","breadcrumb":{"@id":"https:\/\/www.merget-raum.de\/shop\/allgemeine_geschaeftsbedingungen\/#breadcrumb"},"inLanguage":"de","potentialAction":[{"@type":"ReadAction","target":["https:\/\/www.merget-raum.de\/shop\/allgemeine_geschaeftsbedingungen\/"]}]},{"@type":"BreadcrumbList","@id":"https:\/\/www.merget-raum.de\/shop\/allgemeine_geschaeftsbedingungen\/#breadcrumb","itemListElement":[{"@type":"ListItem","position":1,"name":"Startseite","item":"https:\/\/www.merget-raum.de\/shop\/"},{"@type":"ListItem","position":2,"name":"Allgemeine Gesch\u00e4ftsbedingungen"}]},{"@type":"WebSite","@id":"https:\/\/www.merget-raum.de\/shop\/#website","url":"https:\/\/www.merget-raum.de\/shop\/","name":"Merget-Raumausstattung Mainaschaff","description":"Raumausstattung Merget Fachmarkt Mainaschaff &amp; Aschaffenburg","potentialAction":[{"@type":"SearchAction","target":{"@type":"EntryPoint","urlTemplate":"https:\/\/www.merget-raum.de\/shop\/?s={search_term_string}"},"query-input":{"@type":"PropertyValueSpecification","valueRequired":true,"valueName":"search_term_string"}}],"inLanguage":"de"}]}},"_links":{"self":[{"href":"https:\/\/www.merget-raum.de\/shop\/wp-json\/wp\/v2\/pages\/3217","targetHints":{"allow":["GET"]}}],"collection":[{"href":"https:\/\/www.merget-raum.de\/shop\/wp-json\/wp\/v2\/pages"}],"about":[{"href":"https:\/\/www.merget-raum.de\/shop\/wp-json\/wp\/v2\/types\/page"}],"author":[{"embeddable":true,"href":"https:\/\/www.merget-raum.de\/shop\/wp-json\/wp\/v2\/users\/5"}],"replies":[{"embeddable":true,"href":"https:\/\/www.merget-raum.de\/shop\/wp-json\/wp\/v2\/comments?post=3217"}],"version-history":[{"count":0,"href":"https:\/\/www.merget-raum.de\/shop\/wp-json\/wp\/v2\/pages\/3217\/revisions"}],"wp:attachment":[{"href":"https:\/\/www.merget-raum.de\/shop\/wp-json\/wp\/v2\/media?parent=3217"}],"curies":[{"name":"wp","href":"https:\/\/api.w.org\/{rel}","templated":true}]}}