{"id":3215,"date":"2019-02-18T13:27:03","date_gmt":"2019-02-18T12:27:03","guid":{"rendered":"https:\/\/demo2.wotex-mg.de\/zahlungsweisen\/"},"modified":"2019-03-27T17:13:06","modified_gmt":"2019-03-27T16:13:06","slug":"zahlungsweisen","status":"publish","type":"page","link":"https:\/\/www.merget-raum.de\/shop\/zahlungsweisen\/","title":{"rendered":"Zahlungsweisen"},"content":{"rendered":"<p><strong>Zahlungsarten<\/strong><\/p>\n<p>Wir bieten Ihnen folgende Zahlungsarten an. Suchen Sie sich einfach die f\u00fcr Sie optimale Zahlart aus. Die Versandkosten sind teilweise abh\u00e4ngig von der gew\u00e4hlten Zahlungsart. Die in den jeweiligen Angeboten angef\u00fchrten Preise stellen Endpreise dar. Sie beinhalten alle Preisbestandteile einschlie\u00dflich etwaig anfallender Steuern wie Mehrwertsteuer. Die anfallenden Liefer- und Versandkosten sind nicht im Kaufpreis enthalten, sie sind \u00fcber die Seite \u201eVersandkosten\u201c aufrufbar, werden im Laufe des Bestellvorganges gesondert ausgewiesen und sind von Ihnen zus\u00e4tzlich zu tragen.<\/p>\n<p><strong>Akzeptierte Zahlungsm\u00f6glichkeiten<\/strong><\/p>\n<p><strong>&#8211;&nbsp; <\/strong>Vorkasse per \u00dcberweisung<br \/>\n<strong>&#8211;<\/strong>&nbsp; Zahlung per PayPal<br \/>\n<strong>&#8211;<\/strong>&nbsp; Zahlung per PayPal Express<br \/>\n&#8211;&nbsp; Zahlung per PayPal (Kreditkarte, Lastschrift, ggf. Rechnung)<br \/>\n&#8211; &nbsp;Zahlung per Ratenkauf (\u00fcber PayPal)<\/p>\n<p>Bestellen Sie online und holen Sie Ihre Bestellung bei uns im Laden einfach ab:<\/p>\n<p>Raumausstattung Merget<\/p>\n<p>Inhaber: Nicole Seel-Merget<\/p>\n<p>Goethestr. 43<br \/>\n63814 Mainaschaff<br \/>\nDeutschland<\/p>\n<p>Mo \u2013 Fr 8:00 \u2013 13:00, 14:00 \u2013 17:00<\/p>\n<p>Bei Fragen finden Sie unsere Kontaktdaten im Impressum.<\/p>\n","protected":false},"excerpt":{"rendered":"<p>Zahlungsarten Wir bieten Ihnen folgende Zahlungsarten an. Suchen Sie sich einfach die f\u00fcr Sie optimale Zahlart aus. Die Versandkosten sind teilweise abh\u00e4ngig von der gew\u00e4hlten Zahlungsart. Die in den jeweiligen Angeboten angef\u00fchrten Preise stellen Endpreise dar. Sie beinhalten alle Preisbestandteile einschlie\u00dflich etwaig anfallender Steuern wie Mehrwertsteuer. Die anfallenden Liefer- und Versandkosten sind nicht im Kaufpreis [&hellip;]<\/p>\n","protected":false},"author":5,"featured_media":0,"parent":0,"menu_order":0,"comment_status":"closed","ping_status":"closed","template":"\/woocommerce\/shop-page.php","meta":{"footnotes":""},"class_list":["post-3215","page","type-page","status-publish","hentry"],"yoast_head":"<!-- This site is optimized with the Yoast SEO plugin v27.2 - https:\/\/yoast.com\/product\/yoast-seo-wordpress\/ -->\n<title>Zahlungsweisen - Merget-Raumausstattung Mainaschaff\u00bbMainaschaff\u00bb\u260e 06021-770180<\/title>\n<meta name=\"robots\" content=\"index, follow, max-snippet:-1, max-image-preview:large, max-video-preview:-1\" \/>\n<link rel=\"canonical\" href=\"https:\/\/www.merget-raum.de\/shop\/zahlungsweisen\/\" \/>\n<meta property=\"og:locale\" content=\"de_DE\" \/>\n<meta property=\"og:type\" content=\"article\" \/>\n<meta property=\"og:title\" content=\"Zahlungsweisen - Merget-Raumausstattung Mainaschaff\u00bbMainaschaff\u00bb\u260e 06021-770180\" \/>\n<meta property=\"og:description\" content=\"Zahlungsarten Wir bieten Ihnen folgende Zahlungsarten an. Suchen Sie sich einfach die f\u00fcr Sie optimale Zahlart aus. Die Versandkosten sind teilweise abh\u00e4ngig von der gew\u00e4hlten Zahlungsart. Die in den jeweiligen Angeboten angef\u00fchrten Preise stellen Endpreise dar. Sie beinhalten alle Preisbestandteile einschlie\u00dflich etwaig anfallender Steuern wie Mehrwertsteuer. Die anfallenden Liefer- und Versandkosten sind nicht im Kaufpreis [&hellip;]\" \/>\n<meta property=\"og:url\" content=\"https:\/\/www.merget-raum.de\/shop\/zahlungsweisen\/\" \/>\n<meta property=\"og:site_name\" content=\"Merget-Raumausstattung Mainaschaff\" \/>\n<meta property=\"article:modified_time\" content=\"2019-03-27T16:13:06+00:00\" \/>\n<meta name=\"twitter:card\" content=\"summary_large_image\" \/>\n<meta name=\"twitter:label1\" content=\"Gesch\u00e4tzte Lesezeit\" \/>\n\t<meta name=\"twitter:data1\" content=\"1\u00a0Minute\" \/>\n<script type=\"application\/ld+json\" class=\"yoast-schema-graph\">{\"@context\":\"https:\/\/schema.org\",\"@graph\":[{\"@type\":\"WebPage\",\"@id\":\"https:\/\/www.merget-raum.de\/shop\/zahlungsweisen\/\",\"url\":\"https:\/\/www.merget-raum.de\/shop\/zahlungsweisen\/\",\"name\":\"Zahlungsweisen - Merget-Raumausstattung Mainaschaff\u00bbMainaschaff\u00bb\u260e 06021-770180\",\"isPartOf\":{\"@id\":\"https:\/\/www.merget-raum.de\/shop\/#website\"},\"datePublished\":\"2019-02-18T12:27:03+00:00\",\"dateModified\":\"2019-03-27T16:13:06+00:00\",\"breadcrumb\":{\"@id\":\"https:\/\/www.merget-raum.de\/shop\/zahlungsweisen\/#breadcrumb\"},\"inLanguage\":\"de\",\"potentialAction\":[{\"@type\":\"ReadAction\",\"target\":[\"https:\/\/www.merget-raum.de\/shop\/zahlungsweisen\/\"]}]},{\"@type\":\"BreadcrumbList\",\"@id\":\"https:\/\/www.merget-raum.de\/shop\/zahlungsweisen\/#breadcrumb\",\"itemListElement\":[{\"@type\":\"ListItem\",\"position\":1,\"name\":\"Startseite\",\"item\":\"https:\/\/www.merget-raum.de\/shop\/\"},{\"@type\":\"ListItem\",\"position\":2,\"name\":\"Zahlungsweisen\"}]},{\"@type\":\"WebSite\",\"@id\":\"https:\/\/www.merget-raum.de\/shop\/#website\",\"url\":\"https:\/\/www.merget-raum.de\/shop\/\",\"name\":\"Merget-Raumausstattung Mainaschaff\",\"description\":\"Raumausstattung Merget Fachmarkt Mainaschaff &amp; Aschaffenburg\",\"potentialAction\":[{\"@type\":\"SearchAction\",\"target\":{\"@type\":\"EntryPoint\",\"urlTemplate\":\"https:\/\/www.merget-raum.de\/shop\/?s={search_term_string}\"},\"query-input\":{\"@type\":\"PropertyValueSpecification\",\"valueRequired\":true,\"valueName\":\"search_term_string\"}}],\"inLanguage\":\"de\"}]}<\/script>\n<!-- \/ Yoast SEO plugin. -->","yoast_head_json":{"title":"Zahlungsweisen - Merget-Raumausstattung Mainaschaff\u00bbMainaschaff\u00bb\u260e 06021-770180","robots":{"index":"index","follow":"follow","max-snippet":"max-snippet:-1","max-image-preview":"max-image-preview:large","max-video-preview":"max-video-preview:-1"},"canonical":"https:\/\/www.merget-raum.de\/shop\/zahlungsweisen\/","og_locale":"de_DE","og_type":"article","og_title":"Zahlungsweisen - Merget-Raumausstattung Mainaschaff\u00bbMainaschaff\u00bb\u260e 06021-770180","og_description":"Zahlungsarten Wir bieten Ihnen folgende Zahlungsarten an. Suchen Sie sich einfach die f\u00fcr Sie optimale Zahlart aus. Die Versandkosten sind teilweise abh\u00e4ngig von der gew\u00e4hlten Zahlungsart. Die in den jeweiligen Angeboten angef\u00fchrten Preise stellen Endpreise dar. Sie beinhalten alle Preisbestandteile einschlie\u00dflich etwaig anfallender Steuern wie Mehrwertsteuer. Die anfallenden Liefer- und Versandkosten sind nicht im Kaufpreis [&hellip;]","og_url":"https:\/\/www.merget-raum.de\/shop\/zahlungsweisen\/","og_site_name":"Merget-Raumausstattung Mainaschaff","article_modified_time":"2019-03-27T16:13:06+00:00","twitter_card":"summary_large_image","twitter_misc":{"Gesch\u00e4tzte Lesezeit":"1\u00a0Minute"},"schema":{"@context":"https:\/\/schema.org","@graph":[{"@type":"WebPage","@id":"https:\/\/www.merget-raum.de\/shop\/zahlungsweisen\/","url":"https:\/\/www.merget-raum.de\/shop\/zahlungsweisen\/","name":"Zahlungsweisen - Merget-Raumausstattung Mainaschaff\u00bbMainaschaff\u00bb\u260e 06021-770180","isPartOf":{"@id":"https:\/\/www.merget-raum.de\/shop\/#website"},"datePublished":"2019-02-18T12:27:03+00:00","dateModified":"2019-03-27T16:13:06+00:00","breadcrumb":{"@id":"https:\/\/www.merget-raum.de\/shop\/zahlungsweisen\/#breadcrumb"},"inLanguage":"de","potentialAction":[{"@type":"ReadAction","target":["https:\/\/www.merget-raum.de\/shop\/zahlungsweisen\/"]}]},{"@type":"BreadcrumbList","@id":"https:\/\/www.merget-raum.de\/shop\/zahlungsweisen\/#breadcrumb","itemListElement":[{"@type":"ListItem","position":1,"name":"Startseite","item":"https:\/\/www.merget-raum.de\/shop\/"},{"@type":"ListItem","position":2,"name":"Zahlungsweisen"}]},{"@type":"WebSite","@id":"https:\/\/www.merget-raum.de\/shop\/#website","url":"https:\/\/www.merget-raum.de\/shop\/","name":"Merget-Raumausstattung Mainaschaff","description":"Raumausstattung Merget Fachmarkt Mainaschaff &amp; Aschaffenburg","potentialAction":[{"@type":"SearchAction","target":{"@type":"EntryPoint","urlTemplate":"https:\/\/www.merget-raum.de\/shop\/?s={search_term_string}"},"query-input":{"@type":"PropertyValueSpecification","valueRequired":true,"valueName":"search_term_string"}}],"inLanguage":"de"}]}},"_links":{"self":[{"href":"https:\/\/www.merget-raum.de\/shop\/wp-json\/wp\/v2\/pages\/3215","targetHints":{"allow":["GET"]}}],"collection":[{"href":"https:\/\/www.merget-raum.de\/shop\/wp-json\/wp\/v2\/pages"}],"about":[{"href":"https:\/\/www.merget-raum.de\/shop\/wp-json\/wp\/v2\/types\/page"}],"author":[{"embeddable":true,"href":"https:\/\/www.merget-raum.de\/shop\/wp-json\/wp\/v2\/users\/5"}],"replies":[{"embeddable":true,"href":"https:\/\/www.merget-raum.de\/shop\/wp-json\/wp\/v2\/comments?post=3215"}],"version-history":[{"count":0,"href":"https:\/\/www.merget-raum.de\/shop\/wp-json\/wp\/v2\/pages\/3215\/revisions"}],"wp:attachment":[{"href":"https:\/\/www.merget-raum.de\/shop\/wp-json\/wp\/v2\/media?parent=3215"}],"curies":[{"name":"wp","href":"https:\/\/api.w.org\/{rel}","templated":true}]}}