{"id":3206,"date":"2019-02-18T13:15:01","date_gmt":"2019-02-18T12:15:01","guid":{"rendered":"https:\/\/demo2.wotex-mg.de\/warenkorb\/"},"modified":"2024-12-12T18:51:56","modified_gmt":"2024-12-12T17:51:56","slug":"warenkorb","status":"publish","type":"page","link":"https:\/\/www.merget-raum.de\/shop\/warenkorb\/","title":{"rendered":"Warenkorb"},"content":{"rendered":"\t\t<div data-elementor-type=\"wp-page\" data-elementor-id=\"3206\" class=\"elementor elementor-3206\">\n\t\t\t\t\t\t<section class=\"elementor-section elementor-top-section elementor-element elementor-element-4710ae42 elementor-section-boxed elementor-section-height-default elementor-section-height-default\" data-id=\"4710ae42\" data-element_type=\"section\" data-e-type=\"section\">\n\t\t\t\t\t\t<div class=\"elementor-container elementor-column-gap-default\">\n\t\t\t\t\t<div class=\"elementor-column elementor-col-100 elementor-top-column elementor-element elementor-element-572dd235\" data-id=\"572dd235\" data-element_type=\"column\" data-e-type=\"column\">\n\t\t\t<div class=\"elementor-widget-wrap elementor-element-populated\">\n\t\t\t\t\t\t<div class=\"elementor-element elementor-element-259def8b elementor-widget elementor-widget-text-editor\" data-id=\"259def8b\" data-element_type=\"widget\" data-e-type=\"widget\" data-widget_type=\"text-editor.default\">\n\t\t\t\t<div class=\"elementor-widget-container\">\n\t\t\t\t\t\t\t\t\t<p><\/p>\n<p style=\"text-align: center;\">Achtung, die Farben auf den eingestellten Bildern k\u00f6nnen vom Original abweichen, fragen Sie im Zweifel nach einem Muster!<\/p>\n\n<p class=\"has-text-color\" style=\"color: #bf070e; text-align: center;\"><strong>Sehr geehrte Kunden,<\/strong><\/p>\n\n<p class=\"has-text-color\" style=\"color: #bf070e; text-align: center;\"><strong>durch die aktuellen Umst\u00e4nde kommt es vereinzelt auch bei uns zu Lieferverz\u00f6gerungen.<\/strong><\/p>\n\n<p class=\"has-text-color\" style=\"color: #bf070e; text-align: center;\"><strong>Unser Team setzt alles daran Verz\u00f6gerungen f\u00fcr Sie zu minimieren. Wir bitten um Ihre Geduld und Ihr Verst\u00e4ndnis.<\/strong><\/p>\n\n<p class=\"has-text-color\" style=\"color: #c91828; text-align: center;\"><strong>Ihr Team von wohncollection by Raumausstattung Merget<\/strong><\/p>\n\n<p>\u00a0<\/p>\n\t\t\t\t\t\t\t\t<\/div>\n\t\t\t\t<\/div>\n\t\t\t\t\t<\/div>\n\t\t<\/div>\n\t\t\t\t\t<\/div>\n\t\t<\/section>\n\t\t\t\t<\/div>\n\t\t","protected":false},"excerpt":{"rendered":"<p>Achtung, die Farben auf den eingestellten Bildern k\u00f6nnen vom Original abweichen, fragen Sie im Zweifel nach einem Muster! Sehr geehrte Kunden, durch die aktuellen Umst\u00e4nde kommt es vereinzelt auch bei uns zu Lieferverz\u00f6gerungen. Unser Team setzt alles daran Verz\u00f6gerungen f\u00fcr Sie zu minimieren. Wir bitten um Ihre Geduld und Ihr Verst\u00e4ndnis. Ihr Team von wohncollection [&hellip;]<\/p>\n","protected":false},"author":7,"featured_media":0,"parent":0,"menu_order":0,"comment_status":"closed","ping_status":"closed","template":"","meta":{"footnotes":""},"class_list":["post-3206","page","type-page","status-publish","hentry"],"yoast_head":"<!-- This site is optimized with the Yoast SEO plugin v27.2 - https:\/\/yoast.com\/product\/yoast-seo-wordpress\/ -->\n<title>Warenkorb - Merget-Raumausstattung Mainaschaff\u00bbMainaschaff\u00bb\u260e 06021-770180<\/title>\n<meta name=\"robots\" content=\"index, follow, max-snippet:-1, max-image-preview:large, max-video-preview:-1\" \/>\n<link rel=\"canonical\" href=\"https:\/\/www.merget-raum.de\/shop\/warenkorb\/\" \/>\n<meta property=\"og:locale\" content=\"de_DE\" \/>\n<meta property=\"og:type\" content=\"article\" \/>\n<meta property=\"og:title\" content=\"Warenkorb - Merget-Raumausstattung Mainaschaff\u00bbMainaschaff\u00bb\u260e 06021-770180\" \/>\n<meta property=\"og:description\" content=\"Achtung, die Farben auf den eingestellten Bildern k\u00f6nnen vom Original abweichen, fragen Sie im Zweifel nach einem Muster! Sehr geehrte Kunden, durch die aktuellen Umst\u00e4nde kommt es vereinzelt auch bei uns zu Lieferverz\u00f6gerungen. Unser Team setzt alles daran Verz\u00f6gerungen f\u00fcr Sie zu minimieren. Wir bitten um Ihre Geduld und Ihr Verst\u00e4ndnis. Ihr Team von wohncollection [&hellip;]\" \/>\n<meta property=\"og:url\" content=\"https:\/\/www.merget-raum.de\/shop\/warenkorb\/\" \/>\n<meta property=\"og:site_name\" content=\"Merget-Raumausstattung Mainaschaff\" \/>\n<meta property=\"article:modified_time\" content=\"2024-12-12T17:51:56+00:00\" \/>\n<meta name=\"twitter:card\" content=\"summary_large_image\" \/>\n<meta name=\"twitter:label1\" content=\"Gesch\u00e4tzte Lesezeit\" \/>\n\t<meta name=\"twitter:data1\" content=\"2\u00a0Minuten\" \/>\n<script type=\"application\/ld+json\" class=\"yoast-schema-graph\">{\"@context\":\"https:\/\/schema.org\",\"@graph\":[{\"@type\":\"WebPage\",\"@id\":\"https:\/\/www.merget-raum.de\/shop\/warenkorb\/\",\"url\":\"https:\/\/www.merget-raum.de\/shop\/warenkorb\/\",\"name\":\"Warenkorb - Merget-Raumausstattung Mainaschaff\u00bbMainaschaff\u00bb\u260e 06021-770180\",\"isPartOf\":{\"@id\":\"https:\/\/www.merget-raum.de\/shop\/#website\"},\"datePublished\":\"2019-02-18T12:15:01+00:00\",\"dateModified\":\"2024-12-12T17:51:56+00:00\",\"breadcrumb\":{\"@id\":\"https:\/\/www.merget-raum.de\/shop\/warenkorb\/#breadcrumb\"},\"inLanguage\":\"de\",\"potentialAction\":[{\"@type\":\"ReadAction\",\"target\":[\"https:\/\/www.merget-raum.de\/shop\/warenkorb\/\"]}]},{\"@type\":\"BreadcrumbList\",\"@id\":\"https:\/\/www.merget-raum.de\/shop\/warenkorb\/#breadcrumb\",\"itemListElement\":[{\"@type\":\"ListItem\",\"position\":1,\"name\":\"Startseite\",\"item\":\"https:\/\/www.merget-raum.de\/shop\/\"},{\"@type\":\"ListItem\",\"position\":2,\"name\":\"Warenkorb\"}]},{\"@type\":\"WebSite\",\"@id\":\"https:\/\/www.merget-raum.de\/shop\/#website\",\"url\":\"https:\/\/www.merget-raum.de\/shop\/\",\"name\":\"Merget-Raumausstattung Mainaschaff\",\"description\":\"Raumausstattung Merget Fachmarkt Mainaschaff &amp; Aschaffenburg\",\"potentialAction\":[{\"@type\":\"SearchAction\",\"target\":{\"@type\":\"EntryPoint\",\"urlTemplate\":\"https:\/\/www.merget-raum.de\/shop\/?s={search_term_string}\"},\"query-input\":{\"@type\":\"PropertyValueSpecification\",\"valueRequired\":true,\"valueName\":\"search_term_string\"}}],\"inLanguage\":\"de\"}]}<\/script>\n<!-- \/ Yoast SEO plugin. -->","yoast_head_json":{"title":"Warenkorb - Merget-Raumausstattung Mainaschaff\u00bbMainaschaff\u00bb\u260e 06021-770180","robots":{"index":"index","follow":"follow","max-snippet":"max-snippet:-1","max-image-preview":"max-image-preview:large","max-video-preview":"max-video-preview:-1"},"canonical":"https:\/\/www.merget-raum.de\/shop\/warenkorb\/","og_locale":"de_DE","og_type":"article","og_title":"Warenkorb - Merget-Raumausstattung Mainaschaff\u00bbMainaschaff\u00bb\u260e 06021-770180","og_description":"Achtung, die Farben auf den eingestellten Bildern k\u00f6nnen vom Original abweichen, fragen Sie im Zweifel nach einem Muster! Sehr geehrte Kunden, durch die aktuellen Umst\u00e4nde kommt es vereinzelt auch bei uns zu Lieferverz\u00f6gerungen. Unser Team setzt alles daran Verz\u00f6gerungen f\u00fcr Sie zu minimieren. Wir bitten um Ihre Geduld und Ihr Verst\u00e4ndnis. Ihr Team von wohncollection [&hellip;]","og_url":"https:\/\/www.merget-raum.de\/shop\/warenkorb\/","og_site_name":"Merget-Raumausstattung Mainaschaff","article_modified_time":"2024-12-12T17:51:56+00:00","twitter_card":"summary_large_image","twitter_misc":{"Gesch\u00e4tzte Lesezeit":"2\u00a0Minuten"},"schema":{"@context":"https:\/\/schema.org","@graph":[{"@type":"WebPage","@id":"https:\/\/www.merget-raum.de\/shop\/warenkorb\/","url":"https:\/\/www.merget-raum.de\/shop\/warenkorb\/","name":"Warenkorb - Merget-Raumausstattung Mainaschaff\u00bbMainaschaff\u00bb\u260e 06021-770180","isPartOf":{"@id":"https:\/\/www.merget-raum.de\/shop\/#website"},"datePublished":"2019-02-18T12:15:01+00:00","dateModified":"2024-12-12T17:51:56+00:00","breadcrumb":{"@id":"https:\/\/www.merget-raum.de\/shop\/warenkorb\/#breadcrumb"},"inLanguage":"de","potentialAction":[{"@type":"ReadAction","target":["https:\/\/www.merget-raum.de\/shop\/warenkorb\/"]}]},{"@type":"BreadcrumbList","@id":"https:\/\/www.merget-raum.de\/shop\/warenkorb\/#breadcrumb","itemListElement":[{"@type":"ListItem","position":1,"name":"Startseite","item":"https:\/\/www.merget-raum.de\/shop\/"},{"@type":"ListItem","position":2,"name":"Warenkorb"}]},{"@type":"WebSite","@id":"https:\/\/www.merget-raum.de\/shop\/#website","url":"https:\/\/www.merget-raum.de\/shop\/","name":"Merget-Raumausstattung Mainaschaff","description":"Raumausstattung Merget Fachmarkt Mainaschaff &amp; Aschaffenburg","potentialAction":[{"@type":"SearchAction","target":{"@type":"EntryPoint","urlTemplate":"https:\/\/www.merget-raum.de\/shop\/?s={search_term_string}"},"query-input":{"@type":"PropertyValueSpecification","valueRequired":true,"valueName":"search_term_string"}}],"inLanguage":"de"}]}},"_links":{"self":[{"href":"https:\/\/www.merget-raum.de\/shop\/wp-json\/wp\/v2\/pages\/3206","targetHints":{"allow":["GET"]}}],"collection":[{"href":"https:\/\/www.merget-raum.de\/shop\/wp-json\/wp\/v2\/pages"}],"about":[{"href":"https:\/\/www.merget-raum.de\/shop\/wp-json\/wp\/v2\/types\/page"}],"author":[{"embeddable":true,"href":"https:\/\/www.merget-raum.de\/shop\/wp-json\/wp\/v2\/users\/7"}],"replies":[{"embeddable":true,"href":"https:\/\/www.merget-raum.de\/shop\/wp-json\/wp\/v2\/comments?post=3206"}],"version-history":[{"count":13,"href":"https:\/\/www.merget-raum.de\/shop\/wp-json\/wp\/v2\/pages\/3206\/revisions"}],"predecessor-version":[{"id":9890,"href":"https:\/\/www.merget-raum.de\/shop\/wp-json\/wp\/v2\/pages\/3206\/revisions\/9890"}],"wp:attachment":[{"href":"https:\/\/www.merget-raum.de\/shop\/wp-json\/wp\/v2\/media?parent=3206"}],"curies":[{"name":"wp","href":"https:\/\/api.w.org\/{rel}","templated":true}]}}