{"id":1540,"date":"2017-11-16T13:21:50","date_gmt":"2017-11-16T12:21:50","guid":{"rendered":"https:\/\/testing.wotex-mg.de\/?page_id=1540"},"modified":"2019-02-15T13:46:32","modified_gmt":"2019-02-15T12:46:32","slug":"wohnideen-2","status":"publish","type":"page","link":"https:\/\/www.merget-raum.de\/shop\/wohnideen-2\/","title":{"rendered":"Wohnideen"},"content":{"rendered":"<h2>Wohnideen<\/h2>\n<h3>Wohnraum ist Lebensraum. Wohlf\u00fchlzone f\u00fcr K\u00f6rper, Geist und Seele.<\/h3>\n<p>Unsere Wohnung ist heute weit mehr als nur ein Dach \u00fcber dem Kopf. Sie ist Wohlf\u00fchlzone, Entspannungsoase und R\u00fcckzugsbereich. Deshalb haben Wohnen und Einrichten in den letzten Jahren einen immer h\u00f6heren Stellenwert in unserer Gesellschaft gewonnen. Mit unseren Wohnideen erleben Sie die Kombination von Farben, Formen und Materialien. Geben Sie auch Ihren R\u00e4umen eine individuelle Note.<br \/>Lassen Sie sich inspirieren von unseren aktuellen Wohntrends aus den Bereichen Bodenbelag, Schmutzfang, Wandgestaltung, Tapete, Gardinen, Stoffe und Sonnenschutz. Lassen Sie sich verf\u00fchren!<\/p>\n<h2>Wohnideen Wohnr\u00e4ume<\/h2>\n<div>[WOTEX-AMBIENTE gid=1]<\/div>\n<p>\u00a0<\/p>\n<h3>Sie brauchen weitere Beratung oder haben Fragen zu unseren Wohnideen und Wohntrends?<\/h3>\n<h3><a href=\"\/kontakt\/\">Kontaktieren Sie uns<\/a><\/h3>\n<h3>\u00a0<\/h3>\n<h3>Das Team von Raumausstattung Merget<\/h3>\n<h3>freut sich auf Sie.<\/h3>\n<p>\u00a0<\/p>\n\n\n<div class=\"wp-block-image\"><figure class=\"aligncenter\"><img decoding=\"async\" width=\"364\" height=\"108\" src=\"https:\/\/merget-raum.wotex-mg.de\/wp-content\/uploads\/2019\/01\/raumausstattung-merget-2.png\" alt=\"Bild Loga Raumausstattung Merget in Mainaschaff\" class=\"wp-image-2646\" srcset=\"https:\/\/www.merget-raum.de\/shop\/wp-content\/uploads\/2019\/01\/raumausstattung-merget-2.png 364w, https:\/\/www.merget-raum.de\/shop\/wp-content\/uploads\/2019\/01\/raumausstattung-merget-2-64x19.png 64w, https:\/\/www.merget-raum.de\/shop\/wp-content\/uploads\/2019\/01\/raumausstattung-merget-2-300x89.png 300w\" sizes=\"(max-width: 364px) 100vw, 364px\" \/><\/figure><\/div>\n","protected":false},"excerpt":{"rendered":"<p>Wohnideen Wohnraum ist Lebensraum. Wohlf\u00fchlzone f\u00fcr K\u00f6rper, Geist und Seele. Unsere Wohnung ist heute weit mehr als nur ein Dach \u00fcber dem Kopf. Sie ist Wohlf\u00fchlzone, Entspannungsoase und R\u00fcckzugsbereich. Deshalb haben Wohnen und Einrichten in den letzten Jahren einen immer h\u00f6heren Stellenwert in unserer Gesellschaft gewonnen. Mit unseren Wohnideen erleben Sie die Kombination von Farben, [&hellip;]<\/p>\n","protected":false},"author":5,"featured_media":0,"parent":0,"menu_order":0,"comment_status":"closed","ping_status":"closed","template":"page-nosidebar.php","meta":{"footnotes":""},"class_list":["post-1540","page","type-page","status-publish","hentry"],"yoast_head":"<!-- This site is optimized with the Yoast SEO plugin v27.2 - https:\/\/yoast.com\/product\/yoast-seo-wordpress\/ -->\n<title>Wohnidee - Raumausstattung-Merget \u00bbMainaschaff\u00bb\u260e 06021-770180<\/title>\n<meta name=\"robots\" content=\"index, follow, max-snippet:-1, max-image-preview:large, max-video-preview:-1\" \/>\n<link rel=\"canonical\" href=\"https:\/\/www.merget-raum.de\/shop\/wohnideen-2\/\" \/>\n<meta property=\"og:locale\" content=\"de_DE\" \/>\n<meta property=\"og:type\" content=\"article\" \/>\n<meta property=\"og:title\" content=\"Wohnidee - Raumausstattung-Merget \u00bbMainaschaff\u00bb\u260e 06021-770180\" \/>\n<meta property=\"og:description\" content=\"Wohnideen Wohnraum ist Lebensraum. Wohlf\u00fchlzone f\u00fcr K\u00f6rper, Geist und Seele. Unsere Wohnung ist heute weit mehr als nur ein Dach \u00fcber dem Kopf. Sie ist Wohlf\u00fchlzone, Entspannungsoase und R\u00fcckzugsbereich. Deshalb haben Wohnen und Einrichten in den letzten Jahren einen immer h\u00f6heren Stellenwert in unserer Gesellschaft gewonnen. Mit unseren Wohnideen erleben Sie die Kombination von Farben, [&hellip;]\" \/>\n<meta property=\"og:url\" content=\"https:\/\/www.merget-raum.de\/shop\/wohnideen-2\/\" \/>\n<meta property=\"og:site_name\" content=\"Merget-Raumausstattung Mainaschaff\" \/>\n<meta property=\"article:modified_time\" content=\"2019-02-15T12:46:32+00:00\" \/>\n<meta property=\"og:image\" content=\"https:\/\/merget-raum.wotex-mg.de\/wp-content\/uploads\/2019\/01\/raumausstattung-merget-2.png\" \/>\n<meta name=\"twitter:card\" content=\"summary_large_image\" \/>\n<meta name=\"twitter:label1\" content=\"Gesch\u00e4tzte Lesezeit\" \/>\n\t<meta name=\"twitter:data1\" content=\"1\u00a0Minute\" \/>\n<script type=\"application\/ld+json\" class=\"yoast-schema-graph\">{\"@context\":\"https:\/\/schema.org\",\"@graph\":[{\"@type\":\"WebPage\",\"@id\":\"https:\/\/www.merget-raum.de\/shop\/wohnideen-2\/\",\"url\":\"https:\/\/www.merget-raum.de\/shop\/wohnideen-2\/\",\"name\":\"Wohnidee - Raumausstattung-Merget \u00bbMainaschaff\u00bb\u260e 06021-770180\",\"isPartOf\":{\"@id\":\"https:\/\/www.merget-raum.de\/shop\/#website\"},\"primaryImageOfPage\":{\"@id\":\"https:\/\/www.merget-raum.de\/shop\/wohnideen-2\/#primaryimage\"},\"image\":{\"@id\":\"https:\/\/www.merget-raum.de\/shop\/wohnideen-2\/#primaryimage\"},\"thumbnailUrl\":\"https:\/\/merget-raum.wotex-mg.de\/wp-content\/uploads\/2019\/01\/raumausstattung-merget-2.png\",\"datePublished\":\"2017-11-16T12:21:50+00:00\",\"dateModified\":\"2019-02-15T12:46:32+00:00\",\"breadcrumb\":{\"@id\":\"https:\/\/www.merget-raum.de\/shop\/wohnideen-2\/#breadcrumb\"},\"inLanguage\":\"de\",\"potentialAction\":[{\"@type\":\"ReadAction\",\"target\":[\"https:\/\/www.merget-raum.de\/shop\/wohnideen-2\/\"]}]},{\"@type\":\"ImageObject\",\"inLanguage\":\"de\",\"@id\":\"https:\/\/www.merget-raum.de\/shop\/wohnideen-2\/#primaryimage\",\"url\":\"https:\/\/merget-raum.wotex-mg.de\/wp-content\/uploads\/2019\/01\/raumausstattung-merget-2.png\",\"contentUrl\":\"https:\/\/merget-raum.wotex-mg.de\/wp-content\/uploads\/2019\/01\/raumausstattung-merget-2.png\"},{\"@type\":\"BreadcrumbList\",\"@id\":\"https:\/\/www.merget-raum.de\/shop\/wohnideen-2\/#breadcrumb\",\"itemListElement\":[{\"@type\":\"ListItem\",\"position\":1,\"name\":\"Startseite\",\"item\":\"https:\/\/www.merget-raum.de\/shop\/\"},{\"@type\":\"ListItem\",\"position\":2,\"name\":\"Wohnideen\"}]},{\"@type\":\"WebSite\",\"@id\":\"https:\/\/www.merget-raum.de\/shop\/#website\",\"url\":\"https:\/\/www.merget-raum.de\/shop\/\",\"name\":\"Merget-Raumausstattung Mainaschaff\",\"description\":\"Raumausstattung Merget Fachmarkt Mainaschaff &amp; Aschaffenburg\",\"potentialAction\":[{\"@type\":\"SearchAction\",\"target\":{\"@type\":\"EntryPoint\",\"urlTemplate\":\"https:\/\/www.merget-raum.de\/shop\/?s={search_term_string}\"},\"query-input\":{\"@type\":\"PropertyValueSpecification\",\"valueRequired\":true,\"valueName\":\"search_term_string\"}}],\"inLanguage\":\"de\"}]}<\/script>\n<!-- \/ Yoast SEO plugin. -->","yoast_head_json":{"title":"Wohnidee - Raumausstattung-Merget \u00bbMainaschaff\u00bb\u260e 06021-770180","robots":{"index":"index","follow":"follow","max-snippet":"max-snippet:-1","max-image-preview":"max-image-preview:large","max-video-preview":"max-video-preview:-1"},"canonical":"https:\/\/www.merget-raum.de\/shop\/wohnideen-2\/","og_locale":"de_DE","og_type":"article","og_title":"Wohnidee - Raumausstattung-Merget \u00bbMainaschaff\u00bb\u260e 06021-770180","og_description":"Wohnideen Wohnraum ist Lebensraum. Wohlf\u00fchlzone f\u00fcr K\u00f6rper, Geist und Seele. Unsere Wohnung ist heute weit mehr als nur ein Dach \u00fcber dem Kopf. Sie ist Wohlf\u00fchlzone, Entspannungsoase und R\u00fcckzugsbereich. Deshalb haben Wohnen und Einrichten in den letzten Jahren einen immer h\u00f6heren Stellenwert in unserer Gesellschaft gewonnen. Mit unseren Wohnideen erleben Sie die Kombination von Farben, [&hellip;]","og_url":"https:\/\/www.merget-raum.de\/shop\/wohnideen-2\/","og_site_name":"Merget-Raumausstattung Mainaschaff","article_modified_time":"2019-02-15T12:46:32+00:00","og_image":[{"url":"https:\/\/merget-raum.wotex-mg.de\/wp-content\/uploads\/2019\/01\/raumausstattung-merget-2.png","type":"","width":"","height":""}],"twitter_card":"summary_large_image","twitter_misc":{"Gesch\u00e4tzte Lesezeit":"1\u00a0Minute"},"schema":{"@context":"https:\/\/schema.org","@graph":[{"@type":"WebPage","@id":"https:\/\/www.merget-raum.de\/shop\/wohnideen-2\/","url":"https:\/\/www.merget-raum.de\/shop\/wohnideen-2\/","name":"Wohnidee - Raumausstattung-Merget \u00bbMainaschaff\u00bb\u260e 06021-770180","isPartOf":{"@id":"https:\/\/www.merget-raum.de\/shop\/#website"},"primaryImageOfPage":{"@id":"https:\/\/www.merget-raum.de\/shop\/wohnideen-2\/#primaryimage"},"image":{"@id":"https:\/\/www.merget-raum.de\/shop\/wohnideen-2\/#primaryimage"},"thumbnailUrl":"https:\/\/merget-raum.wotex-mg.de\/wp-content\/uploads\/2019\/01\/raumausstattung-merget-2.png","datePublished":"2017-11-16T12:21:50+00:00","dateModified":"2019-02-15T12:46:32+00:00","breadcrumb":{"@id":"https:\/\/www.merget-raum.de\/shop\/wohnideen-2\/#breadcrumb"},"inLanguage":"de","potentialAction":[{"@type":"ReadAction","target":["https:\/\/www.merget-raum.de\/shop\/wohnideen-2\/"]}]},{"@type":"ImageObject","inLanguage":"de","@id":"https:\/\/www.merget-raum.de\/shop\/wohnideen-2\/#primaryimage","url":"https:\/\/merget-raum.wotex-mg.de\/wp-content\/uploads\/2019\/01\/raumausstattung-merget-2.png","contentUrl":"https:\/\/merget-raum.wotex-mg.de\/wp-content\/uploads\/2019\/01\/raumausstattung-merget-2.png"},{"@type":"BreadcrumbList","@id":"https:\/\/www.merget-raum.de\/shop\/wohnideen-2\/#breadcrumb","itemListElement":[{"@type":"ListItem","position":1,"name":"Startseite","item":"https:\/\/www.merget-raum.de\/shop\/"},{"@type":"ListItem","position":2,"name":"Wohnideen"}]},{"@type":"WebSite","@id":"https:\/\/www.merget-raum.de\/shop\/#website","url":"https:\/\/www.merget-raum.de\/shop\/","name":"Merget-Raumausstattung Mainaschaff","description":"Raumausstattung Merget Fachmarkt Mainaschaff &amp; Aschaffenburg","potentialAction":[{"@type":"SearchAction","target":{"@type":"EntryPoint","urlTemplate":"https:\/\/www.merget-raum.de\/shop\/?s={search_term_string}"},"query-input":{"@type":"PropertyValueSpecification","valueRequired":true,"valueName":"search_term_string"}}],"inLanguage":"de"}]}},"_links":{"self":[{"href":"https:\/\/www.merget-raum.de\/shop\/wp-json\/wp\/v2\/pages\/1540","targetHints":{"allow":["GET"]}}],"collection":[{"href":"https:\/\/www.merget-raum.de\/shop\/wp-json\/wp\/v2\/pages"}],"about":[{"href":"https:\/\/www.merget-raum.de\/shop\/wp-json\/wp\/v2\/types\/page"}],"author":[{"embeddable":true,"href":"https:\/\/www.merget-raum.de\/shop\/wp-json\/wp\/v2\/users\/5"}],"replies":[{"embeddable":true,"href":"https:\/\/www.merget-raum.de\/shop\/wp-json\/wp\/v2\/comments?post=1540"}],"version-history":[{"count":0,"href":"https:\/\/www.merget-raum.de\/shop\/wp-json\/wp\/v2\/pages\/1540\/revisions"}],"wp:attachment":[{"href":"https:\/\/www.merget-raum.de\/shop\/wp-json\/wp\/v2\/media?parent=1540"}],"curies":[{"name":"wp","href":"https:\/\/api.w.org\/{rel}","templated":true}]}}