{"id":13,"date":"2016-03-15T18:52:51","date_gmt":"2016-03-15T17:52:51","guid":{"rendered":"http:\/\/wotex.raumkult24.de\/?page_id=13"},"modified":"2019-04-12T13:49:38","modified_gmt":"2019-04-12T11:49:38","slug":"service","status":"publish","type":"page","link":"https:\/\/www.merget-raum.de\/shop\/service\/","title":{"rendered":"Service"},"content":{"rendered":"\n<h2 class=\"wp-block-heading\">Auf diese Leistungen k\u00f6nnen Sie sich verlassen:<\/h2>\n\n\n\n<p class=\"has-large-font-size\">Was immer Sie in Ihren vier W\u00e4nden vorhaben &#8211; wir begleiten Sie von Anfang an mit Rat und Tat. Von der ersten Farb- und Stoffauswahl \u00fcber die Planungs-Skizze bis hin zur handwerklich perfekten Ausf\u00fchrung.<\/p>\n\n\n\n<p class=\"has-large-font-size\">Kommen Sie zu uns! Wir planen mit Ihnen zusammen und ber\u00fccksichtigen Besonderheiten des Raumes, den wir f\u00fcr Sie in k\u00fcrzester Zeit verwandeln sollen.<\/p>\n\n\n\n<p class=\"has-large-font-size\">Nehmen Sie unseren Service in Anspruch. Denn wir wissen, was wir tun. Wir beraten Sie mit der Liebe f\u00fcr&#8217;s Detail, auf Anfrage gerne bei Ihnen vor Ort.<\/p>\n\n\n\n<div style=\"height:60px\" aria-hidden=\"true\" class=\"wp-block-spacer\"><\/div>\n\n\n\n<h3 class=\"wp-block-heading\" style=\"text-align:center\">Service von Ihrem Fachmann vor Ort:&nbsp; fachgerecht, zuverl\u00e4ssig, sauber, termintreu<\/h3>\n\n\n\n<div style=\"height:80px\" aria-hidden=\"true\" class=\"wp-block-spacer\"><\/div>\n\n\n\n<div class=\"wp-block-columns alignwide has-3-columns broschueren is-layout-flex wp-container-core-columns-is-layout-9d6595d7 wp-block-columns-is-layout-flex\">\n<div class=\"wp-block-column is-layout-flow wp-block-column-is-layout-flow\">\n<figure class=\"wp-block-image inline-block\"><a class=\"\" href=\"https:\/\/www.raumkult24.de\/blog\/unsere-infobroschueren\/\" target=\"_blank\" rel=\"noreferrer noopener\"><img fetchpriority=\"high\" decoding=\"async\" width=\"238\" height=\"300\" src=\"https:\/\/demo2.wotex-mg.de\/wp-content\/uploads\/2016\/12\/Info-Paket-Tapezieren-238x300.png\" alt=\"Renovierungsratgeber-Tapezieren\" class=\"wp-image-634\" srcset=\"https:\/\/www.merget-raum.de\/shop\/wp-content\/uploads\/2016\/12\/Info-Paket-Tapezieren-238x300.png 238w, https:\/\/www.merget-raum.de\/shop\/wp-content\/uploads\/2016\/12\/Info-Paket-Tapezieren-700x883.png 700w, https:\/\/www.merget-raum.de\/shop\/wp-content\/uploads\/2016\/12\/Info-Paket-Tapezieren-64x81.png 64w, https:\/\/www.merget-raum.de\/shop\/wp-content\/uploads\/2016\/12\/Info-Paket-Tapezieren-768x969.png 768w, https:\/\/www.merget-raum.de\/shop\/wp-content\/uploads\/2016\/12\/Info-Paket-Tapezieren.png 795w\" sizes=\"(max-width: 238px) 100vw, 238px\" \/><\/a><\/figure>\n<\/div>\n\n\n\n<div class=\"wp-block-column is-layout-flow wp-block-column-is-layout-flow\">\n<figure class=\"wp-block-image is-resized inline-block\"><a class=\"\" href=\"https:\/\/www.raumkult24.de\/blog\/unsere-infobroschueren\/\" target=\"_blank\" rel=\"noreferrer noopener\"><img decoding=\"async\" src=\"https:\/\/demo2.wotex-mg.de\/wp-content\/uploads\/2016\/12\/Info-Paket-Bodenverlegung.png\" alt=\"Renovierungsratgeber-Bodenverlegung\" class=\"wp-image-635\" width=\"238\" height=\"300\" srcset=\"https:\/\/www.merget-raum.de\/shop\/wp-content\/uploads\/2016\/12\/Info-Paket-Bodenverlegung.png 795w, https:\/\/www.merget-raum.de\/shop\/wp-content\/uploads\/2016\/12\/Info-Paket-Bodenverlegung-700x883.png 700w, https:\/\/www.merget-raum.de\/shop\/wp-content\/uploads\/2016\/12\/Info-Paket-Bodenverlegung-64x81.png 64w, https:\/\/www.merget-raum.de\/shop\/wp-content\/uploads\/2016\/12\/Info-Paket-Bodenverlegung-238x300.png 238w, https:\/\/www.merget-raum.de\/shop\/wp-content\/uploads\/2016\/12\/Info-Paket-Bodenverlegung-768x969.png 768w\" sizes=\"(max-width: 238px) 100vw, 238px\" \/><\/a><\/figure>\n<\/div>\n\n\n\n<div class=\"wp-block-column is-layout-flow wp-block-column-is-layout-flow\">\n<figure class=\"wp-block-image inline-block\"><a class=\"\" href=\"https:\/\/www.raumkult24.de\/blog\/unsere-infobroschueren\/\" target=\"_blank\" rel=\"noreferrer noopener\"><img decoding=\"async\" width=\"238\" height=\"300\" src=\"https:\/\/www.merget-raum.de\/wp-content\/uploads\/2016\/12\/Info-Paket-Streichen-238x300.png\" alt=\"Renovierungsratgeber-Streichen\" class=\"wp-image-636\" srcset=\"https:\/\/www.merget-raum.de\/shop\/wp-content\/uploads\/2016\/12\/Info-Paket-Streichen-238x300.png 238w, https:\/\/www.merget-raum.de\/shop\/wp-content\/uploads\/2016\/12\/Info-Paket-Streichen-700x883.png 700w, https:\/\/www.merget-raum.de\/shop\/wp-content\/uploads\/2016\/12\/Info-Paket-Streichen-64x81.png 64w, https:\/\/www.merget-raum.de\/shop\/wp-content\/uploads\/2016\/12\/Info-Paket-Streichen-768x969.png 768w, https:\/\/www.merget-raum.de\/shop\/wp-content\/uploads\/2016\/12\/Info-Paket-Streichen.png 795w\" sizes=\"(max-width: 238px) 100vw, 238px\" \/><\/a><\/figure>\n<\/div>\n<\/div>\n\n\n\n<div style=\"height:150px\" aria-hidden=\"true\" class=\"wp-block-spacer\"><\/div>\n","protected":false},"excerpt":{"rendered":"<p>Auf diese Leistungen k\u00f6nnen Sie sich verlassen: Was immer Sie in Ihren vier W\u00e4nden vorhaben &#8211; wir begleiten Sie von Anfang an mit Rat und Tat. Von der ersten Farb- und Stoffauswahl \u00fcber die Planungs-Skizze bis hin zur handwerklich perfekten Ausf\u00fchrung. Kommen Sie zu uns! Wir planen mit Ihnen zusammen und ber\u00fccksichtigen Besonderheiten des Raumes, [&hellip;]<\/p>\n","protected":false},"author":7,"featured_media":3101,"parent":0,"menu_order":0,"comment_status":"closed","ping_status":"closed","template":"page-services.php","meta":{"footnotes":""},"class_list":["post-13","page","type-page","status-publish","has-post-thumbnail","hentry"],"yoast_head":"<!-- This site is optimized with the Yoast SEO plugin v27.2 - https:\/\/yoast.com\/product\/yoast-seo-wordpress\/ -->\n<title>Service - Raumausstattung Merget \u00bb \u260e (0)6021 \/ 770180<\/title>\n<meta name=\"description\" content=\"Auf unsere Serviceleistungen von Raumausstattung Merget in Mainaschaff k\u00f6nnen Sie sich verlassen. Rufen Sie uns an wir lassen Ihre Wohntr\u00e4ume wahr werden.\" \/>\n<meta name=\"robots\" content=\"index, follow, max-snippet:-1, max-image-preview:large, max-video-preview:-1\" \/>\n<link rel=\"canonical\" href=\"https:\/\/www.merget-raum.de\/shop\/service\/\" \/>\n<meta property=\"og:locale\" content=\"de_DE\" \/>\n<meta property=\"og:type\" content=\"article\" \/>\n<meta property=\"og:title\" content=\"Service - Raumausstattung Merget \u00bb \u260e (0)6021 \/ 770180\" \/>\n<meta property=\"og:description\" content=\"Auf unsere Serviceleistungen von Raumausstattung Merget in Mainaschaff k\u00f6nnen Sie sich verlassen. Rufen Sie uns an wir lassen Ihre Wohntr\u00e4ume wahr werden.\" \/>\n<meta property=\"og:url\" content=\"https:\/\/www.merget-raum.de\/shop\/service\/\" \/>\n<meta property=\"og:site_name\" content=\"Merget-Raumausstattung Mainaschaff\" \/>\n<meta property=\"article:modified_time\" content=\"2019-04-12T11:49:38+00:00\" \/>\n<meta property=\"og:image\" content=\"https:\/\/www.merget-raum.de\/shop\/wp-content\/uploads\/2019\/02\/Titelbild_Service_1_1920x600.jpg\" \/>\n\t<meta property=\"og:image:width\" content=\"1920\" \/>\n\t<meta property=\"og:image:height\" content=\"600\" \/>\n\t<meta property=\"og:image:type\" content=\"image\/jpeg\" \/>\n<meta name=\"twitter:card\" content=\"summary_large_image\" \/>\n<meta name=\"twitter:label1\" content=\"Gesch\u00e4tzte Lesezeit\" \/>\n\t<meta name=\"twitter:data1\" content=\"1\u00a0Minute\" \/>\n<script type=\"application\/ld+json\" class=\"yoast-schema-graph\">{\"@context\":\"https:\/\/schema.org\",\"@graph\":[{\"@type\":\"WebPage\",\"@id\":\"https:\/\/www.merget-raum.de\/shop\/service\/\",\"url\":\"https:\/\/www.merget-raum.de\/shop\/service\/\",\"name\":\"Service - Raumausstattung Merget \u00bb \u260e (0)6021 \/ 770180\",\"isPartOf\":{\"@id\":\"https:\/\/www.merget-raum.de\/shop\/#website\"},\"primaryImageOfPage\":{\"@id\":\"https:\/\/www.merget-raum.de\/shop\/service\/#primaryimage\"},\"image\":{\"@id\":\"https:\/\/www.merget-raum.de\/shop\/service\/#primaryimage\"},\"thumbnailUrl\":\"https:\/\/www.merget-raum.de\/shop\/wp-content\/uploads\/2019\/02\/Titelbild_Service_1_1920x600.jpg\",\"datePublished\":\"2016-03-15T17:52:51+00:00\",\"dateModified\":\"2019-04-12T11:49:38+00:00\",\"description\":\"Auf unsere Serviceleistungen von Raumausstattung Merget in Mainaschaff k\u00f6nnen Sie sich verlassen. Rufen Sie uns an wir lassen Ihre Wohntr\u00e4ume wahr werden.\",\"breadcrumb\":{\"@id\":\"https:\/\/www.merget-raum.de\/shop\/service\/#breadcrumb\"},\"inLanguage\":\"de\",\"potentialAction\":[{\"@type\":\"ReadAction\",\"target\":[\"https:\/\/www.merget-raum.de\/shop\/service\/\"]}]},{\"@type\":\"ImageObject\",\"inLanguage\":\"de\",\"@id\":\"https:\/\/www.merget-raum.de\/shop\/service\/#primaryimage\",\"url\":\"https:\/\/www.merget-raum.de\/shop\/wp-content\/uploads\/2019\/02\/Titelbild_Service_1_1920x600.jpg\",\"contentUrl\":\"https:\/\/www.merget-raum.de\/shop\/wp-content\/uploads\/2019\/02\/Titelbild_Service_1_1920x600.jpg\",\"width\":1920,\"height\":600,\"caption\":\"Bild: Verlegung Designboden\"},{\"@type\":\"BreadcrumbList\",\"@id\":\"https:\/\/www.merget-raum.de\/shop\/service\/#breadcrumb\",\"itemListElement\":[{\"@type\":\"ListItem\",\"position\":1,\"name\":\"Startseite\",\"item\":\"https:\/\/www.merget-raum.de\/shop\/\"},{\"@type\":\"ListItem\",\"position\":2,\"name\":\"Service\"}]},{\"@type\":\"WebSite\",\"@id\":\"https:\/\/www.merget-raum.de\/shop\/#website\",\"url\":\"https:\/\/www.merget-raum.de\/shop\/\",\"name\":\"Merget-Raumausstattung Mainaschaff\",\"description\":\"Raumausstattung Merget Fachmarkt Mainaschaff &amp; Aschaffenburg\",\"potentialAction\":[{\"@type\":\"SearchAction\",\"target\":{\"@type\":\"EntryPoint\",\"urlTemplate\":\"https:\/\/www.merget-raum.de\/shop\/?s={search_term_string}\"},\"query-input\":{\"@type\":\"PropertyValueSpecification\",\"valueRequired\":true,\"valueName\":\"search_term_string\"}}],\"inLanguage\":\"de\"}]}<\/script>\n<!-- \/ Yoast SEO plugin. -->","yoast_head_json":{"title":"Service - Raumausstattung Merget \u00bb \u260e (0)6021 \/ 770180","description":"Auf unsere Serviceleistungen von Raumausstattung Merget in Mainaschaff k\u00f6nnen Sie sich verlassen. Rufen Sie uns an wir lassen Ihre Wohntr\u00e4ume wahr werden.","robots":{"index":"index","follow":"follow","max-snippet":"max-snippet:-1","max-image-preview":"max-image-preview:large","max-video-preview":"max-video-preview:-1"},"canonical":"https:\/\/www.merget-raum.de\/shop\/service\/","og_locale":"de_DE","og_type":"article","og_title":"Service - Raumausstattung Merget \u00bb \u260e (0)6021 \/ 770180","og_description":"Auf unsere Serviceleistungen von Raumausstattung Merget in Mainaschaff k\u00f6nnen Sie sich verlassen. Rufen Sie uns an wir lassen Ihre Wohntr\u00e4ume wahr werden.","og_url":"https:\/\/www.merget-raum.de\/shop\/service\/","og_site_name":"Merget-Raumausstattung Mainaschaff","article_modified_time":"2019-04-12T11:49:38+00:00","og_image":[{"width":1920,"height":600,"url":"https:\/\/www.merget-raum.de\/shop\/wp-content\/uploads\/2019\/02\/Titelbild_Service_1_1920x600.jpg","type":"image\/jpeg"}],"twitter_card":"summary_large_image","twitter_misc":{"Gesch\u00e4tzte Lesezeit":"1\u00a0Minute"},"schema":{"@context":"https:\/\/schema.org","@graph":[{"@type":"WebPage","@id":"https:\/\/www.merget-raum.de\/shop\/service\/","url":"https:\/\/www.merget-raum.de\/shop\/service\/","name":"Service - Raumausstattung Merget \u00bb \u260e (0)6021 \/ 770180","isPartOf":{"@id":"https:\/\/www.merget-raum.de\/shop\/#website"},"primaryImageOfPage":{"@id":"https:\/\/www.merget-raum.de\/shop\/service\/#primaryimage"},"image":{"@id":"https:\/\/www.merget-raum.de\/shop\/service\/#primaryimage"},"thumbnailUrl":"https:\/\/www.merget-raum.de\/shop\/wp-content\/uploads\/2019\/02\/Titelbild_Service_1_1920x600.jpg","datePublished":"2016-03-15T17:52:51+00:00","dateModified":"2019-04-12T11:49:38+00:00","description":"Auf unsere Serviceleistungen von Raumausstattung Merget in Mainaschaff k\u00f6nnen Sie sich verlassen. Rufen Sie uns an wir lassen Ihre Wohntr\u00e4ume wahr werden.","breadcrumb":{"@id":"https:\/\/www.merget-raum.de\/shop\/service\/#breadcrumb"},"inLanguage":"de","potentialAction":[{"@type":"ReadAction","target":["https:\/\/www.merget-raum.de\/shop\/service\/"]}]},{"@type":"ImageObject","inLanguage":"de","@id":"https:\/\/www.merget-raum.de\/shop\/service\/#primaryimage","url":"https:\/\/www.merget-raum.de\/shop\/wp-content\/uploads\/2019\/02\/Titelbild_Service_1_1920x600.jpg","contentUrl":"https:\/\/www.merget-raum.de\/shop\/wp-content\/uploads\/2019\/02\/Titelbild_Service_1_1920x600.jpg","width":1920,"height":600,"caption":"Bild: Verlegung Designboden"},{"@type":"BreadcrumbList","@id":"https:\/\/www.merget-raum.de\/shop\/service\/#breadcrumb","itemListElement":[{"@type":"ListItem","position":1,"name":"Startseite","item":"https:\/\/www.merget-raum.de\/shop\/"},{"@type":"ListItem","position":2,"name":"Service"}]},{"@type":"WebSite","@id":"https:\/\/www.merget-raum.de\/shop\/#website","url":"https:\/\/www.merget-raum.de\/shop\/","name":"Merget-Raumausstattung Mainaschaff","description":"Raumausstattung Merget Fachmarkt Mainaschaff &amp; Aschaffenburg","potentialAction":[{"@type":"SearchAction","target":{"@type":"EntryPoint","urlTemplate":"https:\/\/www.merget-raum.de\/shop\/?s={search_term_string}"},"query-input":{"@type":"PropertyValueSpecification","valueRequired":true,"valueName":"search_term_string"}}],"inLanguage":"de"}]}},"_links":{"self":[{"href":"https:\/\/www.merget-raum.de\/shop\/wp-json\/wp\/v2\/pages\/13","targetHints":{"allow":["GET"]}}],"collection":[{"href":"https:\/\/www.merget-raum.de\/shop\/wp-json\/wp\/v2\/pages"}],"about":[{"href":"https:\/\/www.merget-raum.de\/shop\/wp-json\/wp\/v2\/types\/page"}],"author":[{"embeddable":true,"href":"https:\/\/www.merget-raum.de\/shop\/wp-json\/wp\/v2\/users\/7"}],"replies":[{"embeddable":true,"href":"https:\/\/www.merget-raum.de\/shop\/wp-json\/wp\/v2\/comments?post=13"}],"version-history":[{"count":0,"href":"https:\/\/www.merget-raum.de\/shop\/wp-json\/wp\/v2\/pages\/13\/revisions"}],"wp:featuredmedia":[{"embeddable":true,"href":"https:\/\/www.merget-raum.de\/shop\/wp-json\/wp\/v2\/media\/3101"}],"wp:attachment":[{"href":"https:\/\/www.merget-raum.de\/shop\/wp-json\/wp\/v2\/media?parent=13"}],"curies":[{"name":"wp","href":"https:\/\/api.w.org\/{rel}","templated":true}]}}